{"id":5256,"date":"2018-01-10T08:16:10","date_gmt":"2018-01-10T08:16:10","guid":{"rendered":"https:\/\/www.barracart.com\/apartments-2\/"},"modified":"2023-01-28T20:42:43","modified_gmt":"2023-01-28T19:42:43","slug":"apartments-2","status":"publish","type":"page","link":"https:\/\/www.barracart.com\/de\/","title":{"rendered":"Barracart"},"content":{"rendered":"<div class=\"box-content\">\n<div class=\"box-text margin-botom-puntual\">\n<div class=\"col-1-2 separa-line-center\">\n<p>Premium-Ferienwohnungen direkt am Strand von Valencia in einer authentischen Umgebung eines typischen Stadtteils am Hafen mit Geschichte und viel Charme, lebendigen Traditionen und spektakul\u00e4ren Festen. Entdecken Sie Valencia mit Unterbringung in den Ferienwohnungen von BARRACART. Einem einzigartigen und f\u00fcr das Mittelmeer typischen Geb\u00e4ude, das mit seiner Umgebung in Einklang steht.<\/p>\n<\/div>\n<div class=\"col-1-2\">\n<p>Unser Projekt wurde mit dem Anspruch ins Leben gerufen, Ihren Aufenthalt in ein vollkommen anderes und einzigartiges Erlebnis zu verwandeln, das individuell an Ihre Bed\u00fcrfnisse und Interessen angepasst ist. Dieses Erlebnis beginnt mit einer einzigartigen und erstklassigen Umgebung und bietet die M\u00f6glichkeit, es in ein vollst\u00e4ndiges kulturelles Eintauchen zu verwandeln.<\/p>\n<\/div>\n<div class=\"clearfix\"><\/div>\n<\/div>\n<ul class=\"sinbefore citas-medios-slider owl-carousel\">\n<li class=\"cursiva\">\n<p>\u201cDiese sieben unglaublich stilvollen Ferienwohnungen geh\u00f6ren derselben Familie, die das legend\u00e4re <a href=\"https:\/\/www.emilianobodega.com\/en\" target=\"_blank\" rel=\"noopener noreferrer\">Restaurant CASA MONTA\u00d1A<\/a>betreibt. Sie befinden sich in einem \u201eShabby Chic&#8220;-Viertel direkt am Strand von Valencia, das derzeit eine Renaissance erlebt.\u201d<\/p>\n<p><a class=\"blog-link autor-cita\" href=\"https:\/\/www.telegraph.co.uk\/travel\/destinations\/europe\/spain\/valencia\/hotels\/barracart-apartments-hotel\/\" target=\"_blank\" rel=\"noopener noreferrer\">The Telegraph<\/a>\n<\/li>\n<li class=\"cursiva\">\n<p>\u201cIm valencianischen Stadtteil El Cabanyal hat sich ein altes b\u00fcrgerliches Geb\u00e4ude aus dem 19. Jahrhundert in einen charmanten Block von Ferienwohnungen verwandelt, der, ohne seine Vergangenheit zu vergessen, den Blick in die Zukunft richtet. Sein Name verbindet den Namen der Stra\u00dfe, in der sich der Wohnblock befindet. Die Stra\u00dfe Barraca, mit der Kunst (art), die sein Inneres schm\u00fcckt, das mit antiken M\u00f6beln, Gem\u00e4lden, B\u00fcchern und Illustrationen ausgestattet wurde. Dar\u00fcber hinaus alles ist vollkommen abgeschlossen, damit Sie niemandem \u00fcber den Weg laufen m\u00fcssen, wenn Sie nicht m\u00f6chten.\u201d<\/p>\n<p><a class=\"blog-link autor-cita\" href=\"https:\/\/www.guiarepsol.com\/es\/dormir\/como-en-casa\/apartamentos-barracart-valencia\/\" target=\"_blank\" rel=\"noopener noreferrer\">Gu\u00eda Repsol<\/a>\n<\/li>\n<li class=\"cursiva\">\n<p>\u201cBarracart, das sind Emiliano Garc\u00eda und Olga, die den Stadtteil El Cabanyal neu erfinden und ihm eine Zukunft geben &#8230; Ein Block von Ferienwohnungen, die zwar mit den neuesten Technologien ausgestattet sind, aber den Charme dieser Geb\u00e4ude aus dem Anfang des letzten Jahrhunderts bewahren.\u201d<\/p>\n<p><a class=\"blog-link autor-cita\" href=\"https:\/\/www.elmundo.es\/comunidad-valenciana\/2017\/01\/30\/588e2781268e3e83598b465f.html\" target=\"_blank\" rel=\"noopener noreferrer\">El Mundo<\/a>\n<\/li>\n<li class=\"cursiva\">\n<p>\u201cBarracarts Verbindung zu dem Stadtteil, in dem sich das Geb\u00e4ude befindet, ist mehr als offensichtlich. Gem\u00e4lde, Fotografien und B\u00fccher erinnern an den fr\u00fcheren Reichtum und typischen Charme des Stadtteils El Cabanyal. Dieses alte Viertel von Matrosen und Fischern, von modernistischen Geb\u00e4uden mit farbigen Keramikfliesen, von breiten Str\u00e4nden, durch die sich K\u00fcnstler wie Sorolla oder Blasco Ib\u00e1\u00f1ez inspirieren lie\u00dfen.\u201d<\/p>\n<p><a class=\"blog-link autor-cita\" href=\"https:\/\/5barricas.valenciaplaza.com\/barracart-el-abrazo-de-emiliano-garcia-y-olga-al-cabanyal\/\" target=\"_blank\" rel=\"noopener noreferrer\">5Barricas \/ Valencia Plaza<\/a>\n<\/li>\n<\/ul>\n<ul class=\"slider-home-new owl-carousel\">\n<li>\n\t\t<a href=\"\/de\/ferienwohnungen\/#duplex-deluxe-with-terrace\"><br \/>\n\t\t\t<img decoding=\"async\" src=\"\/wp-content\/uploads\/7.17.2-2.jpg\" alt=\"\"\/><br \/>\n\t\t\t<span>7. DUPLEX DELUXE MIT TERRASSE<\/span><br \/>\n\t\t<\/a>\n\t<\/li>\n<li>\n\t\t<a href=\"\/de\/ferienwohnungen\/#duplex-deluxe-with-terrace\"><br \/>\n\t\t\t<img decoding=\"async\" src=\"\/wp-content\/uploads\/7.19.jpg\" alt=\"\"\/><br \/>\n\t\t\t<span>7. DUPLEX DELUXE MIT TERRASSE<\/span><br \/>\n\t\t<\/a>\n\t<\/li>\n<li>\n\t\t<a href=\"\/de\/ferienwohnungen\/#studio-premium\"><br \/>\n\t\t\t<img decoding=\"async\" src=\"\/wp-content\/uploads\/1.2.jpg\" alt=\"\"\/><br \/>\n\t\t\t<span>1. STUDIO PREMIUM<\/span><br \/>\n\t\t<\/a>\n\t<\/li>\n<li>\n\t\t<a href=\"\/de\/ferienwohnungen\/#studio-mar\"><br \/>\n\t\t\t<img decoding=\"async\" src=\"\/wp-content\/uploads\/2.5-1.jpg\" alt=\"\"\/><br \/>\n\t\t\t<span>2. STUDIO \u201cMAR\u201d<\/span><br \/>\n\t\t<\/a>\n\t<\/li>\n<li>\n\t\t<a href=\"\/de\/ferienwohnungen\/#studio-tierra\"><br \/>\n\t\t\t<img decoding=\"async\" src=\"\/wp-content\/uploads\/3.3-1.jpg\" alt=\"\"\/><br \/>\n\t\t\t<span>3. STUDIO \u201cTIERRA\u201d<\/span><br \/>\n\t\t<\/a>\n\t<\/li>\n<li>\n\t\t<a href=\"\/de\/ferienwohnungen\/#duplex-with-terrace\"><br \/>\n\t\t\t<img decoding=\"async\" src=\"\/wp-content\/uploads\/4.14.jpg\" alt=\"\"\/><br \/>\n\t\t\t<span>4. DUPLEX MIT TERRASSE<\/span><br \/>\n\t\t<\/a>\n\t<\/li>\n<li>\n\t\t<a href=\"\/de\/ferienwohnungen\/#duplex-with-terrace\"><br \/>\n\t\t\t<img decoding=\"async\" src=\"\/wp-content\/uploads\/4.20.jpg\" alt=\"\"\/><br \/>\n\t\t\t<span>4. DUPLEX MIT TERRASSE<\/span><br \/>\n\t\t<\/a>\n\t<\/li>\n<li>\n\t\t<a href=\"\/de\/ferienwohnungen\/#studio-deluxe\"><br \/>\n\t\t\t<img decoding=\"async\" src=\"\/wp-content\/uploads\/5.9.jpg\" alt=\"\"\/><br \/>\n\t\t\t<span>5. STUDIO DELUXE<\/span><br \/>\n\t\t<\/a>\n\t<\/li>\n<li>\n\t\t<a href=\"\/de\/ferienwohnungen\/#studio-superior\"><br \/>\n\t\t\t<img decoding=\"async\" src=\"\/wp-content\/uploads\/6.5.jpg\" alt=\"\"\/><br \/>\n\t\t\t<span>6. STUDIO SUPERIOR<\/span><br \/>\n\t\t<\/a>\n\t<\/li>\n<\/ul>\n<p><a href=\"\/de\/ferienwohnungen\/\" class=\"boton-slider-home-new\">Alle Wohnungen anzeigen<\/a><\/p>\n<ul class=\"slider-home-new owl-carousel\">\n<li>\n\t\t<a><br \/>\n\t\t\t<img decoding=\"async\" src=\"\/wp-content\/uploads\/2.1.nuevo_.jpg\" alt=\"\"\/><br \/>\n\t\t\t<span>GEMEINSCHAFTSR\u00c4UME<\/span><br \/>\n\t\t<\/a>\n\t<\/li>\n<li>\n\t\t<a><br \/>\n\t\t\t<img decoding=\"async\" src=\"\/wp-content\/uploads\/1.2-Facade-1.jpg\" alt=\"\"\/><br \/>\n\t\t\t<span>GEMEINSCHAFTSR\u00c4UME<\/span><br \/>\n\t\t<\/a>\n\t<\/li>\n<li>\n\t\t<a><br \/>\n\t\t\t<img decoding=\"async\" src=\"\/wp-content\/uploads\/1.3.nuevo_.jpg\" alt=\"\"\/><br \/>\n\t\t\t<span>GEMEINSCHAFTSR\u00c4UME<\/span><br \/>\n\t\t<\/a>\n\t<\/li>\n<li>\n\t\t<a><br \/>\n\t\t\t<img decoding=\"async\" src=\"\/wp-content\/uploads\/2.3.nuevo_.jpg\" alt=\"\"\/><br \/>\n\t\t\t<span>GEMEINSCHAFTSR\u00c4UME<\/span><br \/>\n\t\t<\/a>\n\t<\/li>\n<li>\n\t\t<a><br \/>\n\t\t\t<img decoding=\"async\" src=\"\/wp-content\/uploads\/2.2.nuevo_.jpg\" alt=\"\"\/><br \/>\n\t\t\t<span>GEMEINSCHAFTSR\u00c4UME<\/span><br \/>\n\t\t<\/a>\n\t<\/li>\n<li>\n\t\t<a><br \/>\n\t\t\t<img decoding=\"async\" src=\"\/wp-content\/uploads\/3.3.cambio.jpg\" alt=\"\"\/><br \/>\n\t\t\t<span>GEMEINSCHAFTSR\u00c4UME<\/span><br \/>\n\t\t<\/a>\n\t<\/li>\n<li>\n\t\t<a><br \/>\n\t\t\t<img decoding=\"async\" src=\"\/wp-content\/uploads\/1.1.cambio.jpg\" alt=\"\"\/><br \/>\n\t\t\t<span>GEMEINSCHAFTSR\u00c4UME<\/span><br \/>\n\t\t<\/a>\n\t<\/li>\n<li>\n\t\t<a><br \/>\n\t\t\t<img decoding=\"async\" src=\"\/wp-content\/uploads\/3.2.nuevo_.jpg\" alt=\"\"\/><br \/>\n\t\t\t<span>B\u00dcRO<\/span><br \/>\n\t\t<\/a>\n\t<\/li>\n<li>\n\t\t<a><br \/>\n\t\t\t<img decoding=\"async\" src=\"\/wp-content\/uploads\/3.1-Reception.jpg\" alt=\"\"\/><br \/>\n\t\t\t<span>B\u00dcRO<\/span><br \/>\n\t\t<\/a>\n\t<\/li>\n<\/ul>\n<p><a href=\"\/de\/gallery\/gemeinschaftsraeume\/\" class=\"boton-slider-home-new\">Siehe vollst\u00e4ndige Galerie<\/a><\/p>\n<\/div>\n","protected":false},"excerpt":{"rendered":"<p>Premium-Ferienwohnungen direkt am Strand von Valencia in einer authentischen Umgebung eines typischen Stadtteils am Hafen mit Geschichte und viel Charme, lebendigen Traditionen und spektakul\u00e4ren Festen. Entdecken Sie Valencia mit Unterbringung in den Ferienwohnungen von BARRACART. Einem einzigartigen und f\u00fcr das Mittelmeer typischen Geb\u00e4ude, das mit seiner Umgebung in Einklang steht. Unser Projekt wurde mit dem [&hellip;]<\/p>\n","protected":false},"author":103,"featured_media":0,"parent":0,"menu_order":0,"comment_status":"closed","ping_status":"closed","template":"","meta":{"footnotes":""},"class_list":["post-5256","page","type-page","status-publish","hentry"],"yoast_head":"<!-- This site is optimized with the Yoast SEO plugin v24.9 - https:\/\/yoast.com\/wordpress\/plugins\/seo\/ -->\n<title>Premium Ferienwohnungen direkt am Strand von Valencia.<\/title>\n<meta name=\"description\" content=\"Entdecken Sie Valencia mit Unterbringung in den Premium Ferienwohnungen von Barracart Apartments direkt am Strand in einer authentischen Umgebung.\" \/>\n<meta name=\"robots\" content=\"index, follow, max-snippet:-1, max-image-preview:large, max-video-preview:-1\" \/>\n<link rel=\"canonical\" href=\"https:\/\/www.barracart.com\/de\/\" \/>\n<meta property=\"og:locale\" content=\"de_DE\" \/>\n<meta property=\"og:type\" content=\"article\" \/>\n<meta property=\"og:title\" content=\"Premium Ferienwohnungen direkt am Strand von Valencia.\" \/>\n<meta property=\"og:description\" content=\"Entdecken Sie Valencia mit Unterbringung in den Premium Ferienwohnungen von Barracart Apartments direkt am Strand in einer authentischen Umgebung.\" \/>\n<meta property=\"og:url\" content=\"https:\/\/www.barracart.com\/de\/\" \/>\n<meta property=\"og:site_name\" content=\"Barracart: Premium beach apartments Valencia\" \/>\n<meta property=\"article:modified_time\" content=\"2023-01-28T19:42:43+00:00\" \/>\n<meta name=\"twitter:card\" content=\"summary_large_image\" \/>\n<meta name=\"twitter:label1\" content=\"Gesch\u00e4tzte Lesezeit\" \/>\n\t<meta name=\"twitter:data1\" content=\"6\u00a0Minuten\" \/>\n<script type=\"application\/ld+json\" class=\"yoast-schema-graph\">{\"@context\":\"https:\/\/schema.org\",\"@graph\":[{\"@type\":\"WebPage\",\"@id\":\"https:\/\/www.barracart.com\/de\/\",\"url\":\"https:\/\/www.barracart.com\/de\/\",\"name\":\"Premium Ferienwohnungen direkt am Strand von Valencia.\",\"isPartOf\":{\"@id\":\"https:\/\/www.barracart.com\/#website\"},\"datePublished\":\"2018-01-10T08:16:10+00:00\",\"dateModified\":\"2023-01-28T19:42:43+00:00\",\"description\":\"Entdecken Sie Valencia mit Unterbringung in den Premium Ferienwohnungen von Barracart Apartments direkt am Strand in einer authentischen Umgebung.\",\"breadcrumb\":{\"@id\":\"https:\/\/www.barracart.com\/de\/#breadcrumb\"},\"inLanguage\":\"de\",\"potentialAction\":[{\"@type\":\"ReadAction\",\"target\":[\"https:\/\/www.barracart.com\/de\/\"]}]},{\"@type\":\"BreadcrumbList\",\"@id\":\"https:\/\/www.barracart.com\/de\/#breadcrumb\",\"itemListElement\":[{\"@type\":\"ListItem\",\"position\":1,\"name\":\"Home\",\"item\":\"https:\/\/www.barracart.com\/de\/\"},{\"@type\":\"ListItem\",\"position\":2,\"name\":\"Barracart\"}]},{\"@type\":\"WebSite\",\"@id\":\"https:\/\/www.barracart.com\/#website\",\"url\":\"https:\/\/www.barracart.com\/\",\"name\":\"Barracart: Premium beach apartments Valencia\",\"description\":\"Get up to 20% discount by booking on our website!\",\"publisher\":{\"@id\":\"https:\/\/www.barracart.com\/#organization\"},\"potentialAction\":[{\"@type\":\"SearchAction\",\"target\":{\"@type\":\"EntryPoint\",\"urlTemplate\":\"https:\/\/www.barracart.com\/?s={search_term_string}\"},\"query-input\":{\"@type\":\"PropertyValueSpecification\",\"valueRequired\":true,\"valueName\":\"search_term_string\"}}],\"inLanguage\":\"de\"},{\"@type\":\"Organization\",\"@id\":\"https:\/\/www.barracart.com\/#organization\",\"name\":\"Barracart: Premium beach apartments Valencia\",\"url\":\"https:\/\/www.barracart.com\/\",\"logo\":{\"@type\":\"ImageObject\",\"inLanguage\":\"de\",\"@id\":\"https:\/\/www.barracart.com\/#\/schema\/logo\/image\/\",\"url\":\"https:\/\/www.barracart.com\/wp-content\/uploads\/cropped-Logo_pr_r.png\",\"contentUrl\":\"https:\/\/www.barracart.com\/wp-content\/uploads\/cropped-Logo_pr_r.png\",\"width\":64,\"height\":64,\"caption\":\"Barracart: Premium beach apartments Valencia\"},\"image\":{\"@id\":\"https:\/\/www.barracart.com\/#\/schema\/logo\/image\/\"}}]}<\/script>\n<!-- \/ Yoast SEO plugin. -->","yoast_head_json":{"title":"Premium Ferienwohnungen direkt am Strand von Valencia.","description":"Entdecken Sie Valencia mit Unterbringung in den Premium Ferienwohnungen von Barracart Apartments direkt am Strand in einer authentischen Umgebung.","robots":{"index":"index","follow":"follow","max-snippet":"max-snippet:-1","max-image-preview":"max-image-preview:large","max-video-preview":"max-video-preview:-1"},"canonical":"https:\/\/www.barracart.com\/de\/","og_locale":"de_DE","og_type":"article","og_title":"Premium Ferienwohnungen direkt am Strand von Valencia.","og_description":"Entdecken Sie Valencia mit Unterbringung in den Premium Ferienwohnungen von Barracart Apartments direkt am Strand in einer authentischen Umgebung.","og_url":"https:\/\/www.barracart.com\/de\/","og_site_name":"Barracart: Premium beach apartments Valencia","article_modified_time":"2023-01-28T19:42:43+00:00","twitter_card":"summary_large_image","twitter_misc":{"Gesch\u00e4tzte Lesezeit":"6\u00a0Minuten"},"schema":{"@context":"https:\/\/schema.org","@graph":[{"@type":"WebPage","@id":"https:\/\/www.barracart.com\/de\/","url":"https:\/\/www.barracart.com\/de\/","name":"Premium Ferienwohnungen direkt am Strand von Valencia.","isPartOf":{"@id":"https:\/\/www.barracart.com\/#website"},"datePublished":"2018-01-10T08:16:10+00:00","dateModified":"2023-01-28T19:42:43+00:00","description":"Entdecken Sie Valencia mit Unterbringung in den Premium Ferienwohnungen von Barracart Apartments direkt am Strand in einer authentischen Umgebung.","breadcrumb":{"@id":"https:\/\/www.barracart.com\/de\/#breadcrumb"},"inLanguage":"de","potentialAction":[{"@type":"ReadAction","target":["https:\/\/www.barracart.com\/de\/"]}]},{"@type":"BreadcrumbList","@id":"https:\/\/www.barracart.com\/de\/#breadcrumb","itemListElement":[{"@type":"ListItem","position":1,"name":"Home","item":"https:\/\/www.barracart.com\/de\/"},{"@type":"ListItem","position":2,"name":"Barracart"}]},{"@type":"WebSite","@id":"https:\/\/www.barracart.com\/#website","url":"https:\/\/www.barracart.com\/","name":"Barracart: Premium beach apartments Valencia","description":"Get up to 20% discount by booking on our website!","publisher":{"@id":"https:\/\/www.barracart.com\/#organization"},"potentialAction":[{"@type":"SearchAction","target":{"@type":"EntryPoint","urlTemplate":"https:\/\/www.barracart.com\/?s={search_term_string}"},"query-input":{"@type":"PropertyValueSpecification","valueRequired":true,"valueName":"search_term_string"}}],"inLanguage":"de"},{"@type":"Organization","@id":"https:\/\/www.barracart.com\/#organization","name":"Barracart: Premium beach apartments Valencia","url":"https:\/\/www.barracart.com\/","logo":{"@type":"ImageObject","inLanguage":"de","@id":"https:\/\/www.barracart.com\/#\/schema\/logo\/image\/","url":"https:\/\/www.barracart.com\/wp-content\/uploads\/cropped-Logo_pr_r.png","contentUrl":"https:\/\/www.barracart.com\/wp-content\/uploads\/cropped-Logo_pr_r.png","width":64,"height":64,"caption":"Barracart: Premium beach apartments Valencia"},"image":{"@id":"https:\/\/www.barracart.com\/#\/schema\/logo\/image\/"}}]}},"_links":{"self":[{"href":"https:\/\/www.barracart.com\/de\/wp-json\/wp\/v2\/pages\/5256","targetHints":{"allow":["GET"]}}],"collection":[{"href":"https:\/\/www.barracart.com\/de\/wp-json\/wp\/v2\/pages"}],"about":[{"href":"https:\/\/www.barracart.com\/de\/wp-json\/wp\/v2\/types\/page"}],"author":[{"embeddable":true,"href":"https:\/\/www.barracart.com\/de\/wp-json\/wp\/v2\/users\/103"}],"replies":[{"embeddable":true,"href":"https:\/\/www.barracart.com\/de\/wp-json\/wp\/v2\/comments?post=5256"}],"version-history":[{"count":24,"href":"https:\/\/www.barracart.com\/de\/wp-json\/wp\/v2\/pages\/5256\/revisions"}],"predecessor-version":[{"id":10922,"href":"https:\/\/www.barracart.com\/de\/wp-json\/wp\/v2\/pages\/5256\/revisions\/10922"}],"wp:attachment":[{"href":"https:\/\/www.barracart.com\/de\/wp-json\/wp\/v2\/media?parent=5256"}],"curies":[{"name":"wp","href":"https:\/\/api.w.org\/{rel}","templated":true}]}}