{"id":5284,"date":"2018-01-05T11:42:07","date_gmt":"2018-01-05T11:42:07","guid":{"rendered":"https:\/\/www.barracart.com\/reservation-conditions\/"},"modified":"2025-01-13T22:59:29","modified_gmt":"2025-01-13T21:59:29","slug":"buchungsbedingungen","status":"publish","type":"page","link":"https:\/\/www.barracart.com\/de\/buchungsbedingungen\/","title":{"rendered":"Buchungsbedingungen"},"content":{"rendered":"<div class=\"bloque-legal-page\">\n<h3>GARANTIE UND ZAHLUNG<\/h3>\n<p><\/p>\n<p class=\"parraf-legal\">Um Ihre Reservierung zu best\u00e4tigen, ist gem\u00e4\u00df den Bedingungen Ihrer Reservierung eine Vorauszahlung f\u00fcr Ihren Aufenthalt erforderlich. In der Regel m\u00fcssen alle Zahlungen online mit einer Bankkarte (Debit oder Kredit) erfolgen, f\u00fcr die wir Ihnen einen Zahlungslink per E-Mail zusenden. Um Ihre Reservierung zu best\u00e4tigen, m\u00fcssen Sie 100 % des Reservierungswertes bis zu 30 Tage vor dem Check-in oder zum Zeitpunkt der Buchung im Falle des nicht erstattungsf\u00e4higen Tarifs, bezahlen als Zahlungs- oder Stornogeb\u00fchr. Barzahlungen werden nicht akzeptiert, und wir akzeptieren keine Kartendaten, um Geb\u00fchren zu erheben. Die Rechnung wird am Tag der Abreise ausgestellt. Auf Anfrage k\u00f6nnen wir Ihnen gerne auch eine Kopie zusenden. Der Gast ist verantwortlich f\u00fcr die Online-Vorauszahlung der Reservierung, der Zusatzleistungen oder die Deckung der Stornierungs- oder Schadensersatzkosten. Es kann unterschiedliche Zahlungsmethoden und -bedingungen geben. In diesem Fall werden diese vor der Reservierung festgelegt.<br \/>\nDie Zahlung muss gem\u00e4\u00df den Stornierungsbedingungen Ihrer Reservierung im Voraus erfolgen, andernfalls wird die Reservierung storniert. Eine Erinnerungs-E-Mail wird gesendet, bevor mit der Stornierung wegen fehlender Best\u00e4tigung fortgefahren wird. Falls Sie nach der Zahlung, aber noch innerhalb der kostenlosen Stornierungsfrist Ihres Tarifs stornieren m\u00fcssen, erstatten wir Ihnen den gezahlten Betrag. Bei Stornierungen nach Ablauf der kostenfreien Stornierungsfrist kontaktieren Sie uns bitte.<br \/>\nGruppenreservierungen (3 Ferienwohnungen oder mehr) unterliegen einem Kaution von 30%, der bei Reservierung zu zahlen ist, wie jede Reservierung ab zwei Wochen Dauer, ebenso wie Reservierungen in der Sommersaison (Juni-August) als Garantie f\u00fcr Ihre Reservierung. Einlagen werden zur\u00fcckerstattet, wenn die Reservierung drei Monate vor dem Check-in storniert wird. Danach werden sie nicht mehr zur\u00fcckerstattet. Bei Stornierungen bis zu zwei Monate vor dem Check-in stellen wir eine Geschenkkarte in H\u00f6he der Anzahlung f\u00fcr eine zuk\u00fcnftige Reservierung aus.<\/p>\n<h3>GAST<\/h3>\n<p><\/p>\n<p class=\"parraf-legal\">Die Person, die die Reservierung vornimmt, muss vollj\u00e4hrig sein und ist f\u00fcr die Richtigkeit der bereitgestellten Daten verantwortlich. Der Name des Gastes, der in der Reservierung angegeben ist, muss mit dem Namen des Inhabers der Kreditkarte \u00fcbereinstimmen, mit der die Zahlung erfolgt (au\u00dfer im Fall von Reiseb\u00fcros). Der Gast ist verantwortlich f\u00fcr die Online-Bezahlung der Reservierung, f\u00fcr die Zusatzleistungen oder f\u00fcr die \u00dcbernahme von Stornierungs- oder Schadenskosten.<\/p>\n<h3>DATENSCHUTZ<\/h3>\n<p><\/p>\n<p class=\"parraf-legal\">Die bereitgestellten Daten werden auf einem sicheren Server gespeichert, und wir garantieren, dass sie gem\u00e4\u00df den gesetzlichen Bestimmungen nur f\u00fcr den Zweck verwendet werden, f\u00fcr den sie bereitgestellt wurden.<\/p>\n<h3>STORNIERUNG<\/h3>\n<p><\/p>\n<p class=\"parraf-legal\">In der Regel ist die Stornierung kostenlos, wenn sie 30 Tage vor dem Check-in erfolgt. Au\u00dferhalb dieses Zeitraums betragen die Stornierungskosten 100 % des Buchungswertes. Jede \u00c4nderung oder Stornierung, die au\u00dferhalb der kostenlosen Stornierungsfrist vorgenommen wird, oder im Falle eines Nichterscheinens wird mit Kosten in H\u00f6he des Gesamtbetrags der Reservierung belastet. Es kann Tarife mit unterschiedlichen Stornierungsbedingungen, Sonderangebote, oder nicht erstattungsf\u00e4hige Tarife geben, die keine Stornierungen zulassen, die vor der Reservierung ausdr\u00fccklich angegeben werden. Falls Sie nach Ablauf der kostenlosen Stornierungsfrist stornieren m\u00fcssen, kontaktieren Sie uns bitte. F\u00fcr den Fall, dass stornierte Daten umgebucht werden, stellen wir eine Geschenkkarte f\u00fcr den vollen oder teilweisen Betrag &#8211; abh\u00e4ngig von der Anzahl der umgebuchten Tage &#8211; f\u00fcr eine zuk\u00fcnftige Reservierung zur Verf\u00fcgung.<\/p>\n<h3>\u00c4NDERUNGEN<\/h3>\n<p><\/p>\n<p class=\"parraf-legal\">Wir behalten uns das Recht vor, die gemietete Ferienwohnung in Ausnahmef\u00e4llen sowie begr\u00fcndeten F\u00e4llen gegen eine Wohnung mit \u00e4hnlichen oder sogar besseren Eigenschaften zu \u00e4ndern. Diese \u00c4nderungen stellen f\u00fcr den Gast keine zus\u00e4tzlichen Kosten dar.<\/p>\n<h3>BELEGUNG<\/h3>\n<p><\/p>\n<p class=\"parraf-legal\">Die maximale Anzahl der zugelassenen Personen ist in der Beschreibung des Mietpreises und in den Bedingungen Ihrer Reservierung festgelegt. Der Grundpreis gilt f\u00fcr eine Belegung von zwei Personen in einem Doppelbett. Jede weitere Belegung, sofern zul\u00e4ssig, gilt f\u00fcr Kinder bis 9 Jahre in einem Zustellbett und unterliegt einem bestimmten Preis oder Zuschlag pro zus\u00e4tzlicher Person. Babys, wo erlaubt, werden gegen eine einmalige Geb\u00fchr aufgenommen, f\u00fcr die wir ein Baby-Kit zur Verf\u00fcgung stellen, um ihnen einen komfortablen Aufenthalt zu gew\u00e4hrleisten. Jede zus\u00e4tzliche Belegung ist genehmigungs- und geb\u00fchrenpflichtig, unabh\u00e4ngig von der Nutzung des Baby-Kit, des Zusatzbetts oder des vorhandenen Betts. Aus Sicherheitsgr\u00fcnden sind Besuche in den Ferienwohnungen oder deren Nutzung durch nicht registrierte G\u00e4ste nicht gestattet. Die Unterkunft ist nicht \u00fcbertragbar.<\/p>\n<h3>BELEGUNGSZEITRAUM<\/h3>\n<p><\/p>\n<p class=\"parraf-legal\">Unsere G\u00e4ste haben das Recht, die Unterkunft ab 16 Uhr am ersten Tag der Laufzeit des Mietvertrags bis 11 Uhr am Tag der Abreise zu beziehen. Zwischen den Parteien kann eine andere Vereinbarung f\u00fcr den Belegungszeitraum getroffen werden. Wenn Sie die Ferienwohnung nicht zur vereinbarten Uhrzeit verlassen, m\u00fcssen Sie einen weiteren Tag f\u00fcr die Belegung bezahlen. Bei einem l\u00e4ngeren Aufenthalt als den vertraglich vereinbarten muss immer eine Vereinbarung zwischen den Parteien bestehen.<\/p>\n<h3>CHECK-IN<\/h3>\n<p><\/p>\n<p class=\"parraf-legal\">Personen, die Unterkunft und ihre Dienstleistungen in Anspruch nehmen m\u00f6chten, m\u00fcssen die Daten ihrer Ausweisdokumente zum Zweck ihrer Zulassung und Eintragung in das Register der Einrichtung registrieren. Es gibt keine Rezeption, der Check-in erfolgt online (Self-Check-in), um einen unabh\u00e4ngigen Zugang zur Ferienwohnung \u00fcber einen pers\u00f6nlichen Code zu erhalten. Der Check-in kann ausschlie\u00dflich online, vor der Ankunft, erfolgen, wof\u00fcr wir einen sicheren Weblink bereitstellen. Die Zugangsdaten werden dem Gast per E-Mail zugeschickt.<\/p>\n<h3>KAUTION F\u00dcR SCH\u00c4DEN<\/h3>\n<p><\/p>\n<p class=\"parraf-legal\">Eine Kaution in H\u00f6he von 300 Euro verlangt werden, die beim Check-out zur\u00fcckerstattet wird, sofern keine Sch\u00e4den entstanden sind. Barracart Wohnungen beh\u00e4lt sich das Recht vor, im Falle einer Besch\u00e4digung, Verschlechterung oder eines Diebstahls durch die G\u00e4ste in der Ferienwohnung oder einer anderen Einrichtung von ihnen eine entsprechende Entsch\u00e4digung zu verlangen. Im Falle des Rauchens in der Wohnung, was ausdr\u00fccklich verboten ist, entspricht die erforderliche Entsch\u00e4digung zwei \u00dcbernachtungen f\u00fcr die Desodorierung.<\/p>\n<h3>NUTZUNG DER EINRICHTUNGEN UND GER\u00c4TE<\/h3>\n<p><\/p>\n<p class=\"parraf-legal\">Unsere Einrichtungen und Ger\u00e4te sind in einwandfreiem Zustand. Ihre Nutzung liegt in der alleinigen Verantwortung des Gastes. Anweisungen zur Verwendung der Haushaltsger\u00e4te stehen in verschiedenen Sprachen zur Verf\u00fcgung. Apartamentos Barracart haftet nicht f\u00fcr Anspr\u00fcche wegen K\u00f6rper- oder Sachsch\u00e4den, die Ihnen w\u00e4hrend der Nutzung unserer Ger\u00e4te oder Einrichtungen entstehen. Apartamentos Barracart lehnt auch jegliche Verantwortung f\u00fcr Sch\u00e4den ab, die Dritten entstehen. Um die Sicherheit, Privatsph\u00e4re und Ruhe der G\u00e4ste zu gew\u00e4hrleisten, verf\u00fcgt diese Einrichtung \u00fcber elektronische \u00dcberwachungsger\u00e4te mit permanenten Aufzeichnungselementen in Korridoren und anderen gemeinsam genutzten Bereichen. Die Gesch\u00e4ftsf\u00fchrung lehnt jede Verantwortung f\u00fcr den Verlust von Geld, Dokumenten oder anderen Wertgegenst\u00e4nden ab, die in den Ferienwohnungen oder im Geb\u00e4ude aufbewahrt werden, sowie f\u00fcr Sch\u00e4den, die von G\u00e4sten an Dritten verursacht werden.<br \/>\nAus Platzgr\u00fcnden ist es in Barracart nicht gestattet, Fahrr\u00e4der und andere Fahrzeuge unterzubringen, aber in der N\u00e4he gibt es verschiedene Fahrradverleihe und in unserer Stra\u00dfe gibt es verankerte Fahrradplattformen, um die Fahrr\u00e4der anzuschlie\u00dfen.<\/p>\n<\/div>\n","protected":false},"excerpt":{"rendered":"<p>GARANTIE UND ZAHLUNG Um Ihre Reservierung zu best\u00e4tigen, ist gem\u00e4\u00df den Bedingungen Ihrer Reservierung eine Vorauszahlung f\u00fcr Ihren Aufenthalt erforderlich. In der Regel m\u00fcssen alle Zahlungen online mit einer Bankkarte (Debit oder Kredit) erfolgen, f\u00fcr die wir Ihnen einen Zahlungslink per E-Mail zusenden. Um Ihre Reservierung zu best\u00e4tigen, m\u00fcssen Sie 100 % des Reservierungswertes bis [&hellip;]<\/p>\n","protected":false},"author":103,"featured_media":0,"parent":0,"menu_order":0,"comment_status":"closed","ping_status":"closed","template":"","meta":{"footnotes":""},"class_list":["post-5284","page","type-page","status-publish","hentry"],"yoast_head":"<!-- This site is optimized with the Yoast SEO plugin v24.9 - https:\/\/yoast.com\/wordpress\/plugins\/seo\/ -->\n<title>Buchungsbedingungen - Barracart: Premium beach apartments Valencia<\/title>\n<meta name=\"description\" content=\"Premium beach apartments in Valencia - Cabanyal-Canyamelar (Poblados Maritimos) - next to Malvarrosa Beach. Get your exclusive deal on the official website!\" \/>\n<meta name=\"robots\" content=\"index, follow, max-snippet:-1, max-image-preview:large, max-video-preview:-1\" \/>\n<link rel=\"canonical\" href=\"https:\/\/www.barracart.com\/de\/buchungsbedingungen\/\" \/>\n<meta property=\"og:locale\" content=\"de_DE\" \/>\n<meta property=\"og:type\" content=\"article\" \/>\n<meta property=\"og:title\" content=\"Buchungsbedingungen - Barracart: Premium beach apartments Valencia\" \/>\n<meta property=\"og:description\" content=\"Premium beach apartments in Valencia - Cabanyal-Canyamelar (Poblados Maritimos) - next to Malvarrosa Beach. Get your exclusive deal on the official website!\" \/>\n<meta property=\"og:url\" content=\"https:\/\/www.barracart.com\/de\/buchungsbedingungen\/\" \/>\n<meta property=\"og:site_name\" content=\"Barracart: Premium beach apartments Valencia\" \/>\n<meta property=\"article:modified_time\" content=\"2025-01-13T21:59:29+00:00\" \/>\n<meta name=\"twitter:card\" content=\"summary_large_image\" \/>\n<meta name=\"twitter:label1\" content=\"Gesch\u00e4tzte Lesezeit\" \/>\n\t<meta name=\"twitter:data1\" content=\"5\u00a0Minuten\" \/>\n<script type=\"application\/ld+json\" class=\"yoast-schema-graph\">{\"@context\":\"https:\/\/schema.org\",\"@graph\":[{\"@type\":\"WebPage\",\"@id\":\"https:\/\/www.barracart.com\/de\/buchungsbedingungen\/\",\"url\":\"https:\/\/www.barracart.com\/de\/buchungsbedingungen\/\",\"name\":\"Buchungsbedingungen - Barracart: Premium beach apartments Valencia\",\"isPartOf\":{\"@id\":\"https:\/\/www.barracart.com\/#website\"},\"datePublished\":\"2018-01-05T11:42:07+00:00\",\"dateModified\":\"2025-01-13T21:59:29+00:00\",\"description\":\"Premium beach apartments in Valencia - Cabanyal-Canyamelar (Poblados Maritimos) - next to Malvarrosa Beach. Get your exclusive deal on the official website!\",\"breadcrumb\":{\"@id\":\"https:\/\/www.barracart.com\/de\/buchungsbedingungen\/#breadcrumb\"},\"inLanguage\":\"de\",\"potentialAction\":[{\"@type\":\"ReadAction\",\"target\":[\"https:\/\/www.barracart.com\/de\/buchungsbedingungen\/\"]}]},{\"@type\":\"BreadcrumbList\",\"@id\":\"https:\/\/www.barracart.com\/de\/buchungsbedingungen\/#breadcrumb\",\"itemListElement\":[{\"@type\":\"ListItem\",\"position\":1,\"name\":\"Home\",\"item\":\"https:\/\/www.barracart.com\/de\/\"},{\"@type\":\"ListItem\",\"position\":2,\"name\":\"Buchungsbedingungen\"}]},{\"@type\":\"WebSite\",\"@id\":\"https:\/\/www.barracart.com\/#website\",\"url\":\"https:\/\/www.barracart.com\/\",\"name\":\"Barracart: Premium beach apartments Valencia\",\"description\":\"Get up to 20% discount by booking on our website!\",\"publisher\":{\"@id\":\"https:\/\/www.barracart.com\/#organization\"},\"potentialAction\":[{\"@type\":\"SearchAction\",\"target\":{\"@type\":\"EntryPoint\",\"urlTemplate\":\"https:\/\/www.barracart.com\/?s={search_term_string}\"},\"query-input\":{\"@type\":\"PropertyValueSpecification\",\"valueRequired\":true,\"valueName\":\"search_term_string\"}}],\"inLanguage\":\"de\"},{\"@type\":\"Organization\",\"@id\":\"https:\/\/www.barracart.com\/#organization\",\"name\":\"Barracart: Premium beach apartments Valencia\",\"url\":\"https:\/\/www.barracart.com\/\",\"logo\":{\"@type\":\"ImageObject\",\"inLanguage\":\"de\",\"@id\":\"https:\/\/www.barracart.com\/#\/schema\/logo\/image\/\",\"url\":\"https:\/\/www.barracart.com\/wp-content\/uploads\/cropped-Logo_pr_r.png\",\"contentUrl\":\"https:\/\/www.barracart.com\/wp-content\/uploads\/cropped-Logo_pr_r.png\",\"width\":64,\"height\":64,\"caption\":\"Barracart: Premium beach apartments Valencia\"},\"image\":{\"@id\":\"https:\/\/www.barracart.com\/#\/schema\/logo\/image\/\"}}]}<\/script>\n<!-- \/ Yoast SEO plugin. -->","yoast_head_json":{"title":"Buchungsbedingungen - Barracart: Premium beach apartments Valencia","description":"Premium beach apartments in Valencia - Cabanyal-Canyamelar (Poblados Maritimos) - next to Malvarrosa Beach. Get your exclusive deal on the official website!","robots":{"index":"index","follow":"follow","max-snippet":"max-snippet:-1","max-image-preview":"max-image-preview:large","max-video-preview":"max-video-preview:-1"},"canonical":"https:\/\/www.barracart.com\/de\/buchungsbedingungen\/","og_locale":"de_DE","og_type":"article","og_title":"Buchungsbedingungen - Barracart: Premium beach apartments Valencia","og_description":"Premium beach apartments in Valencia - Cabanyal-Canyamelar (Poblados Maritimos) - next to Malvarrosa Beach. Get your exclusive deal on the official website!","og_url":"https:\/\/www.barracart.com\/de\/buchungsbedingungen\/","og_site_name":"Barracart: Premium beach apartments Valencia","article_modified_time":"2025-01-13T21:59:29+00:00","twitter_card":"summary_large_image","twitter_misc":{"Gesch\u00e4tzte Lesezeit":"5\u00a0Minuten"},"schema":{"@context":"https:\/\/schema.org","@graph":[{"@type":"WebPage","@id":"https:\/\/www.barracart.com\/de\/buchungsbedingungen\/","url":"https:\/\/www.barracart.com\/de\/buchungsbedingungen\/","name":"Buchungsbedingungen - Barracart: Premium beach apartments Valencia","isPartOf":{"@id":"https:\/\/www.barracart.com\/#website"},"datePublished":"2018-01-05T11:42:07+00:00","dateModified":"2025-01-13T21:59:29+00:00","description":"Premium beach apartments in Valencia - Cabanyal-Canyamelar (Poblados Maritimos) - next to Malvarrosa Beach. Get your exclusive deal on the official website!","breadcrumb":{"@id":"https:\/\/www.barracart.com\/de\/buchungsbedingungen\/#breadcrumb"},"inLanguage":"de","potentialAction":[{"@type":"ReadAction","target":["https:\/\/www.barracart.com\/de\/buchungsbedingungen\/"]}]},{"@type":"BreadcrumbList","@id":"https:\/\/www.barracart.com\/de\/buchungsbedingungen\/#breadcrumb","itemListElement":[{"@type":"ListItem","position":1,"name":"Home","item":"https:\/\/www.barracart.com\/de\/"},{"@type":"ListItem","position":2,"name":"Buchungsbedingungen"}]},{"@type":"WebSite","@id":"https:\/\/www.barracart.com\/#website","url":"https:\/\/www.barracart.com\/","name":"Barracart: Premium beach apartments Valencia","description":"Get up to 20% discount by booking on our website!","publisher":{"@id":"https:\/\/www.barracart.com\/#organization"},"potentialAction":[{"@type":"SearchAction","target":{"@type":"EntryPoint","urlTemplate":"https:\/\/www.barracart.com\/?s={search_term_string}"},"query-input":{"@type":"PropertyValueSpecification","valueRequired":true,"valueName":"search_term_string"}}],"inLanguage":"de"},{"@type":"Organization","@id":"https:\/\/www.barracart.com\/#organization","name":"Barracart: Premium beach apartments Valencia","url":"https:\/\/www.barracart.com\/","logo":{"@type":"ImageObject","inLanguage":"de","@id":"https:\/\/www.barracart.com\/#\/schema\/logo\/image\/","url":"https:\/\/www.barracart.com\/wp-content\/uploads\/cropped-Logo_pr_r.png","contentUrl":"https:\/\/www.barracart.com\/wp-content\/uploads\/cropped-Logo_pr_r.png","width":64,"height":64,"caption":"Barracart: Premium beach apartments Valencia"},"image":{"@id":"https:\/\/www.barracart.com\/#\/schema\/logo\/image\/"}}]}},"_links":{"self":[{"href":"https:\/\/www.barracart.com\/de\/wp-json\/wp\/v2\/pages\/5284","targetHints":{"allow":["GET"]}}],"collection":[{"href":"https:\/\/www.barracart.com\/de\/wp-json\/wp\/v2\/pages"}],"about":[{"href":"https:\/\/www.barracart.com\/de\/wp-json\/wp\/v2\/types\/page"}],"author":[{"embeddable":true,"href":"https:\/\/www.barracart.com\/de\/wp-json\/wp\/v2\/users\/103"}],"replies":[{"embeddable":true,"href":"https:\/\/www.barracart.com\/de\/wp-json\/wp\/v2\/comments?post=5284"}],"version-history":[{"count":29,"href":"https:\/\/www.barracart.com\/de\/wp-json\/wp\/v2\/pages\/5284\/revisions"}],"predecessor-version":[{"id":11191,"href":"https:\/\/www.barracart.com\/de\/wp-json\/wp\/v2\/pages\/5284\/revisions\/11191"}],"wp:attachment":[{"href":"https:\/\/www.barracart.com\/de\/wp-json\/wp\/v2\/media?parent=5284"}],"curies":[{"name":"wp","href":"https:\/\/api.w.org\/{rel}","templated":true}]}}