{"id":5290,"date":"2018-01-11T08:29:50","date_gmt":"2018-01-11T08:29:50","guid":{"rendered":"https:\/\/www.barracart.com\/offers\/"},"modified":"2026-02-18T01:39:01","modified_gmt":"2026-02-18T00:39:01","slug":"angebot","status":"publish","type":"page","link":"https:\/\/www.barracart.com\/de\/angebot\/","title":{"rendered":"Spezialangebot"},"content":{"rendered":"<div class=\"list-of-experiences\">\n<div>\n<h2>FINDEN SIE DAS BESTE ANGEBOT F\u00dcR IHRE UNTERKUNFT IN VALENCIA<\/h2>\n<\/div>\n<\/div>\n<div class=\"box-text-center centrado\">\n<p><span class=\"marron\">Bei Barracart ist jeder Kunde einzigartig und wird unsere Gastfreundschaft auf direkte und pers\u00f6nliche Weise genie\u00dfen. Dar\u00fcber hinaus bieten wir auf unserer offiziellen Website die besten Preise und das beste Angebot f\u00fcr Ihre ideale Ferienwohnung in Valencia an.<\/span><\/p>\n<p><span class=\"marron\">Wenn Sie aus irgendeinem Grund Ihre Buchung nach der Zahlung und der kostenlosen Stornierungsfrist stornieren m\u00fcssen, stellen wir  eine <strong>Geschenkkarte<\/strong> f\u00fcr eine zuk\u00fcnftige Reservierung zur Verf\u00fcgung, w\u00e4hrend die stornierten Daten neu gebucht wurden.<\/span><\/p>\n<p><span class=\"marron\">Weitere Informationen finden Sie in unseren <a class=\"blog-link link-normal\" href=\"https:\/\/www.barracart.com\/de\/reservation-conditions\/\">Buchungsbedingungen.<\/a><\/span><\/p>\n<\/div>\n<ul class=\"lista-ofertas\">\n<li><a href=\"https:\/\/barracart.backhotelite.com\/de\/\"><br \/>\n<img decoding=\"async\" src=\"\/wp-content\/uploads\/1r.jpg\" \/><\/p>\n<div class=\"contenido\">\n<h3>BARRACART FOREVER<\/h3>\n<p>Ein Rabatt von 15% ab 7 Tagen Aufenthalt mit sofortiger und nicht erstattungsf\u00e4higer Zahlung. Buchbar bis 30 Tage vor Anreise. <\/p>\n<\/div>\n<p>&nbsp;<\/a><\/li>\n<li><a href=\"https:\/\/barracart.backhotelite.com\/de\/\"><br \/>\n<img decoding=\"async\" src=\"\/wp-content\/uploads\/2r.jpg\" \/><\/p>\n<div class=\"contenido\">\n<h3>WEB-RATE<\/h3>\n<p>Wir gew\u00e4hren 5 % Rabatt auf den Grundpreis ganzj\u00e4hrig, mit flexibler Stornierung bis zu 30 Tage vor dem Check-in.<\/p>\n<\/div>\n<p>&nbsp;<\/a><\/li>\n<li><a href=\"https:\/\/barracart.backhotelite.com\/de\/\"><br \/>\n<img decoding=\"async\" src=\"\/wp-content\/uploads\/3r.jpg\" \/><\/p>\n<div class=\"contenido\">\n<h3>ON THE ROAD<\/h3>\n<p>Au\u00dferdem ist im Preis ein rund um die Uhr bewachter Parkplatz enthalten, flexibler Stornierung bis zu 30 Tage vor dem Check-in.<\/p>\n<\/div>\n<p>&nbsp;<\/a><\/li>\n<li><a href=\"https:\/\/barracart.backhotelite.com\/de\/\"><br \/>\n<img decoding=\"async\" src=\"\/wp-content\/uploads\/4r.jpg\" \/><\/p>\n<div class=\"contenido\">\n<h3>REINIGUNG<\/h3>\n<p>Bei Direktbuchungen ab sechs N\u00e4chten ist ein Reinigungsservice inklusive. Dieser erfolgt an einem festen und vereinbarten Tag.<\/p>\n<\/div>\n<p>&nbsp;<\/a><\/li>\n<li><a href=\"https:\/\/barracart.backhotelite.com\/de\/\"><br \/>\n<img decoding=\"async\" src=\"\/wp-content\/uploads\/5r.jpg\" \/><\/p>\n<div class=\"contenido\">\n<h3>BARRACART V.I.P.<\/h3>\n<p>Wir bieten 5% zu Web-Rate zus\u00e4tzlicher Rabatt f\u00fcr unsere G\u00e4ste, wer w\u00fcrde nach Barracart zur\u00fcckkehren. Kontaktiere uns!<\/p>\n<\/div>\n<p>&nbsp;<\/a><\/li>\n<li><a href=\"https:\/\/barracart.backhotelite.com\/de\/\"><br \/>\n<img decoding=\"async\" src=\"\/wp-content\/uploads\/6r.jpg\" \/><\/p>\n<div class=\"contenido\">\n<h3>NACHHALTIGKEITSRABATT<\/h3>\n<p>Ein zus\u00e4tzlicher fester Rabatt von 5% ab einer Woche Reservierung, um einen nachhaltigeren Umgang mit Ressourcen zu unterst\u00fctzen.<\/p>\n<\/div>\n<p>&nbsp;<\/a><\/li>\n<li><a href=\"https:\/\/barracart.backhotelite.com\/de\/\"><br \/>\n<img decoding=\"async\" src=\"\/wp-content\/uploads\/7r.jpg\" \/><\/p>\n<div class=\"contenido\">\n<h3>LONG-RATE<\/h3>\n<p>Genie\u00dfen Sie Komfort mit Rabatten, nur einen Schritt vom Meer entfernt. Es ist in der Sommersaison nicht verf\u00fcgbar. Mindestaufenthalt 21 Tage. <\/p>\n<\/div>\n<p>&nbsp;<\/a><\/li>\n<li><a href=\"https:\/\/barracart.backhotelite.com\/de\/\"><br \/>\n<img decoding=\"async\" src=\"\/wp-content\/uploads\/Barracart-cactus.jpg\" \/><\/p>\n<div class=\"contenido\">\n<h3>SAISONMIETE<\/h3>\n<p>Zwei Serviced Apartments zur Saisonmiete. Verbringen Sie ein paar Monate in Valencia! Kontaktieren Sie uns, wir pr\u00fcfen die M\u00f6glichkeiten!<\/p>\n<\/div>\n<p>&nbsp;<\/a><\/li>\n<li><a href=\"https:\/\/barracart.backhotelite.com\/de\/\"><br \/>\n<img decoding=\"async\" src=\"\/wp-content\/uploads\/9r.jpg\" \/><\/p>\n<div class=\"contenido\">\n<h3>BARRACART GESCHENKKARTE<\/h3>\n<p>Fordern Sie unsere Geschenkkarte ohne Reservierungsfrist an und schenken Sie ein unvergessliches Erlebnis in Barracart! Kontaktiere uns!<\/p>\n<\/div>\n<p>&nbsp;<\/a><\/li>\n<\/ul>\n","protected":false},"excerpt":{"rendered":"<p>FINDEN SIE DAS BESTE ANGEBOT F\u00dcR IHRE UNTERKUNFT IN VALENCIA Bei Barracart ist jeder Kunde einzigartig und wird unsere Gastfreundschaft auf direkte und pers\u00f6nliche Weise genie\u00dfen. Dar\u00fcber hinaus bieten wir auf unserer offiziellen Website die besten Preise und das beste Angebot f\u00fcr Ihre ideale Ferienwohnung in Valencia an. Wenn Sie aus irgendeinem Grund Ihre Buchung [&hellip;]<\/p>\n","protected":false},"author":103,"featured_media":0,"parent":0,"menu_order":0,"comment_status":"closed","ping_status":"closed","template":"","meta":{"footnotes":""},"class_list":["post-5290","page","type-page","status-publish","hentry"],"yoast_head":"<!-- This site is optimized with the Yoast SEO plugin v24.9 - https:\/\/yoast.com\/wordpress\/plugins\/seo\/ -->\n<title>Das beste Angebot f\u00fcr Ihre ideale Ferienwohnung in Valencia<\/title>\n<meta name=\"description\" content=\"Das beste Angebot f\u00fcr Ihre ideale Ferienwohnung in Valencia. Sparen Sie bis zu 20%, flexible Stornierung, auf unserer offiziellen Website!\" \/>\n<meta name=\"robots\" content=\"index, follow, max-snippet:-1, max-image-preview:large, max-video-preview:-1\" \/>\n<link rel=\"canonical\" href=\"https:\/\/www.barracart.com\/de\/angebot\/\" \/>\n<meta property=\"og:locale\" content=\"de_DE\" \/>\n<meta property=\"og:type\" content=\"article\" \/>\n<meta property=\"og:title\" content=\"Das beste Angebot f\u00fcr Ihre ideale Ferienwohnung in Valencia\" \/>\n<meta property=\"og:description\" content=\"Das beste Angebot f\u00fcr Ihre ideale Ferienwohnung in Valencia. Sparen Sie bis zu 20%, flexible Stornierung, auf unserer offiziellen Website!\" \/>\n<meta property=\"og:url\" content=\"https:\/\/www.barracart.com\/de\/angebot\/\" \/>\n<meta property=\"og:site_name\" content=\"Barracart: Premium beach apartments Valencia\" \/>\n<meta property=\"article:modified_time\" content=\"2026-02-18T00:39:01+00:00\" \/>\n<meta name=\"twitter:card\" content=\"summary_large_image\" \/>\n<meta name=\"twitter:label1\" content=\"Gesch\u00e4tzte Lesezeit\" \/>\n\t<meta name=\"twitter:data1\" content=\"3\u00a0Minuten\" \/>\n<script type=\"application\/ld+json\" class=\"yoast-schema-graph\">{\"@context\":\"https:\/\/schema.org\",\"@graph\":[{\"@type\":\"WebPage\",\"@id\":\"https:\/\/www.barracart.com\/de\/angebot\/\",\"url\":\"https:\/\/www.barracart.com\/de\/angebot\/\",\"name\":\"Das beste Angebot f\u00fcr Ihre ideale Ferienwohnung in Valencia\",\"isPartOf\":{\"@id\":\"https:\/\/www.barracart.com\/#website\"},\"datePublished\":\"2018-01-11T08:29:50+00:00\",\"dateModified\":\"2026-02-18T00:39:01+00:00\",\"description\":\"Das beste Angebot f\u00fcr Ihre ideale Ferienwohnung in Valencia. Sparen Sie bis zu 20%, flexible Stornierung, auf unserer offiziellen Website!\",\"breadcrumb\":{\"@id\":\"https:\/\/www.barracart.com\/de\/angebot\/#breadcrumb\"},\"inLanguage\":\"de\",\"potentialAction\":[{\"@type\":\"ReadAction\",\"target\":[\"https:\/\/www.barracart.com\/de\/angebot\/\"]}]},{\"@type\":\"BreadcrumbList\",\"@id\":\"https:\/\/www.barracart.com\/de\/angebot\/#breadcrumb\",\"itemListElement\":[{\"@type\":\"ListItem\",\"position\":1,\"name\":\"Home\",\"item\":\"https:\/\/www.barracart.com\/de\/\"},{\"@type\":\"ListItem\",\"position\":2,\"name\":\"Spezialangebot\"}]},{\"@type\":\"WebSite\",\"@id\":\"https:\/\/www.barracart.com\/#website\",\"url\":\"https:\/\/www.barracart.com\/\",\"name\":\"Barracart: Premium beach apartments Valencia\",\"description\":\"Get up to 20% discount by booking on our website!\",\"publisher\":{\"@id\":\"https:\/\/www.barracart.com\/#organization\"},\"potentialAction\":[{\"@type\":\"SearchAction\",\"target\":{\"@type\":\"EntryPoint\",\"urlTemplate\":\"https:\/\/www.barracart.com\/?s={search_term_string}\"},\"query-input\":{\"@type\":\"PropertyValueSpecification\",\"valueRequired\":true,\"valueName\":\"search_term_string\"}}],\"inLanguage\":\"de\"},{\"@type\":\"Organization\",\"@id\":\"https:\/\/www.barracart.com\/#organization\",\"name\":\"Barracart: Premium beach apartments Valencia\",\"url\":\"https:\/\/www.barracart.com\/\",\"logo\":{\"@type\":\"ImageObject\",\"inLanguage\":\"de\",\"@id\":\"https:\/\/www.barracart.com\/#\/schema\/logo\/image\/\",\"url\":\"https:\/\/www.barracart.com\/wp-content\/uploads\/cropped-Logo_pr_r.png\",\"contentUrl\":\"https:\/\/www.barracart.com\/wp-content\/uploads\/cropped-Logo_pr_r.png\",\"width\":64,\"height\":64,\"caption\":\"Barracart: Premium beach apartments Valencia\"},\"image\":{\"@id\":\"https:\/\/www.barracart.com\/#\/schema\/logo\/image\/\"}}]}<\/script>\n<!-- \/ Yoast SEO plugin. -->","yoast_head_json":{"title":"Das beste Angebot f\u00fcr Ihre ideale Ferienwohnung in Valencia","description":"Das beste Angebot f\u00fcr Ihre ideale Ferienwohnung in Valencia. Sparen Sie bis zu 20%, flexible Stornierung, auf unserer offiziellen Website!","robots":{"index":"index","follow":"follow","max-snippet":"max-snippet:-1","max-image-preview":"max-image-preview:large","max-video-preview":"max-video-preview:-1"},"canonical":"https:\/\/www.barracart.com\/de\/angebot\/","og_locale":"de_DE","og_type":"article","og_title":"Das beste Angebot f\u00fcr Ihre ideale Ferienwohnung in Valencia","og_description":"Das beste Angebot f\u00fcr Ihre ideale Ferienwohnung in Valencia. Sparen Sie bis zu 20%, flexible Stornierung, auf unserer offiziellen Website!","og_url":"https:\/\/www.barracart.com\/de\/angebot\/","og_site_name":"Barracart: Premium beach apartments Valencia","article_modified_time":"2026-02-18T00:39:01+00:00","twitter_card":"summary_large_image","twitter_misc":{"Gesch\u00e4tzte Lesezeit":"3\u00a0Minuten"},"schema":{"@context":"https:\/\/schema.org","@graph":[{"@type":"WebPage","@id":"https:\/\/www.barracart.com\/de\/angebot\/","url":"https:\/\/www.barracart.com\/de\/angebot\/","name":"Das beste Angebot f\u00fcr Ihre ideale Ferienwohnung in Valencia","isPartOf":{"@id":"https:\/\/www.barracart.com\/#website"},"datePublished":"2018-01-11T08:29:50+00:00","dateModified":"2026-02-18T00:39:01+00:00","description":"Das beste Angebot f\u00fcr Ihre ideale Ferienwohnung in Valencia. Sparen Sie bis zu 20%, flexible Stornierung, auf unserer offiziellen Website!","breadcrumb":{"@id":"https:\/\/www.barracart.com\/de\/angebot\/#breadcrumb"},"inLanguage":"de","potentialAction":[{"@type":"ReadAction","target":["https:\/\/www.barracart.com\/de\/angebot\/"]}]},{"@type":"BreadcrumbList","@id":"https:\/\/www.barracart.com\/de\/angebot\/#breadcrumb","itemListElement":[{"@type":"ListItem","position":1,"name":"Home","item":"https:\/\/www.barracart.com\/de\/"},{"@type":"ListItem","position":2,"name":"Spezialangebot"}]},{"@type":"WebSite","@id":"https:\/\/www.barracart.com\/#website","url":"https:\/\/www.barracart.com\/","name":"Barracart: Premium beach apartments Valencia","description":"Get up to 20% discount by booking on our website!","publisher":{"@id":"https:\/\/www.barracart.com\/#organization"},"potentialAction":[{"@type":"SearchAction","target":{"@type":"EntryPoint","urlTemplate":"https:\/\/www.barracart.com\/?s={search_term_string}"},"query-input":{"@type":"PropertyValueSpecification","valueRequired":true,"valueName":"search_term_string"}}],"inLanguage":"de"},{"@type":"Organization","@id":"https:\/\/www.barracart.com\/#organization","name":"Barracart: Premium beach apartments Valencia","url":"https:\/\/www.barracart.com\/","logo":{"@type":"ImageObject","inLanguage":"de","@id":"https:\/\/www.barracart.com\/#\/schema\/logo\/image\/","url":"https:\/\/www.barracart.com\/wp-content\/uploads\/cropped-Logo_pr_r.png","contentUrl":"https:\/\/www.barracart.com\/wp-content\/uploads\/cropped-Logo_pr_r.png","width":64,"height":64,"caption":"Barracart: Premium beach apartments Valencia"},"image":{"@id":"https:\/\/www.barracart.com\/#\/schema\/logo\/image\/"}}]}},"_links":{"self":[{"href":"https:\/\/www.barracart.com\/de\/wp-json\/wp\/v2\/pages\/5290","targetHints":{"allow":["GET"]}}],"collection":[{"href":"https:\/\/www.barracart.com\/de\/wp-json\/wp\/v2\/pages"}],"about":[{"href":"https:\/\/www.barracart.com\/de\/wp-json\/wp\/v2\/types\/page"}],"author":[{"embeddable":true,"href":"https:\/\/www.barracart.com\/de\/wp-json\/wp\/v2\/users\/103"}],"replies":[{"embeddable":true,"href":"https:\/\/www.barracart.com\/de\/wp-json\/wp\/v2\/comments?post=5290"}],"version-history":[{"count":35,"href":"https:\/\/www.barracart.com\/de\/wp-json\/wp\/v2\/pages\/5290\/revisions"}],"predecessor-version":[{"id":11864,"href":"https:\/\/www.barracart.com\/de\/wp-json\/wp\/v2\/pages\/5290\/revisions\/11864"}],"wp:attachment":[{"href":"https:\/\/www.barracart.com\/de\/wp-json\/wp\/v2\/media?parent=5290"}],"curies":[{"name":"wp","href":"https:\/\/api.w.org\/{rel}","templated":true}]}}