{"id":5293,"date":"2018-01-11T08:29:15","date_gmt":"2018-01-11T08:29:15","guid":{"rendered":"https:\/\/www.barracart.com\/services\/"},"modified":"2022-01-30T19:41:27","modified_gmt":"2022-01-30T18:41:27","slug":"dienstleistungen","status":"publish","type":"page","link":"https:\/\/www.barracart.com\/de\/dienstleistungen\/","title":{"rendered":"Dienstleistungen"},"content":{"rendered":"<h2 class=\"subtitulo-pag-interna\">WOHNUNGEN MIT DIENSTLEISTUNGEN OHNE KONTAKT<\/h2>\n<div class=\"bloques-servicios\">\n<div class=\"bloque-servicios-1 col-1-2\">\n<h2 class=\"centrado\">Kostenlos<\/h2>\n<div class=\"box-servicios-1\">\n<div class=\"service\">\n<p><img decoding=\"async\" class=\"centrado\" src=\"\/wp-content\/uploads\/libreria.png\" alt=\"library\" \/><\/p>\n<p class=\"centrado\">BIBLIOTHEK\n<\/p>\n<\/div>\n<div class=\"service\">\n<p><img decoding=\"async\" class=\"centrado\" src=\"\/wp-content\/uploads\/24h.png\" alt=\"service-24h\" \/><\/p>\n<p class=\"centrado\">KUNDENUNTERST\u00dcTZUNG\n<\/p>\n<\/div>\n<div class=\"service\">\n<p><img decoding=\"async\" class=\"centrado\" src=\"\/wp-content\/uploads\/lugagge.png\" alt=\"luggage-storage\" \/><\/p>\n<p class=\"centrado\">GEP\u00c4CKSPEICHERUNG\n<\/p>\n<\/div>\n<div class=\"service\">\n<p><img decoding=\"async\" class=\"centrado\" src=\"\/wp-content\/uploads\/checkin.png\" alt=\"flexible-checkin\" \/><\/p>\n<p class=\"centrado\">KONTAKTFREIER ZUGRIFF\n<\/p>\n<\/div>\n<div class=\"service\">\n<p><img decoding=\"async\" class=\"centrado\" src=\"\/wp-content\/uploads\/limpieza.png\" alt=\"cleaning\" \/><\/p>\n<p class=\"centrado\">REGELM\u00c4SSIGE REINIGUNG\n<\/p>\n<\/div>\n<div class=\"service\">\n<p><img decoding=\"async\" class=\"centrado\" src=\"\/wp-content\/uploads\/amenities.png\" alt=\"highchair\" \/><\/p>\n<p class=\"centrado\">Annehmlichkeiten\n<\/p>\n<\/div>\n<div class=\"service\">\n<p><img decoding=\"async\" class=\"centrado\" src=\"\/wp-content\/uploads\/wifi-1.png\" alt=\"wifi\" \/><\/p>\n<p class=\"centrado\">WIFI\n<\/p>\n<\/div>\n<div class=\"service\">\n<p><img decoding=\"async\" class=\"centrado\" src=\"\/wp-content\/uploads\/bandeja-bienve.png\" alt=\"turism-information\" \/><\/p>\n<p class=\"centrado\">Willkommen Getr\u00e4nke\n<\/p>\n<\/div>\n<div class=\"service\">\n<p><img decoding=\"async\" class=\"centrado\" src=\"\/wp-content\/uploads\/info.png\" alt=\"turism-information\" \/><\/p>\n<p class=\"centrado\">TOURIST APP\n<\/p>\n<\/div>\n<\/div>\n<div class=\"clearfix\"><\/div>\n<\/div>\n<div class=\"bloque-servicios-2 col-1-2\">\n<h2 class=\"centrado\">Gegen eine zus\u00e4tzliche Geb\u00fchr<\/h2>\n<div class=\"box-servicios-2\">\n<div class=\"service\">\n<p><img decoding=\"async\" class=\"centrado\" src=\"\/wp-content\/uploads\/breakfast1.png\" alt=\"breakfast\" \/><\/p>\n<p class=\"centrado\">Essenspaket\n<\/p>\n<\/div>\n<div class=\"service\">\n<p><img decoding=\"async\" class=\"centrado\" src=\"\/wp-content\/uploads\/avion.png\" alt=\"airport-transport\" \/><\/p>\n<p class=\"centrado\">FLUGHAFEN SHUTTLE<\/p>\n<\/div>\n<div class=\"service\">\n<p><img decoding=\"async\" class=\"centrado\" src=\"\/wp-content\/uploads\/meetingroom.png\" alt=\"business-room\" \/><\/p>\n<p class=\"centrado\">KONFERENZRAUM<\/p>\n<\/div>\n<div class=\"service\">\n<p><img decoding=\"async\" class=\"centrado\" src=\"\/wp-content\/uploads\/parking-1.png\" alt=\"parking-service\" \/><\/p>\n<p class=\"centrado\">\u00d6FFENTLICHER PARKPLATZ\n<\/p>\n<\/div>\n<div class=\"service\">\n<p><img decoding=\"async\" class=\"centrado\" src=\"\/wp-content\/uploads\/bici.png\" alt=\"bicycle\" \/><\/p>\n<p class=\"centrado\">FAHRR\u00c4DER<\/p>\n<\/div>\n<div class=\"service\">\n<p><img decoding=\"async\" class=\"centrado\" src=\"\/wp-content\/uploads\/compra-food.png\" alt=\"shoping\" \/><\/p>\n<p class=\"centrado\">LEBENSMITTELEINKAUF<\/p>\n<\/div>\n<div class=\"service\">\n<p><img decoding=\"async\" class=\"centrado\" src=\"\/wp-content\/uploads\/towels.png\" alt=\"charge-towels\" \/><\/p>\n<p class=\"centrado\">extra Handt\u00fccher\n<\/p>\n<\/div>\n<div class=\"service\">\n<p><img decoding=\"async\" class=\"centrado\" src=\"\/wp-content\/uploads\/bb-movil.png\" alt=\"highchair\" \/><\/p>\n<p class=\"centrado\">BABY-KIT<\/p>\n<\/div>\n<div class=\"service\">\n<p><img decoding=\"async\" class=\"centrado\" src=\"\/wp-content\/uploads\/beech.png\" alt=\"charge-linen\" \/><\/p>\n<p class=\"centrado\">STRAND-KIT<\/p>\n<\/div>\n<\/div>\n<div class=\"clearfix\"><\/div>\n<\/div>\n<\/div>\n","protected":false},"excerpt":{"rendered":"<p>WOHNUNGEN MIT DIENSTLEISTUNGEN OHNE KONTAKT Kostenlos BIBLIOTHEK KUNDENUNTERST\u00dcTZUNG GEP\u00c4CKSPEICHERUNG KONTAKTFREIER ZUGRIFF REGELM\u00c4SSIGE REINIGUNG Annehmlichkeiten WIFI Willkommen Getr\u00e4nke TOURIST APP Gegen eine zus\u00e4tzliche Geb\u00fchr Essenspaket FLUGHAFEN SHUTTLE KONFERENZRAUM \u00d6FFENTLICHER PARKPLATZ FAHRR\u00c4DER LEBENSMITTELEINKAUF extra Handt\u00fccher BABY-KIT STRAND-KIT<\/p>\n","protected":false},"author":103,"featured_media":0,"parent":0,"menu_order":0,"comment_status":"closed","ping_status":"closed","template":"","meta":{"footnotes":""},"class_list":["post-5293","page","type-page","status-publish","hentry"],"yoast_head":"<!-- This site is optimized with the Yoast SEO plugin v24.9 - https:\/\/yoast.com\/wordpress\/plugins\/seo\/ -->\n<title>Wohnungen mit dienstleistungen ohne kontakt am Valencia Strand.<\/title>\n<meta name=\"description\" content=\"Wohnungen mit dienstleistungen ohne kontakt am Valencia Strand.Zimmerreinigung, Gep\u00e4ckaufbewahrung, Fahrr\u00e4der, Flughafentransfer, 24\/7 Kundenbetreuung.\" \/>\n<meta name=\"robots\" content=\"index, follow, max-snippet:-1, max-image-preview:large, max-video-preview:-1\" \/>\n<link rel=\"canonical\" href=\"https:\/\/www.barracart.com\/de\/dienstleistungen\/\" \/>\n<meta property=\"og:locale\" content=\"de_DE\" \/>\n<meta property=\"og:type\" content=\"article\" \/>\n<meta property=\"og:title\" content=\"Wohnungen mit dienstleistungen ohne kontakt am Valencia Strand.\" \/>\n<meta property=\"og:description\" content=\"Wohnungen mit dienstleistungen ohne kontakt am Valencia Strand.Zimmerreinigung, Gep\u00e4ckaufbewahrung, Fahrr\u00e4der, Flughafentransfer, 24\/7 Kundenbetreuung.\" \/>\n<meta property=\"og:url\" content=\"https:\/\/www.barracart.com\/de\/dienstleistungen\/\" \/>\n<meta property=\"og:site_name\" content=\"Barracart: Premium beach apartments Valencia\" \/>\n<meta property=\"article:modified_time\" content=\"2022-01-30T18:41:27+00:00\" \/>\n<meta property=\"og:image\" content=\"https:\/\/www.barracart.com\/wp-content\/uploads\/libreria.png\" \/>\n<meta name=\"twitter:card\" content=\"summary_large_image\" \/>\n<script type=\"application\/ld+json\" class=\"yoast-schema-graph\">{\"@context\":\"https:\/\/schema.org\",\"@graph\":[{\"@type\":\"WebPage\",\"@id\":\"https:\/\/www.barracart.com\/de\/dienstleistungen\/\",\"url\":\"https:\/\/www.barracart.com\/de\/dienstleistungen\/\",\"name\":\"Wohnungen mit dienstleistungen ohne kontakt am Valencia Strand.\",\"isPartOf\":{\"@id\":\"https:\/\/www.barracart.com\/#website\"},\"datePublished\":\"2018-01-11T08:29:15+00:00\",\"dateModified\":\"2022-01-30T18:41:27+00:00\",\"description\":\"Wohnungen mit dienstleistungen ohne kontakt am Valencia Strand.Zimmerreinigung, Gep\u00e4ckaufbewahrung, Fahrr\u00e4der, Flughafentransfer, 24\/7 Kundenbetreuung.\",\"breadcrumb\":{\"@id\":\"https:\/\/www.barracart.com\/de\/dienstleistungen\/#breadcrumb\"},\"inLanguage\":\"de\",\"potentialAction\":[{\"@type\":\"ReadAction\",\"target\":[\"https:\/\/www.barracart.com\/de\/dienstleistungen\/\"]}]},{\"@type\":\"BreadcrumbList\",\"@id\":\"https:\/\/www.barracart.com\/de\/dienstleistungen\/#breadcrumb\",\"itemListElement\":[{\"@type\":\"ListItem\",\"position\":1,\"name\":\"Home\",\"item\":\"https:\/\/www.barracart.com\/de\/\"},{\"@type\":\"ListItem\",\"position\":2,\"name\":\"Dienstleistungen\"}]},{\"@type\":\"WebSite\",\"@id\":\"https:\/\/www.barracart.com\/#website\",\"url\":\"https:\/\/www.barracart.com\/\",\"name\":\"Barracart: Premium beach apartments Valencia\",\"description\":\"Get up to 20% discount by booking on our website!\",\"publisher\":{\"@id\":\"https:\/\/www.barracart.com\/#organization\"},\"potentialAction\":[{\"@type\":\"SearchAction\",\"target\":{\"@type\":\"EntryPoint\",\"urlTemplate\":\"https:\/\/www.barracart.com\/?s={search_term_string}\"},\"query-input\":{\"@type\":\"PropertyValueSpecification\",\"valueRequired\":true,\"valueName\":\"search_term_string\"}}],\"inLanguage\":\"de\"},{\"@type\":\"Organization\",\"@id\":\"https:\/\/www.barracart.com\/#organization\",\"name\":\"Barracart: Premium beach apartments Valencia\",\"url\":\"https:\/\/www.barracart.com\/\",\"logo\":{\"@type\":\"ImageObject\",\"inLanguage\":\"de\",\"@id\":\"https:\/\/www.barracart.com\/#\/schema\/logo\/image\/\",\"url\":\"https:\/\/www.barracart.com\/wp-content\/uploads\/cropped-Logo_pr_r.png\",\"contentUrl\":\"https:\/\/www.barracart.com\/wp-content\/uploads\/cropped-Logo_pr_r.png\",\"width\":64,\"height\":64,\"caption\":\"Barracart: Premium beach apartments Valencia\"},\"image\":{\"@id\":\"https:\/\/www.barracart.com\/#\/schema\/logo\/image\/\"}}]}<\/script>\n<!-- \/ Yoast SEO plugin. -->","yoast_head_json":{"title":"Wohnungen mit dienstleistungen ohne kontakt am Valencia Strand.","description":"Wohnungen mit dienstleistungen ohne kontakt am Valencia Strand.Zimmerreinigung, Gep\u00e4ckaufbewahrung, Fahrr\u00e4der, Flughafentransfer, 24\/7 Kundenbetreuung.","robots":{"index":"index","follow":"follow","max-snippet":"max-snippet:-1","max-image-preview":"max-image-preview:large","max-video-preview":"max-video-preview:-1"},"canonical":"https:\/\/www.barracart.com\/de\/dienstleistungen\/","og_locale":"de_DE","og_type":"article","og_title":"Wohnungen mit dienstleistungen ohne kontakt am Valencia Strand.","og_description":"Wohnungen mit dienstleistungen ohne kontakt am Valencia Strand.Zimmerreinigung, Gep\u00e4ckaufbewahrung, Fahrr\u00e4der, Flughafentransfer, 24\/7 Kundenbetreuung.","og_url":"https:\/\/www.barracart.com\/de\/dienstleistungen\/","og_site_name":"Barracart: Premium beach apartments Valencia","article_modified_time":"2022-01-30T18:41:27+00:00","og_image":[{"url":"https:\/\/www.barracart.com\/wp-content\/uploads\/libreria.png","type":"","width":"","height":""}],"twitter_card":"summary_large_image","schema":{"@context":"https:\/\/schema.org","@graph":[{"@type":"WebPage","@id":"https:\/\/www.barracart.com\/de\/dienstleistungen\/","url":"https:\/\/www.barracart.com\/de\/dienstleistungen\/","name":"Wohnungen mit dienstleistungen ohne kontakt am Valencia Strand.","isPartOf":{"@id":"https:\/\/www.barracart.com\/#website"},"datePublished":"2018-01-11T08:29:15+00:00","dateModified":"2022-01-30T18:41:27+00:00","description":"Wohnungen mit dienstleistungen ohne kontakt am Valencia Strand.Zimmerreinigung, Gep\u00e4ckaufbewahrung, Fahrr\u00e4der, Flughafentransfer, 24\/7 Kundenbetreuung.","breadcrumb":{"@id":"https:\/\/www.barracart.com\/de\/dienstleistungen\/#breadcrumb"},"inLanguage":"de","potentialAction":[{"@type":"ReadAction","target":["https:\/\/www.barracart.com\/de\/dienstleistungen\/"]}]},{"@type":"BreadcrumbList","@id":"https:\/\/www.barracart.com\/de\/dienstleistungen\/#breadcrumb","itemListElement":[{"@type":"ListItem","position":1,"name":"Home","item":"https:\/\/www.barracart.com\/de\/"},{"@type":"ListItem","position":2,"name":"Dienstleistungen"}]},{"@type":"WebSite","@id":"https:\/\/www.barracart.com\/#website","url":"https:\/\/www.barracart.com\/","name":"Barracart: Premium beach apartments Valencia","description":"Get up to 20% discount by booking on our website!","publisher":{"@id":"https:\/\/www.barracart.com\/#organization"},"potentialAction":[{"@type":"SearchAction","target":{"@type":"EntryPoint","urlTemplate":"https:\/\/www.barracart.com\/?s={search_term_string}"},"query-input":{"@type":"PropertyValueSpecification","valueRequired":true,"valueName":"search_term_string"}}],"inLanguage":"de"},{"@type":"Organization","@id":"https:\/\/www.barracart.com\/#organization","name":"Barracart: Premium beach apartments Valencia","url":"https:\/\/www.barracart.com\/","logo":{"@type":"ImageObject","inLanguage":"de","@id":"https:\/\/www.barracart.com\/#\/schema\/logo\/image\/","url":"https:\/\/www.barracart.com\/wp-content\/uploads\/cropped-Logo_pr_r.png","contentUrl":"https:\/\/www.barracart.com\/wp-content\/uploads\/cropped-Logo_pr_r.png","width":64,"height":64,"caption":"Barracart: Premium beach apartments Valencia"},"image":{"@id":"https:\/\/www.barracart.com\/#\/schema\/logo\/image\/"}}]}},"_links":{"self":[{"href":"https:\/\/www.barracart.com\/de\/wp-json\/wp\/v2\/pages\/5293","targetHints":{"allow":["GET"]}}],"collection":[{"href":"https:\/\/www.barracart.com\/de\/wp-json\/wp\/v2\/pages"}],"about":[{"href":"https:\/\/www.barracart.com\/de\/wp-json\/wp\/v2\/types\/page"}],"author":[{"embeddable":true,"href":"https:\/\/www.barracart.com\/de\/wp-json\/wp\/v2\/users\/103"}],"replies":[{"embeddable":true,"href":"https:\/\/www.barracart.com\/de\/wp-json\/wp\/v2\/comments?post=5293"}],"version-history":[{"count":9,"href":"https:\/\/www.barracart.com\/de\/wp-json\/wp\/v2\/pages\/5293\/revisions"}],"predecessor-version":[{"id":10115,"href":"https:\/\/www.barracart.com\/de\/wp-json\/wp\/v2\/pages\/5293\/revisions\/10115"}],"wp:attachment":[{"href":"https:\/\/www.barracart.com\/de\/wp-json\/wp\/v2\/media?parent=5293"}],"curies":[{"name":"wp","href":"https:\/\/api.w.org\/{rel}","templated":true}]}}