{"id":9817,"date":"2021-05-06T01:35:39","date_gmt":"2021-05-05T23:35:39","guid":{"rendered":"https:\/\/www.barracart.com\/?page_id=9817"},"modified":"2025-06-14T23:52:42","modified_gmt":"2025-06-14T21:52:42","slug":"workation","status":"publish","type":"page","link":"https:\/\/www.barracart.com\/de\/workation\/","title":{"rendered":"WORKATION, your new way of travelling"},"content":{"rendered":"<div class=\"box-content\">\n<div class=\"box-text margin-botom-puntual\">\n<div class=\"col-1-2 separa-line-center\">\n<p>The pandemic has changed our lives, but not everything is negative. The expansion of teleworking is here to stay and makes it possible for us to travel in a new way with it\u2019s own name, which is &#8222;workation&#8220;. Who can resist the excitement of these long trips when although you cannot forget about your obligations, but you do have the opportunity to enjoy the place, the sea, the good weather, the gastronomy, the local culture, or your favourite sport? Can you imagine starting work with a nice walk on the beach, or perhaps with a refreshing swim in the sea? This is workation!<\/p>\n<\/p><\/div>\n<div class=\"col-1-2\">\n<p>You can work in the apartments, with their excellent Wi-Fi connection and large tables, but the perfect solution could be to have another space for work. For this, our recommendation is the coolest coworking site in Valencia, Vortex Playa, just a few steps from Barracart. Vortex Coworking is much more than a beautiful and professional workspace with excellent services, it is a true community that helps you integrate into local life. An authentic experience of &#8222;coliving &#8211; coworking&#8220; in the two most sought-after sites in Valencia, on the Beach and in the Centre.<\/p>\n<\/p><\/div>\n<div class=\"clearfix\"><\/div>\n<\/p><\/div>\n<ul class=\"slider-home-new margin-botom-puntual owl-carousel\">\n<li>\n\t\t\t<a><br \/>\n\t\t\t\t<img decoding=\"async\" src=\"\/wp-content\/uploads\/Vortex-1.jpg\" alt=\"\"\/><br \/>\n\t\t\t<\/a>\n\t\t<\/li>\n<li>\n\t\t\t<a><br \/>\n\t\t\t\t<img decoding=\"async\" src=\"\/wp-content\/uploads\/Vortex-2.jpg\" alt=\"\"\/><br \/>\n\t\t\t<\/a>\n\t\t<\/li>\n<li>\n\t\t\t<a><br \/>\n\t\t\t\t<img decoding=\"async\" src=\"\/wp-content\/uploads\/Vortex-3.jpg\" alt=\"\"\/><br \/>\n\t\t\t<\/a>\n\t\t<\/li>\n<li>\n\t\t\t<a><br \/>\n\t\t\t\t<img decoding=\"async\" src=\"\/wp-content\/uploads\/Vortex-4.jpg\" alt=\"\"\/><br \/>\n\t\t\t<\/a>\n\t\t<\/li>\n<li>\n\t\t\t<a><br \/>\n\t\t\t\t<img decoding=\"async\" src=\"\/wp-content\/uploads\/Vortex-5.jpg\" alt=\"\"\/><br \/>\n\t\t\t<\/a>\n\t\t<\/li>\n<li>\n\t\t\t<a><br \/>\n\t\t\t\t<img decoding=\"async\" src=\"\/wp-content\/uploads\/Vortex-6.jpg\" alt=\"\"\/><br \/>\n\t\t\t<\/a>\n\t\t<\/li>\n<\/ul>\n<div class=\"box-text margin-botom-puntual sin-before\">\n<p>With two centres in Valencia, you will always have the ideal place. The facilities include a dining room\/kitchen, terrace, soundproof booth for calls, and bike parking. The <strong><a href=\"https:\/\/vortexcoworking.es\/en\/\" target=\"_blank\" rel=\"noopener noreferrer\">Vortex Coworking<\/a><\/strong> offer accommodates all types of needs: fixed desks, hotdesks, private offices, meeting rooms or event areas. The rates are monthly, weekly or daily, and you can access during office hours or 24\/7. If you cannot find your rate, they will be delighted to provide a personalised proposal.<\/p>\n<\/p><\/div>\n<div class=\"box-text margin-botom-puntual sin-before\">\n<p>F\u00fcr l\u00e4ngere Aufenthalte empfehlen wir unseren \u201eLONG\u201c-Tarif. Bei einer Mindestbuchung von drei Wochen oder mehr erhalten Sie je nach Datum einen erheblichen Rabatt. Sollten f\u00fcr Ihren Wunschtermin online keine Zimmer verf\u00fcgbar sein, kontaktieren Sie uns gerne, um die M\u00f6glichkeiten zu pr\u00fcfen!<br \/>\n\t\tFragen Sie nach unseren neuen Apartments, die wir exklusiv f\u00fcr die Saisonmiete anbieten! Sie sind gr\u00f6\u00dfer und verf\u00fcgen \u00fcber einen Arbeitsbereich f\u00fcr l\u00e4ngere Aufenthalte. Verbrauchsmaterial und Reinigung sind inklusive.<\/p>\n<\/p><\/div>\n<\/div>\n","protected":false},"excerpt":{"rendered":"<p>The pandemic has changed our lives, but not everything is negative. The expansion of teleworking is here to stay and makes it possible for us to travel in a new way with it\u2019s own name, which is &#8222;workation&#8220;. Who can resist the excitement of these long trips when although you cannot forget about your obligations, [&hellip;]<\/p>\n","protected":false},"author":103,"featured_media":0,"parent":0,"menu_order":0,"comment_status":"closed","ping_status":"closed","template":"","meta":{"footnotes":""},"class_list":["post-9817","page","type-page","status-publish","hentry"],"yoast_head":"<!-- This site is optimized with the Yoast SEO plugin v24.9 - https:\/\/yoast.com\/wordpress\/plugins\/seo\/ -->\n<title>Workation, a new way of travelling by coliving - coworking.<\/title>\n<meta name=\"robots\" content=\"index, follow, max-snippet:-1, max-image-preview:large, max-video-preview:-1\" \/>\n<link rel=\"canonical\" href=\"https:\/\/www.barracart.com\/de\/workation\/\" \/>\n<meta property=\"og:locale\" content=\"de_DE\" \/>\n<meta property=\"og:type\" content=\"article\" \/>\n<meta property=\"og:title\" content=\"Workation, a new way of travelling by coliving - coworking.\" \/>\n<meta property=\"og:description\" content=\"The pandemic has changed our lives, but not everything is negative. The expansion of teleworking is here to stay and makes it possible for us to travel in a new way with it\u2019s own name, which is &#8222;workation&#8220;. Who can resist the excitement of these long trips when although you cannot forget about your obligations, [&hellip;]\" \/>\n<meta property=\"og:url\" content=\"https:\/\/www.barracart.com\/de\/workation\/\" \/>\n<meta property=\"og:site_name\" content=\"Barracart: Premium beach apartments Valencia\" \/>\n<meta property=\"article:modified_time\" content=\"2025-06-14T21:52:42+00:00\" \/>\n<meta name=\"twitter:card\" content=\"summary_large_image\" \/>\n<meta name=\"twitter:label1\" content=\"Gesch\u00e4tzte Lesezeit\" \/>\n\t<meta name=\"twitter:data1\" content=\"3\u00a0Minuten\" \/>\n<script type=\"application\/ld+json\" class=\"yoast-schema-graph\">{\"@context\":\"https:\/\/schema.org\",\"@graph\":[{\"@type\":\"WebPage\",\"@id\":\"https:\/\/www.barracart.com\/de\/workation\/\",\"url\":\"https:\/\/www.barracart.com\/de\/workation\/\",\"name\":\"Workation, a new way of travelling by coliving - coworking.\",\"isPartOf\":{\"@id\":\"https:\/\/www.barracart.com\/#website\"},\"datePublished\":\"2021-05-05T23:35:39+00:00\",\"dateModified\":\"2025-06-14T21:52:42+00:00\",\"breadcrumb\":{\"@id\":\"https:\/\/www.barracart.com\/de\/workation\/#breadcrumb\"},\"inLanguage\":\"de\",\"potentialAction\":[{\"@type\":\"ReadAction\",\"target\":[\"https:\/\/www.barracart.com\/de\/workation\/\"]}]},{\"@type\":\"BreadcrumbList\",\"@id\":\"https:\/\/www.barracart.com\/de\/workation\/#breadcrumb\",\"itemListElement\":[{\"@type\":\"ListItem\",\"position\":1,\"name\":\"Home\",\"item\":\"https:\/\/www.barracart.com\/de\/\"},{\"@type\":\"ListItem\",\"position\":2,\"name\":\"WORKATION, your new way of travelling\"}]},{\"@type\":\"WebSite\",\"@id\":\"https:\/\/www.barracart.com\/#website\",\"url\":\"https:\/\/www.barracart.com\/\",\"name\":\"Barracart: Premium beach apartments Valencia\",\"description\":\"Get up to 20% discount by booking on our website!\",\"publisher\":{\"@id\":\"https:\/\/www.barracart.com\/#organization\"},\"potentialAction\":[{\"@type\":\"SearchAction\",\"target\":{\"@type\":\"EntryPoint\",\"urlTemplate\":\"https:\/\/www.barracart.com\/?s={search_term_string}\"},\"query-input\":{\"@type\":\"PropertyValueSpecification\",\"valueRequired\":true,\"valueName\":\"search_term_string\"}}],\"inLanguage\":\"de\"},{\"@type\":\"Organization\",\"@id\":\"https:\/\/www.barracart.com\/#organization\",\"name\":\"Barracart: Premium beach apartments Valencia\",\"url\":\"https:\/\/www.barracart.com\/\",\"logo\":{\"@type\":\"ImageObject\",\"inLanguage\":\"de\",\"@id\":\"https:\/\/www.barracart.com\/#\/schema\/logo\/image\/\",\"url\":\"https:\/\/www.barracart.com\/wp-content\/uploads\/cropped-Logo_pr_r.png\",\"contentUrl\":\"https:\/\/www.barracart.com\/wp-content\/uploads\/cropped-Logo_pr_r.png\",\"width\":64,\"height\":64,\"caption\":\"Barracart: Premium beach apartments Valencia\"},\"image\":{\"@id\":\"https:\/\/www.barracart.com\/#\/schema\/logo\/image\/\"}}]}<\/script>\n<!-- \/ Yoast SEO plugin. -->","yoast_head_json":{"title":"Workation, a new way of travelling by coliving - coworking.","robots":{"index":"index","follow":"follow","max-snippet":"max-snippet:-1","max-image-preview":"max-image-preview:large","max-video-preview":"max-video-preview:-1"},"canonical":"https:\/\/www.barracart.com\/de\/workation\/","og_locale":"de_DE","og_type":"article","og_title":"Workation, a new way of travelling by coliving - coworking.","og_description":"The pandemic has changed our lives, but not everything is negative. The expansion of teleworking is here to stay and makes it possible for us to travel in a new way with it\u2019s own name, which is &#8222;workation&#8220;. Who can resist the excitement of these long trips when although you cannot forget about your obligations, [&hellip;]","og_url":"https:\/\/www.barracart.com\/de\/workation\/","og_site_name":"Barracart: Premium beach apartments Valencia","article_modified_time":"2025-06-14T21:52:42+00:00","twitter_card":"summary_large_image","twitter_misc":{"Gesch\u00e4tzte Lesezeit":"3\u00a0Minuten"},"schema":{"@context":"https:\/\/schema.org","@graph":[{"@type":"WebPage","@id":"https:\/\/www.barracart.com\/de\/workation\/","url":"https:\/\/www.barracart.com\/de\/workation\/","name":"Workation, a new way of travelling by coliving - coworking.","isPartOf":{"@id":"https:\/\/www.barracart.com\/#website"},"datePublished":"2021-05-05T23:35:39+00:00","dateModified":"2025-06-14T21:52:42+00:00","breadcrumb":{"@id":"https:\/\/www.barracart.com\/de\/workation\/#breadcrumb"},"inLanguage":"de","potentialAction":[{"@type":"ReadAction","target":["https:\/\/www.barracart.com\/de\/workation\/"]}]},{"@type":"BreadcrumbList","@id":"https:\/\/www.barracart.com\/de\/workation\/#breadcrumb","itemListElement":[{"@type":"ListItem","position":1,"name":"Home","item":"https:\/\/www.barracart.com\/de\/"},{"@type":"ListItem","position":2,"name":"WORKATION, your new way of travelling"}]},{"@type":"WebSite","@id":"https:\/\/www.barracart.com\/#website","url":"https:\/\/www.barracart.com\/","name":"Barracart: Premium beach apartments Valencia","description":"Get up to 20% discount by booking on our website!","publisher":{"@id":"https:\/\/www.barracart.com\/#organization"},"potentialAction":[{"@type":"SearchAction","target":{"@type":"EntryPoint","urlTemplate":"https:\/\/www.barracart.com\/?s={search_term_string}"},"query-input":{"@type":"PropertyValueSpecification","valueRequired":true,"valueName":"search_term_string"}}],"inLanguage":"de"},{"@type":"Organization","@id":"https:\/\/www.barracart.com\/#organization","name":"Barracart: Premium beach apartments Valencia","url":"https:\/\/www.barracart.com\/","logo":{"@type":"ImageObject","inLanguage":"de","@id":"https:\/\/www.barracart.com\/#\/schema\/logo\/image\/","url":"https:\/\/www.barracart.com\/wp-content\/uploads\/cropped-Logo_pr_r.png","contentUrl":"https:\/\/www.barracart.com\/wp-content\/uploads\/cropped-Logo_pr_r.png","width":64,"height":64,"caption":"Barracart: Premium beach apartments Valencia"},"image":{"@id":"https:\/\/www.barracart.com\/#\/schema\/logo\/image\/"}}]}},"_links":{"self":[{"href":"https:\/\/www.barracart.com\/de\/wp-json\/wp\/v2\/pages\/9817","targetHints":{"allow":["GET"]}}],"collection":[{"href":"https:\/\/www.barracart.com\/de\/wp-json\/wp\/v2\/pages"}],"about":[{"href":"https:\/\/www.barracart.com\/de\/wp-json\/wp\/v2\/types\/page"}],"author":[{"embeddable":true,"href":"https:\/\/www.barracart.com\/de\/wp-json\/wp\/v2\/users\/103"}],"replies":[{"embeddable":true,"href":"https:\/\/www.barracart.com\/de\/wp-json\/wp\/v2\/comments?post=9817"}],"version-history":[{"count":4,"href":"https:\/\/www.barracart.com\/de\/wp-json\/wp\/v2\/pages\/9817\/revisions"}],"predecessor-version":[{"id":11805,"href":"https:\/\/www.barracart.com\/de\/wp-json\/wp\/v2\/pages\/9817\/revisions\/11805"}],"wp:attachment":[{"href":"https:\/\/www.barracart.com\/de\/wp-json\/wp\/v2\/media?parent=9817"}],"curies":[{"name":"wp","href":"https:\/\/api.w.org\/{rel}","templated":true}]}}