{"id":15,"date":"2018-01-05T11:42:07","date_gmt":"2018-01-05T11:42:07","guid":{"rendered":"http:\/\/www.barracart.com\/reservations-conditions\/"},"modified":"2025-01-13T22:53:35","modified_gmt":"2025-01-13T21:53:35","slug":"condiciones-de-reserva","status":"publish","type":"page","link":"https:\/\/www.barracart.com\/es\/condiciones-de-reserva\/","title":{"rendered":"Condiciones generales de reserva"},"content":{"rendered":"<div class=\"bloque-legal-page\">\n<h3>GARANT\u00cdA Y PAGO<\/h3>\n<p><\/p>\n<p class=\"parraf-legal\">Para confirmar su reserva, se requerir\u00e1 un pago por adelantado de su estancia, de acuerdo con los t\u00e9rminos de su reserva. Como regla general, todos los pagos deben realizarse en l\u00ednea utilizando una tarjeta bancaria (d\u00e9bito o cr\u00e9dito), para lo cual le proporcionamos un enlace de pago por correo electr\u00f3nico. Para confirmar su reserva se debe pagar el 100% del valor de la reserva hasta 30 d\u00edas antes del check-in, o al momento de la reserva en caso de la tarifa no reembolsable, sea en concepto de pago o gasto de cancelaci\u00f3n. No se aceptan pagos en efectivo, y no aceptamos datos de tarjetas para realizar cargos. La factura se emitir\u00e1 el d\u00eda de salida, a petici\u00f3n enviamos copia. El hu\u00e9sped es responsable del prepago online de la reserva, de los servicios adicionales, o de cubrir los gastos de cancelaci\u00f3n o da\u00f1os. Pueden existir diferentes modalidades y t\u00e9rminos de pago que en cuyo caso se especificar\u00e1n antes de realizar la reserva.<br \/>\nEl pago debe completarse por adelantado de acuerdo con los t\u00e9rminos de cancelaci\u00f3n de su reserva, en caso contrario la reserva ser\u00e1 cancelada. Se enviar\u00e1 un recordatorio por correo electr\u00f3nico antes de proceder con la cancelaci\u00f3n por falta de confirmaci\u00f3n. En caso de que necesite cancelar despu\u00e9s del pago pero a\u00fan dentro del per\u00edodo de cancelaci\u00f3n gratuita de su tarifa, reembolsaremos el importe pagado. Para cancelaciones realizadas despu\u00e9s del per\u00edodo de cancelaci\u00f3n gratuita, p\u00f3ngase en contacto con nosotros.<br \/>\nLas reservas en grupo (3 apartamentos o m\u00e1s) son sujetas a un dep\u00f3sito de 30%, pagadero al realizar la reserva, igual que cualquier reserva a partir de dos semanas de duraci\u00f3n, o reservas en la temporada de verano (junio-agosto), como garant\u00eda de reserva. Estos dep\u00f3sitos son reembolsables si la reserva se cancela hasta tres meses antes del check-in, despu\u00e9s de este plazo no ser\u00e1n reembolsados. En caso de cancelaciones realizadas hasta dos meses antes del check-in, proporcionamos una tarjeta de regalo por el importe del dep\u00f3sito para una futura reserva.<\/p>\n<h3>HU\u00c9SPED<\/h3>\n<p><\/p>\n<p class=\"parraf-legal\">La persona que hace la reserva debe ser mayor de edad y se responsabiliza de la veracidad de los datos introducidos. El nombre del hu\u00e9sped que figure en la reserva deber\u00e1 coincidir con el nombre del titular de la tarjeta de cr\u00e9dito utilizada para hacer el pago de la misma. (Excepto agencias.) El hu\u00e9sped es responsable del pago en l\u00ednea de la reserva, de los servicios extras, o de cubrir gastos de cancelaci\u00f3n o da\u00f1os.<\/p>\n<h3>PROTECCI\u00d3N DE DATOS<\/h3>\n<p><\/p>\n<p class=\"parraf-legal\">Los datos introducidos se almacenan en un servidor seguro y garantizamos que \u00fanicamente ser\u00e1n utilizados para el fin que hayan sido facilitados, conforme a la legislaci\u00f3n vigente.<\/p>\n<h3>CANCELACI\u00d3N<\/h3>\n<p><\/p>\n<p class=\"parraf-legal\">Como regla general la cancelaci\u00f3n es gratuita si se efect\u00faa con 30 d\u00edas de antelaci\u00f3n al check-in. Fuera de este plazo el coste de cancelaci\u00f3n ser\u00e1 el 100% del valor de la reserva. Cualquier modificaci\u00f3n o cancelaci\u00f3n efectuada fuera del plazo gratuito de cancelaci\u00f3n, o el caso de no-show, supondr\u00e1 un coste del importe total de la reserva. Pueden existir tarifas con diferentes t\u00e9rminos de cancelaci\u00f3n, ofertas especiales, o tarifas no reembolsables que no admiten cancelaciones que se indicar\u00e1n expresamente antes de realizar la reserva. En caso de cualquier necesidad de cancelaci\u00f3n despu\u00e9s del per\u00edodo de cancelaci\u00f3n gratuita, cont\u00e1ctenos. En caso de que las fechas canceladas queden nuevamente reservadas, proporcionamos una Tarjeta de Regalo por el importe total o parcial \u2013 dependiendo del n\u00famero de d\u00edas reservados &#8211; para una futura reserva.<\/p>\n<h3>MODIFICACIONES<\/h3>\n<p><\/p>\n<p class=\"parraf-legal\">Nos reservamos el derecho a cambiar el apartamento contratado por uno de similares caracter\u00edsticas o un superior, en casos excepcionales y justificados. Estos cambios no tendr\u00e1n ning\u00fan coste para el cliente.<\/p>\n<h3>OCUPACI\u00d3N<\/h3>\n<p><\/p>\n<p class=\"parraf-legal\">El n\u00famero m\u00e1ximo de personas admitidas est\u00e1 definido en la descripci\u00f3n de la tarifa contratada, y las condiciones de su reserva. La tarifa base es para una ocupaci\u00f3n de dos personas, en cama doble. Cualquier ocupaci\u00f3n adicional, donde est\u00e9 permitido, ser\u00e1 para ni\u00f1os hasta 9 a\u00f1os de edad en cama supletoria, sujeta a una tarifa espec\u00edfica o un suplemento por persona extra. Los beb\u00e9s, donde est\u00e9 permitido, ser\u00e1n admitidos sujetos a un pago \u00fanico por el que proporcionamos un Kit para beb\u00e9, para una estancia confortable. Toda ocupaci\u00f3n adicional est\u00e1 sujeta a admisi\u00f3n y suplemento, independientemente del uso del baby kit, de cama supletoria o la cama existente. Por razones de seguridad, no se permiten visitas a los apartamentos ni su uso por parte de invitados no registrados. El alojamiento es intransferible.<\/p>\n<h3>PERIODO DE OCUPACI\u00d3N<\/h3>\n<p><\/p>\n<p class=\"parraf-legal\">Los hu\u00e9spedes tienen derecho a ocupar el alojamiento desde las 16 horas del primer d\u00eda del periodo contratado hasta las 11 horas del d\u00eda de salida. Por acuerdo entre las partes, puede acordarse un r\u00e9gimen diferente de ocupaci\u00f3n de los apartamentos. La prolongaci\u00f3n unilateral en la ocupaci\u00f3n por tiempo superior a lo contratado ocasionar\u00e1 el deber de abonar una jornada m\u00e1s. En el supuesto de una permanencia durante m\u00e1s jornadas de las contratadas, siempre deber\u00e1 existir acuerdo entre las partes.<\/p>\n<h3>CHECK-IN<\/h3>\n<p><\/p>\n<p class=\"parraf-legal\">Las personas que deseen hacer uso del alojamiento y sus servicios, deber\u00e1n registrar los datos de sus documentos de identificaci\u00f3n al objeto de su admisi\u00f3n e inscripci\u00f3n en el registro del establecimiento. No hay Recepci\u00f3n, el check-in se realizar\u00e1 de forma telem\u00e1tica (auto-checkin), para un acceso independiente al apartamento, por medio de un c\u00f3digo personalizado. El check-in se podr\u00e1 realizar exclusivamente en l\u00ednea, antes de la llegada, para lo cual proporcionamos un enlace web seguro. La informaci\u00f3n de acceso ser\u00e1 enviada por correo electr\u00f3nico al hu\u00e9sped.<\/p>\n<h3>DEP\u00d3SITO POR DESPERFECTOS<\/h3>\n<p><\/p>\n<p class=\"parraf-legal\">Se podr\u00e1 solicitar un dep\u00f3sito o fianza de 300 Eur que se devolver\u00e1 al check-out, siempre y cuando no haya ning\u00fan desperfecto o da\u00f1o. Apartamentos Barracart se reserva el derecho, ante cualquier tipo de desperfecto, deterioro o hurto ocasionado en el apartamento o cualquier otra instalaci\u00f3n, por parte del hu\u00e9sped, a reclamar de \u00e9ste la indemnizaci\u00f3n correspondiente. En caso de fumar en el apartamento, lo que est\u00e1 expresamente prohibido, la indemnizaci\u00f3n requerida ser\u00e1 equivalente a dos noches de estancia por desodorizaci\u00f3n.<\/p>\n<h3>USO DE INSTALACIONES Y EQUIPOS<\/h3>\n<p><\/p>\n<p class=\"parraf-legal\">Nuestras instalaciones y equipos est\u00e1n en perfectas condiciones para el servicio, su uso se realizar\u00e1 bajo la exclusiva responsabilidad del hu\u00e9sped. Las instrucciones para el uso de los electrodom\u00e9sticos est\u00e1n disponibles en diferentes idiomas. Apartamentos Barracart no se hace responsable de reclamaciones por da\u00f1os corporales o materiales ocasionados a Ud. mismo durante el uso de nuestros equipos o instalaciones, y declina toda responsabilidad por cualquier da\u00f1o causado a terceros. Al objeto de garantizar la seguridad, intimidad y tranquilidad de los hu\u00e9spedes, este establecimiento dispone de dispositivos t\u00e9cnicos de vigilancia electr\u00f3nica, con elementos de grabaci\u00f3n permanente, en pasillos y dem\u00e1s zonas comunes. La Gerencia declina toda responsabilidad por la p\u00e9rdida de dinero, documentos u otros valores de cualquier clase conservados en los apartamentos o en el edificio, as\u00ed como por cualquier da\u00f1o causado por hu\u00e9spedes a terceros.<br \/>\nPor falta de espacio en Barracart no se permite el almacenaje de bicicletas y otros veh\u00edculos, pero en nuestro alrededor hay amplia oferta de alquiler de bicicletas, y en nuestra calle hay plataformas de bici ancladas donde poder atar las bicicletas.\n<\/p>\n<\/div>\n","protected":false},"excerpt":{"rendered":"<p>GARANT\u00cdA Y PAGO Para confirmar su reserva, se requerir\u00e1 un pago por adelantado de su estancia, de acuerdo con los t\u00e9rminos de su reserva. Como regla general, todos los pagos deben realizarse en l\u00ednea utilizando una tarjeta bancaria (d\u00e9bito o cr\u00e9dito), para lo cual le proporcionamos un enlace de pago por correo electr\u00f3nico. Para confirmar [&hellip;]<\/p>\n","protected":false},"author":103,"featured_media":0,"parent":0,"menu_order":0,"comment_status":"closed","ping_status":"closed","template":"","meta":{"footnotes":""},"class_list":["post-15","page","type-page","status-publish","hentry"],"yoast_head":"<!-- This site is optimized with the Yoast SEO plugin v24.9 - https:\/\/yoast.com\/wordpress\/plugins\/seo\/ -->\n<title>Condiciones generales de reserva - Barracart: Apartamentos premium en Valencia Playa<\/title>\n<meta name=\"robots\" content=\"index, follow, max-snippet:-1, max-image-preview:large, max-video-preview:-1\" \/>\n<link rel=\"canonical\" href=\"https:\/\/www.barracart.com\/es\/condiciones-de-reserva\/\" \/>\n<meta property=\"og:locale\" content=\"es_ES\" \/>\n<meta property=\"og:type\" content=\"article\" \/>\n<meta property=\"og:title\" content=\"Condiciones generales de reserva - Barracart: Apartamentos premium en Valencia Playa\" \/>\n<meta property=\"og:description\" content=\"GARANT\u00cdA Y PAGO Para confirmar su reserva, se requerir\u00e1 un pago por adelantado de su estancia, de acuerdo con los t\u00e9rminos de su reserva. Como regla general, todos los pagos deben realizarse en l\u00ednea utilizando una tarjeta bancaria (d\u00e9bito o cr\u00e9dito), para lo cual le proporcionamos un enlace de pago por correo electr\u00f3nico. Para confirmar [&hellip;]\" \/>\n<meta property=\"og:url\" content=\"https:\/\/www.barracart.com\/es\/condiciones-de-reserva\/\" \/>\n<meta property=\"og:site_name\" content=\"Barracart: Apartamentos premium en Valencia Playa\" \/>\n<meta property=\"article:modified_time\" content=\"2025-01-13T21:53:35+00:00\" \/>\n<meta name=\"twitter:card\" content=\"summary_large_image\" \/>\n<meta name=\"twitter:label1\" content=\"Tiempo de lectura\" \/>\n\t<meta name=\"twitter:data1\" content=\"6 minutos\" \/>\n<script type=\"application\/ld+json\" class=\"yoast-schema-graph\">{\"@context\":\"https:\/\/schema.org\",\"@graph\":[{\"@type\":\"WebPage\",\"@id\":\"https:\/\/www.barracart.com\/es\/condiciones-de-reserva\/\",\"url\":\"https:\/\/www.barracart.com\/es\/condiciones-de-reserva\/\",\"name\":\"Condiciones generales de reserva - Barracart: Apartamentos premium en Valencia Playa\",\"isPartOf\":{\"@id\":\"https:\/\/www.barracart.com\/#website\"},\"datePublished\":\"2018-01-05T11:42:07+00:00\",\"dateModified\":\"2025-01-13T21:53:35+00:00\",\"breadcrumb\":{\"@id\":\"https:\/\/www.barracart.com\/es\/condiciones-de-reserva\/#breadcrumb\"},\"inLanguage\":\"es\",\"potentialAction\":[{\"@type\":\"ReadAction\",\"target\":[\"https:\/\/www.barracart.com\/es\/condiciones-de-reserva\/\"]}]},{\"@type\":\"BreadcrumbList\",\"@id\":\"https:\/\/www.barracart.com\/es\/condiciones-de-reserva\/#breadcrumb\",\"itemListElement\":[{\"@type\":\"ListItem\",\"position\":1,\"name\":\"Home\",\"item\":\"https:\/\/www.barracart.com\/es\/\"},{\"@type\":\"ListItem\",\"position\":2,\"name\":\"Condiciones generales de reserva\"}]},{\"@type\":\"WebSite\",\"@id\":\"https:\/\/www.barracart.com\/#website\",\"url\":\"https:\/\/www.barracart.com\/\",\"name\":\"Barracart: Apartamentos premium en Valencia Playa\",\"description\":\"Hasta 20% de descuento reservando en nuestra web!\",\"publisher\":{\"@id\":\"https:\/\/www.barracart.com\/#organization\"},\"potentialAction\":[{\"@type\":\"SearchAction\",\"target\":{\"@type\":\"EntryPoint\",\"urlTemplate\":\"https:\/\/www.barracart.com\/?s={search_term_string}\"},\"query-input\":{\"@type\":\"PropertyValueSpecification\",\"valueRequired\":true,\"valueName\":\"search_term_string\"}}],\"inLanguage\":\"es\"},{\"@type\":\"Organization\",\"@id\":\"https:\/\/www.barracart.com\/#organization\",\"name\":\"Barracart: Apartamentos premium en Valencia Playa\",\"url\":\"https:\/\/www.barracart.com\/\",\"logo\":{\"@type\":\"ImageObject\",\"inLanguage\":\"es\",\"@id\":\"https:\/\/www.barracart.com\/#\/schema\/logo\/image\/\",\"url\":\"https:\/\/www.barracart.com\/wp-content\/uploads\/cropped-Logo_pr_r.png\",\"contentUrl\":\"https:\/\/www.barracart.com\/wp-content\/uploads\/cropped-Logo_pr_r.png\",\"width\":64,\"height\":64,\"caption\":\"Barracart: Apartamentos premium en Valencia Playa\"},\"image\":{\"@id\":\"https:\/\/www.barracart.com\/#\/schema\/logo\/image\/\"}}]}<\/script>\n<!-- \/ Yoast SEO plugin. -->","yoast_head_json":{"title":"Condiciones generales de reserva - Barracart: Apartamentos premium en Valencia Playa","robots":{"index":"index","follow":"follow","max-snippet":"max-snippet:-1","max-image-preview":"max-image-preview:large","max-video-preview":"max-video-preview:-1"},"canonical":"https:\/\/www.barracart.com\/es\/condiciones-de-reserva\/","og_locale":"es_ES","og_type":"article","og_title":"Condiciones generales de reserva - Barracart: Apartamentos premium en Valencia Playa","og_description":"GARANT\u00cdA Y PAGO Para confirmar su reserva, se requerir\u00e1 un pago por adelantado de su estancia, de acuerdo con los t\u00e9rminos de su reserva. Como regla general, todos los pagos deben realizarse en l\u00ednea utilizando una tarjeta bancaria (d\u00e9bito o cr\u00e9dito), para lo cual le proporcionamos un enlace de pago por correo electr\u00f3nico. Para confirmar [&hellip;]","og_url":"https:\/\/www.barracart.com\/es\/condiciones-de-reserva\/","og_site_name":"Barracart: Apartamentos premium en Valencia Playa","article_modified_time":"2025-01-13T21:53:35+00:00","twitter_card":"summary_large_image","twitter_misc":{"Tiempo de lectura":"6 minutos"},"schema":{"@context":"https:\/\/schema.org","@graph":[{"@type":"WebPage","@id":"https:\/\/www.barracart.com\/es\/condiciones-de-reserva\/","url":"https:\/\/www.barracart.com\/es\/condiciones-de-reserva\/","name":"Condiciones generales de reserva - Barracart: Apartamentos premium en Valencia Playa","isPartOf":{"@id":"https:\/\/www.barracart.com\/#website"},"datePublished":"2018-01-05T11:42:07+00:00","dateModified":"2025-01-13T21:53:35+00:00","breadcrumb":{"@id":"https:\/\/www.barracart.com\/es\/condiciones-de-reserva\/#breadcrumb"},"inLanguage":"es","potentialAction":[{"@type":"ReadAction","target":["https:\/\/www.barracart.com\/es\/condiciones-de-reserva\/"]}]},{"@type":"BreadcrumbList","@id":"https:\/\/www.barracart.com\/es\/condiciones-de-reserva\/#breadcrumb","itemListElement":[{"@type":"ListItem","position":1,"name":"Home","item":"https:\/\/www.barracart.com\/es\/"},{"@type":"ListItem","position":2,"name":"Condiciones generales de reserva"}]},{"@type":"WebSite","@id":"https:\/\/www.barracart.com\/#website","url":"https:\/\/www.barracart.com\/","name":"Barracart: Apartamentos premium en Valencia Playa","description":"Hasta 20% de descuento reservando en nuestra web!","publisher":{"@id":"https:\/\/www.barracart.com\/#organization"},"potentialAction":[{"@type":"SearchAction","target":{"@type":"EntryPoint","urlTemplate":"https:\/\/www.barracart.com\/?s={search_term_string}"},"query-input":{"@type":"PropertyValueSpecification","valueRequired":true,"valueName":"search_term_string"}}],"inLanguage":"es"},{"@type":"Organization","@id":"https:\/\/www.barracart.com\/#organization","name":"Barracart: Apartamentos premium en Valencia Playa","url":"https:\/\/www.barracart.com\/","logo":{"@type":"ImageObject","inLanguage":"es","@id":"https:\/\/www.barracart.com\/#\/schema\/logo\/image\/","url":"https:\/\/www.barracart.com\/wp-content\/uploads\/cropped-Logo_pr_r.png","contentUrl":"https:\/\/www.barracart.com\/wp-content\/uploads\/cropped-Logo_pr_r.png","width":64,"height":64,"caption":"Barracart: Apartamentos premium en Valencia Playa"},"image":{"@id":"https:\/\/www.barracart.com\/#\/schema\/logo\/image\/"}}]}},"_links":{"self":[{"href":"https:\/\/www.barracart.com\/es\/wp-json\/wp\/v2\/pages\/15","targetHints":{"allow":["GET"]}}],"collection":[{"href":"https:\/\/www.barracart.com\/es\/wp-json\/wp\/v2\/pages"}],"about":[{"href":"https:\/\/www.barracart.com\/es\/wp-json\/wp\/v2\/types\/page"}],"author":[{"embeddable":true,"href":"https:\/\/www.barracart.com\/es\/wp-json\/wp\/v2\/users\/103"}],"replies":[{"embeddable":true,"href":"https:\/\/www.barracart.com\/es\/wp-json\/wp\/v2\/comments?post=15"}],"version-history":[{"count":44,"href":"https:\/\/www.barracart.com\/es\/wp-json\/wp\/v2\/pages\/15\/revisions"}],"predecessor-version":[{"id":11189,"href":"https:\/\/www.barracart.com\/es\/wp-json\/wp\/v2\/pages\/15\/revisions\/11189"}],"wp:attachment":[{"href":"https:\/\/www.barracart.com\/es\/wp-json\/wp\/v2\/media?parent=15"}],"curies":[{"name":"wp","href":"https:\/\/api.w.org\/{rel}","templated":true}]}}