{"id":262,"date":"2018-01-11T08:29:15","date_gmt":"2018-01-11T08:29:15","guid":{"rendered":"http:\/\/www.barracart.com\/services\/"},"modified":"2022-01-30T18:48:08","modified_gmt":"2022-01-30T17:48:08","slug":"servicios","status":"publish","type":"page","link":"https:\/\/www.barracart.com\/es\/servicios\/","title":{"rendered":"Servicios"},"content":{"rendered":"<h2 class=\"subtitulo-pag-interna\">SUS APARTAMENTOS EN VALENCIA CON SERVICIOS, SIN CONTACTO<\/h2>\n<div class=\"bloques-servicios\">\n<div class=\"bloque-servicios-1 col-1-2\">\n<h2 class=\"centrado\">Cortes\u00eda<\/h2>\n<div class=\"box-servicios-1\">\n<div class=\"service\">\n<img decoding=\"async\" class=\"centrado\" src=\"\/wp-content\/uploads\/libreria.png\" alt=\"library\" \/><\/p>\n<p class=\"centrado\">LIBRER\u00cdA<\/p>\n<\/div>\n<div class=\"service\">\n<img decoding=\"async\" class=\"centrado\" src=\"\/wp-content\/uploads\/lugagge.png\" alt=\"luggage-storage\" \/><\/p>\n<p class=\"centrado\">Guarda equipajes\n<\/p>\n<\/div>\n<div class=\"service\">\n<img decoding=\"async\" class=\"centrado\" src=\"\/wp-content\/uploads\/amenities.png\" alt=\"highchair\" \/><\/p>\n<p class=\"centrado\">AMENITIES\n<\/p>\n<\/div>\n<div class=\"service\">\n<img decoding=\"async\" class=\"centrado\" src=\"\/wp-content\/uploads\/checkin.png\" alt=\"flexible-checkin\" \/><\/p>\n<p class=\"centrado\">ACCESO SIN CONTACTO\n<\/p>\n<\/div>\n<div class=\"service\">\n<img decoding=\"async\" class=\"centrado\" src=\"\/wp-content\/uploads\/limpieza.png\" alt=\"cleaning\" \/><\/p>\n<p class=\"centrado\">LIMPIEZA PERI\u00d3DICA\n<\/p>\n<\/div>\n<div class=\"service\">\n<img decoding=\"async\" class=\"centrado\" src=\"\/wp-content\/uploads\/24h.png\" alt=\"service-24h\" \/><\/p>\n<p class=\"centrado\">ATENCI\u00d3N (24\/7)\n<\/p>\n<\/div>\n<div class=\"service\">\n<img decoding=\"async\" class=\"centrado\" src=\"\/wp-content\/uploads\/wifi-1.png\" alt=\"wifi\" \/><\/p>\n<p class=\"centrado\">WIFI HOTSPOT\n<\/p>\n<\/div>\n<div class=\"service\">\n<img decoding=\"async\" class=\"centrado\" src=\"\/wp-content\/uploads\/bandeja-bienve.png\" alt=\"turism-information\" \/><\/p>\n<p class=\"centrado\">ALIMENTOS BIENVENIDA\n<\/p>\n<\/div>\n<div class=\"service\">\n<img decoding=\"async\" class=\"centrado\" src=\"\/wp-content\/uploads\/info.png\" alt=\"turism-information\" \/><\/p>\n<p class=\"centrado\">Aplicaci\u00f3n tur\u00edstica\n<\/p>\n<\/div>\n<\/div>\n<div class=\"clearfix\"><\/div>\n<\/div>\n<div class=\"bloque-servicios-2 col-1-2\">\n<h2 class=\"centrado\">Por un suplemento<\/h2>\n<div class=\"box-servicios-2\">\n<div class=\"service\">\n<img decoding=\"async\" class=\"centrado\" src=\"\/wp-content\/uploads\/breakfast1.png\" alt=\"breakfast\" \/><\/p>\n<p class=\"centrado\">Paquete de comida\n<\/p>\n<\/div>\n<div class=\"service\">\n<img decoding=\"async\" class=\"centrado\" src=\"\/wp-content\/uploads\/avion.png\" alt=\"airport-transport\" \/><\/p>\n<p class=\"centrado\">AIRPORT TRANSFER\n<\/p>\n<\/div>\n<div class=\"service\">\n<img decoding=\"async\" class=\"centrado\" src=\"\/wp-content\/uploads\/meetingroom.png\" alt=\"business-room\" \/><\/p>\n<p class=\"centrado\">SALA DE REUNIONES\n<\/p>\n<\/div>\n<div class=\"service\">\n<img decoding=\"async\" class=\"centrado\" src=\"\/wp-content\/uploads\/parking-1.png\" alt=\"parking-service\" \/><\/p>\n<p class=\"centrado\">Parking p\u00fablico\n<\/p>\n<\/div>\n<div class=\"service\">\n<img decoding=\"async\" class=\"centrado\" src=\"\/wp-content\/uploads\/bici.png\" alt=\"bicycle\" \/><\/p>\n<p class=\"centrado\">Bicicletas\n<\/p>\n<\/div>\n<div class=\"service\">\n<img decoding=\"async\" class=\"centrado\" src=\"\/wp-content\/uploads\/compra-food.png\" alt=\"shoping\" \/><\/p>\n<p class=\"centrado\">ENCARGO ALIMENTOS\n<\/p>\n<\/div>\n<div class=\"service\">\n<img decoding=\"async\" class=\"centrado\" src=\"\/wp-content\/uploads\/towels.png\" alt=\"charge-towels\" \/><\/p>\n<p class=\"centrado\">Cambio extra toallas<\/p>\n<\/div>\n<div class=\"service\">\n<img decoding=\"async\" class=\"centrado\" src=\"\/wp-content\/uploads\/bb-movil.png\" alt=\"highchair\" \/><\/p>\n<p class=\"centrado\">KIT BEB\u00c9\n<\/p>\n<\/div>\n<div class=\"service\">\n<img decoding=\"async\" class=\"centrado\" src=\"\/wp-content\/uploads\/beech.png\" alt=\"charge-linen\" \/><\/p>\n<p class=\"centrado\">KIT PLAYA\n<\/p>\n<\/div>\n<\/div>\n<div class=\"clearfix\"><\/div>\n<\/div>\n<\/div>\n","protected":false},"excerpt":{"rendered":"<p>SUS APARTAMENTOS EN VALENCIA CON SERVICIOS, SIN CONTACTO Cortes\u00eda LIBRER\u00cdA Guarda equipajes AMENITIES ACCESO SIN CONTACTO LIMPIEZA PERI\u00d3DICA ATENCI\u00d3N (24\/7) WIFI HOTSPOT ALIMENTOS BIENVENIDA Aplicaci\u00f3n tur\u00edstica Por un suplemento Paquete de comida AIRPORT TRANSFER SALA DE REUNIONES Parking p\u00fablico Bicicletas ENCARGO ALIMENTOS Cambio extra toallas KIT BEB\u00c9 KIT PLAYA<\/p>\n","protected":false},"author":103,"featured_media":0,"parent":0,"menu_order":0,"comment_status":"closed","ping_status":"closed","template":"","meta":{"footnotes":""},"class_list":["post-262","page","type-page","status-publish","hentry"],"yoast_head":"<!-- This site is optimized with the Yoast SEO plugin v24.9 - https:\/\/yoast.com\/wordpress\/plugins\/seo\/ -->\n<title>Apartamentos en Valencia Playa sin contacto con servicios<\/title>\n<meta name=\"description\" content=\"Apartamentos en Valencia sin contacto, con servicios de limpieza diaria, consigna de equipaje, bicicletas, airport transfer, atenci\u00f3n 24\/7, wifi gratuito.\" \/>\n<meta name=\"robots\" content=\"index, follow, max-snippet:-1, max-image-preview:large, max-video-preview:-1\" \/>\n<link rel=\"canonical\" href=\"https:\/\/www.barracart.com\/es\/servicios\/\" \/>\n<meta property=\"og:locale\" content=\"es_ES\" \/>\n<meta property=\"og:type\" content=\"article\" \/>\n<meta property=\"og:title\" content=\"Apartamentos en Valencia Playa sin contacto con servicios\" \/>\n<meta property=\"og:description\" content=\"Apartamentos en Valencia sin contacto, con servicios de limpieza diaria, consigna de equipaje, bicicletas, airport transfer, atenci\u00f3n 24\/7, wifi gratuito.\" \/>\n<meta property=\"og:url\" content=\"https:\/\/www.barracart.com\/es\/servicios\/\" \/>\n<meta property=\"og:site_name\" content=\"Barracart: Apartamentos premium en Valencia Playa\" \/>\n<meta property=\"article:modified_time\" content=\"2022-01-30T17:48:08+00:00\" \/>\n<meta property=\"og:image\" content=\"https:\/\/www.barracart.com\/wp-content\/uploads\/libreria.png\" \/>\n<meta name=\"twitter:card\" content=\"summary_large_image\" \/>\n<script type=\"application\/ld+json\" class=\"yoast-schema-graph\">{\"@context\":\"https:\/\/schema.org\",\"@graph\":[{\"@type\":\"WebPage\",\"@id\":\"https:\/\/www.barracart.com\/es\/servicios\/\",\"url\":\"https:\/\/www.barracart.com\/es\/servicios\/\",\"name\":\"Apartamentos en Valencia Playa sin contacto con servicios\",\"isPartOf\":{\"@id\":\"https:\/\/www.barracart.com\/#website\"},\"datePublished\":\"2018-01-11T08:29:15+00:00\",\"dateModified\":\"2022-01-30T17:48:08+00:00\",\"description\":\"Apartamentos en Valencia sin contacto, con servicios de limpieza diaria, consigna de equipaje, bicicletas, airport transfer, atenci\u00f3n 24\/7, wifi gratuito.\",\"breadcrumb\":{\"@id\":\"https:\/\/www.barracart.com\/es\/servicios\/#breadcrumb\"},\"inLanguage\":\"es\",\"potentialAction\":[{\"@type\":\"ReadAction\",\"target\":[\"https:\/\/www.barracart.com\/es\/servicios\/\"]}]},{\"@type\":\"BreadcrumbList\",\"@id\":\"https:\/\/www.barracart.com\/es\/servicios\/#breadcrumb\",\"itemListElement\":[{\"@type\":\"ListItem\",\"position\":1,\"name\":\"Home\",\"item\":\"https:\/\/www.barracart.com\/es\/\"},{\"@type\":\"ListItem\",\"position\":2,\"name\":\"Servicios\"}]},{\"@type\":\"WebSite\",\"@id\":\"https:\/\/www.barracart.com\/#website\",\"url\":\"https:\/\/www.barracart.com\/\",\"name\":\"Barracart: Apartamentos premium en Valencia Playa\",\"description\":\"Hasta 20% de descuento reservando en nuestra web!\",\"publisher\":{\"@id\":\"https:\/\/www.barracart.com\/#organization\"},\"potentialAction\":[{\"@type\":\"SearchAction\",\"target\":{\"@type\":\"EntryPoint\",\"urlTemplate\":\"https:\/\/www.barracart.com\/?s={search_term_string}\"},\"query-input\":{\"@type\":\"PropertyValueSpecification\",\"valueRequired\":true,\"valueName\":\"search_term_string\"}}],\"inLanguage\":\"es\"},{\"@type\":\"Organization\",\"@id\":\"https:\/\/www.barracart.com\/#organization\",\"name\":\"Barracart: Apartamentos premium en Valencia Playa\",\"url\":\"https:\/\/www.barracart.com\/\",\"logo\":{\"@type\":\"ImageObject\",\"inLanguage\":\"es\",\"@id\":\"https:\/\/www.barracart.com\/#\/schema\/logo\/image\/\",\"url\":\"https:\/\/www.barracart.com\/wp-content\/uploads\/cropped-Logo_pr_r.png\",\"contentUrl\":\"https:\/\/www.barracart.com\/wp-content\/uploads\/cropped-Logo_pr_r.png\",\"width\":64,\"height\":64,\"caption\":\"Barracart: Apartamentos premium en Valencia Playa\"},\"image\":{\"@id\":\"https:\/\/www.barracart.com\/#\/schema\/logo\/image\/\"}}]}<\/script>\n<!-- \/ Yoast SEO plugin. -->","yoast_head_json":{"title":"Apartamentos en Valencia Playa sin contacto con servicios","description":"Apartamentos en Valencia sin contacto, con servicios de limpieza diaria, consigna de equipaje, bicicletas, airport transfer, atenci\u00f3n 24\/7, wifi gratuito.","robots":{"index":"index","follow":"follow","max-snippet":"max-snippet:-1","max-image-preview":"max-image-preview:large","max-video-preview":"max-video-preview:-1"},"canonical":"https:\/\/www.barracart.com\/es\/servicios\/","og_locale":"es_ES","og_type":"article","og_title":"Apartamentos en Valencia Playa sin contacto con servicios","og_description":"Apartamentos en Valencia sin contacto, con servicios de limpieza diaria, consigna de equipaje, bicicletas, airport transfer, atenci\u00f3n 24\/7, wifi gratuito.","og_url":"https:\/\/www.barracart.com\/es\/servicios\/","og_site_name":"Barracart: Apartamentos premium en Valencia Playa","article_modified_time":"2022-01-30T17:48:08+00:00","og_image":[{"url":"https:\/\/www.barracart.com\/wp-content\/uploads\/libreria.png","type":"","width":"","height":""}],"twitter_card":"summary_large_image","schema":{"@context":"https:\/\/schema.org","@graph":[{"@type":"WebPage","@id":"https:\/\/www.barracart.com\/es\/servicios\/","url":"https:\/\/www.barracart.com\/es\/servicios\/","name":"Apartamentos en Valencia Playa sin contacto con servicios","isPartOf":{"@id":"https:\/\/www.barracart.com\/#website"},"datePublished":"2018-01-11T08:29:15+00:00","dateModified":"2022-01-30T17:48:08+00:00","description":"Apartamentos en Valencia sin contacto, con servicios de limpieza diaria, consigna de equipaje, bicicletas, airport transfer, atenci\u00f3n 24\/7, wifi gratuito.","breadcrumb":{"@id":"https:\/\/www.barracart.com\/es\/servicios\/#breadcrumb"},"inLanguage":"es","potentialAction":[{"@type":"ReadAction","target":["https:\/\/www.barracart.com\/es\/servicios\/"]}]},{"@type":"BreadcrumbList","@id":"https:\/\/www.barracart.com\/es\/servicios\/#breadcrumb","itemListElement":[{"@type":"ListItem","position":1,"name":"Home","item":"https:\/\/www.barracart.com\/es\/"},{"@type":"ListItem","position":2,"name":"Servicios"}]},{"@type":"WebSite","@id":"https:\/\/www.barracart.com\/#website","url":"https:\/\/www.barracart.com\/","name":"Barracart: Apartamentos premium en Valencia Playa","description":"Hasta 20% de descuento reservando en nuestra web!","publisher":{"@id":"https:\/\/www.barracart.com\/#organization"},"potentialAction":[{"@type":"SearchAction","target":{"@type":"EntryPoint","urlTemplate":"https:\/\/www.barracart.com\/?s={search_term_string}"},"query-input":{"@type":"PropertyValueSpecification","valueRequired":true,"valueName":"search_term_string"}}],"inLanguage":"es"},{"@type":"Organization","@id":"https:\/\/www.barracart.com\/#organization","name":"Barracart: Apartamentos premium en Valencia Playa","url":"https:\/\/www.barracart.com\/","logo":{"@type":"ImageObject","inLanguage":"es","@id":"https:\/\/www.barracart.com\/#\/schema\/logo\/image\/","url":"https:\/\/www.barracart.com\/wp-content\/uploads\/cropped-Logo_pr_r.png","contentUrl":"https:\/\/www.barracart.com\/wp-content\/uploads\/cropped-Logo_pr_r.png","width":64,"height":64,"caption":"Barracart: Apartamentos premium en Valencia Playa"},"image":{"@id":"https:\/\/www.barracart.com\/#\/schema\/logo\/image\/"}}]}},"_links":{"self":[{"href":"https:\/\/www.barracart.com\/es\/wp-json\/wp\/v2\/pages\/262","targetHints":{"allow":["GET"]}}],"collection":[{"href":"https:\/\/www.barracart.com\/es\/wp-json\/wp\/v2\/pages"}],"about":[{"href":"https:\/\/www.barracart.com\/es\/wp-json\/wp\/v2\/types\/page"}],"author":[{"embeddable":true,"href":"https:\/\/www.barracart.com\/es\/wp-json\/wp\/v2\/users\/103"}],"replies":[{"embeddable":true,"href":"https:\/\/www.barracart.com\/es\/wp-json\/wp\/v2\/comments?post=262"}],"version-history":[{"count":70,"href":"https:\/\/www.barracart.com\/es\/wp-json\/wp\/v2\/pages\/262\/revisions"}],"predecessor-version":[{"id":10108,"href":"https:\/\/www.barracart.com\/es\/wp-json\/wp\/v2\/pages\/262\/revisions\/10108"}],"wp:attachment":[{"href":"https:\/\/www.barracart.com\/es\/wp-json\/wp\/v2\/media?parent=262"}],"curies":[{"name":"wp","href":"https:\/\/api.w.org\/{rel}","templated":true}]}}