{"id":266,"date":"2018-01-11T08:29:50","date_gmt":"2018-01-11T08:29:50","guid":{"rendered":"http:\/\/www.barracart.com\/promo\/"},"modified":"2026-02-18T01:22:21","modified_gmt":"2026-02-18T00:22:21","slug":"ofertas","status":"publish","type":"page","link":"https:\/\/www.barracart.com\/es\/ofertas\/","title":{"rendered":"Ofertas"},"content":{"rendered":"<div class=\"list-of-experiences\">\n<div>\n<h2>ENCUENTRE LA MEJOR OFERTA PARA SU ALOJAMIENTO EN VALENCIA<\/h2>\n<\/div>\n<\/div>\n<div class=\"box-text-center centrado\">\n<p><span class=\"marron\">En Barracart cada cliente es \u00fanico y disfrutar\u00e1 de nuestra hospitalidad de forma directa y personalizada. Es m\u00e1s, ofrecemos la mejor oferta para su apartamento ideal en Valencia en nuestra web oficial.<\/span><\/p>\n<p><span class=\"marron\">Si por alguna raz\u00f3n necesita cancelar su reserva despu\u00e9s del pago y el periodo gratuito de cancelaci\u00f3n, facilitamos una <strong>Tarjeta de Regalo<\/strong> para una futura reserva, en caso de que las fechas canceladas hayan sido nuevamente reservadas.<\/span><\/p>\n<p><span class=\"marron\">M\u00e1s informaci\u00f3n en nuestras <a class=\"blog-link link-normal\" href=\"\/es\/condiciones-de-reserva\">Condiciones de Reserva.<\/a><\/span><\/p>\n<\/div>\n<ul class=\"lista-ofertas\">\n<li><a href=\"https:\/\/barracart.backhotelite.com\/es\/\"><br \/>\n<img decoding=\"async\" src=\"\/wp-content\/uploads\/1r.jpg\" \/><\/p>\n<div class=\"contenido\">\n<h3>BARRACART FOREVER<\/h3>\n<p>15% descuento desde 7 d\u00edas de estancia, no reembolsable. Disponible hasta 30 d\u00edas antes de check-in. <\/p>\n<\/div>\n<p>&nbsp;<\/a><\/li>\n<li><a href=\"https:\/\/barracart.backhotelite.com\/es\/\"><br \/>\n<img decoding=\"async\" src=\"\/wp-content\/uploads\/2r.jpg\" \/><\/p>\n<div class=\"contenido\">\n<h3>TARIFA WEB<\/h3>\n<p>A partir de 5% de descuento respecto a la tarifa base, cancelaci\u00f3n flexible hasta 30 d\u00edas antes del check-in.<\/p>\n<\/div>\n<p>&nbsp;<\/a><\/li>\n<li><a href=\"https:\/\/barracart.backhotelite.com\/es\/\"><br \/>\n<img decoding=\"async\" src=\"\/wp-content\/uploads\/3r.jpg\" \/><\/p>\n<div class=\"contenido\">\n<h3>ON THE ROAD<\/h3>\n<p>Con una plaza en parking cercano, vigilado 24 h, con cancelaci\u00f3n flexible hasta 30 d\u00edas antes del check-in.<\/p>\n<\/div>\n<p>&nbsp;<\/a><\/li>\n<li><a href=\"https:\/\/barracart.backhotelite.com\/es\/\"><br \/>\n<img decoding=\"async\" src=\"\/wp-content\/uploads\/4r.jpg\" \/><\/p>\n<div class=\"contenido\">\n<h3>LIMPIEZA<\/h3>\n<p>En reservas a partir de 6 noches y realizadas directamente, incluimos un servicio de limpieza, que ofrecemos en un d\u00eda fijo y acordado.<\/p>\n<\/div>\n<p>&nbsp;<\/a><\/li>\n<li><a href=\"https:\/\/barracart.backhotelite.com\/es\/\"><br \/>\n<img decoding=\"async\" src=\"\/wp-content\/uploads\/5r.jpg\" \/><\/p>\n<div class=\"contenido\">\n<h3>BARRACART V.I.P.<\/h3>\n<p>5% descuento adicional sobre nuestra Tarifa Web para hu\u00e9spedes que opten por volver a alojarse en Barracart. \u00a1P\u00eddanos su c\u00f3digo!<\/p>\n<\/div>\n<p>&nbsp;<\/a><\/li>\n<li><a href=\"https:\/\/barracart.backhotelite.com\/es\/\"><br \/>\n<img decoding=\"async\" src=\"\/wp-content\/uploads\/6r.jpg\" \/><\/p>\n<div class=\"contenido\">\n<h3>DESCUENTO SOSTENIBILIDAD<\/h3>\n<p>Un descuento fijo adicional de 5% a partir de una semana de reserva, por optar por un uso m\u00e1s sostenible de los recursos locales.<\/p>\n<\/div>\n<p>&nbsp;<\/a><\/li>\n<li><a href=\"https:\/\/barracart.backhotelite.com\/es\/\"><br \/>\n<img decoding=\"async\" src=\"\/wp-content\/uploads\/7r.jpg\" \/><\/p>\n<div class=\"contenido\">\n<h3>TARIFA LONG<\/h3>\n<p>Disfrute de una estancia larga con extra descuento, a un paso del mar. No disponible en temporada de verano. Estancia m\u00ednima 21 d\u00edas. <\/p>\n<\/div>\n<p>&nbsp;<\/a><\/li>\n<li><a href=\"https:\/\/barracart.backhotelite.com\/es\/\"><br \/>\n<img decoding=\"async\" src=\"\/wp-content\/uploads\/Barracart-cactus.jpg\" \/><\/p>\n<div class=\"contenido\">\n<h3>ALQUILER DE TEMPORADA<\/h3>\n<p>Dos apartamentos con servicios solo para alquilar por temporada. P\u00e1sate unos meses en Valencia! Cu\u00e9ntanos y vemos las posibilidades!<\/p>\n<\/div>\n<p>&nbsp;<\/a><\/li>\n<li><a href=\"https:\/\/barracart.backhotelite.com\/es\/\"><br \/>\n<img decoding=\"async\" src=\"\/wp-content\/uploads\/9r.jpg\" \/><\/p>\n<div class=\"contenido\">\n<h3>BARRACART TARJETA REGALO<\/h3>\n<p>Solicite nuestra Tarjeta de Regalo sin fecha l\u00edmite de reserva y regale una inolvidable experiencia en Barracart! \u00a1Cont\u00e1ctenos!<\/p>\n<\/div>\n<p>&nbsp;<\/a><\/li>\n<\/ul>\n","protected":false},"excerpt":{"rendered":"<p>ENCUENTRE LA MEJOR OFERTA PARA SU ALOJAMIENTO EN VALENCIA En Barracart cada cliente es \u00fanico y disfrutar\u00e1 de nuestra hospitalidad de forma directa y personalizada. Es m\u00e1s, ofrecemos la mejor oferta para su apartamento ideal en Valencia en nuestra web oficial. Si por alguna raz\u00f3n necesita cancelar su reserva despu\u00e9s del pago y el periodo [&hellip;]<\/p>\n","protected":false},"author":103,"featured_media":0,"parent":0,"menu_order":0,"comment_status":"closed","ping_status":"closed","template":"","meta":{"footnotes":""},"class_list":["post-266","page","type-page","status-publish","hentry"],"yoast_head":"<!-- This site is optimized with the Yoast SEO plugin v24.9 - https:\/\/yoast.com\/wordpress\/plugins\/seo\/ -->\n<title>Mejores tarifas y una oferta exclusiva para su apartamento en Valencia<\/title>\n<meta name=\"description\" content=\"\u00a1Ahorre hasta un 20%, reserve la mejor oferta para su apartamento ideal en Valencia! Cancelaci\u00f3n flexible, reserva personalizada en nuestra web oficial!\" \/>\n<meta name=\"robots\" content=\"index, follow, max-snippet:-1, max-image-preview:large, max-video-preview:-1\" \/>\n<link rel=\"canonical\" href=\"https:\/\/www.barracart.com\/es\/ofertas\/\" \/>\n<meta property=\"og:locale\" content=\"es_ES\" \/>\n<meta property=\"og:type\" content=\"article\" \/>\n<meta property=\"og:title\" content=\"Mejores tarifas y una oferta exclusiva para su apartamento en Valencia\" \/>\n<meta property=\"og:description\" content=\"\u00a1Ahorre hasta un 20%, reserve la mejor oferta para su apartamento ideal en Valencia! Cancelaci\u00f3n flexible, reserva personalizada en nuestra web oficial!\" \/>\n<meta property=\"og:url\" content=\"https:\/\/www.barracart.com\/es\/ofertas\/\" \/>\n<meta property=\"og:site_name\" content=\"Barracart: Apartamentos premium en Valencia Playa\" \/>\n<meta property=\"article:modified_time\" content=\"2026-02-18T00:22:21+00:00\" \/>\n<meta name=\"twitter:card\" content=\"summary_large_image\" \/>\n<meta name=\"twitter:label1\" content=\"Tiempo de lectura\" \/>\n\t<meta name=\"twitter:data1\" content=\"4 minutos\" \/>\n<script type=\"application\/ld+json\" class=\"yoast-schema-graph\">{\"@context\":\"https:\/\/schema.org\",\"@graph\":[{\"@type\":\"WebPage\",\"@id\":\"https:\/\/www.barracart.com\/es\/ofertas\/\",\"url\":\"https:\/\/www.barracart.com\/es\/ofertas\/\",\"name\":\"Mejores tarifas y una oferta exclusiva para su apartamento en Valencia\",\"isPartOf\":{\"@id\":\"https:\/\/www.barracart.com\/#website\"},\"datePublished\":\"2018-01-11T08:29:50+00:00\",\"dateModified\":\"2026-02-18T00:22:21+00:00\",\"description\":\"\u00a1Ahorre hasta un 20%, reserve la mejor oferta para su apartamento ideal en Valencia! Cancelaci\u00f3n flexible, reserva personalizada en nuestra web oficial!\",\"breadcrumb\":{\"@id\":\"https:\/\/www.barracart.com\/es\/ofertas\/#breadcrumb\"},\"inLanguage\":\"es\",\"potentialAction\":[{\"@type\":\"ReadAction\",\"target\":[\"https:\/\/www.barracart.com\/es\/ofertas\/\"]}]},{\"@type\":\"BreadcrumbList\",\"@id\":\"https:\/\/www.barracart.com\/es\/ofertas\/#breadcrumb\",\"itemListElement\":[{\"@type\":\"ListItem\",\"position\":1,\"name\":\"Home\",\"item\":\"https:\/\/www.barracart.com\/es\/\"},{\"@type\":\"ListItem\",\"position\":2,\"name\":\"Ofertas\"}]},{\"@type\":\"WebSite\",\"@id\":\"https:\/\/www.barracart.com\/#website\",\"url\":\"https:\/\/www.barracart.com\/\",\"name\":\"Barracart: Apartamentos premium en Valencia Playa\",\"description\":\"Hasta 20% de descuento reservando en nuestra web!\",\"publisher\":{\"@id\":\"https:\/\/www.barracart.com\/#organization\"},\"potentialAction\":[{\"@type\":\"SearchAction\",\"target\":{\"@type\":\"EntryPoint\",\"urlTemplate\":\"https:\/\/www.barracart.com\/?s={search_term_string}\"},\"query-input\":{\"@type\":\"PropertyValueSpecification\",\"valueRequired\":true,\"valueName\":\"search_term_string\"}}],\"inLanguage\":\"es\"},{\"@type\":\"Organization\",\"@id\":\"https:\/\/www.barracart.com\/#organization\",\"name\":\"Barracart: Apartamentos premium en Valencia Playa\",\"url\":\"https:\/\/www.barracart.com\/\",\"logo\":{\"@type\":\"ImageObject\",\"inLanguage\":\"es\",\"@id\":\"https:\/\/www.barracart.com\/#\/schema\/logo\/image\/\",\"url\":\"https:\/\/www.barracart.com\/wp-content\/uploads\/cropped-Logo_pr_r.png\",\"contentUrl\":\"https:\/\/www.barracart.com\/wp-content\/uploads\/cropped-Logo_pr_r.png\",\"width\":64,\"height\":64,\"caption\":\"Barracart: Apartamentos premium en Valencia Playa\"},\"image\":{\"@id\":\"https:\/\/www.barracart.com\/#\/schema\/logo\/image\/\"}}]}<\/script>\n<!-- \/ Yoast SEO plugin. -->","yoast_head_json":{"title":"Mejores tarifas y una oferta exclusiva para su apartamento en Valencia","description":"\u00a1Ahorre hasta un 20%, reserve la mejor oferta para su apartamento ideal en Valencia! Cancelaci\u00f3n flexible, reserva personalizada en nuestra web oficial!","robots":{"index":"index","follow":"follow","max-snippet":"max-snippet:-1","max-image-preview":"max-image-preview:large","max-video-preview":"max-video-preview:-1"},"canonical":"https:\/\/www.barracart.com\/es\/ofertas\/","og_locale":"es_ES","og_type":"article","og_title":"Mejores tarifas y una oferta exclusiva para su apartamento en Valencia","og_description":"\u00a1Ahorre hasta un 20%, reserve la mejor oferta para su apartamento ideal en Valencia! Cancelaci\u00f3n flexible, reserva personalizada en nuestra web oficial!","og_url":"https:\/\/www.barracart.com\/es\/ofertas\/","og_site_name":"Barracart: Apartamentos premium en Valencia Playa","article_modified_time":"2026-02-18T00:22:21+00:00","twitter_card":"summary_large_image","twitter_misc":{"Tiempo de lectura":"4 minutos"},"schema":{"@context":"https:\/\/schema.org","@graph":[{"@type":"WebPage","@id":"https:\/\/www.barracart.com\/es\/ofertas\/","url":"https:\/\/www.barracart.com\/es\/ofertas\/","name":"Mejores tarifas y una oferta exclusiva para su apartamento en Valencia","isPartOf":{"@id":"https:\/\/www.barracart.com\/#website"},"datePublished":"2018-01-11T08:29:50+00:00","dateModified":"2026-02-18T00:22:21+00:00","description":"\u00a1Ahorre hasta un 20%, reserve la mejor oferta para su apartamento ideal en Valencia! Cancelaci\u00f3n flexible, reserva personalizada en nuestra web oficial!","breadcrumb":{"@id":"https:\/\/www.barracart.com\/es\/ofertas\/#breadcrumb"},"inLanguage":"es","potentialAction":[{"@type":"ReadAction","target":["https:\/\/www.barracart.com\/es\/ofertas\/"]}]},{"@type":"BreadcrumbList","@id":"https:\/\/www.barracart.com\/es\/ofertas\/#breadcrumb","itemListElement":[{"@type":"ListItem","position":1,"name":"Home","item":"https:\/\/www.barracart.com\/es\/"},{"@type":"ListItem","position":2,"name":"Ofertas"}]},{"@type":"WebSite","@id":"https:\/\/www.barracart.com\/#website","url":"https:\/\/www.barracart.com\/","name":"Barracart: Apartamentos premium en Valencia Playa","description":"Hasta 20% de descuento reservando en nuestra web!","publisher":{"@id":"https:\/\/www.barracart.com\/#organization"},"potentialAction":[{"@type":"SearchAction","target":{"@type":"EntryPoint","urlTemplate":"https:\/\/www.barracart.com\/?s={search_term_string}"},"query-input":{"@type":"PropertyValueSpecification","valueRequired":true,"valueName":"search_term_string"}}],"inLanguage":"es"},{"@type":"Organization","@id":"https:\/\/www.barracart.com\/#organization","name":"Barracart: Apartamentos premium en Valencia Playa","url":"https:\/\/www.barracart.com\/","logo":{"@type":"ImageObject","inLanguage":"es","@id":"https:\/\/www.barracart.com\/#\/schema\/logo\/image\/","url":"https:\/\/www.barracart.com\/wp-content\/uploads\/cropped-Logo_pr_r.png","contentUrl":"https:\/\/www.barracart.com\/wp-content\/uploads\/cropped-Logo_pr_r.png","width":64,"height":64,"caption":"Barracart: Apartamentos premium en Valencia Playa"},"image":{"@id":"https:\/\/www.barracart.com\/#\/schema\/logo\/image\/"}}]}},"_links":{"self":[{"href":"https:\/\/www.barracart.com\/es\/wp-json\/wp\/v2\/pages\/266","targetHints":{"allow":["GET"]}}],"collection":[{"href":"https:\/\/www.barracart.com\/es\/wp-json\/wp\/v2\/pages"}],"about":[{"href":"https:\/\/www.barracart.com\/es\/wp-json\/wp\/v2\/types\/page"}],"author":[{"embeddable":true,"href":"https:\/\/www.barracart.com\/es\/wp-json\/wp\/v2\/users\/103"}],"replies":[{"embeddable":true,"href":"https:\/\/www.barracart.com\/es\/wp-json\/wp\/v2\/comments?post=266"}],"version-history":[{"count":87,"href":"https:\/\/www.barracart.com\/es\/wp-json\/wp\/v2\/pages\/266\/revisions"}],"predecessor-version":[{"id":11861,"href":"https:\/\/www.barracart.com\/es\/wp-json\/wp\/v2\/pages\/266\/revisions\/11861"}],"wp:attachment":[{"href":"https:\/\/www.barracart.com\/es\/wp-json\/wp\/v2\/media?parent=266"}],"curies":[{"name":"wp","href":"https:\/\/api.w.org\/{rel}","templated":true}]}}