{"id":56,"date":"2018-01-05T13:05:27","date_gmt":"2018-01-05T13:05:27","guid":{"rendered":"http:\/\/www.barracart.com\/apartments\/"},"modified":"2025-10-03T00:34:26","modified_gmt":"2025-10-02T22:34:26","slug":"apartamentos","status":"publish","type":"page","link":"https:\/\/www.barracart.com\/es\/apartamentos\/","title":{"rendered":"Apartamentos"},"content":{"rendered":"<div class=\"box-content\">\n<h2 class=\"subtitulo-pag centrado subtitulo-pag-mostrar\">Apartamentos Tur\u00edsticos<\/h2>\n<div class=\"box-text\">\n<div class=\"col-1-2 separa-line-center\">\n<p>Dotados de la \u00faltima tecnolog\u00eda, como la dom\u00f3tica, el sistema de control de acceso, una potente conexi\u00f3n wifi y video vigilancia en las zonas comunes. Ofrecemos un descanso confortable en Valencia, sea un viaje de negocios o turismo.<\/p>\n<\/div>\n<div class=\"col-1-2\">\n<p>Ubicados en la playa, nuestros estudios de categor\u00eda premium, decorados con dise\u00f1os artesanales, antig\u00fcedades, cuadros, libros e ilustraciones, son una opci\u00f3n tambi\u00e9n para familias con ni\u00f1os. \u00a1Reserve con terraza privada o com\u00fan!<\/p>\n<\/div>\n<div class=\"clearfix\"><\/div>\n<\/div>\n<div class=\"icon-apartments\">\n<div><img decoding=\"async\" src=\"\/wp-content\/uploads\/aa.png\"><\/div>\n<div><img decoding=\"async\" src=\"\/wp-content\/uploads\/cocina-cosas.png\"><\/div>\n<div><img decoding=\"async\" src=\"\/wp-content\/uploads\/horno.png\"><\/div>\n<div><img decoding=\"async\" src=\"\/wp-content\/uploads\/lavadora.png\"><\/div>\n<div><img decoding=\"async\" src=\"\/wp-content\/uploads\/lavavajillas.png\"><\/div>\n<div><img decoding=\"async\" src=\"\/wp-content\/uploads\/micro.png\"><\/div>\n<div><img decoding=\"async\" src=\"\/wp-content\/uploads\/nespresso.png\"><\/div>\n<div><img decoding=\"async\" src=\"\/wp-content\/uploads\/nevera.png\"><\/div>\n<div><img decoding=\"async\" src=\"\/wp-content\/uploads\/plancha.png\"><\/div>\n<div><img decoding=\"async\" src=\"\/wp-content\/uploads\/secador.png\"><\/div>\n<div><img decoding=\"async\" src=\"\/wp-content\/uploads\/taza.png\"><\/div>\n<div><img decoding=\"async\" src=\"\/wp-content\/uploads\/tetera.png\"><\/div>\n<div><img decoding=\"async\" src=\"\/wp-content\/uploads\/tostadora.png\"><\/div>\n<div><img decoding=\"async\" src=\"\/wp-content\/uploads\/tv.png\"><\/div>\n<\/div>\n<\/div>\n<p><!-- TEXTO A LA IZQUIERDA (APARTAMENTO 1)--><\/p>\n<div id=\"studio-premium\"><\/div>\n<div class=\"box-content-2\">\n<div class=\"box-text-2\">\n<div class=\"col-1-2 separa-line-center\">\n<h2>01<\/h2>\n<h3>Apartamento<\/h3>\n<h4>Estudio Premium<\/h4>\n<h5>Planta baja, 35 m2, para dos personas.<\/h5>\n<p>Adaptado para personas con movilidad reducida.<\/p>\n<p><a href=\"https:\/\/barracart.backhotelite.com\/es\/bookcore\/availability\/tomorrow\/barracart\/?priority_room=premium\" class=\"boton-barracart-1\">Reservar<\/a>\n<\/div>\n<div class=\"col-1-2 col-img-apartments\">\n<div class=\"muestrario-apartamentos\"><img decoding=\"async\" src=\"\/wp-content\/uploads\/1.1-3.jpg\" alt\"\"><\/div>\n<div class=\"minifotos-apartments\">\n<div class=\"col-1-4\"><img decoding=\"async\" src=\"\/wp-content\/uploads\/1.1-3.jpg\" alt\"\" class=\"img\"><\/div>\n<div class=\"col-1-4\"><img decoding=\"async\" src=\"\/wp-content\/uploads\/1.4.cambio.jpg\" alt\"\" class=\"img\"><\/div>\n<div class=\"col-1-4\"><img decoding=\"async\" src=\"\/wp-content\/uploads\/1.6.cambio.jpg\" alt\"\" class=\"img\"><\/div>\n<div class=\"col-1-4\"><img decoding=\"async\" src=\"\/wp-content\/uploads\/1.10-2.jpg\" alt\"\" class=\"img\"><\/div>\n<div class=\"clearfix\"><\/div>\n<\/div>\n<p class=\"impar-see-full-galery see-full-galery\"><a href=\"\/es\/galeria\/apartamentos\/estudio-1\/\">Ver galer\u00eda <i class=\"fa fa-angle-double-right\"><\/i><\/a><\/p>\n<\/div>\n<div class=\"clearfix\"><\/div>\n<\/div>\n<\/div>\n<p><!-- ESPACIO ENTRE APARTAMENTOS --><\/p>\n<p><!-- TEXTO A LA DERECHA (APARTAMENTO 2)--><\/p>\n<div id=\"studio-mar\"><\/div>\n<div class=\"box-content-2\">\n<div class=\"box-text-2\">\n<div class=\"col-1-2 col-img-apartments\">\n<div class=\"muestrario-apartamentos\"><img decoding=\"async\" src=\"\/wp-content\/uploads\/2.1-1.jpg\" alt\"\"><\/div>\n<div class=\"minifotos-apartments\">\n<div class=\"col-1-4\"><img decoding=\"async\" src=\"\/wp-content\/uploads\/2.1-1.jpg\" alt\"\" class=\"img\"><\/div>\n<div class=\"col-1-4\"><img decoding=\"async\" src=\"\/wp-content\/uploads\/2.2-1.jpg\" alt\"\" class=\"img\"><\/div>\n<div class=\"col-1-4\"><img decoding=\"async\" src=\"\/wp-content\/uploads\/2.4.cambio.jpg\" alt\"\" class=\"img\"><\/div>\n<div class=\"col-1-4\"><img decoding=\"async\" src=\"\/wp-content\/uploads\/2.8.cambio.jpg\" alt\"\" class=\"img\"><\/div>\n<div class=\"clearfix\"><\/div>\n<\/div>\n<p class=\"par-see-full-galery see-full-galery\"><a href=\"\/es\/galeria\/apartamentos\/estudio-2\/\">Ver galer\u00eda <i class=\"fa fa-angle-double-right\"><\/i><\/a><\/p>\n<\/div>\n<div class=\"col-1-2 separa-line-center\">\n<h2>02<\/h2>\n<h3>Apartamento<\/h3>\n<h4>Estudio \u00abMar\u00bb<\/h4>\n<h5>Planta baja, 30 m2, para dos personas.<\/h5>\n<p>Accesible para personas con movilidad reducida.<\/p>\n<p><a href=\"https:\/\/barracart.backhotelite.com\/es\/bookcore\/availability\/tomorrow\/barracart\/?priority_room=mar \" class=\"boton-barracart-1\">Reservar<\/a>\n<\/div>\n<div class=\"clearfix\"><\/div>\n<\/div>\n<\/div>\n<p><!-- ESPACIO ENTRE APARTAMENTOS --><\/p>\n<p><!-- TEXTO A LA IZQUIERDA (APARTAMENTO 3)--><\/p>\n<div id=\"studio-tierra\"><\/div>\n<div class=\"box-content-2\">\n<div class=\"box-text-2\">\n<div class=\"col-1-2 separa-line-center\">\n<h2>03<\/h2>\n<h3>Apartamento<\/h3>\n<h4>Estudio \u00abTierra\u00bb<\/h4>\n<h5>Planta baja, 30 m2, para dos personas.<\/h5>\n<p>Accesible para personas con movilidad reducida.<\/p>\n<p><a href=\"https:\/\/barracart.backhotelite.com\/es\/bookcore\/availability\/tomorrow\/barracart\/?priority_room=tierra \" class=\"boton-barracart-1\">Reservar<\/a>\n<\/div>\n<div class=\"col-1-2 col-img-apartments\">\n<div class=\"muestrario-apartamentos\"><img decoding=\"async\" src=\"\/wp-content\/uploads\/3.2-1.jpg\" alt\"\"><\/div>\n<div class=\"minifotos-apartments\">\n<div class=\"col-1-4\"><img decoding=\"async\" src=\"\/wp-content\/uploads\/3.2-1.jpg\" alt\"\" class=\"img\"><\/div>\n<div class=\"col-1-4\"><img decoding=\"async\" src=\"\/wp-content\/uploads\/3.6-1.jpg\" alt\"\" class=\"img\"><\/div>\n<div class=\"col-1-4\"><img decoding=\"async\" src=\"\/wp-content\/uploads\/3.11.cambio.jpg\" alt\"\" class=\"img\"><\/div>\n<div class=\"col-1-4\"><img decoding=\"async\" src=\"\/wp-content\/uploads\/3.8.cambio.jpg\" alt\"\" class=\"img\"><\/div>\n<div class=\"clearfix\"><\/div>\n<\/div>\n<p class=\"impar-see-full-galery see-full-galery\"><a href=\"\/es\/galeria\/apartamentos\/estudio-3\/\">Ver galer\u00eda <i class=\"fa fa-angle-double-right\"><\/i><\/a><\/p>\n<\/div>\n<div class=\"clearfix\"><\/div>\n<\/div>\n<\/div>\n<p><!-- ESPACIO ENTRE APARTAMENTOS --><\/p>\n<p><!-- TEXTO A LA DERECHA (APARTAMENTO 4)--><\/p>\n<div id=\"duplex-with-terrace\"><\/div>\n<div class=\"box-content-2\">\n<div class=\"box-text-2\">\n<div class=\"col-1-2 col-img-apartments\">\n<div class=\"muestrario-apartamentos\"><img decoding=\"async\" src=\"\/wp-content\/uploads\/4.1.jpg\" alt\"\"><\/div>\n<div class=\"minifotos-apartments\">\n<div class=\"col-1-4\"><img decoding=\"async\" src=\"\/wp-content\/uploads\/4.1.jpg\" alt\"\" class=\"img\"><\/div>\n<div class=\"col-1-4\"><img decoding=\"async\" src=\"\/wp-content\/uploads\/4.13.jpg\" alt\"\" class=\"img\"><\/div>\n<div class=\"col-1-4\"><img decoding=\"async\" src=\"\/wp-content\/uploads\/4.15.jpg\" alt\"\" class=\"img\"><\/div>\n<div class=\"col-1-4\"><img decoding=\"async\" src=\"\/wp-content\/uploads\/4.19.jpg\" alt\"\" class=\"img\"><\/div>\n<div class=\"clearfix\"><\/div>\n<\/div>\n<p class=\"par-see-full-galery see-full-galery\"><a href=\"\/es\/galeria\/apartamentos\/duplex-4\/\">Ver galer\u00eda <i class=\"fa fa-angle-double-right\"><\/i><\/a><\/p>\n<\/div>\n<div class=\"col-1-2 separa-line-center\">\n<h2>04<\/h2>\n<h3>Apartamento<\/h3>\n<h4>Duplex con Terraza<\/h4>\n<h5>Primera planta, 56 m2 con terraza, para dos personas.<\/h5>\n<p>Con posibilidad de alojar familias con ni\u00f1os hasta 9 a\u00f1os de edad, en cama supletoria, a solicitud, y sujeto a un suplemento por persona extra. (Max. 3 pax., hasta 2 adultos.)<\/p>\n<p><a href=\"https:\/\/barracart.backhotelite.com\/es\/bookcore\/availability\/tomorrow\/barracart\/?priority_room=terraza\" class=\"boton-barracart-1\">Reservar<\/a>\n<\/div>\n<div class=\"clearfix\"><\/div>\n<\/div>\n<\/div>\n<p><!-- TEXTO A LA IZQUIERDA (APARTAMENTO 5)--><\/p>\n<div id=\"studio-deluxe\"><\/div>\n<div class=\"box-content-2\">\n<div class=\"box-text-2\">\n<div class=\"col-1-2 separa-line-center\">\n<h2>05<\/h2>\n<h3>Apartamento<\/h3>\n<h4>Estudio Deluxe<\/h4>\n<h5>Primera planta, 30 m2, para dos personas.<\/h5>\n<\/p>\n<p><a href=\"https:\/\/barracart.backhotelite.com\/es\/bookcore\/availability\/tomorrow\/barracart\/?priority_room=deluxe\" class=\"boton-barracart-1\">Reservar<\/a>\n<\/div>\n<div class=\"col-1-2 col-img-apartments\">\n<div class=\"muestrario-apartamentos\"><img decoding=\"async\" src=\"\/wp-content\/uploads\/5.4.jpg\" alt\"\"><\/div>\n<div class=\"minifotos-apartments\">\n<div class=\"col-1-4\"><img decoding=\"async\" src=\"\/wp-content\/uploads\/5.4.jpg\" alt\"\" class=\"img\"><\/div>\n<div class=\"col-1-4\"><img decoding=\"async\" src=\"\/wp-content\/uploads\/5.1.jpg\" alt\"\" class=\"img\"><\/div>\n<div class=\"col-1-4\"><img decoding=\"async\" src=\"\/wp-content\/uploads\/5.3.jpg\" alt\"\" class=\"img\"><\/div>\n<div class=\"col-1-4\"><img decoding=\"async\" src=\"\/wp-content\/uploads\/5.8.cambio.jpg\" alt\"\" class=\"img\"><\/div>\n<div class=\"clearfix\"><\/div>\n<\/div>\n<p class=\"impar-see-full-galery see-full-galery\"><a href=\"\/es\/galeria\/apartamentos\/estudio-5\/\">Ver galer\u00eda <i class=\"fa fa-angle-double-right\"><\/i><\/a><\/p>\n<\/div>\n<div class=\"clearfix\"><\/div>\n<\/div>\n<\/div>\n<p><!-- ESPACIO ENTRE APARTAMENTOS --><\/p>\n<p><!-- TEXTO A LA DERECHA (APARTAMENTO 6)--><\/p>\n<div id=\"studio-superior\"><\/div>\n<div class=\"box-content-2\">\n<div class=\"box-text-2\">\n<div class=\"col-1-2 col-img-apartments\">\n<div class=\"muestrario-apartamentos\"><img decoding=\"async\" src=\"\/wp-content\/uploads\/6.4.jpg\" alt\"\"><\/div>\n<div class=\"minifotos-apartments\">\n<div class=\"col-1-4\"><img decoding=\"async\" src=\"\/wp-content\/uploads\/6.4.jpg\" alt\"\" class=\"img\"><\/div>\n<div class=\"col-1-4\"><img decoding=\"async\" src=\"\/wp-content\/uploads\/6.3.jpg\" alt\"\" class=\"img\"><\/div>\n<div class=\"col-1-4\"><img decoding=\"async\" src=\"\/wp-content\/uploads\/6.8.jpg\" alt\"\" class=\"img\"><\/div>\n<div class=\"col-1-4\"><img decoding=\"async\" src=\"\/wp-content\/uploads\/6.10.cambio.jpg\" alt\"\" class=\"img\"><\/div>\n<div class=\"clearfix\"><\/div>\n<\/div>\n<p class=\"par-see-full-galery see-full-galery\"><a href=\"\/es\/galeria\/apartamentos\/estudio-6\/\">Ver galer\u00eda <i class=\"fa fa-angle-double-right\"><\/i><\/a><\/p>\n<\/div>\n<div class=\"col-1-2 separa-line-center\">\n<h2>06<\/h2>\n<h3>Apartamento<\/h3>\n<h4>Estudio Superior<\/h4>\n<h5>Primera planta, 32 m2, con balc\u00f3n, para dos personas.<\/h5>\n<\/p>\n<p><a href=\"https:\/\/barracart.backhotelite.com\/es\/bookcore\/availability\/tomorrow\/barracart\/?priority_room=superior\" class=\"boton-barracart-1\">Reservar<\/a>\n<\/div>\n<div class=\"clearfix\"><\/div>\n<\/div>\n<\/div>\n<p><!-- ESPACIO ENTRE APARTAMENTOS --><\/p>\n<p><!-- TEXTO A LA IZQUIERDA (APARTAMENTO 7)--><\/p>\n<div id=\"duplex-deluxe-with-terrace\"><\/div>\n<div class=\"box-content-2\">\n<div class=\"box-text-2\">\n<div class=\"col-1-2 separa-line-center\">\n<h2>07<\/h2>\n<h3>Apartamento<\/h3>\n<h4>Duplex Deluxe con Terraza<\/h4>\n<h5>Primera planta, 62 m2 con balc\u00f3n y terraza, para dos personas.<\/h5>\n<p>Con posibilidad de alojar familias con ni\u00f1os hasta 9 a\u00f1os de edad, en cama supletoria, a solicitud, y sujeto a un suplemento por persona extra. (Max. 3 pax., hasta 2 adultos.)<\/p>\n<p><a href=\"https:\/\/barracart.backhotelite.com\/es\/bookcore\/availability\/tomorrow\/barracart\/?priority_room=deluxeterraza\" class=\"boton-barracart-1\">Reservar<\/a>\n<\/div>\n<div class=\"col-1-2 col-img-apartments\">\n<div class=\"muestrario-apartamentos\"><img decoding=\"async\" src=\"\/wp-content\/uploads\/7.2.jpg\" alt\"\"><\/div>\n<div class=\"minifotos-apartments\">\n<div class=\"col-1-4\"><img decoding=\"async\" src=\"\/wp-content\/uploads\/7.2.jpg\" alt\"\" class=\"img\"><\/div>\n<div class=\"col-1-4\"><img decoding=\"async\" src=\"\/wp-content\/uploads\/7.15.jpg\" alt\"\" class=\"img\"><\/div>\n<div class=\"col-1-4\"><img decoding=\"async\" src=\"\/wp-content\/uploads\/7.13.cambio.jpg\" alt\"\" class=\"img\"><\/div>\n<div class=\"col-1-4\"><img decoding=\"async\" src=\"\/wp-content\/uploads\/7.20.cambio-1.jpg\" alt\"\" class=\"img\"><\/div>\n<div class=\"clearfix\"><\/div>\n<\/div>\n<p class=\"impar-see-full-galery see-full-galery\"><a href=\"\/es\/galeria\/apartamentos\/duplex-7\/\">Ver galer\u00eda <i class=\"fa fa-angle-double-right\"><\/i><\/a><\/p>\n<\/div>\n<div class=\"clearfix\"><\/div>\n<\/div>\n<\/div>\n<p><!-- ESPACIO ENTRE APARTAMENTOS --><\/p>\n<div class=\"box-content\">\n<h2 class=\"subtitulo-pag centrado subtitulo-pag-mostrar\">Apartamentos por Temporada<\/h2>\n<div class=\"box-text\">\n<div class=\"col-1-2 separa-line-center\">\n<p>Se ubican en el edifico colindante donde en la planta baja tenemos la oficina de Barracart. En las plantas superiores hay dos apartamentos \u2013 uno en cada planta \u2013 que gestionamos exclusivamente para alquilar por temporada. Se alquilan con suministros y limpieza semanal incluidos.<\/p>\n<\/div>\n<div class=\"col-1-2\">\n<p>Ambos apartamentos disponen de \u00e1rea de trabajo con un escritorio y conexi\u00f3n de internet por wifi y cable. El edificio dispone de una terraza de 22 m2 en el azotea amueblada con mesa, sillas y hamacas, con acceso desde la escalera del edificio, cuyo uso comparten los dos apartamentos.<\/p>\n<\/div>\n<div class=\"clearfix\"><\/div>\n<\/div>\n<p><!-- TEXTO A LA DERECHA (APARTAMENTO 8)--><\/p>\n<div id=\"studio-superior\"><\/div>\n<div class=\"box-content-2\">\n<div class=\"box-text-2\">\n<div class=\"col-1-2 col-img-apartments col-img-apartments-2\">\n<div class=\"muestrario-apartamentos\"><img decoding=\"async\" src=\"\/wp-content\/uploads\/Barracart-temporada-APT8-1-1-scaled.jpg\" alt\"\"><\/div>\n<div class=\"minifotos-apartments\">\n<div class=\"col-1-4\"><img decoding=\"async\" src=\"\/wp-content\/uploads\/Barracart-temporada-APT8-1-1-scaled.jpg\" alt\"\" class=\"img\"><\/div>\n<div class=\"col-1-4\"><img decoding=\"async\" src=\"\/wp-content\/uploads\/Barracart-temporada-APT8-3-1-scaled.jpg\" alt\"\" class=\"img\"><\/div>\n<div class=\"col-1-4\"><img decoding=\"async\" src=\"\/wp-content\/uploads\/Barracart-temporada-APT8-6-1.jpg\" alt\"\" class=\"img\"><\/div>\n<div class=\"col-1-4\"><img decoding=\"async\" src=\"\/wp-content\/uploads\/Barracart-temporada-APT8-7-2.jpg\" alt\"\" class=\"img\"><\/div>\n<div class=\"clearfix\"><\/div>\n<\/div>\n<p class=\"par-see-full-galery see-full-galery\"><a href=\"\/es\/gallery\/seasonal-apartments\/studio-8\/\">Ver galer\u00eda <!-- <i class=\"fa fa-angle-double-right\"><\/i> --><\/a><\/p>\n<\/div>\n<div class=\"col-1-2 separa-line-center\">\n<h2>08<\/h2>\n<h3>Apartmento<\/h3>\n<h4>Estudio<\/h4>\n<h5>Primera planta, 60 m2 con balc\u00f3n y terraza compartida en azotea, para dos personas.<\/h5>\n<\/p>\n<p><a href=\"https:\/\/barracart.backhotelite.com\/es\/bookcore\/availability\/tomorrow\/barracart\/\" class=\"boton-barracart-1\">Reservar<\/a>\n<\/div>\n<div class=\"clearfix\"><\/div>\n<div class=\"col-img-apartments col-img-apartments-2-responsive\">\n<div class=\"muestrario-apartamentos\"><img decoding=\"async\" src=\"\/wp-content\/uploads\/Barracart-temporada-APT8-1-1-scaled.jpg\" alt\"\"><\/div>\n<div class=\"minifotos-apartments\">\n<div class=\"col-1-4\"><img decoding=\"async\" src=\"\/wp-content\/uploads\/Barracart-temporada-APT8-1-1-scaled.jpg\" alt\"\" class=\"img\"><\/div>\n<div class=\"col-1-4\"><img decoding=\"async\" src=\"\/wp-content\/uploads\/Barracart-temporada-APT8-3-1-scaled.jpg\" alt\"\" class=\"img\"><\/div>\n<div class=\"col-1-4\"><img decoding=\"async\" src=\"\/wp-content\/uploads\/Barracart-temporada-APT8-6-1.jpg\" alt\"\" class=\"img\"><\/div>\n<div class=\"col-1-4\"><img decoding=\"async\" src=\"\/wp-content\/uploads\/Barracart-temporada-APT8-7-2.jpg\" alt\"\" class=\"img\"><\/div>\n<div class=\"clearfix\"><\/div>\n<\/div>\n<p class=\"par-see-full-galery see-full-galery\"><a href=\"\/es\/gallery\/apartments\/studio-6\/\">Ver galer\u00eda <!-- <i class=\"fa fa-angle-double-right\"><\/i> --><\/a><\/p>\n<\/div>\n<\/div>\n<\/div>\n<p><!-- TEXTO A LA IZQUIERDA (APARTAMENTO 9)--><\/p>\n<div id=\"studio-deluxe\"><\/div>\n<div class=\"box-content-2\">\n<div class=\"box-text-2\">\n<div class=\"col-1-2 separa-line-center\">\n<h2>09<\/h2>\n<h3>Apartmento<\/h3>\n<h4>Duplex<\/h4>\n<h5>Segunda planta, 80 m2 con un altillo, balc\u00f3n y terraza compartida en azotea, para dos personas.<\/h5>\n<\/p>\n<p><a href=\"https:\/\/barracart.backhotelite.com\/es\/bookcore\/availability\/tomorrow\/barracart\" class=\"boton-barracart-1\">Reservar<\/a>\n<\/div>\n<div class=\"col-1-2 col-img-apartments\">\n<div class=\"muestrario-apartamentos\"><img decoding=\"async\" src=\"\/wp-content\/uploads\/Barracart-temporada-APT9-1-1.jpg\" alt\"\"><\/div>\n<div class=\"minifotos-apartments\">\n<div class=\"col-1-4\"><img decoding=\"async\" src=\"\/wp-content\/uploads\/Barracart-temporada-APT9-1-1.jpg\" alt\"\" class=\"img\"><\/div>\n<div class=\"col-1-4\"><img decoding=\"async\" src=\"\/wp-content\/uploads\/Barracart-temporada-APT9-2-1.jpg\" alt\"\" class=\"img\"><\/div>\n<div class=\"col-1-4\"><img decoding=\"async\" src=\"\/wp-content\/uploads\/Barracart-temporada-APT9-3-1.jpg\" alt\"\" class=\"img\"><\/div>\n<div class=\"col-1-4\"><img decoding=\"async\" src=\"\/wp-content\/uploads\/Barracart-temporada-APT9-4-1.jpg\" alt\"\" class=\"img\"><\/div>\n<div class=\"clearfix\"><\/div>\n<\/div>\n<p class=\"impar-see-full-galery see-full-galery\"><a href=\"\/es\/gallery\/seasonal-apartments\/seasonal-apartments-duplex-9\/\">Ver galer\u00eda <!-- <i class=\"fa fa-angle-double-right\"><\/i> --><\/a><\/p>\n<\/div>\n<div class=\"clearfix\"><\/div>\n<\/div>\n<\/div>\n","protected":false},"excerpt":{"rendered":"<p>Apartamentos Tur\u00edsticos Dotados de la \u00faltima tecnolog\u00eda, como la dom\u00f3tica, el sistema de control de acceso, una potente conexi\u00f3n wifi y video vigilancia en las zonas comunes. Ofrecemos un descanso confortable en Valencia, sea un viaje de negocios o turismo. Ubicados en la playa, nuestros estudios de categor\u00eda premium, decorados con dise\u00f1os artesanales, antig\u00fcedades, cuadros, [&hellip;]<\/p>\n","protected":false},"author":103,"featured_media":0,"parent":0,"menu_order":0,"comment_status":"closed","ping_status":"closed","template":"","meta":{"footnotes":""},"class_list":["post-56","page","type-page","status-publish","hentry"],"yoast_head":"<!-- This site is optimized with the Yoast SEO plugin v24.9 - https:\/\/yoast.com\/wordpress\/plugins\/seo\/ -->\n<title>Apartamentos para negocios o turismo en Valencia, tambi\u00e9n para familias.<\/title>\n<meta name=\"description\" content=\"Apartamentos premium de \u00faltima tecnolog\u00eda en Valencia, con terraza, sea para un viaje de negocios o turismo, tambi\u00e9n para familias con ni\u00f1os.\" \/>\n<meta name=\"robots\" content=\"index, follow, max-snippet:-1, max-image-preview:large, max-video-preview:-1\" \/>\n<link rel=\"canonical\" href=\"https:\/\/www.barracart.com\/es\/apartamentos\/\" \/>\n<meta property=\"og:locale\" content=\"es_ES\" \/>\n<meta property=\"og:type\" content=\"article\" \/>\n<meta property=\"og:title\" content=\"Apartamentos para negocios o turismo en Valencia, tambi\u00e9n para familias.\" \/>\n<meta property=\"og:description\" content=\"Apartamentos premium de \u00faltima tecnolog\u00eda en Valencia, con terraza, sea para un viaje de negocios o turismo, tambi\u00e9n para familias con ni\u00f1os.\" \/>\n<meta property=\"og:url\" content=\"https:\/\/www.barracart.com\/es\/apartamentos\/\" \/>\n<meta property=\"og:site_name\" content=\"Barracart: Apartamentos premium en Valencia Playa\" \/>\n<meta property=\"article:modified_time\" content=\"2025-10-02T22:34:26+00:00\" \/>\n<meta name=\"twitter:card\" content=\"summary_large_image\" \/>\n<meta name=\"twitter:label1\" content=\"Tiempo de lectura\" \/>\n\t<meta name=\"twitter:data1\" content=\"15 minutos\" \/>\n<script type=\"application\/ld+json\" class=\"yoast-schema-graph\">{\"@context\":\"https:\/\/schema.org\",\"@graph\":[{\"@type\":\"WebPage\",\"@id\":\"https:\/\/www.barracart.com\/es\/apartamentos\/\",\"url\":\"https:\/\/www.barracart.com\/es\/apartamentos\/\",\"name\":\"Apartamentos para negocios o turismo en Valencia, tambi\u00e9n para familias.\",\"isPartOf\":{\"@id\":\"https:\/\/www.barracart.com\/#website\"},\"datePublished\":\"2018-01-05T13:05:27+00:00\",\"dateModified\":\"2025-10-02T22:34:26+00:00\",\"description\":\"Apartamentos premium de \u00faltima tecnolog\u00eda en Valencia, con terraza, sea para un viaje de negocios o turismo, tambi\u00e9n para familias con ni\u00f1os.\",\"breadcrumb\":{\"@id\":\"https:\/\/www.barracart.com\/es\/apartamentos\/#breadcrumb\"},\"inLanguage\":\"es\",\"potentialAction\":[{\"@type\":\"ReadAction\",\"target\":[\"https:\/\/www.barracart.com\/es\/apartamentos\/\"]}]},{\"@type\":\"BreadcrumbList\",\"@id\":\"https:\/\/www.barracart.com\/es\/apartamentos\/#breadcrumb\",\"itemListElement\":[{\"@type\":\"ListItem\",\"position\":1,\"name\":\"Home\",\"item\":\"https:\/\/www.barracart.com\/es\/\"},{\"@type\":\"ListItem\",\"position\":2,\"name\":\"Apartamentos\"}]},{\"@type\":\"WebSite\",\"@id\":\"https:\/\/www.barracart.com\/#website\",\"url\":\"https:\/\/www.barracart.com\/\",\"name\":\"Barracart: Apartamentos premium en Valencia Playa\",\"description\":\"Hasta 20% de descuento reservando en nuestra web!\",\"publisher\":{\"@id\":\"https:\/\/www.barracart.com\/#organization\"},\"potentialAction\":[{\"@type\":\"SearchAction\",\"target\":{\"@type\":\"EntryPoint\",\"urlTemplate\":\"https:\/\/www.barracart.com\/?s={search_term_string}\"},\"query-input\":{\"@type\":\"PropertyValueSpecification\",\"valueRequired\":true,\"valueName\":\"search_term_string\"}}],\"inLanguage\":\"es\"},{\"@type\":\"Organization\",\"@id\":\"https:\/\/www.barracart.com\/#organization\",\"name\":\"Barracart: Apartamentos premium en Valencia Playa\",\"url\":\"https:\/\/www.barracart.com\/\",\"logo\":{\"@type\":\"ImageObject\",\"inLanguage\":\"es\",\"@id\":\"https:\/\/www.barracart.com\/#\/schema\/logo\/image\/\",\"url\":\"https:\/\/www.barracart.com\/wp-content\/uploads\/cropped-Logo_pr_r.png\",\"contentUrl\":\"https:\/\/www.barracart.com\/wp-content\/uploads\/cropped-Logo_pr_r.png\",\"width\":64,\"height\":64,\"caption\":\"Barracart: Apartamentos premium en Valencia Playa\"},\"image\":{\"@id\":\"https:\/\/www.barracart.com\/#\/schema\/logo\/image\/\"}}]}<\/script>\n<!-- \/ Yoast SEO plugin. -->","yoast_head_json":{"title":"Apartamentos para negocios o turismo en Valencia, tambi\u00e9n para familias.","description":"Apartamentos premium de \u00faltima tecnolog\u00eda en Valencia, con terraza, sea para un viaje de negocios o turismo, tambi\u00e9n para familias con ni\u00f1os.","robots":{"index":"index","follow":"follow","max-snippet":"max-snippet:-1","max-image-preview":"max-image-preview:large","max-video-preview":"max-video-preview:-1"},"canonical":"https:\/\/www.barracart.com\/es\/apartamentos\/","og_locale":"es_ES","og_type":"article","og_title":"Apartamentos para negocios o turismo en Valencia, tambi\u00e9n para familias.","og_description":"Apartamentos premium de \u00faltima tecnolog\u00eda en Valencia, con terraza, sea para un viaje de negocios o turismo, tambi\u00e9n para familias con ni\u00f1os.","og_url":"https:\/\/www.barracart.com\/es\/apartamentos\/","og_site_name":"Barracart: Apartamentos premium en Valencia Playa","article_modified_time":"2025-10-02T22:34:26+00:00","twitter_card":"summary_large_image","twitter_misc":{"Tiempo de lectura":"15 minutos"},"schema":{"@context":"https:\/\/schema.org","@graph":[{"@type":"WebPage","@id":"https:\/\/www.barracart.com\/es\/apartamentos\/","url":"https:\/\/www.barracart.com\/es\/apartamentos\/","name":"Apartamentos para negocios o turismo en Valencia, tambi\u00e9n para familias.","isPartOf":{"@id":"https:\/\/www.barracart.com\/#website"},"datePublished":"2018-01-05T13:05:27+00:00","dateModified":"2025-10-02T22:34:26+00:00","description":"Apartamentos premium de \u00faltima tecnolog\u00eda en Valencia, con terraza, sea para un viaje de negocios o turismo, tambi\u00e9n para familias con ni\u00f1os.","breadcrumb":{"@id":"https:\/\/www.barracart.com\/es\/apartamentos\/#breadcrumb"},"inLanguage":"es","potentialAction":[{"@type":"ReadAction","target":["https:\/\/www.barracart.com\/es\/apartamentos\/"]}]},{"@type":"BreadcrumbList","@id":"https:\/\/www.barracart.com\/es\/apartamentos\/#breadcrumb","itemListElement":[{"@type":"ListItem","position":1,"name":"Home","item":"https:\/\/www.barracart.com\/es\/"},{"@type":"ListItem","position":2,"name":"Apartamentos"}]},{"@type":"WebSite","@id":"https:\/\/www.barracart.com\/#website","url":"https:\/\/www.barracart.com\/","name":"Barracart: Apartamentos premium en Valencia Playa","description":"Hasta 20% de descuento reservando en nuestra web!","publisher":{"@id":"https:\/\/www.barracart.com\/#organization"},"potentialAction":[{"@type":"SearchAction","target":{"@type":"EntryPoint","urlTemplate":"https:\/\/www.barracart.com\/?s={search_term_string}"},"query-input":{"@type":"PropertyValueSpecification","valueRequired":true,"valueName":"search_term_string"}}],"inLanguage":"es"},{"@type":"Organization","@id":"https:\/\/www.barracart.com\/#organization","name":"Barracart: Apartamentos premium en Valencia Playa","url":"https:\/\/www.barracart.com\/","logo":{"@type":"ImageObject","inLanguage":"es","@id":"https:\/\/www.barracart.com\/#\/schema\/logo\/image\/","url":"https:\/\/www.barracart.com\/wp-content\/uploads\/cropped-Logo_pr_r.png","contentUrl":"https:\/\/www.barracart.com\/wp-content\/uploads\/cropped-Logo_pr_r.png","width":64,"height":64,"caption":"Barracart: Apartamentos premium en Valencia Playa"},"image":{"@id":"https:\/\/www.barracart.com\/#\/schema\/logo\/image\/"}}]}},"_links":{"self":[{"href":"https:\/\/www.barracart.com\/es\/wp-json\/wp\/v2\/pages\/56","targetHints":{"allow":["GET"]}}],"collection":[{"href":"https:\/\/www.barracart.com\/es\/wp-json\/wp\/v2\/pages"}],"about":[{"href":"https:\/\/www.barracart.com\/es\/wp-json\/wp\/v2\/types\/page"}],"author":[{"embeddable":true,"href":"https:\/\/www.barracart.com\/es\/wp-json\/wp\/v2\/users\/103"}],"replies":[{"embeddable":true,"href":"https:\/\/www.barracart.com\/es\/wp-json\/wp\/v2\/comments?post=56"}],"version-history":[{"count":111,"href":"https:\/\/www.barracart.com\/es\/wp-json\/wp\/v2\/pages\/56\/revisions"}],"predecessor-version":[{"id":11828,"href":"https:\/\/www.barracart.com\/es\/wp-json\/wp\/v2\/pages\/56\/revisions\/11828"}],"wp:attachment":[{"href":"https:\/\/www.barracart.com\/es\/wp-json\/wp\/v2\/media?parent=56"}],"curies":[{"name":"wp","href":"https:\/\/api.w.org\/{rel}","templated":true}]}}