{"id":60,"date":"2018-01-05T13:06:34","date_gmt":"2018-01-05T13:06:34","guid":{"rendered":"http:\/\/www.barracart.com\/contact\/"},"modified":"2020-08-26T08:46:17","modified_gmt":"2020-08-26T06:46:17","slug":"contact","status":"publish","type":"page","link":"https:\/\/www.barracart.com\/es\/contact\/","title":{"rendered":"Contacto"},"content":{"rendered":"<div class=\"box-content\">\n<div class=\"box-text-3\">\n<div class=\"colum-phone-address\">\n<div class=\"phone-whatsapp-address-gps\">\n<div class=\"col-1-4 map-address map-address-ubic\"><img decoding=\"async\" src=\"\/wp-content\/uploads\/localiza1.png\" alt=\"address\"\/><\/p>\n<p>Carrer de la Barraca 79<br \/>\n\tCabanyal-Canyamelar<br \/>\n\t46011 Valencia, Espa\u00f1a<\/p>\n<\/p><\/div>\n<div class=\"col-1-4 phone-whatsapp\"><i class=\"fa fa-phone\"><\/i><i class=\"icon-whatsapp\"><\/i><a href=\"tel:+34667856801\">+34 667 856 801<\/a><\/div>\n<div class=\"col-1-4 phone-whatsapp\"><i class=\"fa fa-envelope-o\"><\/i><a href=\"mailto:book@barracart.com\">book@barracart.com<\/a><\/div>\n<div class=\"col-1-4 map-address coordin-gps\"><img decoding=\"async\" src=\"\/wp-content\/uploads\/gps-1.png\" alt=\"gps\"\/><\/p>\n<p>N-S: 39.466687<br \/>\n\tE-W: -0.329666<\/p>\n<\/p><\/div>\n<\/p><\/div>\n<div class=\"clearfix\"><\/div>\n<\/div>\n<\/div>\n<p>\t<!--\t\n\t\n\n<div class=\"leave-us-note\">\n\t\t\n\n<div class=\"box-leave-us-note\">\n\t\t\t[contact-form-7 id=\"3397\" title=\"Leave Us a Note_es\"]\n\t\t<\/div>\n\n\n\t<\/div>\n\n\n\t-->\t<\/p>\n<div class=\"box-text-4\">\n<div class=\"col-1-4\"><img decoding=\"async\" src=\"\/wp-content\/uploads\/bus.png\" alt=\"bus\" \/>Autob\u00fas para las l\u00edneas 2, 19, 31 y N1 (l\u00ednea nocturna) en la calle de la Reina, a un minuto a pie.<\/p><\/div>\n<div class=\"col-1-4\"><img decoding=\"async\" src=\"\/wp-content\/uploads\/tram.png\" alt=\"tramway\" \/>Tranv\u00eda (L\u00ednea 6) en la calle \u00abDr Lluch\u00bb, con conexi\u00f3n a la L\u00ednea 5 de metro al aeropuerto, a dos minutos a pie.<\/p><\/div>\n<div class=\"col-1-4\"><img decoding=\"async\" src=\"\/wp-content\/uploads\/parking.png\" alt=\"parking\" \/>Se aparca en la calle gratuitamente, o en aparcamiento p\u00fablico \u201cMart\u00ed Grajales\u201d a seis minutos a pie de la casa.<\/p><\/div>\n<div class=\"col-1-4\"><img decoding=\"async\" src=\"\/wp-content\/uploads\/airport.png\" alt=\"airport\" \/>El aeropuerto de Valencia se encuentra en 30 min. en coche, o en metro con la L\u00ednea 5 desde la estaci\u00f3n \u201cMar\u00edtim-Serrer\u00eda\u201d.<\/p><\/div>\n<div class=\"clearfix\"><\/div>\n<\/p><\/div>\n<div id=\"map-barracart\" class=\"map-address map-barracart\">\n\t<\/div>\n<\/p><\/div>\n<\/div>\n<p><!--\n\n\n<div class=\"box-text-4\">\n\n\n<div class=\"col-1-4\"><img decoding=\"async\" src=\"\/wp-content\/uploads\/bus.png\" alt=\"bus\" \/>Autob\u00fas para las l\u00edneas 2, 19, 31 y N1 (l\u00ednea nocturna) en la calle de la Reina, a un minuto a pie.\n\n<\/div>\n\n\n\n\n<div class=\"col-1-4\"><img decoding=\"async\" src=\"\/wp-content\/uploads\/tram.png\" alt=\"tramway\" \/>Tranv\u00eda (L\u00ednea 6) en la calle \"Dr Lluch\", con conexi\u00f3n a la L\u00ednea 5 de metro al aeropuerto, a dos minutos a pie.\n\n<\/div>\n\n\n\n\n<div class=\"col-1-4\"><img decoding=\"async\" src=\"\/wp-content\/uploads\/parking.png\" alt=\"parking\" \/>Se aparca en la calle gratuitamente, o en aparcamiento p\u00fablico \u201cMart\u00ed Grajales\u201d a seis minutos a pie de la casa.\n\n<\/div>\n\n\n\n\n<div class=\"col-1-4\"><img decoding=\"async\" src=\"\/wp-content\/uploads\/airport.png\" alt=\"airport\" \/>El aeropuerto de Valencia se encuentra en 30 min. en coche, o en metro con la L\u00ednea 5 desde la estaci\u00f3n \u201cMar\u00edtim-Serrer\u00eda\u201d.\n\n<\/div>\n\n\n\n\n<div class=\"clearfix\"><\/div>\n\n\n<\/div>\n\n\n\n\n\n<div class=\"leave-us-note\">\n\t\n\n<div class=\"box-leave-us-note\">\n\t\t[contact-form-7 id=\"3397\" title=\"Leave Us a Note_es\"]\n\t<\/div>\n\n\n<\/div>\n\n\n--><\/p>\n","protected":false},"excerpt":{"rendered":"<p>Carrer de la Barraca 79 Cabanyal-Canyamelar 46011 Valencia, Espa\u00f1a +34 667 856 801 book@barracart.com N-S: 39.466687 E-W: -0.329666 Autob\u00fas para las l\u00edneas 2, 19, 31 y N1 (l\u00ednea nocturna) en la calle de la Reina, a un minuto a pie. Tranv\u00eda (L\u00ednea 6) en la calle \u00abDr Lluch\u00bb, con conexi\u00f3n a la L\u00ednea 5 de [&hellip;]<\/p>\n","protected":false},"author":103,"featured_media":0,"parent":0,"menu_order":0,"comment_status":"closed","ping_status":"closed","template":"","meta":{"footnotes":""},"class_list":["post-60","page","type-page","status-publish","hentry"],"yoast_head":"<!-- This site is optimized with the Yoast SEO plugin v24.9 - https:\/\/yoast.com\/wordpress\/plugins\/seo\/ -->\n<title>Contacto - Barracart: Apartamentos premium en Valencia Playa<\/title>\n<meta name=\"description\" content=\"Apartamentos premium en Valencia - Cabanyal-Canyamelar (Poblados Mar\u00edtimos) - junto a la Playa de la Malvarrosa. Ofertas y contacto en el sitio web oficial!\" \/>\n<meta name=\"robots\" content=\"index, follow, max-snippet:-1, max-image-preview:large, max-video-preview:-1\" \/>\n<link rel=\"canonical\" href=\"https:\/\/www.barracart.com\/es\/contact\/\" \/>\n<meta property=\"og:locale\" content=\"es_ES\" \/>\n<meta property=\"og:type\" content=\"article\" \/>\n<meta property=\"og:title\" content=\"Contacto - Barracart: Apartamentos premium en Valencia Playa\" \/>\n<meta property=\"og:description\" content=\"Apartamentos premium en Valencia - Cabanyal-Canyamelar (Poblados Mar\u00edtimos) - junto a la Playa de la Malvarrosa. Ofertas y contacto en el sitio web oficial!\" \/>\n<meta property=\"og:url\" content=\"https:\/\/www.barracart.com\/es\/contact\/\" \/>\n<meta property=\"og:site_name\" content=\"Barracart: Apartamentos premium en Valencia Playa\" \/>\n<meta property=\"article:modified_time\" content=\"2020-08-26T06:46:17+00:00\" \/>\n<meta property=\"og:image\" content=\"https:\/\/www.barracart.com\/wp-content\/uploads\/localiza1.png\" \/>\n<meta name=\"twitter:card\" content=\"summary_large_image\" \/>\n<meta name=\"twitter:label1\" content=\"Tiempo de lectura\" \/>\n\t<meta name=\"twitter:data1\" content=\"1 minuto\" \/>\n<script type=\"application\/ld+json\" class=\"yoast-schema-graph\">{\"@context\":\"https:\/\/schema.org\",\"@graph\":[{\"@type\":\"WebPage\",\"@id\":\"https:\/\/www.barracart.com\/es\/contact\/\",\"url\":\"https:\/\/www.barracart.com\/es\/contact\/\",\"name\":\"Contacto - Barracart: Apartamentos premium en Valencia Playa\",\"isPartOf\":{\"@id\":\"https:\/\/www.barracart.com\/#website\"},\"datePublished\":\"2018-01-05T13:06:34+00:00\",\"dateModified\":\"2020-08-26T06:46:17+00:00\",\"description\":\"Apartamentos premium en Valencia - Cabanyal-Canyamelar (Poblados Mar\u00edtimos) - junto a la Playa de la Malvarrosa. Ofertas y contacto en el sitio web oficial!\",\"breadcrumb\":{\"@id\":\"https:\/\/www.barracart.com\/es\/contact\/#breadcrumb\"},\"inLanguage\":\"es\",\"potentialAction\":[{\"@type\":\"ReadAction\",\"target\":[\"https:\/\/www.barracart.com\/es\/contact\/\"]}]},{\"@type\":\"BreadcrumbList\",\"@id\":\"https:\/\/www.barracart.com\/es\/contact\/#breadcrumb\",\"itemListElement\":[{\"@type\":\"ListItem\",\"position\":1,\"name\":\"Home\",\"item\":\"https:\/\/www.barracart.com\/es\/\"},{\"@type\":\"ListItem\",\"position\":2,\"name\":\"Contacto\"}]},{\"@type\":\"WebSite\",\"@id\":\"https:\/\/www.barracart.com\/#website\",\"url\":\"https:\/\/www.barracart.com\/\",\"name\":\"Barracart: Apartamentos premium en Valencia Playa\",\"description\":\"Hasta 20% de descuento reservando en nuestra web!\",\"publisher\":{\"@id\":\"https:\/\/www.barracart.com\/#organization\"},\"potentialAction\":[{\"@type\":\"SearchAction\",\"target\":{\"@type\":\"EntryPoint\",\"urlTemplate\":\"https:\/\/www.barracart.com\/?s={search_term_string}\"},\"query-input\":{\"@type\":\"PropertyValueSpecification\",\"valueRequired\":true,\"valueName\":\"search_term_string\"}}],\"inLanguage\":\"es\"},{\"@type\":\"Organization\",\"@id\":\"https:\/\/www.barracart.com\/#organization\",\"name\":\"Barracart: Apartamentos premium en Valencia Playa\",\"url\":\"https:\/\/www.barracart.com\/\",\"logo\":{\"@type\":\"ImageObject\",\"inLanguage\":\"es\",\"@id\":\"https:\/\/www.barracart.com\/#\/schema\/logo\/image\/\",\"url\":\"https:\/\/www.barracart.com\/wp-content\/uploads\/cropped-Logo_pr_r.png\",\"contentUrl\":\"https:\/\/www.barracart.com\/wp-content\/uploads\/cropped-Logo_pr_r.png\",\"width\":64,\"height\":64,\"caption\":\"Barracart: Apartamentos premium en Valencia Playa\"},\"image\":{\"@id\":\"https:\/\/www.barracart.com\/#\/schema\/logo\/image\/\"}}]}<\/script>\n<!-- \/ Yoast SEO plugin. -->","yoast_head_json":{"title":"Contacto - Barracart: Apartamentos premium en Valencia Playa","description":"Apartamentos premium en Valencia - Cabanyal-Canyamelar (Poblados Mar\u00edtimos) - junto a la Playa de la Malvarrosa. Ofertas y contacto en el sitio web oficial!","robots":{"index":"index","follow":"follow","max-snippet":"max-snippet:-1","max-image-preview":"max-image-preview:large","max-video-preview":"max-video-preview:-1"},"canonical":"https:\/\/www.barracart.com\/es\/contact\/","og_locale":"es_ES","og_type":"article","og_title":"Contacto - Barracart: Apartamentos premium en Valencia Playa","og_description":"Apartamentos premium en Valencia - Cabanyal-Canyamelar (Poblados Mar\u00edtimos) - junto a la Playa de la Malvarrosa. Ofertas y contacto en el sitio web oficial!","og_url":"https:\/\/www.barracart.com\/es\/contact\/","og_site_name":"Barracart: Apartamentos premium en Valencia Playa","article_modified_time":"2020-08-26T06:46:17+00:00","og_image":[{"url":"https:\/\/www.barracart.com\/wp-content\/uploads\/localiza1.png","type":"","width":"","height":""}],"twitter_card":"summary_large_image","twitter_misc":{"Tiempo de lectura":"1 minuto"},"schema":{"@context":"https:\/\/schema.org","@graph":[{"@type":"WebPage","@id":"https:\/\/www.barracart.com\/es\/contact\/","url":"https:\/\/www.barracart.com\/es\/contact\/","name":"Contacto - Barracart: Apartamentos premium en Valencia Playa","isPartOf":{"@id":"https:\/\/www.barracart.com\/#website"},"datePublished":"2018-01-05T13:06:34+00:00","dateModified":"2020-08-26T06:46:17+00:00","description":"Apartamentos premium en Valencia - Cabanyal-Canyamelar (Poblados Mar\u00edtimos) - junto a la Playa de la Malvarrosa. Ofertas y contacto en el sitio web oficial!","breadcrumb":{"@id":"https:\/\/www.barracart.com\/es\/contact\/#breadcrumb"},"inLanguage":"es","potentialAction":[{"@type":"ReadAction","target":["https:\/\/www.barracart.com\/es\/contact\/"]}]},{"@type":"BreadcrumbList","@id":"https:\/\/www.barracart.com\/es\/contact\/#breadcrumb","itemListElement":[{"@type":"ListItem","position":1,"name":"Home","item":"https:\/\/www.barracart.com\/es\/"},{"@type":"ListItem","position":2,"name":"Contacto"}]},{"@type":"WebSite","@id":"https:\/\/www.barracart.com\/#website","url":"https:\/\/www.barracart.com\/","name":"Barracart: Apartamentos premium en Valencia Playa","description":"Hasta 20% de descuento reservando en nuestra web!","publisher":{"@id":"https:\/\/www.barracart.com\/#organization"},"potentialAction":[{"@type":"SearchAction","target":{"@type":"EntryPoint","urlTemplate":"https:\/\/www.barracart.com\/?s={search_term_string}"},"query-input":{"@type":"PropertyValueSpecification","valueRequired":true,"valueName":"search_term_string"}}],"inLanguage":"es"},{"@type":"Organization","@id":"https:\/\/www.barracart.com\/#organization","name":"Barracart: Apartamentos premium en Valencia Playa","url":"https:\/\/www.barracart.com\/","logo":{"@type":"ImageObject","inLanguage":"es","@id":"https:\/\/www.barracart.com\/#\/schema\/logo\/image\/","url":"https:\/\/www.barracart.com\/wp-content\/uploads\/cropped-Logo_pr_r.png","contentUrl":"https:\/\/www.barracart.com\/wp-content\/uploads\/cropped-Logo_pr_r.png","width":64,"height":64,"caption":"Barracart: Apartamentos premium en Valencia Playa"},"image":{"@id":"https:\/\/www.barracart.com\/#\/schema\/logo\/image\/"}}]}},"_links":{"self":[{"href":"https:\/\/www.barracart.com\/es\/wp-json\/wp\/v2\/pages\/60","targetHints":{"allow":["GET"]}}],"collection":[{"href":"https:\/\/www.barracart.com\/es\/wp-json\/wp\/v2\/pages"}],"about":[{"href":"https:\/\/www.barracart.com\/es\/wp-json\/wp\/v2\/types\/page"}],"author":[{"embeddable":true,"href":"https:\/\/www.barracart.com\/es\/wp-json\/wp\/v2\/users\/103"}],"replies":[{"embeddable":true,"href":"https:\/\/www.barracart.com\/es\/wp-json\/wp\/v2\/comments?post=60"}],"version-history":[{"count":72,"href":"https:\/\/www.barracart.com\/es\/wp-json\/wp\/v2\/pages\/60\/revisions"}],"predecessor-version":[{"id":9341,"href":"https:\/\/www.barracart.com\/es\/wp-json\/wp\/v2\/pages\/60\/revisions\/9341"}],"wp:attachment":[{"href":"https:\/\/www.barracart.com\/es\/wp-json\/wp\/v2\/media?parent=60"}],"curies":[{"name":"wp","href":"https:\/\/api.w.org\/{rel}","templated":true}]}}