{"id":62,"date":"2018-01-05T13:06:15","date_gmt":"2018-01-05T13:06:15","guid":{"rendered":"http:\/\/www.barracart.com\/experiences\/"},"modified":"2019-01-31T09:34:01","modified_gmt":"2019-01-31T08:34:01","slug":"experiences","status":"publish","type":"page","link":"https:\/\/www.barracart.com\/es\/experiences\/","title":{"rendered":"Experiencias"},"content":{"rendered":"<div class=\"box-content\">\n<div class=\"box-text-center centrado\">\n<p>Estamos en el coraz\u00f3n del hist\u00f3rico distrito mar\u00edtimo de Valencia, Cabanyal-Canyamelar, con su vida efervescente, sus tradiciones y espectaculares fiestas. Experiencias \u00fanicas para conocer, sentir, y descubrir la esencia de un Lugar.<\/p>\n<p class=\"aclaracion\">*Participaci\u00f3n en grupo, las condiciones var\u00edan seg\u00fan la ocupaci\u00f3n.<\/p>\n<\/div>\n<\/div>\n<div class=\"list-of-experiences\">\n<div>\n<h2>Lista de experiencias<\/h2>\n<\/div>\n<\/div>\n<div>\n<ul class=\"list-of-experiences menu-acordeon\">\n<li><a href=\"#experiences-1\"><i class=\"fa fa-plus\" aria-hidden=\"true\"><\/i><i class=\"fa fa-minus\" aria-hidden=\"true\"><\/i>CATA VERTICAL DE VEGA SICILIA EN CASA MONTA\u00d1A<\/a><\/li>\n<li class=\"experiences-1 oculto\">\n<div class=\"box-experiences\">\n<div class=\"col-1-2\">\n<h3 class=\"subtitulo-pag centrado\">CATA VERTICAL DE VEGA SICILIA EN CASA MONTA\u00d1A<\/h3>\n<div>\n<p>Cata Vertical de tres a\u00f1adas diferentes del vino 5\u00ba Valbuena de Vega Sicilia, la bodega espa\u00f1ola de mayor prestigio a nivel internacional. Denominaci\u00f3n de Origen Ribera del Duero, fundada en 1864.<\/p>\n<p>La Cata Vertical es una sesi\u00f3n donde se prueba el mismo vino de la misma bodega, pero de diferentes cosechas o a\u00f1adas:<\/p>\n<p>1) Bienvenida y presentaci\u00f3n de Casa Monta\u00f1a (fundada en 1836) y su entorno, el Antiguo Barrio de Pescadores. (Duraci\u00f3n: 20 min.)<br \/>\n<br \/>\nAperitivo compuesto de Aceitunas Arbequinas y Jam\u00f3n Ib\u00e9rico 100% Bellota, acompa\u00f1ado de un Vermut Casero tradicional extra\u00eddo de las barricas de madera de la bodega.<\/p>\n<p>2) Cata Vertical Vega Sicilia 5\u00ba Valbuena: A\u00f1adas 2006 \u2013 2007 &#8211; 2008 (Duraci\u00f3n: 45 min.)<\/p>\n<\/div>\n<\/div>\n<div class=\"col-1-2\">\n<img decoding=\"async\" src=\"\/wp-content\/uploads\/SESION_CATA.jpg\" alt=\"\"\/>\n<\/div>\n<div class=\"clearfix\"><\/div>\n<\/div>\n<\/li>\n<li><a href=\"#experiences-2\"><i class=\"fa fa-plus\" aria-hidden=\"true\"><\/i><i class=\"fa fa-minus\" aria-hidden=\"true\"><\/i>TALLER JAM\u00d3N IB\u00c9RICO 100% BELLOTA<\/a><\/li>\n<li class=\"experiences-2 oculto\">\n<div class=\"box-experiences\">\n<div class=\"col-1-2\">\n<img decoding=\"async\" src=\"\/wp-content\/uploads\/CHACINERIA.jpg\" alt=\"\"\/>\n<\/div>\n<div class=\"col-1-2\">\n<h3 class=\"subtitulo-pag centrado\">TALLER JAM\u00d3N IB\u00c9RICO 100% BELLOTA<\/h3>\n<div>\n<p>Conoceremos este exquisito producto de mano de la reconocida Jamonera de Huelva \u201cEl Lazo\u201d. Aprenderemos a cortarlo y lo degustaremos junto a un Manzanilla de Sanl\u00facar de Barrameda.<\/p>\n<p>1) Bienvenida y presentaci\u00f3n de Casa Monta\u00f1a (fundada en 1836) y su entorno, el Antiguo Barrio de Pescadores. (Duraci\u00f3n: 20 min.)<br \/>\n<br \/>\nAperitivo compuesto de Aceitunas Arbequinas y Gildas (Olivas, Piparra \u2013 \u201cguindilla verde no picante\u201d \u2013 y las famosas Anchoas de Santo\u00f1a), acompa\u00f1adas de un Vermut Casero tradicional extra\u00eddo de las barricas de madera de la bodega.<\/p>\n<p>2) Explicaci\u00f3n del producto y sus singularidades, seguido de un taller de corte de Jam\u00f3n y posterior degustaci\u00f3n. (Duraci\u00f3n: 45 min.)<\/p>\n<\/div>\n<\/div>\n<div class=\"clearfix\"><\/div>\n<\/div>\n<\/li>\n<li><a href=\"#experiences-3\"><i class=\"fa fa-plus\" aria-hidden=\"true\"><\/i><i class=\"fa fa-minus\" aria-hidden=\"true\"><\/i>VISITA GUIADA CABANYAL-CANYAMELAR<\/a><\/li>\n<li class=\"experiences-3 oculto\">\n<div class=\"box-experiences\">\n<div class=\"col-1-2\">\n<h3 class=\"subtitulo-pag centrado\">VISITA GUIADA CABANYAL-CANYAMELAR<\/h3>\n<div>\n<p>Uno de los poblados mar\u00edtimos m\u00e1s singulares de Europa, con su variada arquitectura modernista y sus construcciones t\u00edpicas que eran la Barraca Valenciana. Una antigua zona de pescadores y marineros que todav\u00eda conserva la esencia del mismo en sus calles.<\/p>\n<p>Rutas tem\u00e1ticas para grupos y experiencias a medida para descubrir nuestra cultura, arquitectura y gastronom\u00eda, paseando o en bicicleta. Consulten nuestra oferta que la programaci\u00f3n puede variar seg\u00fan la \u00e9poca del a\u00f1o.<\/p>\n<\/div>\n<\/div>\n<div class=\"col-1-2\">\n<img decoding=\"async\" src=\"\/wp-content\/uploads\/guided_visit.jpg\" alt=\"\"\/>\n<\/div>\n<div class=\"clearfix\"><\/div>\n<\/div>\n<\/li>\n<\/ul>\n<\/div>\n","protected":false},"excerpt":{"rendered":"<p>Estamos en el coraz\u00f3n del hist\u00f3rico distrito mar\u00edtimo de Valencia, Cabanyal-Canyamelar, con su vida efervescente, sus tradiciones y espectaculares fiestas. Experiencias \u00fanicas para conocer, sentir, y descubrir la esencia de un Lugar. *Participaci\u00f3n en grupo, las condiciones var\u00edan seg\u00fan la ocupaci\u00f3n. Lista de experiencias CATA VERTICAL DE VEGA SICILIA EN CASA MONTA\u00d1A CATA VERTICAL DE [&hellip;]<\/p>\n","protected":false},"author":103,"featured_media":0,"parent":0,"menu_order":0,"comment_status":"closed","ping_status":"closed","template":"","meta":{"footnotes":""},"class_list":["post-62","page","type-page","status-publish","hentry"],"yoast_head":"<!-- This site is optimized with the Yoast SEO plugin v24.9 - https:\/\/yoast.com\/wordpress\/plugins\/seo\/ -->\n<title>Experiencias - Barracart: Apartamentos premium en Valencia Playa<\/title>\n<meta name=\"description\" content=\"Hasta 20% de descuento reservando en nuestra web!\" \/>\n<meta name=\"robots\" content=\"index, follow, max-snippet:-1, max-image-preview:large, max-video-preview:-1\" \/>\n<link rel=\"canonical\" href=\"https:\/\/www.barracart.com\/es\/experiences\/\" \/>\n<meta property=\"og:locale\" content=\"es_ES\" \/>\n<meta property=\"og:type\" content=\"article\" \/>\n<meta property=\"og:title\" content=\"Experiencias - Barracart: Apartamentos premium en Valencia Playa\" \/>\n<meta property=\"og:description\" content=\"Hasta 20% de descuento reservando en nuestra web!\" \/>\n<meta property=\"og:url\" content=\"https:\/\/www.barracart.com\/es\/experiences\/\" \/>\n<meta property=\"og:site_name\" content=\"Barracart: Apartamentos premium en Valencia Playa\" \/>\n<meta property=\"article:modified_time\" content=\"2019-01-31T08:34:01+00:00\" \/>\n<meta property=\"og:image\" content=\"https:\/\/www.barracart.com\/wp-content\/uploads\/SESION_CATA.jpg\" \/>\n<meta name=\"twitter:card\" content=\"summary_large_image\" \/>\n<meta name=\"twitter:label1\" content=\"Tiempo de lectura\" \/>\n\t<meta name=\"twitter:data1\" content=\"2 minutos\" \/>\n<script type=\"application\/ld+json\" class=\"yoast-schema-graph\">{\"@context\":\"https:\/\/schema.org\",\"@graph\":[{\"@type\":\"WebPage\",\"@id\":\"https:\/\/www.barracart.com\/es\/experiences\/\",\"url\":\"https:\/\/www.barracart.com\/es\/experiences\/\",\"name\":\"Experiencias - Barracart: Apartamentos premium en Valencia Playa\",\"isPartOf\":{\"@id\":\"https:\/\/www.barracart.com\/#website\"},\"datePublished\":\"2018-01-05T13:06:15+00:00\",\"dateModified\":\"2019-01-31T08:34:01+00:00\",\"description\":\"Hasta 20% de descuento reservando en nuestra web!\",\"breadcrumb\":{\"@id\":\"https:\/\/www.barracart.com\/es\/experiences\/#breadcrumb\"},\"inLanguage\":\"es\",\"potentialAction\":[{\"@type\":\"ReadAction\",\"target\":[\"https:\/\/www.barracart.com\/es\/experiences\/\"]}]},{\"@type\":\"BreadcrumbList\",\"@id\":\"https:\/\/www.barracart.com\/es\/experiences\/#breadcrumb\",\"itemListElement\":[{\"@type\":\"ListItem\",\"position\":1,\"name\":\"Home\",\"item\":\"https:\/\/www.barracart.com\/es\/\"},{\"@type\":\"ListItem\",\"position\":2,\"name\":\"Experiencias\"}]},{\"@type\":\"WebSite\",\"@id\":\"https:\/\/www.barracart.com\/#website\",\"url\":\"https:\/\/www.barracart.com\/\",\"name\":\"Barracart: Apartamentos premium en Valencia Playa\",\"description\":\"Hasta 20% de descuento reservando en nuestra web!\",\"publisher\":{\"@id\":\"https:\/\/www.barracart.com\/#organization\"},\"potentialAction\":[{\"@type\":\"SearchAction\",\"target\":{\"@type\":\"EntryPoint\",\"urlTemplate\":\"https:\/\/www.barracart.com\/?s={search_term_string}\"},\"query-input\":{\"@type\":\"PropertyValueSpecification\",\"valueRequired\":true,\"valueName\":\"search_term_string\"}}],\"inLanguage\":\"es\"},{\"@type\":\"Organization\",\"@id\":\"https:\/\/www.barracart.com\/#organization\",\"name\":\"Barracart: Apartamentos premium en Valencia Playa\",\"url\":\"https:\/\/www.barracart.com\/\",\"logo\":{\"@type\":\"ImageObject\",\"inLanguage\":\"es\",\"@id\":\"https:\/\/www.barracart.com\/#\/schema\/logo\/image\/\",\"url\":\"https:\/\/www.barracart.com\/wp-content\/uploads\/cropped-Logo_pr_r.png\",\"contentUrl\":\"https:\/\/www.barracart.com\/wp-content\/uploads\/cropped-Logo_pr_r.png\",\"width\":64,\"height\":64,\"caption\":\"Barracart: Apartamentos premium en Valencia Playa\"},\"image\":{\"@id\":\"https:\/\/www.barracart.com\/#\/schema\/logo\/image\/\"}}]}<\/script>\n<!-- \/ Yoast SEO plugin. -->","yoast_head_json":{"title":"Experiencias - Barracart: Apartamentos premium en Valencia Playa","description":"Hasta 20% de descuento reservando en nuestra web!","robots":{"index":"index","follow":"follow","max-snippet":"max-snippet:-1","max-image-preview":"max-image-preview:large","max-video-preview":"max-video-preview:-1"},"canonical":"https:\/\/www.barracart.com\/es\/experiences\/","og_locale":"es_ES","og_type":"article","og_title":"Experiencias - Barracart: Apartamentos premium en Valencia Playa","og_description":"Hasta 20% de descuento reservando en nuestra web!","og_url":"https:\/\/www.barracart.com\/es\/experiences\/","og_site_name":"Barracart: Apartamentos premium en Valencia Playa","article_modified_time":"2019-01-31T08:34:01+00:00","og_image":[{"url":"https:\/\/www.barracart.com\/wp-content\/uploads\/SESION_CATA.jpg","type":"","width":"","height":""}],"twitter_card":"summary_large_image","twitter_misc":{"Tiempo de lectura":"2 minutos"},"schema":{"@context":"https:\/\/schema.org","@graph":[{"@type":"WebPage","@id":"https:\/\/www.barracart.com\/es\/experiences\/","url":"https:\/\/www.barracart.com\/es\/experiences\/","name":"Experiencias - Barracart: Apartamentos premium en Valencia Playa","isPartOf":{"@id":"https:\/\/www.barracart.com\/#website"},"datePublished":"2018-01-05T13:06:15+00:00","dateModified":"2019-01-31T08:34:01+00:00","description":"Hasta 20% de descuento reservando en nuestra web!","breadcrumb":{"@id":"https:\/\/www.barracart.com\/es\/experiences\/#breadcrumb"},"inLanguage":"es","potentialAction":[{"@type":"ReadAction","target":["https:\/\/www.barracart.com\/es\/experiences\/"]}]},{"@type":"BreadcrumbList","@id":"https:\/\/www.barracart.com\/es\/experiences\/#breadcrumb","itemListElement":[{"@type":"ListItem","position":1,"name":"Home","item":"https:\/\/www.barracart.com\/es\/"},{"@type":"ListItem","position":2,"name":"Experiencias"}]},{"@type":"WebSite","@id":"https:\/\/www.barracart.com\/#website","url":"https:\/\/www.barracart.com\/","name":"Barracart: Apartamentos premium en Valencia Playa","description":"Hasta 20% de descuento reservando en nuestra web!","publisher":{"@id":"https:\/\/www.barracart.com\/#organization"},"potentialAction":[{"@type":"SearchAction","target":{"@type":"EntryPoint","urlTemplate":"https:\/\/www.barracart.com\/?s={search_term_string}"},"query-input":{"@type":"PropertyValueSpecification","valueRequired":true,"valueName":"search_term_string"}}],"inLanguage":"es"},{"@type":"Organization","@id":"https:\/\/www.barracart.com\/#organization","name":"Barracart: Apartamentos premium en Valencia Playa","url":"https:\/\/www.barracart.com\/","logo":{"@type":"ImageObject","inLanguage":"es","@id":"https:\/\/www.barracart.com\/#\/schema\/logo\/image\/","url":"https:\/\/www.barracart.com\/wp-content\/uploads\/cropped-Logo_pr_r.png","contentUrl":"https:\/\/www.barracart.com\/wp-content\/uploads\/cropped-Logo_pr_r.png","width":64,"height":64,"caption":"Barracart: Apartamentos premium en Valencia Playa"},"image":{"@id":"https:\/\/www.barracart.com\/#\/schema\/logo\/image\/"}}]}},"_links":{"self":[{"href":"https:\/\/www.barracart.com\/es\/wp-json\/wp\/v2\/pages\/62","targetHints":{"allow":["GET"]}}],"collection":[{"href":"https:\/\/www.barracart.com\/es\/wp-json\/wp\/v2\/pages"}],"about":[{"href":"https:\/\/www.barracart.com\/es\/wp-json\/wp\/v2\/types\/page"}],"author":[{"embeddable":true,"href":"https:\/\/www.barracart.com\/es\/wp-json\/wp\/v2\/users\/103"}],"replies":[{"embeddable":true,"href":"https:\/\/www.barracart.com\/es\/wp-json\/wp\/v2\/comments?post=62"}],"version-history":[{"count":43,"href":"https:\/\/www.barracart.com\/es\/wp-json\/wp\/v2\/pages\/62\/revisions"}],"predecessor-version":[{"id":2709,"href":"https:\/\/www.barracart.com\/es\/wp-json\/wp\/v2\/pages\/62\/revisions\/2709"}],"wp:attachment":[{"href":"https:\/\/www.barracart.com\/es\/wp-json\/wp\/v2\/media?parent=62"}],"curies":[{"name":"wp","href":"https:\/\/api.w.org\/{rel}","templated":true}]}}