{"id":90,"date":"2018-01-10T08:16:10","date_gmt":"2018-01-10T08:16:10","guid":{"rendered":"http:\/\/www.barracart.com\/home\/"},"modified":"2023-01-28T20:39:14","modified_gmt":"2023-01-28T19:39:14","slug":"barracart","status":"publish","type":"page","link":"https:\/\/www.barracart.com\/es\/","title":{"rendered":"Barracart"},"content":{"rendered":"<div class=\"box-content\">\n<h2 class=\"subtitulo-pag centrado\">Apartamentos Barracart<\/h2>\n<div class=\"box-text margin-botom-puntual\">\n<div class=\"col-1-2 separa-line-center\">\n<p>Apartamentos premium en la playa de Valencia, en el aut\u00e9ntico ambiente de un barrio mar\u00edtimo con historia y encanto, tradiciones y espectaculares fiestas. Descubre Valencia viviendo en BARRACART, un edificio singular y genuino, reconciliado con su entorno.<\/p>\n<\/div>\n<div class=\"col-1-2\">\n<p>Nuestro proyecto nace con la ilusi\u00f3n de convertir su estancia en una experiencia diferente y \u00fanica, adaptada a sus necesidades e intereses, que empieza por un entorno singular, con la posibilidad de convertirla en una inmersi\u00f3n cultural completa.<\/p>\n<\/div>\n<div class=\"clearfix\"><\/div>\n<\/div>\n<ul class=\"sinbefore citas-medios-slider owl-carousel\">\n<li class=\"cursiva\">\n<p>\u201cEstos siete apartamentos incre\u00edblemente elegantes son propiedad de la misma familia que el emblem\u00e1tico <a HREF=\"HTTPS:\/\/WWW.EMILIANOBODEGA.COM\/EN\/\" TARGET=\"_BLANK\" REL=\"NOOPENER NOREFERRER\">Restaurante CASA MONTA\u00d1A<\/a>. Est\u00e1n ubicados en un barrio \u00abshabby chic\u00bb en la playa de Valencia que est\u00e1 experimentando un renacimiento.\u201d<\/p>\n<p><a class=\"blog-link autor-cita\" href=\"https:\/\/www.telegraph.co.uk\/travel\/destinations\/europe\/spain\/valencia\/hotels\/barracart-apartments-hotel\/\" target=\"_blank\" rel=\"noopener noreferrer\">The Telegraph<\/a>\n<\/li>\n<li class=\"cursiva\">\n<p>\u201cEn el barrio valenciano del Cabanyal, una antigua casa burguesa del siglo XIX revive convertida en un coqueto bloque de apartamentos tur\u00edsticos que, sin olvidar su pasado, abrazan el futuro. Su nombre une la calle en la que se encuentra, Barraca, con el arte que protegen sus paredes convertido en antiguos muebles, cuadros, libros e ilustraciones. Y todo est\u00e1 domotizado para que no te cruces con nadie, si no quieres.\u201d<\/p>\n<p><a class=\"blog-link autor-cita\" href=\"https:\/\/www.guiarepsol.com\/es\/dormir\/como-en-casa\/apartamentos-barracart-valencia\/\" target=\"_blank\" rel=\"noopener noreferrer\">Gu\u00eda Repsol<\/a>\n<\/li>\n<li class=\"cursiva\">\n<p>\u201cBarracart, el abrazo de Emiliano Garc\u00eda y Olga al barrio del Cabanyal.. Un bloque de apartamentos tur\u00edsticos dotados con la \u00faltima tecnolog\u00eda pero con el encanto de aquellas casas de principios del siglo pasado.\u201d<\/p>\n<p><a class=\"blog-link autor-cita\" href=\"https:\/\/www.elmundo.es\/comunidad-valenciana\/2017\/01\/30\/588e2781268e3e83598b465f.html\" target=\"_blank\" rel=\"noopener noreferrer\">El Mundo<\/a>\n<\/li>\n<li class=\"cursiva\">\n<p>\u201cLa conexi\u00f3n de Barracart con el barrio est\u00e1 clara. Cuadros, fotograf\u00edas y libros nos recuerdan la riqueza y el tipismo del Cabanyal. Ese antiguo barrio de marinos y pescadores, de casas modernistas de azulejos de colores, de amplias playas inspiraci\u00f3n de artistas como Sorolla o Blasco Ib\u00e1\u00f1ez.\u201d<\/p>\n<p><a class=\"blog-link autor-cita\" href=\"https:\/\/5barricas.valenciaplaza.com\/barracart-el-abrazo-de-emiliano-garcia-y-olga-al-cabanyal\/\" target=\"_blank\" rel=\"noopener noreferrer\">5Barricas \/ Valencia Plaza<\/a>\n<\/li>\n<\/ul>\n<ul class=\"slider-home-new owl-carousel\">\n<li>\n\t\t<a href=\"\/es\/apartments\/#duplex-deluxe-with-terrace\"><br \/>\n\t\t\t<img decoding=\"async\" src=\"\/wp-content\/uploads\/7.17.2-2.jpg\" alt=\"\"\/><br \/>\n\t\t\t<span>7. DUPLEX DELUXE CON TERRAZA<\/span><br \/>\n\t\t<\/a>\n\t<\/li>\n<li>\n\t\t<a href=\"\/es\/apartments\/#duplex-deluxe-with-terrace\"><br \/>\n\t\t\t<img decoding=\"async\" src=\"\/wp-content\/uploads\/7.19.jpg\" alt=\"\"\/><br \/>\n\t\t\t<span>7. DUPLEX DELUXE WITH TERRACE<\/span><br \/>\n\t\t<\/a>\n\t<\/li>\n<li>\n\t\t<a href=\"\/es\/apartments\/#studio-premium\"><br \/>\n\t\t\t<img decoding=\"async\" src=\"\/wp-content\/uploads\/1.2.jpg\" alt=\"\"\/><br \/>\n\t\t\t<span>1. ESTUDIO PREMIUM<\/span><br \/>\n\t\t<\/a>\n\t<\/li>\n<li>\n\t\t<a href=\"\/es\/apartments\/#studio-mar\"><br \/>\n\t\t\t<img decoding=\"async\" src=\"\/wp-content\/uploads\/2.5-1.jpg\" alt=\"\"\/><br \/>\n\t\t\t<span>2. ESTUDIO \u00abMAR\u00bb<\/span><br \/>\n\t\t<\/a>\n\t<\/li>\n<li>\n\t\t<a href=\"\/es\/apartments\/#studio-tierra\"><br \/>\n\t\t\t<img decoding=\"async\" src=\"\/wp-content\/uploads\/3.3-1.jpg\" alt=\"\"\/><br \/>\n\t\t\t<span>3. ESTUDIO \u00abTIERRA\u00bb<\/span><br \/>\n\t\t<\/a>\n\t<\/li>\n<li>\n\t\t<a href=\"\/es\/apartments\/#duplex-with-terrace\"><br \/>\n\t\t\t<img decoding=\"async\" src=\"\/wp-content\/uploads\/4.14.jpg\" alt=\"\"\/><br \/>\n\t\t\t<span>4. DUPLEX CON TERRAZA<\/span><br \/>\n\t\t<\/a>\n\t<\/li>\n<li>\n\t\t<a href=\"\/es\/apartments\/#duplex-with-terrace\"><br \/>\n\t\t\t<img decoding=\"async\" src=\"\/wp-content\/uploads\/4.20.jpg\" alt=\"\"\/><br \/>\n\t\t\t<span>4. DUPLEX CON TERRAZA<\/span><br \/>\n\t\t<\/a>\n\t<\/li>\n<li>\n\t\t<a href=\"\/es\/apartments\/#studio-deluxe\"><br \/>\n\t\t\t<img decoding=\"async\" src=\"\/wp-content\/uploads\/5.9.jpg\" alt=\"\"\/><br \/>\n\t\t\t<span>5. ESTUDIO DELUXE<\/span><br \/>\n\t\t<\/a>\n\t<\/li>\n<li>\n\t\t<a href=\"\/es\/apartments\/#studio-superior\"><br \/>\n\t\t\t<img decoding=\"async\" src=\"\/wp-content\/uploads\/6.5.jpg\" alt=\"\"\/><br \/>\n\t\t\t<span>6. ESTUDIO SUPERIOR<\/span><br \/>\n\t\t<\/a>\n\t<\/li>\n<\/ul>\n<p><a href=\"\/es\/apartments\/\" class=\"boton-slider-home-new\">GALER\u00cdA DE APARTAMENTOS<\/a><\/p>\n<ul class=\"slider-home-new owl-carousel\">\n<li>\n\t\t<a><br \/>\n\t\t\t<img decoding=\"async\" src=\"\/wp-content\/uploads\/2.1.nuevo_.jpg\" alt=\"\"\/><br \/>\n\t\t\t<span>\u00c1REAS COMUNES<\/span><br \/>\n\t\t<\/a>\n\t<\/li>\n<li>\n\t\t<a><br \/>\n\t\t\t<img decoding=\"async\" src=\"\/wp-content\/uploads\/1.2-Facade-1.jpg\" alt=\"\"\/><br \/>\n\t\t\t<span>\u00c1REAS COMUNES<\/span><br \/>\n\t\t<\/a>\n\t<\/li>\n<li>\n\t\t<a><br \/>\n\t\t\t<img decoding=\"async\" src=\"\/wp-content\/uploads\/1.3.nuevo_.jpg\" alt=\"\"\/><br \/>\n\t\t\t<span>\u00c1REAS COMUNES<\/span><br \/>\n\t\t<\/a>\n\t<\/li>\n<li>\n\t\t<a><br \/>\n\t\t\t<img decoding=\"async\" src=\"\/wp-content\/uploads\/2.3.nuevo_.jpg\" alt=\"\"\/><br \/>\n\t\t\t<span>\u00c1REAS COMUNES<\/span><br \/>\n\t\t<\/a>\n\t<\/li>\n<li>\n\t\t<a><br \/>\n\t\t\t<img decoding=\"async\" src=\"\/wp-content\/uploads\/2.2.nuevo_.jpg\" alt=\"\"\/><br \/>\n\t\t\t<span>\u00c1REAS COMUNES<\/span><br \/>\n\t\t<\/a>\n\t<\/li>\n<li>\n\t\t<a><br \/>\n\t\t\t<img decoding=\"async\" src=\"\/wp-content\/uploads\/3.3.cambio.jpg\" alt=\"\"\/><br \/>\n\t\t\t<span>\u00c1REAS COMUNES<\/span><br \/>\n\t\t<\/a>\n\t<\/li>\n<li>\n\t\t<a><br \/>\n\t\t\t<img decoding=\"async\" src=\"\/wp-content\/uploads\/1.1.cambio.jpg\" alt=\"\"\/><br \/>\n\t\t\t<span>\u00c1REAS COMUNES<\/span><br \/>\n\t\t<\/a>\n\t<\/li>\n<li>\n\t\t<a><br \/>\n\t\t\t<img decoding=\"async\" src=\"\/wp-content\/uploads\/3.2.nuevo_.jpg\" alt=\"\"\/><br \/>\n\t\t\t<span>OFICINA<\/span><br \/>\n\t\t<\/a>\n\t<\/li>\n<li>\n\t\t<a><br \/>\n\t\t\t<img decoding=\"async\" src=\"\/wp-content\/uploads\/3.1-Reception.jpg\" alt=\"\"\/><br \/>\n\t\t\t<span>OFICINA<\/span><br \/>\n\t\t<\/a>\n\t<\/li>\n<\/ul>\n<p><a href=\"\/es\/galeria\/areas-comunes\/\" class=\"boton-slider-home-new\">VER GALER\u00cdA<\/a><\/p>\n<p><!--\n\n\n<div class=\"espanol mini-slider-home slider-apartamentos-home\">\n\n\n<h2 class=\"subtitulo-pag centrado\">Apartamentos<\/h2>\n\n\n\n\n<div class=\"mini-slider\">\n\n[gallery category=\"slider-apartment-home\" size=\"large\"]\n\n<\/div>\n\n\n\n\n<div class=\"boton-mini-slider-home\"><a href=\".\/apartments\">Galer\u00eda de apartamentos<\/a><\/div>\n\n\n<\/div>\n\n\n\n\n<div class=\"espanol mini-slider-home\">\n\n\n<h2 class=\"subtitulo-pag centrado\">\u00c1reas comunes<\/h2>\n\n\n\n\n<div class=\"mini-slider\">\n\n[gallery category=\"slider-common-zones\" size=\"large\" orderby=\"title\"]\n\n<\/div>\n\n\n\n\n<div class=\"boton-mini-slider-home\"><a href=\".\/gallery\/#common-areas\">Ver galer\u00eda<\/a><\/div>\n\n\n<\/div>\n\n\n--><\/p>\n<\/div>\n","protected":false},"excerpt":{"rendered":"<p>Apartamentos Barracart Apartamentos premium en la playa de Valencia, en el aut\u00e9ntico ambiente de un barrio mar\u00edtimo con historia y encanto, tradiciones y espectaculares fiestas. Descubre Valencia viviendo en BARRACART, un edificio singular y genuino, reconciliado con su entorno. Nuestro proyecto nace con la ilusi\u00f3n de convertir su estancia en una experiencia diferente y \u00fanica, [&hellip;]<\/p>\n","protected":false},"author":103,"featured_media":0,"parent":0,"menu_order":0,"comment_status":"closed","ping_status":"closed","template":"","meta":{"footnotes":""},"class_list":["post-90","page","type-page","status-publish","hentry"],"yoast_head":"<!-- This site is optimized with the Yoast SEO plugin v24.9 - https:\/\/yoast.com\/wordpress\/plugins\/seo\/ -->\n<title>Barracart - Barracart: Apartamentos premium en Valencia Playa<\/title>\n<meta name=\"description\" content=\"Apartamentos premium en Valencia - Cabanyal-Canyamelar (Poblados Mar\u00edtimos) - junto a la Playa de la Malvarrosa. Ofertas exclusivas en el sitio web oficial!\" \/>\n<meta name=\"robots\" content=\"index, follow, max-snippet:-1, max-image-preview:large, max-video-preview:-1\" \/>\n<link rel=\"canonical\" href=\"https:\/\/www.barracart.com\/es\/\" \/>\n<meta property=\"og:locale\" content=\"es_ES\" \/>\n<meta property=\"og:type\" content=\"article\" \/>\n<meta property=\"og:title\" content=\"BARRACART\" \/>\n<meta property=\"og:description\" content=\"Hasta 20% de descuento reservando en nuestra web!\" \/>\n<meta property=\"og:url\" content=\"https:\/\/www.barracart.com\/es\/\" \/>\n<meta property=\"og:site_name\" content=\"Barracart: Apartamentos premium en Valencia Playa\" \/>\n<meta property=\"article:modified_time\" content=\"2023-01-28T19:39:14+00:00\" \/>\n<meta name=\"twitter:card\" content=\"summary_large_image\" \/>\n<meta name=\"twitter:title\" content=\"BARRACART\" \/>\n<meta name=\"twitter:description\" content=\"Hasta 20% de descuento reservando en nuestra web!\" \/>\n<meta name=\"twitter:label1\" content=\"Tiempo de lectura\" \/>\n\t<meta name=\"twitter:data1\" content=\"6 minutos\" \/>\n<script type=\"application\/ld+json\" class=\"yoast-schema-graph\">{\"@context\":\"https:\/\/schema.org\",\"@graph\":[{\"@type\":\"WebPage\",\"@id\":\"https:\/\/www.barracart.com\/es\/\",\"url\":\"https:\/\/www.barracart.com\/es\/\",\"name\":\"Barracart - Barracart: Apartamentos premium en Valencia Playa\",\"isPartOf\":{\"@id\":\"https:\/\/www.barracart.com\/#website\"},\"datePublished\":\"2018-01-10T08:16:10+00:00\",\"dateModified\":\"2023-01-28T19:39:14+00:00\",\"description\":\"Apartamentos premium en Valencia - Cabanyal-Canyamelar (Poblados Mar\u00edtimos) - junto a la Playa de la Malvarrosa. Ofertas exclusivas en el sitio web oficial!\",\"breadcrumb\":{\"@id\":\"https:\/\/www.barracart.com\/es\/#breadcrumb\"},\"inLanguage\":\"es\",\"potentialAction\":[{\"@type\":\"ReadAction\",\"target\":[\"https:\/\/www.barracart.com\/es\/\"]}]},{\"@type\":\"BreadcrumbList\",\"@id\":\"https:\/\/www.barracart.com\/es\/#breadcrumb\",\"itemListElement\":[{\"@type\":\"ListItem\",\"position\":1,\"name\":\"Home\",\"item\":\"https:\/\/www.barracart.com\/es\/\"},{\"@type\":\"ListItem\",\"position\":2,\"name\":\"Barracart\"}]},{\"@type\":\"WebSite\",\"@id\":\"https:\/\/www.barracart.com\/#website\",\"url\":\"https:\/\/www.barracart.com\/\",\"name\":\"Barracart: Apartamentos premium en Valencia Playa\",\"description\":\"Hasta 20% de descuento reservando en nuestra web!\",\"publisher\":{\"@id\":\"https:\/\/www.barracart.com\/#organization\"},\"potentialAction\":[{\"@type\":\"SearchAction\",\"target\":{\"@type\":\"EntryPoint\",\"urlTemplate\":\"https:\/\/www.barracart.com\/?s={search_term_string}\"},\"query-input\":{\"@type\":\"PropertyValueSpecification\",\"valueRequired\":true,\"valueName\":\"search_term_string\"}}],\"inLanguage\":\"es\"},{\"@type\":\"Organization\",\"@id\":\"https:\/\/www.barracart.com\/#organization\",\"name\":\"Barracart: Apartamentos premium en Valencia Playa\",\"url\":\"https:\/\/www.barracart.com\/\",\"logo\":{\"@type\":\"ImageObject\",\"inLanguage\":\"es\",\"@id\":\"https:\/\/www.barracart.com\/#\/schema\/logo\/image\/\",\"url\":\"https:\/\/www.barracart.com\/wp-content\/uploads\/cropped-Logo_pr_r.png\",\"contentUrl\":\"https:\/\/www.barracart.com\/wp-content\/uploads\/cropped-Logo_pr_r.png\",\"width\":64,\"height\":64,\"caption\":\"Barracart: Apartamentos premium en Valencia Playa\"},\"image\":{\"@id\":\"https:\/\/www.barracart.com\/#\/schema\/logo\/image\/\"}}]}<\/script>\n<!-- \/ Yoast SEO plugin. -->","yoast_head_json":{"title":"Barracart - Barracart: Apartamentos premium en Valencia Playa","description":"Apartamentos premium en Valencia - Cabanyal-Canyamelar (Poblados Mar\u00edtimos) - junto a la Playa de la Malvarrosa. Ofertas exclusivas en el sitio web oficial!","robots":{"index":"index","follow":"follow","max-snippet":"max-snippet:-1","max-image-preview":"max-image-preview:large","max-video-preview":"max-video-preview:-1"},"canonical":"https:\/\/www.barracart.com\/es\/","og_locale":"es_ES","og_type":"article","og_title":"BARRACART","og_description":"Hasta 20% de descuento reservando en nuestra web!","og_url":"https:\/\/www.barracart.com\/es\/","og_site_name":"Barracart: Apartamentos premium en Valencia Playa","article_modified_time":"2023-01-28T19:39:14+00:00","twitter_card":"summary_large_image","twitter_title":"BARRACART","twitter_description":"Hasta 20% de descuento reservando en nuestra web!","twitter_misc":{"Tiempo de lectura":"6 minutos"},"schema":{"@context":"https:\/\/schema.org","@graph":[{"@type":"WebPage","@id":"https:\/\/www.barracart.com\/es\/","url":"https:\/\/www.barracart.com\/es\/","name":"Barracart - Barracart: Apartamentos premium en Valencia Playa","isPartOf":{"@id":"https:\/\/www.barracart.com\/#website"},"datePublished":"2018-01-10T08:16:10+00:00","dateModified":"2023-01-28T19:39:14+00:00","description":"Apartamentos premium en Valencia - Cabanyal-Canyamelar (Poblados Mar\u00edtimos) - junto a la Playa de la Malvarrosa. Ofertas exclusivas en el sitio web oficial!","breadcrumb":{"@id":"https:\/\/www.barracart.com\/es\/#breadcrumb"},"inLanguage":"es","potentialAction":[{"@type":"ReadAction","target":["https:\/\/www.barracart.com\/es\/"]}]},{"@type":"BreadcrumbList","@id":"https:\/\/www.barracart.com\/es\/#breadcrumb","itemListElement":[{"@type":"ListItem","position":1,"name":"Home","item":"https:\/\/www.barracart.com\/es\/"},{"@type":"ListItem","position":2,"name":"Barracart"}]},{"@type":"WebSite","@id":"https:\/\/www.barracart.com\/#website","url":"https:\/\/www.barracart.com\/","name":"Barracart: Apartamentos premium en Valencia Playa","description":"Hasta 20% de descuento reservando en nuestra web!","publisher":{"@id":"https:\/\/www.barracart.com\/#organization"},"potentialAction":[{"@type":"SearchAction","target":{"@type":"EntryPoint","urlTemplate":"https:\/\/www.barracart.com\/?s={search_term_string}"},"query-input":{"@type":"PropertyValueSpecification","valueRequired":true,"valueName":"search_term_string"}}],"inLanguage":"es"},{"@type":"Organization","@id":"https:\/\/www.barracart.com\/#organization","name":"Barracart: Apartamentos premium en Valencia Playa","url":"https:\/\/www.barracart.com\/","logo":{"@type":"ImageObject","inLanguage":"es","@id":"https:\/\/www.barracart.com\/#\/schema\/logo\/image\/","url":"https:\/\/www.barracart.com\/wp-content\/uploads\/cropped-Logo_pr_r.png","contentUrl":"https:\/\/www.barracart.com\/wp-content\/uploads\/cropped-Logo_pr_r.png","width":64,"height":64,"caption":"Barracart: Apartamentos premium en Valencia Playa"},"image":{"@id":"https:\/\/www.barracart.com\/#\/schema\/logo\/image\/"}}]}},"_links":{"self":[{"href":"https:\/\/www.barracart.com\/es\/wp-json\/wp\/v2\/pages\/90","targetHints":{"allow":["GET"]}}],"collection":[{"href":"https:\/\/www.barracart.com\/es\/wp-json\/wp\/v2\/pages"}],"about":[{"href":"https:\/\/www.barracart.com\/es\/wp-json\/wp\/v2\/types\/page"}],"author":[{"embeddable":true,"href":"https:\/\/www.barracart.com\/es\/wp-json\/wp\/v2\/users\/103"}],"replies":[{"embeddable":true,"href":"https:\/\/www.barracart.com\/es\/wp-json\/wp\/v2\/comments?post=90"}],"version-history":[{"count":78,"href":"https:\/\/www.barracart.com\/es\/wp-json\/wp\/v2\/pages\/90\/revisions"}],"predecessor-version":[{"id":10920,"href":"https:\/\/www.barracart.com\/es\/wp-json\/wp\/v2\/pages\/90\/revisions\/10920"}],"wp:attachment":[{"href":"https:\/\/www.barracart.com\/es\/wp-json\/wp\/v2\/media?parent=90"}],"curies":[{"name":"wp","href":"https:\/\/api.w.org\/{rel}","templated":true}]}}