{"id":9820,"date":"2021-04-23T12:19:30","date_gmt":"2021-04-23T10:19:30","guid":{"rendered":"https:\/\/www.barracart.com\/?page_id=9820"},"modified":"2025-06-14T23:51:01","modified_gmt":"2025-06-14T21:51:01","slug":"una-autentica-experiencia-de-coliving-coworking","status":"publish","type":"page","link":"https:\/\/www.barracart.com\/es\/una-autentica-experiencia-de-coliving-coworking\/","title":{"rendered":"WORKATION, tu nueva forma de viajar"},"content":{"rendered":"<div class=\"box-content\">\n<div class=\"box-text margin-botom-puntual\">\n<div class=\"col-1-2 separa-line-center\">\n<p>La pandemia nos ha cambiado la vida pero no todo es negativo. La expansi\u00f3n del teletrabajo ha venido para quedarse. Nos permite viajar de una nueva manera ya con nombre propio, que es el \u201cworkation\u201d. Qui\u00e9n puede resistir a la emoci\u00f3n de estos viajes largos.. Cuando uno no se puede olvidar de sus obligaciones, pero tiene la oportunidad de disfrutar del lugar, del mar, del buen tiempo, de la gastronom\u00eda o la cultura local, o su deporte favorito. \u00bfTe imaginas empezar el trabajo con un paseito en la playa, o con un refrescante ba\u00f1o en el mar&#8230;? Esto es workation.<\/p>\n<\/p><\/div>\n<div class=\"col-1-2\">\n<p>Puedes trabajar en los apartamentos, con una buena conexi\u00f3n wifi y amplias mesas. Pero la combinaci\u00f3n perfecta, es disponer de otro espacio para el trabajo. Nuestra recomendaci\u00f3n es el coworking m\u00e1s cool de Valencia, Vortex Playa, solo a unos pasos de Barracart. Vortex Coworking es mucho m\u00e1s que un bonito y profesional espacio de trabajo con excelentes servicios, es una verdadera comunidad que te ayuda integrarte en la vida local. Una aut\u00e9ntica experiencia de \u201ccoliving &#8211; coworking\u201d en los dos enclaves m\u00e1s solicitados de Valencia, en la Playa y en el Centro. <\/p>\n<\/p><\/div>\n<div class=\"clearfix\"><\/div>\n<\/p><\/div>\n<ul class=\"slider-home-new margin-botom-puntual owl-carousel\">\n<li>\n\t\t\t<a><br \/>\n\t\t\t\t<img decoding=\"async\" src=\"\/wp-content\/uploads\/Vortex-1.jpg\" alt=\"\"\/><br \/>\n\t\t\t<\/a>\n\t\t<\/li>\n<li>\n\t\t\t<a><br \/>\n\t\t\t\t<img decoding=\"async\" src=\"\/wp-content\/uploads\/Vortex-2.jpg\" alt=\"\"\/><br \/>\n\t\t\t<\/a>\n\t\t<\/li>\n<li>\n\t\t\t<a><br \/>\n\t\t\t\t<img decoding=\"async\" src=\"\/wp-content\/uploads\/Vortex-3.jpg\" alt=\"\"\/><br \/>\n\t\t\t<\/a>\n\t\t<\/li>\n<li>\n\t\t\t<a><br \/>\n\t\t\t\t<img decoding=\"async\" src=\"\/wp-content\/uploads\/Vortex-4.jpg\" alt=\"\"\/><br \/>\n\t\t\t<\/a>\n\t\t<\/li>\n<li>\n\t\t\t<a><br \/>\n\t\t\t\t<img decoding=\"async\" src=\"\/wp-content\/uploads\/Vortex-5.jpg\" alt=\"\"\/><br \/>\n\t\t\t<\/a>\n\t\t<\/li>\n<li>\n\t\t\t<a><br \/>\n\t\t\t\t<img decoding=\"async\" src=\"\/wp-content\/uploads\/Vortex-6.jpg\" alt=\"\"\/><br \/>\n\t\t\t<\/a>\n\t\t<\/li>\n<\/ul>\n<div class=\"box-text margin-botom-puntual sin-before\">\n<p>Con dos centros en Valencia, siempre tendr\u00e1s tu sitio. Las instalaciones cuentan con comedor\/cocina, terraza, cabina insonorizada para llamadas, o parking de bicis. La oferta de <strong><a href=\"https:\/\/vortexcoworking.es\/\" target=\"_blank\" rel=\"noopener noreferrer\">Vortex Coworking<\/a><\/strong> acopla a todo tipo de necesidades, puestos fijos, hotdesk, oficinas privadas, salas de reuniones o zonas de eventos. Con tarifas mensuales, semanales o diarias. Acceso en horario de oficinas o 24\/7. Si no encuentras la tuya, te atienden encantados con una propuesta personalizada.<\/p>\n<\/p><\/div>\n<div class=\"box-text margin-botom-puntual sin-before\">\n<p>Recomendamos nuestra tarifa \u201cLONG\u201d para estancias m\u00e1s largas, con reserva m\u00ednima a partir de tres semanas y un descuento importante seg\u00fan las fechas. Si online no sale disponibilidad para las fechas seleccionadas, cont\u00e1ctenos para explorar las posibilidades!<br \/>\n\t\tCons\u00faltenos por los apartamentos nuevos que ofrecemos exclusivamente en alquiler por temporada! Son m\u00e1s grandes y dise\u00f1ados con \u00e1rea de trabajo para estancias largas, con suministros y limpieza incluidos. <\/p>\n<\/p><\/div>\n<\/div>\n","protected":false},"excerpt":{"rendered":"<p>La pandemia nos ha cambiado la vida pero no todo es negativo. La expansi\u00f3n del teletrabajo ha venido para quedarse. Nos permite viajar de una nueva manera ya con nombre propio, que es el \u201cworkation\u201d. Qui\u00e9n puede resistir a la emoci\u00f3n de estos viajes largos.. Cuando uno no se puede olvidar de sus obligaciones, pero [&hellip;]<\/p>\n","protected":false},"author":103,"featured_media":0,"parent":0,"menu_order":0,"comment_status":"closed","ping_status":"closed","template":"","meta":{"footnotes":""},"class_list":["post-9820","page","type-page","status-publish","hentry"],"yoast_head":"<!-- This site is optimized with the Yoast SEO plugin v24.9 - https:\/\/yoast.com\/wordpress\/plugins\/seo\/ -->\n<title>Barracart: Apartamentos premium en Valencia Playa<\/title>\n<meta name=\"description\" content=\"El teletrabajo nos permite viajar de una nueva manera, disfruta de una aut\u00e9ntica experiencia de coliving - coworking en la playa de Valencia.\" \/>\n<meta name=\"robots\" content=\"index, follow, max-snippet:-1, max-image-preview:large, max-video-preview:-1\" \/>\n<link rel=\"canonical\" href=\"https:\/\/www.barracart.com\/es\/una-autentica-experiencia-de-coliving-coworking\/\" \/>\n<meta property=\"og:locale\" content=\"es_ES\" \/>\n<meta property=\"og:type\" content=\"article\" \/>\n<meta property=\"og:title\" content=\"Barracart: Apartamentos premium en Valencia Playa\" \/>\n<meta property=\"og:description\" content=\"El teletrabajo nos permite viajar de una nueva manera, disfruta de una aut\u00e9ntica experiencia de coliving - coworking en la playa de Valencia.\" \/>\n<meta property=\"og:url\" content=\"https:\/\/www.barracart.com\/es\/una-autentica-experiencia-de-coliving-coworking\/\" \/>\n<meta property=\"og:site_name\" content=\"Barracart: Apartamentos premium en Valencia Playa\" \/>\n<meta property=\"article:modified_time\" content=\"2025-06-14T21:51:01+00:00\" \/>\n<meta name=\"twitter:card\" content=\"summary_large_image\" \/>\n<meta name=\"twitter:label1\" content=\"Tiempo de lectura\" \/>\n\t<meta name=\"twitter:data1\" content=\"3 minutos\" \/>\n<script type=\"application\/ld+json\" class=\"yoast-schema-graph\">{\"@context\":\"https:\/\/schema.org\",\"@graph\":[{\"@type\":\"WebPage\",\"@id\":\"https:\/\/www.barracart.com\/es\/una-autentica-experiencia-de-coliving-coworking\/\",\"url\":\"https:\/\/www.barracart.com\/es\/una-autentica-experiencia-de-coliving-coworking\/\",\"name\":\"Barracart: Apartamentos premium en Valencia Playa\",\"isPartOf\":{\"@id\":\"https:\/\/www.barracart.com\/#website\"},\"datePublished\":\"2021-04-23T10:19:30+00:00\",\"dateModified\":\"2025-06-14T21:51:01+00:00\",\"description\":\"El teletrabajo nos permite viajar de una nueva manera, disfruta de una aut\u00e9ntica experiencia de coliving - coworking en la playa de Valencia.\",\"breadcrumb\":{\"@id\":\"https:\/\/www.barracart.com\/es\/una-autentica-experiencia-de-coliving-coworking\/#breadcrumb\"},\"inLanguage\":\"es\",\"potentialAction\":[{\"@type\":\"ReadAction\",\"target\":[\"https:\/\/www.barracart.com\/es\/una-autentica-experiencia-de-coliving-coworking\/\"]}]},{\"@type\":\"BreadcrumbList\",\"@id\":\"https:\/\/www.barracart.com\/es\/una-autentica-experiencia-de-coliving-coworking\/#breadcrumb\",\"itemListElement\":[{\"@type\":\"ListItem\",\"position\":1,\"name\":\"Home\",\"item\":\"https:\/\/www.barracart.com\/es\/\"},{\"@type\":\"ListItem\",\"position\":2,\"name\":\"WORKATION, tu nueva forma de viajar\"}]},{\"@type\":\"WebSite\",\"@id\":\"https:\/\/www.barracart.com\/#website\",\"url\":\"https:\/\/www.barracart.com\/\",\"name\":\"Barracart: Apartamentos premium en Valencia Playa\",\"description\":\"Hasta 20% de descuento reservando en nuestra web!\",\"publisher\":{\"@id\":\"https:\/\/www.barracart.com\/#organization\"},\"potentialAction\":[{\"@type\":\"SearchAction\",\"target\":{\"@type\":\"EntryPoint\",\"urlTemplate\":\"https:\/\/www.barracart.com\/?s={search_term_string}\"},\"query-input\":{\"@type\":\"PropertyValueSpecification\",\"valueRequired\":true,\"valueName\":\"search_term_string\"}}],\"inLanguage\":\"es\"},{\"@type\":\"Organization\",\"@id\":\"https:\/\/www.barracart.com\/#organization\",\"name\":\"Barracart: Apartamentos premium en Valencia Playa\",\"url\":\"https:\/\/www.barracart.com\/\",\"logo\":{\"@type\":\"ImageObject\",\"inLanguage\":\"es\",\"@id\":\"https:\/\/www.barracart.com\/#\/schema\/logo\/image\/\",\"url\":\"https:\/\/www.barracart.com\/wp-content\/uploads\/cropped-Logo_pr_r.png\",\"contentUrl\":\"https:\/\/www.barracart.com\/wp-content\/uploads\/cropped-Logo_pr_r.png\",\"width\":64,\"height\":64,\"caption\":\"Barracart: Apartamentos premium en Valencia Playa\"},\"image\":{\"@id\":\"https:\/\/www.barracart.com\/#\/schema\/logo\/image\/\"}}]}<\/script>\n<!-- \/ Yoast SEO plugin. -->","yoast_head_json":{"title":"Barracart: Apartamentos premium en Valencia Playa","description":"El teletrabajo nos permite viajar de una nueva manera, disfruta de una aut\u00e9ntica experiencia de coliving - coworking en la playa de Valencia.","robots":{"index":"index","follow":"follow","max-snippet":"max-snippet:-1","max-image-preview":"max-image-preview:large","max-video-preview":"max-video-preview:-1"},"canonical":"https:\/\/www.barracart.com\/es\/una-autentica-experiencia-de-coliving-coworking\/","og_locale":"es_ES","og_type":"article","og_title":"Barracart: Apartamentos premium en Valencia Playa","og_description":"El teletrabajo nos permite viajar de una nueva manera, disfruta de una aut\u00e9ntica experiencia de coliving - coworking en la playa de Valencia.","og_url":"https:\/\/www.barracart.com\/es\/una-autentica-experiencia-de-coliving-coworking\/","og_site_name":"Barracart: Apartamentos premium en Valencia Playa","article_modified_time":"2025-06-14T21:51:01+00:00","twitter_card":"summary_large_image","twitter_misc":{"Tiempo de lectura":"3 minutos"},"schema":{"@context":"https:\/\/schema.org","@graph":[{"@type":"WebPage","@id":"https:\/\/www.barracart.com\/es\/una-autentica-experiencia-de-coliving-coworking\/","url":"https:\/\/www.barracart.com\/es\/una-autentica-experiencia-de-coliving-coworking\/","name":"Barracart: Apartamentos premium en Valencia Playa","isPartOf":{"@id":"https:\/\/www.barracart.com\/#website"},"datePublished":"2021-04-23T10:19:30+00:00","dateModified":"2025-06-14T21:51:01+00:00","description":"El teletrabajo nos permite viajar de una nueva manera, disfruta de una aut\u00e9ntica experiencia de coliving - coworking en la playa de Valencia.","breadcrumb":{"@id":"https:\/\/www.barracart.com\/es\/una-autentica-experiencia-de-coliving-coworking\/#breadcrumb"},"inLanguage":"es","potentialAction":[{"@type":"ReadAction","target":["https:\/\/www.barracart.com\/es\/una-autentica-experiencia-de-coliving-coworking\/"]}]},{"@type":"BreadcrumbList","@id":"https:\/\/www.barracart.com\/es\/una-autentica-experiencia-de-coliving-coworking\/#breadcrumb","itemListElement":[{"@type":"ListItem","position":1,"name":"Home","item":"https:\/\/www.barracart.com\/es\/"},{"@type":"ListItem","position":2,"name":"WORKATION, tu nueva forma de viajar"}]},{"@type":"WebSite","@id":"https:\/\/www.barracart.com\/#website","url":"https:\/\/www.barracart.com\/","name":"Barracart: Apartamentos premium en Valencia Playa","description":"Hasta 20% de descuento reservando en nuestra web!","publisher":{"@id":"https:\/\/www.barracart.com\/#organization"},"potentialAction":[{"@type":"SearchAction","target":{"@type":"EntryPoint","urlTemplate":"https:\/\/www.barracart.com\/?s={search_term_string}"},"query-input":{"@type":"PropertyValueSpecification","valueRequired":true,"valueName":"search_term_string"}}],"inLanguage":"es"},{"@type":"Organization","@id":"https:\/\/www.barracart.com\/#organization","name":"Barracart: Apartamentos premium en Valencia Playa","url":"https:\/\/www.barracart.com\/","logo":{"@type":"ImageObject","inLanguage":"es","@id":"https:\/\/www.barracart.com\/#\/schema\/logo\/image\/","url":"https:\/\/www.barracart.com\/wp-content\/uploads\/cropped-Logo_pr_r.png","contentUrl":"https:\/\/www.barracart.com\/wp-content\/uploads\/cropped-Logo_pr_r.png","width":64,"height":64,"caption":"Barracart: Apartamentos premium en Valencia Playa"},"image":{"@id":"https:\/\/www.barracart.com\/#\/schema\/logo\/image\/"}}]}},"_links":{"self":[{"href":"https:\/\/www.barracart.com\/es\/wp-json\/wp\/v2\/pages\/9820","targetHints":{"allow":["GET"]}}],"collection":[{"href":"https:\/\/www.barracart.com\/es\/wp-json\/wp\/v2\/pages"}],"about":[{"href":"https:\/\/www.barracart.com\/es\/wp-json\/wp\/v2\/types\/page"}],"author":[{"embeddable":true,"href":"https:\/\/www.barracart.com\/es\/wp-json\/wp\/v2\/users\/103"}],"replies":[{"embeddable":true,"href":"https:\/\/www.barracart.com\/es\/wp-json\/wp\/v2\/comments?post=9820"}],"version-history":[{"count":8,"href":"https:\/\/www.barracart.com\/es\/wp-json\/wp\/v2\/pages\/9820\/revisions"}],"predecessor-version":[{"id":11804,"href":"https:\/\/www.barracart.com\/es\/wp-json\/wp\/v2\/pages\/9820\/revisions\/11804"}],"wp:attachment":[{"href":"https:\/\/www.barracart.com\/es\/wp-json\/wp\/v2\/media?parent=9820"}],"curies":[{"name":"wp","href":"https:\/\/api.w.org\/{rel}","templated":true}]}}