{"id":5259,"date":"2018-01-05T13:06:03","date_gmt":"2018-01-05T13:06:03","guid":{"rendered":"https:\/\/www.barracart.com\/be-part\/"},"modified":"2020-06-30T03:12:32","modified_gmt":"2020-06-30T01:12:32","slug":"be-part","status":"publish","type":"page","link":"https:\/\/www.barracart.com\/fr\/be-part\/","title":{"rendered":"Be Part"},"content":{"rendered":"<div class=\"box-content\">\n<h2 class=\"subtitulo-pag centrado\">IMMERSION CULTURELLE<\/h2>\n<div class=\"box-text-center centrado\">\n<p><span class=\"marron\">Nous sommes situ\u00e9s au c\u0153ur du quartier maritime historique de Valence, Cabanyal-Canyamelar, en pleine effervescence, avec ses traditions et ses f\u00eates spectaculaires. Profitez du <a class=\"blog-link link-normal\" href=\"https:\/\/www.visitvalencia.com\/fr\/que-faire-valencia\/culture-valencienne\" target=\"_blank\" rel=\"noopener noreferrer\">tourisme culturel<\/a> \u00e0 Valence, en toute s\u00e9curit\u00e9 et de mani\u00e8re ludique, accessible \u00e0 tous.<\/span><\/p>\n<p><span class=\"marron\">Des exp\u00e9riences uniques pour conna\u00eetre, ressentir et d\u00e9couvrir l\u2019essence d\u2019un site.<\/span><\/p>\n<p><a href=\"\/?page_id=46\">Contactez-nous pour plus d\u2019informations!<\/a><\/p>\n<\/div>\n<\/div>\n<div class=\"list-of-experiences\">\n<div>\n<h2>Programmes d&rsquo;immersion culturelle<\/h2>\n<\/div>\n<\/div>\n<div class=\"box-be-part\"><div class=\"experiences-be-part program\"><a href=\"https:\/\/www.barracart.com\/fr\/immersion-programs\/\"><div class=\"box-img\"><img loading=\"lazy\" decoding=\"async\" width=\"960\" height=\"560\" src=\"https:\/\/www.barracart.com\/wp-content\/uploads\/A_Cultural1-1.jpg\" class=\"attachment-post-thumbnail size-post-thumbnail wp-post-image\" alt=\"\" srcset=\"https:\/\/www.barracart.com\/wp-content\/uploads\/A_Cultural1-1.jpg 960w, https:\/\/www.barracart.com\/wp-content\/uploads\/A_Cultural1-1-300x175.jpg 300w, https:\/\/www.barracart.com\/wp-content\/uploads\/A_Cultural1-1-768x448.jpg 768w\" sizes=\"auto, (max-width: 960px) 100vw, 960px\" \/><\/div><p class=\"titulo-recent-post\">Cultural immersion<\/p><\/a><\/div><\/div>\n<div class=\"list-of-experiences\">\n<div>\n<h2>Exp\u00e9riences BE PART<\/h2>\n<\/div>\n<\/div>\n<div class=\"box-be-part\"><div class=\"experiences-be-part \"><a href=\"https:\/\/www.barracart.com\/fr\/gastronomy\/\"><div class=\"box-img\"><img loading=\"lazy\" decoding=\"async\" width=\"960\" height=\"560\" src=\"https:\/\/www.barracart.com\/wp-content\/uploads\/A_Gastro1.jpg\" class=\"attachment-post-thumbnail size-post-thumbnail wp-post-image\" alt=\"\" srcset=\"https:\/\/www.barracart.com\/wp-content\/uploads\/A_Gastro1.jpg 960w, https:\/\/www.barracart.com\/wp-content\/uploads\/A_Gastro1-300x175.jpg 300w, https:\/\/www.barracart.com\/wp-content\/uploads\/A_Gastro1-768x448.jpg 768w\" sizes=\"auto, (max-width: 960px) 100vw, 960px\" \/><\/div><p class=\"titulo-recent-post\">BE PART GASTRO 24-11-2018<\/p><\/a><\/div><div class=\"experiences-be-part \"><a href=\"https:\/\/www.barracart.com\/fr\/be-part-gastro-07-12-2018\/\"><div class=\"box-img\"><img loading=\"lazy\" decoding=\"async\" width=\"960\" height=\"560\" src=\"https:\/\/www.barracart.com\/wp-content\/uploads\/JPG_AGastro_2a.jpg\" class=\"attachment-post-thumbnail size-post-thumbnail wp-post-image\" alt=\"\" srcset=\"https:\/\/www.barracart.com\/wp-content\/uploads\/JPG_AGastro_2a.jpg 960w, https:\/\/www.barracart.com\/wp-content\/uploads\/JPG_AGastro_2a-300x175.jpg 300w, https:\/\/www.barracart.com\/wp-content\/uploads\/JPG_AGastro_2a-768x448.jpg 768w\" sizes=\"auto, (max-width: 960px) 100vw, 960px\" \/><\/div><p class=\"titulo-recent-post\">BE PART GASTRO 07-12-2018<\/p><\/a><\/div><div class=\"experiences-be-part \"><a href=\"https:\/\/www.barracart.com\/fr\/be-part-sport-15-12-2018\/\"><div class=\"box-img\"><img loading=\"lazy\" decoding=\"async\" width=\"960\" height=\"560\" src=\"https:\/\/www.barracart.com\/wp-content\/uploads\/A_Sport1.jpg\" class=\"attachment-post-thumbnail size-post-thumbnail wp-post-image\" alt=\"\" srcset=\"https:\/\/www.barracart.com\/wp-content\/uploads\/A_Sport1.jpg 960w, https:\/\/www.barracart.com\/wp-content\/uploads\/A_Sport1-300x175.jpg 300w, https:\/\/www.barracart.com\/wp-content\/uploads\/A_Sport1-768x448.jpg 768w\" sizes=\"auto, (max-width: 960px) 100vw, 960px\" \/><\/div><p class=\"titulo-recent-post\">BE PART SPORT 15-12-2018<\/p><\/a><\/div><div class=\"experiences-be-part \"><a href=\"https:\/\/www.barracart.com\/fr\/be-part-culture-21-12-2018\/\"><div class=\"box-img\"><img loading=\"lazy\" decoding=\"async\" width=\"960\" height=\"560\" src=\"https:\/\/www.barracart.com\/wp-content\/uploads\/JPG_ACulture_2.grail_-1.jpg\" class=\"attachment-post-thumbnail size-post-thumbnail wp-post-image\" alt=\"\" srcset=\"https:\/\/www.barracart.com\/wp-content\/uploads\/JPG_ACulture_2.grail_-1.jpg 960w, https:\/\/www.barracart.com\/wp-content\/uploads\/JPG_ACulture_2.grail_-1-300x175.jpg 300w, https:\/\/www.barracart.com\/wp-content\/uploads\/JPG_ACulture_2.grail_-1-768x448.jpg 768w\" sizes=\"auto, (max-width: 960px) 100vw, 960px\" \/><\/div><p class=\"titulo-recent-post\">BE PART CULTURE 21-12-2018<\/p><\/a><\/div><div class=\"experiences-be-part \"><a href=\"https:\/\/www.barracart.com\/fr\/be-part-gastro-12-01-2019\/\"><div class=\"box-img\"><img loading=\"lazy\" decoding=\"async\" width=\"960\" height=\"560\" src=\"https:\/\/www.barracart.com\/wp-content\/uploads\/JPG_AGastro-calcots_1-1.jpg\" class=\"attachment-post-thumbnail size-post-thumbnail wp-post-image\" alt=\"\" srcset=\"https:\/\/www.barracart.com\/wp-content\/uploads\/JPG_AGastro-calcots_1-1.jpg 960w, https:\/\/www.barracart.com\/wp-content\/uploads\/JPG_AGastro-calcots_1-1-300x175.jpg 300w, https:\/\/www.barracart.com\/wp-content\/uploads\/JPG_AGastro-calcots_1-1-768x448.jpg 768w\" sizes=\"auto, (max-width: 960px) 100vw, 960px\" \/><\/div><p class=\"titulo-recent-post\">BE PART GASTRO 12-01-2019<\/p><\/a><\/div><div class=\"experiences-be-part \"><a href=\"https:\/\/www.barracart.com\/fr\/be-part-sport\/\"><div class=\"box-img\"><img loading=\"lazy\" decoding=\"async\" width=\"960\" height=\"560\" src=\"https:\/\/www.barracart.com\/wp-content\/uploads\/JPG_ruta-turia.jpg\" class=\"attachment-post-thumbnail size-post-thumbnail wp-post-image\" alt=\"\" srcset=\"https:\/\/www.barracart.com\/wp-content\/uploads\/JPG_ruta-turia.jpg 960w, https:\/\/www.barracart.com\/wp-content\/uploads\/JPG_ruta-turia-300x175.jpg 300w, https:\/\/www.barracart.com\/wp-content\/uploads\/JPG_ruta-turia-768x448.jpg 768w\" sizes=\"auto, (max-width: 960px) 100vw, 960px\" \/><\/div><p class=\"titulo-recent-post\">BE PART SPORT 12-01-2019<\/p><\/a><\/div><div class=\"experiences-be-part \"><a href=\"https:\/\/www.barracart.com\/fr\/be-part-gastro-08-02-2019\/\"><div class=\"box-img\"><img loading=\"lazy\" decoding=\"async\" width=\"960\" height=\"560\" src=\"https:\/\/www.barracart.com\/wp-content\/uploads\/JPG_AGastro_3-1.jpg\" class=\"attachment-post-thumbnail size-post-thumbnail wp-post-image\" alt=\"\" srcset=\"https:\/\/www.barracart.com\/wp-content\/uploads\/JPG_AGastro_3-1.jpg 960w, https:\/\/www.barracart.com\/wp-content\/uploads\/JPG_AGastro_3-1-300x175.jpg 300w, https:\/\/www.barracart.com\/wp-content\/uploads\/JPG_AGastro_3-1-768x448.jpg 768w\" sizes=\"auto, (max-width: 960px) 100vw, 960px\" \/><\/div><p class=\"titulo-recent-post\">BE PART GASTRO 08-02-2019<\/p><\/a><\/div><div class=\"experiences-be-part \"><a href=\"https:\/\/www.barracart.com\/fr\/be-part-gastro-15-16-2019\/\"><div class=\"box-img\"><img loading=\"lazy\" decoding=\"async\" width=\"960\" height=\"560\" src=\"https:\/\/www.barracart.com\/wp-content\/uploads\/JPG_AGastro_4-1.jpg\" class=\"attachment-post-thumbnail size-post-thumbnail wp-post-image\" alt=\"\" srcset=\"https:\/\/www.barracart.com\/wp-content\/uploads\/JPG_AGastro_4-1.jpg 960w, https:\/\/www.barracart.com\/wp-content\/uploads\/JPG_AGastro_4-1-300x175.jpg 300w, https:\/\/www.barracart.com\/wp-content\/uploads\/JPG_AGastro_4-1-768x448.jpg 768w\" sizes=\"auto, (max-width: 960px) 100vw, 960px\" \/><\/div><p class=\"titulo-recent-post\">BE PART GASTRO 15-02-2019<\/p><\/a><\/div><\/div>\n<div class=\"list-of-experiences\">\n<div>\n<h2>Exp\u00e9riences \u201c\u00c1 la Carte\u201d<\/h2>\n<\/div>\n<\/div>\n<div class=\"box-be-part\"><div class=\"experiences-be-part \"><a href=\"https:\/\/www.barracart.com\/fr\/wine-tasting-vega-sicilia\/\"><div class=\"box-img\"><img loading=\"lazy\" decoding=\"async\" width=\"960\" height=\"560\" src=\"https:\/\/www.barracart.com\/wp-content\/uploads\/JPG_Cata-vertical-CM_En.jpg\" class=\"attachment-post-thumbnail size-post-thumbnail wp-post-image\" alt=\"\" srcset=\"https:\/\/www.barracart.com\/wp-content\/uploads\/JPG_Cata-vertical-CM_En.jpg 960w, https:\/\/www.barracart.com\/wp-content\/uploads\/JPG_Cata-vertical-CM_En-300x175.jpg 300w, https:\/\/www.barracart.com\/wp-content\/uploads\/JPG_Cata-vertical-CM_En-768x448.jpg 768w\" sizes=\"auto, (max-width: 960px) 100vw, 960px\" \/><\/div><p class=\"titulo-recent-post\">WINE TASTING VEGA SICILIA<\/p><\/a><\/div><div class=\"experiences-be-part \"><a href=\"https:\/\/www.barracart.com\/fr\/jamon-iberico-workshop\/\"><div class=\"box-img\"><img loading=\"lazy\" decoding=\"async\" width=\"960\" height=\"560\" src=\"https:\/\/www.barracart.com\/wp-content\/uploads\/JPG_taller-jamon_en.jpg\" class=\"attachment-post-thumbnail size-post-thumbnail wp-post-image\" alt=\"\" srcset=\"https:\/\/www.barracart.com\/wp-content\/uploads\/JPG_taller-jamon_en.jpg 960w, https:\/\/www.barracart.com\/wp-content\/uploads\/JPG_taller-jamon_en-300x175.jpg 300w, https:\/\/www.barracart.com\/wp-content\/uploads\/JPG_taller-jamon_en-768x448.jpg 768w\" sizes=\"auto, (max-width: 960px) 100vw, 960px\" \/><\/div><p class=\"titulo-recent-post\">\"JAM\u00d3N IB\u00c9RICO\" WORKSHOP<\/p><\/a><\/div><div class=\"experiences-be-part \"><a href=\"https:\/\/www.barracart.com\/fr\/visit-cabanyal\/\"><div class=\"box-img\"><img loading=\"lazy\" decoding=\"async\" width=\"960\" height=\"560\" src=\"https:\/\/www.barracart.com\/wp-content\/uploads\/JPG_Visita-Cabanyal_en.jpg\" class=\"attachment-post-thumbnail size-post-thumbnail wp-post-image\" alt=\"\" srcset=\"https:\/\/www.barracart.com\/wp-content\/uploads\/JPG_Visita-Cabanyal_en.jpg 960w, https:\/\/www.barracart.com\/wp-content\/uploads\/JPG_Visita-Cabanyal_en-300x175.jpg 300w, https:\/\/www.barracart.com\/wp-content\/uploads\/JPG_Visita-Cabanyal_en-768x448.jpg 768w\" sizes=\"auto, (max-width: 960px) 100vw, 960px\" \/><\/div><p class=\"titulo-recent-post\">VISIT CABANYAL<\/p><\/a><\/div><div class=\"experiences-be-part \"><a href=\"https:\/\/www.barracart.com\/fr\/wine-tour-utiel-requena\/\"><div class=\"box-img\"><img loading=\"lazy\" decoding=\"async\" width=\"960\" height=\"560\" src=\"https:\/\/www.barracart.com\/wp-content\/uploads\/JPG_rutavino_en.jpg\" class=\"attachment-post-thumbnail size-post-thumbnail wp-post-image\" alt=\"\" srcset=\"https:\/\/www.barracart.com\/wp-content\/uploads\/JPG_rutavino_en.jpg 960w, https:\/\/www.barracart.com\/wp-content\/uploads\/JPG_rutavino_en-300x175.jpg 300w, https:\/\/www.barracart.com\/wp-content\/uploads\/JPG_rutavino_en-768x448.jpg 768w\" sizes=\"auto, (max-width: 960px) 100vw, 960px\" \/><\/div><p class=\"titulo-recent-post\">WINE TOUR UTIEL-REQUENA<\/p><\/a><\/div><div class=\"experiences-be-part \"><a href=\"https:\/\/www.barracart.com\/fr\/willy-the-jeep\/\"><div class=\"box-img\"><img loading=\"lazy\" decoding=\"async\" width=\"960\" height=\"560\" src=\"https:\/\/www.barracart.com\/wp-content\/uploads\/JPG_Jeep_en.jpg\" class=\"attachment-post-thumbnail size-post-thumbnail wp-post-image\" alt=\"\" srcset=\"https:\/\/www.barracart.com\/wp-content\/uploads\/JPG_Jeep_en.jpg 960w, https:\/\/www.barracart.com\/wp-content\/uploads\/JPG_Jeep_en-300x175.jpg 300w, https:\/\/www.barracart.com\/wp-content\/uploads\/JPG_Jeep_en-768x448.jpg 768w\" sizes=\"auto, (max-width: 960px) 100vw, 960px\" \/><\/div><p class=\"titulo-recent-post\">\"WILLY\" THE JEEP<\/p><\/a><\/div><div class=\"experiences-be-part \"><a href=\"https:\/\/www.barracart.com\/fr\/holy-grail\/\"><div class=\"box-img\"><img loading=\"lazy\" decoding=\"async\" width=\"960\" height=\"560\" src=\"https:\/\/www.barracart.com\/wp-content\/uploads\/JPG_Ruta-Caliz_en.jpg\" class=\"attachment-post-thumbnail size-post-thumbnail wp-post-image\" alt=\"\" srcset=\"https:\/\/www.barracart.com\/wp-content\/uploads\/JPG_Ruta-Caliz_en.jpg 960w, https:\/\/www.barracart.com\/wp-content\/uploads\/JPG_Ruta-Caliz_en-300x175.jpg 300w, https:\/\/www.barracart.com\/wp-content\/uploads\/JPG_Ruta-Caliz_en-768x448.jpg 768w\" sizes=\"auto, (max-width: 960px) 100vw, 960px\" \/><\/div><p class=\"titulo-recent-post\">HOLY GRAIL<\/p><\/a><\/div><\/div>\n","protected":false},"excerpt":{"rendered":"<p>IMMERSION CULTURELLE Nous sommes situ\u00e9s au c\u0153ur du quartier maritime historique de Valence, Cabanyal-Canyamelar, en pleine effervescence, avec ses traditions et ses f\u00eates spectaculaires. Profitez du tourisme culturel \u00e0 Valence, en toute s\u00e9curit\u00e9 et de mani\u00e8re ludique, accessible \u00e0 tous. Des exp\u00e9riences uniques pour conna\u00eetre, ressentir et d\u00e9couvrir l\u2019essence d\u2019un site. Contactez-nous pour plus d\u2019informations! [&hellip;]<\/p>\n","protected":false},"author":103,"featured_media":0,"parent":0,"menu_order":0,"comment_status":"closed","ping_status":"closed","template":"","meta":{"footnotes":""},"class_list":["post-5259","page","type-page","status-publish","hentry"],"yoast_head":"<!-- This site is optimized with the Yoast SEO plugin v24.9 - https:\/\/yoast.com\/wordpress\/plugins\/seo\/ -->\n<title>Tourisme culturel \u00e0 Valence, dans quartier maritime Cabanyal-Canyamelar<\/title>\n<meta name=\"description\" content=\"Profitez du tourisme culturel \u00e0 Valence, d&#039;un immeuble calme et charmant, en toute s\u00e9curit\u00e9 et de mani\u00e8re ludique, accessible \u00e0 tous.\" \/>\n<meta name=\"robots\" content=\"index, follow, max-snippet:-1, max-image-preview:large, max-video-preview:-1\" \/>\n<link rel=\"canonical\" href=\"https:\/\/www.barracart.com\/fr\/be-part\/\" \/>\n<meta property=\"og:locale\" content=\"fr_FR\" \/>\n<meta property=\"og:type\" content=\"article\" \/>\n<meta property=\"og:title\" content=\"Tourisme culturel \u00e0 Valence, dans quartier maritime Cabanyal-Canyamelar\" \/>\n<meta property=\"og:description\" content=\"Profitez du tourisme culturel \u00e0 Valence, d&#039;un immeuble calme et charmant, en toute s\u00e9curit\u00e9 et de mani\u00e8re ludique, accessible \u00e0 tous.\" \/>\n<meta property=\"og:url\" content=\"https:\/\/www.barracart.com\/fr\/be-part\/\" \/>\n<meta property=\"og:site_name\" content=\"Barracart: Premium beach apartments Valencia\" \/>\n<meta property=\"article:modified_time\" content=\"2020-06-30T01:12:32+00:00\" \/>\n<meta name=\"twitter:card\" content=\"summary_large_image\" \/>\n<script type=\"application\/ld+json\" class=\"yoast-schema-graph\">{\"@context\":\"https:\/\/schema.org\",\"@graph\":[{\"@type\":\"WebPage\",\"@id\":\"https:\/\/www.barracart.com\/fr\/be-part\/\",\"url\":\"https:\/\/www.barracart.com\/fr\/be-part\/\",\"name\":\"Tourisme culturel \u00e0 Valence, dans quartier maritime Cabanyal-Canyamelar\",\"isPartOf\":{\"@id\":\"https:\/\/www.barracart.com\/#website\"},\"datePublished\":\"2018-01-05T13:06:03+00:00\",\"dateModified\":\"2020-06-30T01:12:32+00:00\",\"description\":\"Profitez du tourisme culturel \u00e0 Valence, d'un immeuble calme et charmant, en toute s\u00e9curit\u00e9 et de mani\u00e8re ludique, accessible \u00e0 tous.\",\"breadcrumb\":{\"@id\":\"https:\/\/www.barracart.com\/fr\/be-part\/#breadcrumb\"},\"inLanguage\":\"fr-FR\",\"potentialAction\":[{\"@type\":\"ReadAction\",\"target\":[\"https:\/\/www.barracart.com\/fr\/be-part\/\"]}]},{\"@type\":\"BreadcrumbList\",\"@id\":\"https:\/\/www.barracart.com\/fr\/be-part\/#breadcrumb\",\"itemListElement\":[{\"@type\":\"ListItem\",\"position\":1,\"name\":\"Home\",\"item\":\"https:\/\/www.barracart.com\/fr\/\"},{\"@type\":\"ListItem\",\"position\":2,\"name\":\"Be Part\"}]},{\"@type\":\"WebSite\",\"@id\":\"https:\/\/www.barracart.com\/#website\",\"url\":\"https:\/\/www.barracart.com\/\",\"name\":\"Barracart: Premium beach apartments Valencia\",\"description\":\"Get up to 20% discount by booking on our website!\",\"publisher\":{\"@id\":\"https:\/\/www.barracart.com\/#organization\"},\"potentialAction\":[{\"@type\":\"SearchAction\",\"target\":{\"@type\":\"EntryPoint\",\"urlTemplate\":\"https:\/\/www.barracart.com\/?s={search_term_string}\"},\"query-input\":{\"@type\":\"PropertyValueSpecification\",\"valueRequired\":true,\"valueName\":\"search_term_string\"}}],\"inLanguage\":\"fr-FR\"},{\"@type\":\"Organization\",\"@id\":\"https:\/\/www.barracart.com\/#organization\",\"name\":\"Barracart: Premium beach apartments Valencia\",\"url\":\"https:\/\/www.barracart.com\/\",\"logo\":{\"@type\":\"ImageObject\",\"inLanguage\":\"fr-FR\",\"@id\":\"https:\/\/www.barracart.com\/#\/schema\/logo\/image\/\",\"url\":\"https:\/\/www.barracart.com\/wp-content\/uploads\/cropped-Logo_pr_r.png\",\"contentUrl\":\"https:\/\/www.barracart.com\/wp-content\/uploads\/cropped-Logo_pr_r.png\",\"width\":64,\"height\":64,\"caption\":\"Barracart: Premium beach apartments Valencia\"},\"image\":{\"@id\":\"https:\/\/www.barracart.com\/#\/schema\/logo\/image\/\"}}]}<\/script>\n<!-- \/ Yoast SEO plugin. -->","yoast_head_json":{"title":"Tourisme culturel \u00e0 Valence, dans quartier maritime Cabanyal-Canyamelar","description":"Profitez du tourisme culturel \u00e0 Valence, d'un immeuble calme et charmant, en toute s\u00e9curit\u00e9 et de mani\u00e8re ludique, accessible \u00e0 tous.","robots":{"index":"index","follow":"follow","max-snippet":"max-snippet:-1","max-image-preview":"max-image-preview:large","max-video-preview":"max-video-preview:-1"},"canonical":"https:\/\/www.barracart.com\/fr\/be-part\/","og_locale":"fr_FR","og_type":"article","og_title":"Tourisme culturel \u00e0 Valence, dans quartier maritime Cabanyal-Canyamelar","og_description":"Profitez du tourisme culturel \u00e0 Valence, d'un immeuble calme et charmant, en toute s\u00e9curit\u00e9 et de mani\u00e8re ludique, accessible \u00e0 tous.","og_url":"https:\/\/www.barracart.com\/fr\/be-part\/","og_site_name":"Barracart: Premium beach apartments Valencia","article_modified_time":"2020-06-30T01:12:32+00:00","twitter_card":"summary_large_image","schema":{"@context":"https:\/\/schema.org","@graph":[{"@type":"WebPage","@id":"https:\/\/www.barracart.com\/fr\/be-part\/","url":"https:\/\/www.barracart.com\/fr\/be-part\/","name":"Tourisme culturel \u00e0 Valence, dans quartier maritime Cabanyal-Canyamelar","isPartOf":{"@id":"https:\/\/www.barracart.com\/#website"},"datePublished":"2018-01-05T13:06:03+00:00","dateModified":"2020-06-30T01:12:32+00:00","description":"Profitez du tourisme culturel \u00e0 Valence, d'un immeuble calme et charmant, en toute s\u00e9curit\u00e9 et de mani\u00e8re ludique, accessible \u00e0 tous.","breadcrumb":{"@id":"https:\/\/www.barracart.com\/fr\/be-part\/#breadcrumb"},"inLanguage":"fr-FR","potentialAction":[{"@type":"ReadAction","target":["https:\/\/www.barracart.com\/fr\/be-part\/"]}]},{"@type":"BreadcrumbList","@id":"https:\/\/www.barracart.com\/fr\/be-part\/#breadcrumb","itemListElement":[{"@type":"ListItem","position":1,"name":"Home","item":"https:\/\/www.barracart.com\/fr\/"},{"@type":"ListItem","position":2,"name":"Be Part"}]},{"@type":"WebSite","@id":"https:\/\/www.barracart.com\/#website","url":"https:\/\/www.barracart.com\/","name":"Barracart: Premium beach apartments Valencia","description":"Get up to 20% discount by booking on our website!","publisher":{"@id":"https:\/\/www.barracart.com\/#organization"},"potentialAction":[{"@type":"SearchAction","target":{"@type":"EntryPoint","urlTemplate":"https:\/\/www.barracart.com\/?s={search_term_string}"},"query-input":{"@type":"PropertyValueSpecification","valueRequired":true,"valueName":"search_term_string"}}],"inLanguage":"fr-FR"},{"@type":"Organization","@id":"https:\/\/www.barracart.com\/#organization","name":"Barracart: Premium beach apartments Valencia","url":"https:\/\/www.barracart.com\/","logo":{"@type":"ImageObject","inLanguage":"fr-FR","@id":"https:\/\/www.barracart.com\/#\/schema\/logo\/image\/","url":"https:\/\/www.barracart.com\/wp-content\/uploads\/cropped-Logo_pr_r.png","contentUrl":"https:\/\/www.barracart.com\/wp-content\/uploads\/cropped-Logo_pr_r.png","width":64,"height":64,"caption":"Barracart: Premium beach apartments Valencia"},"image":{"@id":"https:\/\/www.barracart.com\/#\/schema\/logo\/image\/"}}]}},"_links":{"self":[{"href":"https:\/\/www.barracart.com\/fr\/wp-json\/wp\/v2\/pages\/5259","targetHints":{"allow":["GET"]}}],"collection":[{"href":"https:\/\/www.barracart.com\/fr\/wp-json\/wp\/v2\/pages"}],"about":[{"href":"https:\/\/www.barracart.com\/fr\/wp-json\/wp\/v2\/types\/page"}],"author":[{"embeddable":true,"href":"https:\/\/www.barracart.com\/fr\/wp-json\/wp\/v2\/users\/103"}],"replies":[{"embeddable":true,"href":"https:\/\/www.barracart.com\/fr\/wp-json\/wp\/v2\/comments?post=5259"}],"version-history":[{"count":3,"href":"https:\/\/www.barracart.com\/fr\/wp-json\/wp\/v2\/pages\/5259\/revisions"}],"predecessor-version":[{"id":5507,"href":"https:\/\/www.barracart.com\/fr\/wp-json\/wp\/v2\/pages\/5259\/revisions\/5507"}],"wp:attachment":[{"href":"https:\/\/www.barracart.com\/fr\/wp-json\/wp\/v2\/media?parent=5259"}],"curies":[{"name":"wp","href":"https:\/\/api.w.org\/{rel}","templated":true}]}}