{"id":5267,"date":"2018-01-05T13:06:34","date_gmt":"2018-01-05T13:06:34","guid":{"rendered":"https:\/\/www.barracart.com\/contact\/"},"modified":"2020-08-26T08:45:48","modified_gmt":"2020-08-26T06:45:48","slug":"contact","status":"publish","type":"page","link":"https:\/\/www.barracart.com\/fr\/contact\/","title":{"rendered":"Contact"},"content":{"rendered":"<div class=\"box-content\">\n<div class=\"box-text-3\">\n<div class=\"colum-phone-address\">\n<div class=\"phone-whatsapp-address-gps\">\n<div class=\"col-1-4 map-address map-address-ubic\"><img decoding=\"async\" src=\"\/wp-content\/uploads\/localiza1.png\" alt=\"address\"\/><\/p>\n<p>Carrer de la Barraca 79<br \/>\n\tCabanyal-Canyamelar<br \/>\n\t46011 Valencia, Espa\u00f1a<\/p>\n<\/p><\/div>\n<div class=\"col-1-4 phone-whatsapp\"><i class=\"fa fa-phone\"><\/i><i class=\"icon-whatsapp\"><\/i><a href=\"tel:+34667856801\">+34 667 856 801<\/a><\/div>\n<div class=\"col-1-4 phone-whatsapp\"><i class=\"fa fa-envelope-o\"><\/i><a href=\"mailto:book@barracart.com\">book@barracart.com<\/a><\/div>\n<div class=\"col-1-4 map-address coordin-gps\"><img decoding=\"async\" src=\"\/wp-content\/uploads\/gps-1.png\" alt=\"gps\"\/><\/p>\n<p>N-S: 39.466687<br \/>\n\tE-W: -0.329666<\/p>\n<\/p><\/div>\n<\/p><\/div>\n<div class=\"clearfix\"><\/div>\n<\/div>\n<\/div>\n<p>\t<!--\t\n\t\n\n<div class=\"leave-us-note\">\n\t\t\n\n<div class=\"box-leave-us-note\">\n\t\t\t[contact-form-7 id=\"5739\" title=\"Leave Us a Note_fr\"]\n\t\t<\/div>\n\n\n\t<\/div>\n\n\n\t-->\t<\/p>\n<div class=\"box-text-4\">\n<div class=\"col-1-4\"><img decoding=\"async\" src=\"\/wp-content\/uploads\/bus-1.png\" alt=\"bus\" \/>Bus pour les lignes 2, 19, 31 et N1 (ligne de nuit) dans la rue \u00abCarrer de la Reina\u00bb, \u00e0 une minute \u00e0 pied.<\/p><\/div>\n<div class=\"col-1-4\"><img decoding=\"async\" src=\"\/wp-content\/uploads\/tram-1.png\" alt=\"tramway\" \/>Tramway (ligne 6) dans la rue \u00ab\u00a0Dr Lluch\u00a0\u00bb, avec connexion \u00e0 la ligne 5 du m\u00e9tro jusqu&rsquo;\u00e0 l&rsquo;a\u00e9roport, \u00e0 deux minutes \u00e0 pied.<\/p><\/div>\n<div class=\"col-1-4\"><img decoding=\"async\" src=\"\/wp-content\/uploads\/cocheparking.png\" alt=\"parking\" \/>Vous pouvez vous garer dans la rue gratuitement, ou dans le parking public \u00abMart\u00ed Grajales\u00bb \u00e0 six minutes \u00e0 pied de Barracart.<\/p><\/div>\n<div class=\"col-1-4\"><img decoding=\"async\" src=\"\/wp-content\/uploads\/avion.png\" alt=\"airport\" \/>L&rsquo;a\u00e9roport (VLC) est \u00e0 30 min. en voiture ou en m\u00e9tro avec la ligne 5 de la station de m\u00e9tro \u00ab\u00a0Mar\u00edtim-Serrer\u00eda\u00a0\u00bb.<\/p><\/div>\n<div class=\"clearfix\"><\/div>\n<\/p><\/div>\n<div id=\"map-barracart\" class=\"map-address map-barracart\">\n\t<\/div>\n<\/p><\/div>\n<\/div>\n<p><!--\n\n\n<div class=\"box-text-4\">\n\n\n<div class=\"col-1-4\"><img decoding=\"async\" src=\"\/wp-content\/uploads\/bus-1.png\" alt=\"bus\" \/>Bus for lines 2, 19, 31 and N1 (Night line) in the \u201cCarrer de la Reina\u201d street, one minute's walk away.\n\n<\/div>\n\n\n\n\n<div class=\"col-1-4\"><img decoding=\"async\" src=\"\/wp-content\/uploads\/tram-1.png\" alt=\"tramway\" \/>Tramway (Line 6) in \"Dr Lluch\" street, with connection to Metro Line 5 to the airport, at two minutes walk.\n\n<\/div>\n\n\n\n\n<div class=\"col-1-4\"><img decoding=\"async\" src=\"\/wp-content\/uploads\/cocheparking.png\" alt=\"parking\" \/>You can park in the street for free, or in public car park \u201cMart\u00ed Grajales\u201d in six minutes walk from Barracart.\n\n<\/div>\n\n\n\n\n<div class=\"col-1-4\"><img decoding=\"async\" src=\"\/wp-content\/uploads\/avion.png\" alt=\"airport\" \/>The airport (VLC) is 30 min. away by car, or by metro with Line 5 from \u201cMar\u00edtim-Serrer\u00eda\u201d metro station.\n\n<\/div>\n\n\n\n\n<div class=\"clearfix\"><\/div>\n\n\n<\/div>\n\n\n\n\n\n<div class=\"leave-us-note\">\n\t\n\n<div class=\"box-leave-us-note\">\n\t\t[contact-form-7 id=\"377\" title=\"Leave Us a Note\"]\n\t<\/div>\n\n\n<\/div>\n\n\n--><\/p>\n","protected":false},"excerpt":{"rendered":"<p>Carrer de la Barraca 79 Cabanyal-Canyamelar 46011 Valencia, Espa\u00f1a +34 667 856 801 book@barracart.com N-S: 39.466687 E-W: -0.329666 Bus pour les lignes 2, 19, 31 et N1 (ligne de nuit) dans la rue \u00abCarrer de la Reina\u00bb, \u00e0 une minute \u00e0 pied. Tramway (ligne 6) dans la rue \u00ab\u00a0Dr Lluch\u00a0\u00bb, avec connexion \u00e0 la ligne [&hellip;]<\/p>\n","protected":false},"author":103,"featured_media":0,"parent":0,"menu_order":0,"comment_status":"closed","ping_status":"closed","template":"","meta":{"footnotes":""},"class_list":["post-5267","page","type-page","status-publish","hentry"],"yoast_head":"<!-- This site is optimized with the Yoast SEO plugin v24.9 - https:\/\/yoast.com\/wordpress\/plugins\/seo\/ -->\n<title>Contact - Barracart: Premium beach apartments Valencia<\/title>\n<meta name=\"description\" content=\"Premium beach apartments in Valencia - Cabanyal-Canyamelar (Poblados Maritimos) - next to Malvarrosa Beach. Offers and contact on the official website!\" \/>\n<meta name=\"robots\" content=\"index, follow, max-snippet:-1, max-image-preview:large, max-video-preview:-1\" \/>\n<link rel=\"canonical\" href=\"https:\/\/www.barracart.com\/fr\/contact\/\" \/>\n<meta property=\"og:locale\" content=\"fr_FR\" \/>\n<meta property=\"og:type\" content=\"article\" \/>\n<meta property=\"og:title\" content=\"Contact - Barracart: Premium beach apartments Valencia\" \/>\n<meta property=\"og:description\" content=\"Premium beach apartments in Valencia - Cabanyal-Canyamelar (Poblados Maritimos) - next to Malvarrosa Beach. Offers and contact on the official website!\" \/>\n<meta property=\"og:url\" content=\"https:\/\/www.barracart.com\/fr\/contact\/\" \/>\n<meta property=\"og:site_name\" content=\"Barracart: Premium beach apartments Valencia\" \/>\n<meta property=\"article:modified_time\" content=\"2020-08-26T06:45:48+00:00\" \/>\n<meta property=\"og:image\" content=\"https:\/\/www.barracart.com\/wp-content\/uploads\/localiza1.png\" \/>\n<meta name=\"twitter:card\" content=\"summary_large_image\" \/>\n<script type=\"application\/ld+json\" class=\"yoast-schema-graph\">{\"@context\":\"https:\/\/schema.org\",\"@graph\":[{\"@type\":\"WebPage\",\"@id\":\"https:\/\/www.barracart.com\/fr\/contact\/\",\"url\":\"https:\/\/www.barracart.com\/fr\/contact\/\",\"name\":\"Contact - Barracart: Premium beach apartments Valencia\",\"isPartOf\":{\"@id\":\"https:\/\/www.barracart.com\/#website\"},\"datePublished\":\"2018-01-05T13:06:34+00:00\",\"dateModified\":\"2020-08-26T06:45:48+00:00\",\"description\":\"Premium beach apartments in Valencia - Cabanyal-Canyamelar (Poblados Maritimos) - next to Malvarrosa Beach. Offers and contact on the official website!\",\"breadcrumb\":{\"@id\":\"https:\/\/www.barracart.com\/fr\/contact\/#breadcrumb\"},\"inLanguage\":\"fr-FR\",\"potentialAction\":[{\"@type\":\"ReadAction\",\"target\":[\"https:\/\/www.barracart.com\/fr\/contact\/\"]}]},{\"@type\":\"BreadcrumbList\",\"@id\":\"https:\/\/www.barracart.com\/fr\/contact\/#breadcrumb\",\"itemListElement\":[{\"@type\":\"ListItem\",\"position\":1,\"name\":\"Home\",\"item\":\"https:\/\/www.barracart.com\/fr\/\"},{\"@type\":\"ListItem\",\"position\":2,\"name\":\"Contact\"}]},{\"@type\":\"WebSite\",\"@id\":\"https:\/\/www.barracart.com\/#website\",\"url\":\"https:\/\/www.barracart.com\/\",\"name\":\"Barracart: Premium beach apartments Valencia\",\"description\":\"Get up to 20% discount by booking on our website!\",\"publisher\":{\"@id\":\"https:\/\/www.barracart.com\/#organization\"},\"potentialAction\":[{\"@type\":\"SearchAction\",\"target\":{\"@type\":\"EntryPoint\",\"urlTemplate\":\"https:\/\/www.barracart.com\/?s={search_term_string}\"},\"query-input\":{\"@type\":\"PropertyValueSpecification\",\"valueRequired\":true,\"valueName\":\"search_term_string\"}}],\"inLanguage\":\"fr-FR\"},{\"@type\":\"Organization\",\"@id\":\"https:\/\/www.barracart.com\/#organization\",\"name\":\"Barracart: Premium beach apartments Valencia\",\"url\":\"https:\/\/www.barracart.com\/\",\"logo\":{\"@type\":\"ImageObject\",\"inLanguage\":\"fr-FR\",\"@id\":\"https:\/\/www.barracart.com\/#\/schema\/logo\/image\/\",\"url\":\"https:\/\/www.barracart.com\/wp-content\/uploads\/cropped-Logo_pr_r.png\",\"contentUrl\":\"https:\/\/www.barracart.com\/wp-content\/uploads\/cropped-Logo_pr_r.png\",\"width\":64,\"height\":64,\"caption\":\"Barracart: Premium beach apartments Valencia\"},\"image\":{\"@id\":\"https:\/\/www.barracart.com\/#\/schema\/logo\/image\/\"}}]}<\/script>\n<!-- \/ Yoast SEO plugin. -->","yoast_head_json":{"title":"Contact - Barracart: Premium beach apartments Valencia","description":"Premium beach apartments in Valencia - Cabanyal-Canyamelar (Poblados Maritimos) - next to Malvarrosa Beach. Offers and contact on the official website!","robots":{"index":"index","follow":"follow","max-snippet":"max-snippet:-1","max-image-preview":"max-image-preview:large","max-video-preview":"max-video-preview:-1"},"canonical":"https:\/\/www.barracart.com\/fr\/contact\/","og_locale":"fr_FR","og_type":"article","og_title":"Contact - Barracart: Premium beach apartments Valencia","og_description":"Premium beach apartments in Valencia - Cabanyal-Canyamelar (Poblados Maritimos) - next to Malvarrosa Beach. Offers and contact on the official website!","og_url":"https:\/\/www.barracart.com\/fr\/contact\/","og_site_name":"Barracart: Premium beach apartments Valencia","article_modified_time":"2020-08-26T06:45:48+00:00","og_image":[{"url":"https:\/\/www.barracart.com\/wp-content\/uploads\/localiza1.png","type":"","width":"","height":""}],"twitter_card":"summary_large_image","schema":{"@context":"https:\/\/schema.org","@graph":[{"@type":"WebPage","@id":"https:\/\/www.barracart.com\/fr\/contact\/","url":"https:\/\/www.barracart.com\/fr\/contact\/","name":"Contact - Barracart: Premium beach apartments Valencia","isPartOf":{"@id":"https:\/\/www.barracart.com\/#website"},"datePublished":"2018-01-05T13:06:34+00:00","dateModified":"2020-08-26T06:45:48+00:00","description":"Premium beach apartments in Valencia - Cabanyal-Canyamelar (Poblados Maritimos) - next to Malvarrosa Beach. Offers and contact on the official website!","breadcrumb":{"@id":"https:\/\/www.barracart.com\/fr\/contact\/#breadcrumb"},"inLanguage":"fr-FR","potentialAction":[{"@type":"ReadAction","target":["https:\/\/www.barracart.com\/fr\/contact\/"]}]},{"@type":"BreadcrumbList","@id":"https:\/\/www.barracart.com\/fr\/contact\/#breadcrumb","itemListElement":[{"@type":"ListItem","position":1,"name":"Home","item":"https:\/\/www.barracart.com\/fr\/"},{"@type":"ListItem","position":2,"name":"Contact"}]},{"@type":"WebSite","@id":"https:\/\/www.barracart.com\/#website","url":"https:\/\/www.barracart.com\/","name":"Barracart: Premium beach apartments Valencia","description":"Get up to 20% discount by booking on our website!","publisher":{"@id":"https:\/\/www.barracart.com\/#organization"},"potentialAction":[{"@type":"SearchAction","target":{"@type":"EntryPoint","urlTemplate":"https:\/\/www.barracart.com\/?s={search_term_string}"},"query-input":{"@type":"PropertyValueSpecification","valueRequired":true,"valueName":"search_term_string"}}],"inLanguage":"fr-FR"},{"@type":"Organization","@id":"https:\/\/www.barracart.com\/#organization","name":"Barracart: Premium beach apartments Valencia","url":"https:\/\/www.barracart.com\/","logo":{"@type":"ImageObject","inLanguage":"fr-FR","@id":"https:\/\/www.barracart.com\/#\/schema\/logo\/image\/","url":"https:\/\/www.barracart.com\/wp-content\/uploads\/cropped-Logo_pr_r.png","contentUrl":"https:\/\/www.barracart.com\/wp-content\/uploads\/cropped-Logo_pr_r.png","width":64,"height":64,"caption":"Barracart: Premium beach apartments Valencia"},"image":{"@id":"https:\/\/www.barracart.com\/#\/schema\/logo\/image\/"}}]}},"_links":{"self":[{"href":"https:\/\/www.barracart.com\/fr\/wp-json\/wp\/v2\/pages\/5267","targetHints":{"allow":["GET"]}}],"collection":[{"href":"https:\/\/www.barracart.com\/fr\/wp-json\/wp\/v2\/pages"}],"about":[{"href":"https:\/\/www.barracart.com\/fr\/wp-json\/wp\/v2\/types\/page"}],"author":[{"embeddable":true,"href":"https:\/\/www.barracart.com\/fr\/wp-json\/wp\/v2\/users\/103"}],"replies":[{"embeddable":true,"href":"https:\/\/www.barracart.com\/fr\/wp-json\/wp\/v2\/comments?post=5267"}],"version-history":[{"count":4,"href":"https:\/\/www.barracart.com\/fr\/wp-json\/wp\/v2\/pages\/5267\/revisions"}],"predecessor-version":[{"id":9337,"href":"https:\/\/www.barracart.com\/fr\/wp-json\/wp\/v2\/pages\/5267\/revisions\/9337"}],"wp:attachment":[{"href":"https:\/\/www.barracart.com\/fr\/wp-json\/wp\/v2\/media?parent=5267"}],"curies":[{"name":"wp","href":"https:\/\/api.w.org\/{rel}","templated":true}]}}