{"id":5283,"date":"2018-01-05T11:42:07","date_gmt":"2018-01-05T11:42:07","guid":{"rendered":"https:\/\/www.barracart.com\/reservation-conditions\/"},"modified":"2025-01-13T22:57:26","modified_gmt":"2025-01-13T21:57:26","slug":"conditions-generales","status":"publish","type":"page","link":"https:\/\/www.barracart.com\/fr\/conditions-generales\/","title":{"rendered":"Conditions G\u00e9n\u00e9rales"},"content":{"rendered":"<div class=\"bloque-legal-page\">\n<h3>GARANTIE ET PAIEMENT<\/h3>\n<p><\/p>\n<p class=\"parraf-legal\">Pour confirmer votre r\u00e9servation, un acompte de votre s\u00e9jour vous sera demand\u00e9, selon les termes de votre r\u00e9servation. En r\u00e8gle g\u00e9n\u00e9rale, tous les paiements doivent \u00eatre effectu\u00e9s en ligne par carte bancaire (d\u00e9bit ou cr\u00e9dit), pour laquelle nous vous fournissons un lien par e-mail, gr\u00e2ce auquel vous pourrez proc\u00e9der au paiement. Pour confirmer votre r\u00e9servation, vous devez payer 100% de la valeur de la r\u00e9servation jusqu&rsquo;\u00e0 30 jours avant le check-in, ou au moment de la r\u00e9servation dans le cas du tarif non remboursable, \u00e0 titre de paiement, ou le co\u00fbt de l\u2019annulation, le cas \u00e9ch\u00e9ant. Les paiements en esp\u00e8ces ne sont pas accept\u00e9s et nous n&rsquo;acceptons pas les donn\u00e9es de carte pour effectuer des frais. La facture sera \u00e9mise le jour du d\u00e9part, et nous en envoyons une copie sur demande. Le client est responsable du paiement anticip\u00e9 en ligne de la r\u00e9servation, des services suppl\u00e9mentaires, ou de couvrir les frais d&rsquo;annulation ou de dommages. Il peut y avoir diff\u00e9rents modes et conditions de paiement, auquel cas ils seront pr\u00e9cis\u00e9s avant la r\u00e9servation.<br \/>\nLe paiement doit \u00eatre effectu\u00e9 \u00e0 l&rsquo;avance selon les conditions d&rsquo;annulation de votre r\u00e9servation, sinon la r\u00e9servation sera annul\u00e9e. Un e-mail de rappel sera envoy\u00e9 avant de proc\u00e9der \u00e0 l&rsquo;annulation faute de confirmation. Si vous devez annuler apr\u00e8s le paiement mais toujours dans la p\u00e9riode d&rsquo;annulation gratuite de votre tarif, nous vous rembourserons le montant pay\u00e9. Pour les annulations effectu\u00e9es apr\u00e8s la p\u00e9riode d&rsquo;annulation gratuite, veuillez nous contacter.<br \/>\nLes r\u00e9servations de groupe (3 appartements ou plus) sont sujettes \u00e0 un d\u00e9p\u00f4t de 30%, payable \u00e0 la r\u00e9servation, de m\u00eame que toute r\u00e9servation d&rsquo;une dur\u00e9e \u00e0 partir de deux semaines, ou r\u00e9servations en saison estivale (juin-ao\u00fbt), en tant que garantie. Les d\u00e9p\u00f4ts sont remboursables si la r\u00e9servation est annul\u00e9e au moins trois mois avant l\u2019enregistrement, apr\u00e8s quoi elles ne seront pas rembours\u00e9es. En cas d&rsquo;annulation effectu\u00e9e jusqu&rsquo;\u00e0 deux mois avant le check-in, nous fournissons une carte-cadeau du montant de l&rsquo;acompte pour une future r\u00e9servation.<\/p>\n<h3>H\u00d4TE<\/h3>\n<p><\/p>\n<p class=\"parraf-legal\">La personne qui effectue la r\u00e9servation doit \u00eatre majeure et elle est responsable de la v\u00e9racit\u00e9 des donn\u00e9es saisies. Le nom de l\u2019h\u00f4te qui appara\u00eet sur la r\u00e9servation doit co\u00efncider avec le nom du titulaire de la carte de cr\u00e9dit utilis\u00e9e pour effectuer le paiement de la r\u00e9servation. (Sauf agences.) L\u2019h\u00f4te est responsable du paiement en ligne de la r\u00e9servation, des services suppl\u00e9mentaires, ou de couvrir les frais d&rsquo;annulation ou de dommages.<\/p>\n<h3>PROTECTION DES DONN\u00c9ES<\/h3>\n<p><\/p>\n<p class=\"parraf-legal\">Les donn\u00e9es saisies sont stock\u00e9es sur un serveur s\u00e9curis\u00e9 et nous garantissons qu\u2019elles ne seront utilis\u00e9es qu\u2019aux fins pr\u00e9vues, conform\u00e9ment \u00e0 la l\u00e9gislation en vigueur.<\/p>\n<h3>ANNULATION<\/h3>\n<p><\/p>\n<p class=\"parraf-legal\">En r\u00e8gle g\u00e9n\u00e9rale, l&rsquo;annulation est gratuite si elle est effectu\u00e9e 30 jours avant le check-in. En dehors de cette p\u00e9riode, les frais d&rsquo;annulation seront de 100% de la valeur de la r\u00e9servation. Toute modification ou annulation effectu\u00e9e en dehors de la p\u00e9riode d\u2019annulation gratuite, ou la non-pr\u00e9sentation, entra\u00eenera le paiement du montant total de la r\u00e9servation. Certains tarifs peuvent \u00eatre soumis \u00e0 des conditions d\u2019annulation diff\u00e9rentes, \u00e0 des offres sp\u00e9ciales, ou \u00eatre non remboursables, n\u2019admettant aucune annulation. Ces tarifs seront express\u00e9ment indiqu\u00e9s avant de proc\u00e9der \u00e0 la r\u00e9servation. En cas de besoin d&rsquo;annuler apr\u00e8s la p\u00e9riode d&rsquo;annulation gratuite, veuillez nous contacter. Dans le cas o\u00f9 les dates annul\u00e9es sont nouvellement r\u00e9serv\u00e9es, nous fournis-sons une Carte-Cadeau pour le montant total ou partiel &#8211; en fonction du nombre de jours re-r\u00e9serv\u00e9s &#8211; pour une future r\u00e9servation.<\/p>\n<h3>MODIFICATIONS<\/h3>\n<p><\/p>\n<p class=\"parraf-legal\">Nous nous r\u00e9servons le droit de remplacer l\u2019appartement sous contrat par un autre aux caract\u00e9ristiques similaires ou sup\u00e9rieures, dans des cas exceptionnels et justifi\u00e9s. Ces modifications n\u2019entra\u00eeneront pas de frais pour le client.<\/p>\n<h3>OCCUPATION<\/h3>\n<p><\/p>\n<p class=\"parraf-legal\">Le nombre maximal de personnes admises est d\u00e9fini dans le descriptif du tarif s\u00e9lectionn\u00e9 ainsi que dans les conditions de votre r\u00e9servation. Le tarif de base correspond \u00e0 une occupation de deux personnes, dans un lit double. Toute occupation suppl\u00e9mentaire, si elle est autoris\u00e9e, sera r\u00e9serv\u00e9e aux enfants jusqu\u2019\u00e0 9 ans dans un lit d\u2019appoint et soumise \u00e0 un tarif sp\u00e9cifique ou \u00e0 un suppl\u00e9ment par personne suppl\u00e9mentaire. Les b\u00e9b\u00e9s, l\u00e0 o\u00f9 c&rsquo;est autoris\u00e9, seront admis sous r\u00e9serve d\u2019un paiement unique pour lequel nous vous remettons un kit pour b\u00e9b\u00e9, pour un s\u00e9jour confortable. Toute occupation suppl\u00e9mentaire est soumise \u00e0 admission et suppl\u00e9ment ind\u00e9pendamment de l&rsquo;utilisation du kit b\u00e9b\u00e9, d&rsquo;un lit suppl\u00e9mentaire ou du lit existant. Pour des raisons de s\u00e9curit\u00e9, les visites aux appartements et leur utilisation par des invit\u00e9s non enregistr\u00e9s ne sont pas autoris\u00e9es. Le logement n\u2019est pas transf\u00e9rable.<\/p>\n<h3>P\u00c9RIODE D\u2019OCCUPATION<\/h3>\n<p><\/p>\n<p class=\"parraf-legal\">Les h\u00f4tes ont le droit d\u2019occuper le logement \u00e0 partir de 16 heures le premier jour de la p\u00e9riode contractuelle et jusqu\u2019\u00e0 11 heures le jour du d\u00e9part. Par accord entre les parties, un r\u00e9gime d\u2019occupation des appartements diff\u00e9rent peut \u00eatre convenu. La prolongation unilat\u00e9rale de l\u2019occupation pour une dur\u00e9e plus longue que celle pr\u00e9vue par le contrat entra\u00eenera l\u2019obligation de payer une journ\u00e9e suppl\u00e9mentaire. En cas de s\u00e9jour qui durerait plus longtemps que la p\u00e9riode souscrite, un accord devra toujours \u00eatre convenu entre les diff\u00e9rentes parties.<\/p>\n<h3>CHECK-IN<\/h3>\n<p><\/p>\n<p class=\"parraf-legal\">Par prescription l\u00e9gislative, les personnes souhaitant faire usage du logement et de ses services, doivent enregistrer leurs donn\u00e9es de documentation d&rsquo;identification aux fins de leur admission et de leur inscription au registre de l&rsquo;\u00e9tablissement. Il n\u2019y a pas de R\u00e9ception dans la propri\u00e9t\u00e9, l\u2019enregistrement se fera t\u00e9l\u00e9matiquement (auto-checkin), pour un acc\u00e8s ind\u00e9pendant \u00e0 l\u2019appartement, via un code personnalis\u00e9. L&rsquo;enregistrement peut \u00eatre effectu\u00e9 exclusivement en ligne, avant l&rsquo;arriv\u00e9e, pour laquelle nous fournissons un lien Web s\u00e9curis\u00e9. Les informations d&rsquo;acc\u00e8s seront envoy\u00e9es par e-mail au client.<\/p>\n<h3>CAUTION POUR DOMMAGES<\/h3>\n<p><\/p>\n<p class=\"parraf-legal\">Une caution de 300 \u20ac peut \u00eatre demand\u00e9e: elle sera restitu\u00e9e au moment du d\u00e9part s\u2019il n\u2019y a aucun d\u00e9faut ni dommage. Appartements Barracart se r\u00e9serve le droit, face \u00e0 tout type de dommage, de d\u00e9t\u00e9rioration ou de vol caus\u00e9s par l\u2019h\u00f4te au sein de l\u2019appartement ou de toute autre installation, de lui r\u00e9clamer l\u2019indemnisation correspondante. En cas de fumer dans l&rsquo;appartement, ce qui est express\u00e9ment interdit, la compensation demand\u00e9e sera \u00e9quivalente \u00e0 deux nuits de s\u00e9jour pour d\u00e9sodorisation.<\/p>\n<h3>UTILISATION DES INSTALLATIONS ET DES \u00c9QUIPEMENTS<\/h3>\n<p><\/p>\n<p class=\"parraf-legal\">Nos installations et nos \u00e9quipements sont en parfait \u00e9tat de service, et leur utilisation sera sujette \u00e0 la seule responsabilit\u00e9 de l\u2019h\u00f4te. Les instructions d\u2019utilisation des appareils \u00e9lectrom\u00e9nagers sont disponibles dans diff\u00e9rentes langues. Appartements Barracart n\u2019est pas responsable des r\u00e9clamations pour dommages corporels ou mat\u00e9riels vous concernant lors de l\u2019utilisation de nos \u00e9quipements ou de nos installations, et d\u00e9cline toute responsabilit\u00e9 pour tout dommage caus\u00e9 \u00e0 des tiers. Afin de garantir la s\u00e9curit\u00e9, l\u2019intimit\u00e9 et la tranquillit\u00e9 des h\u00f4tes, cet \u00e9tablissement dispose d\u2019appareils techniques de surveillance \u00e9lectronique, avec des dispositifs d\u2019enregistrement permanents, dans les couloirs et autres espaces communs. La direction d\u00e9cline toute responsabilit\u00e9 en cas de perte d\u2019argent, de documents ou d\u2019autres \u00e9l\u00e9ments de toute nature que ce soit au sein des appartements ou du b\u00e2timent, ainsi qu\u2019en cas de tout dommage caus\u00e9 par des h\u00f4tes \u00e0 des tiers.<br \/>\nEn raison du manque d&rsquo;espace \u00e0 Barracart il n&rsquo;est pas autoris\u00e9 de garer des v\u00e9los et d&rsquo;autres v\u00e9hicules, mais autour de nous il existe un large \u00e9ventail de locations de v\u00e9los, et dans notre rue il y a des plates-formes \u00e0 v\u00e9los ancr\u00e9es pour verrouillez vos v\u00e9los.\n<\/p>\n<\/div>\n","protected":false},"excerpt":{"rendered":"<p>GARANTIE ET PAIEMENT Pour confirmer votre r\u00e9servation, un acompte de votre s\u00e9jour vous sera demand\u00e9, selon les termes de votre r\u00e9servation. En r\u00e8gle g\u00e9n\u00e9rale, tous les paiements doivent \u00eatre effectu\u00e9s en ligne par carte bancaire (d\u00e9bit ou cr\u00e9dit), pour laquelle nous vous fournissons un lien par e-mail, gr\u00e2ce auquel vous pourrez proc\u00e9der au paiement. Pour [&hellip;]<\/p>\n","protected":false},"author":103,"featured_media":0,"parent":0,"menu_order":0,"comment_status":"closed","ping_status":"closed","template":"","meta":{"footnotes":""},"class_list":["post-5283","page","type-page","status-publish","hentry"],"yoast_head":"<!-- This site is optimized with the Yoast SEO plugin v24.9 - https:\/\/yoast.com\/wordpress\/plugins\/seo\/ -->\n<title>Conditions G\u00e9n\u00e9rales - Barracart: Premium beach apartments Valencia<\/title>\n<meta name=\"description\" content=\"Premium beach apartments in Valencia - Cabanyal-Canyamelar (Poblados Maritimos) - next to Malvarrosa Beach. Get your exclusive deal on the official website!\" \/>\n<meta name=\"robots\" content=\"index, follow, max-snippet:-1, max-image-preview:large, max-video-preview:-1\" \/>\n<link rel=\"canonical\" href=\"https:\/\/www.barracart.com\/fr\/conditions-generales\/\" \/>\n<meta property=\"og:locale\" content=\"fr_FR\" \/>\n<meta property=\"og:type\" content=\"article\" \/>\n<meta property=\"og:title\" content=\"Conditions G\u00e9n\u00e9rales - Barracart: Premium beach apartments Valencia\" \/>\n<meta property=\"og:description\" content=\"Premium beach apartments in Valencia - Cabanyal-Canyamelar (Poblados Maritimos) - next to Malvarrosa Beach. Get your exclusive deal on the official website!\" \/>\n<meta property=\"og:url\" content=\"https:\/\/www.barracart.com\/fr\/conditions-generales\/\" \/>\n<meta property=\"og:site_name\" content=\"Barracart: Premium beach apartments Valencia\" \/>\n<meta property=\"article:modified_time\" content=\"2025-01-13T21:57:26+00:00\" \/>\n<meta name=\"twitter:card\" content=\"summary_large_image\" \/>\n<meta name=\"twitter:label1\" content=\"Dur\u00e9e de lecture estim\u00e9e\" \/>\n\t<meta name=\"twitter:data1\" content=\"6 minutes\" \/>\n<script type=\"application\/ld+json\" class=\"yoast-schema-graph\">{\"@context\":\"https:\/\/schema.org\",\"@graph\":[{\"@type\":\"WebPage\",\"@id\":\"https:\/\/www.barracart.com\/fr\/conditions-generales\/\",\"url\":\"https:\/\/www.barracart.com\/fr\/conditions-generales\/\",\"name\":\"Conditions G\u00e9n\u00e9rales - Barracart: Premium beach apartments Valencia\",\"isPartOf\":{\"@id\":\"https:\/\/www.barracart.com\/#website\"},\"datePublished\":\"2018-01-05T11:42:07+00:00\",\"dateModified\":\"2025-01-13T21:57:26+00:00\",\"description\":\"Premium beach apartments in Valencia - Cabanyal-Canyamelar (Poblados Maritimos) - next to Malvarrosa Beach. Get your exclusive deal on the official website!\",\"breadcrumb\":{\"@id\":\"https:\/\/www.barracart.com\/fr\/conditions-generales\/#breadcrumb\"},\"inLanguage\":\"fr-FR\",\"potentialAction\":[{\"@type\":\"ReadAction\",\"target\":[\"https:\/\/www.barracart.com\/fr\/conditions-generales\/\"]}]},{\"@type\":\"BreadcrumbList\",\"@id\":\"https:\/\/www.barracart.com\/fr\/conditions-generales\/#breadcrumb\",\"itemListElement\":[{\"@type\":\"ListItem\",\"position\":1,\"name\":\"Home\",\"item\":\"https:\/\/www.barracart.com\/fr\/\"},{\"@type\":\"ListItem\",\"position\":2,\"name\":\"Conditions G\u00e9n\u00e9rales\"}]},{\"@type\":\"WebSite\",\"@id\":\"https:\/\/www.barracart.com\/#website\",\"url\":\"https:\/\/www.barracart.com\/\",\"name\":\"Barracart: Premium beach apartments Valencia\",\"description\":\"Get up to 20% discount by booking on our website!\",\"publisher\":{\"@id\":\"https:\/\/www.barracart.com\/#organization\"},\"potentialAction\":[{\"@type\":\"SearchAction\",\"target\":{\"@type\":\"EntryPoint\",\"urlTemplate\":\"https:\/\/www.barracart.com\/?s={search_term_string}\"},\"query-input\":{\"@type\":\"PropertyValueSpecification\",\"valueRequired\":true,\"valueName\":\"search_term_string\"}}],\"inLanguage\":\"fr-FR\"},{\"@type\":\"Organization\",\"@id\":\"https:\/\/www.barracart.com\/#organization\",\"name\":\"Barracart: Premium beach apartments Valencia\",\"url\":\"https:\/\/www.barracart.com\/\",\"logo\":{\"@type\":\"ImageObject\",\"inLanguage\":\"fr-FR\",\"@id\":\"https:\/\/www.barracart.com\/#\/schema\/logo\/image\/\",\"url\":\"https:\/\/www.barracart.com\/wp-content\/uploads\/cropped-Logo_pr_r.png\",\"contentUrl\":\"https:\/\/www.barracart.com\/wp-content\/uploads\/cropped-Logo_pr_r.png\",\"width\":64,\"height\":64,\"caption\":\"Barracart: Premium beach apartments Valencia\"},\"image\":{\"@id\":\"https:\/\/www.barracart.com\/#\/schema\/logo\/image\/\"}}]}<\/script>\n<!-- \/ Yoast SEO plugin. -->","yoast_head_json":{"title":"Conditions G\u00e9n\u00e9rales - Barracart: Premium beach apartments Valencia","description":"Premium beach apartments in Valencia - Cabanyal-Canyamelar (Poblados Maritimos) - next to Malvarrosa Beach. Get your exclusive deal on the official website!","robots":{"index":"index","follow":"follow","max-snippet":"max-snippet:-1","max-image-preview":"max-image-preview:large","max-video-preview":"max-video-preview:-1"},"canonical":"https:\/\/www.barracart.com\/fr\/conditions-generales\/","og_locale":"fr_FR","og_type":"article","og_title":"Conditions G\u00e9n\u00e9rales - Barracart: Premium beach apartments Valencia","og_description":"Premium beach apartments in Valencia - Cabanyal-Canyamelar (Poblados Maritimos) - next to Malvarrosa Beach. Get your exclusive deal on the official website!","og_url":"https:\/\/www.barracart.com\/fr\/conditions-generales\/","og_site_name":"Barracart: Premium beach apartments Valencia","article_modified_time":"2025-01-13T21:57:26+00:00","twitter_card":"summary_large_image","twitter_misc":{"Dur\u00e9e de lecture estim\u00e9e":"6 minutes"},"schema":{"@context":"https:\/\/schema.org","@graph":[{"@type":"WebPage","@id":"https:\/\/www.barracart.com\/fr\/conditions-generales\/","url":"https:\/\/www.barracart.com\/fr\/conditions-generales\/","name":"Conditions G\u00e9n\u00e9rales - Barracart: Premium beach apartments Valencia","isPartOf":{"@id":"https:\/\/www.barracart.com\/#website"},"datePublished":"2018-01-05T11:42:07+00:00","dateModified":"2025-01-13T21:57:26+00:00","description":"Premium beach apartments in Valencia - Cabanyal-Canyamelar (Poblados Maritimos) - next to Malvarrosa Beach. Get your exclusive deal on the official website!","breadcrumb":{"@id":"https:\/\/www.barracart.com\/fr\/conditions-generales\/#breadcrumb"},"inLanguage":"fr-FR","potentialAction":[{"@type":"ReadAction","target":["https:\/\/www.barracart.com\/fr\/conditions-generales\/"]}]},{"@type":"BreadcrumbList","@id":"https:\/\/www.barracart.com\/fr\/conditions-generales\/#breadcrumb","itemListElement":[{"@type":"ListItem","position":1,"name":"Home","item":"https:\/\/www.barracart.com\/fr\/"},{"@type":"ListItem","position":2,"name":"Conditions G\u00e9n\u00e9rales"}]},{"@type":"WebSite","@id":"https:\/\/www.barracart.com\/#website","url":"https:\/\/www.barracart.com\/","name":"Barracart: Premium beach apartments Valencia","description":"Get up to 20% discount by booking on our website!","publisher":{"@id":"https:\/\/www.barracart.com\/#organization"},"potentialAction":[{"@type":"SearchAction","target":{"@type":"EntryPoint","urlTemplate":"https:\/\/www.barracart.com\/?s={search_term_string}"},"query-input":{"@type":"PropertyValueSpecification","valueRequired":true,"valueName":"search_term_string"}}],"inLanguage":"fr-FR"},{"@type":"Organization","@id":"https:\/\/www.barracart.com\/#organization","name":"Barracart: Premium beach apartments Valencia","url":"https:\/\/www.barracart.com\/","logo":{"@type":"ImageObject","inLanguage":"fr-FR","@id":"https:\/\/www.barracart.com\/#\/schema\/logo\/image\/","url":"https:\/\/www.barracart.com\/wp-content\/uploads\/cropped-Logo_pr_r.png","contentUrl":"https:\/\/www.barracart.com\/wp-content\/uploads\/cropped-Logo_pr_r.png","width":64,"height":64,"caption":"Barracart: Premium beach apartments Valencia"},"image":{"@id":"https:\/\/www.barracart.com\/#\/schema\/logo\/image\/"}}]}},"_links":{"self":[{"href":"https:\/\/www.barracart.com\/fr\/wp-json\/wp\/v2\/pages\/5283","targetHints":{"allow":["GET"]}}],"collection":[{"href":"https:\/\/www.barracart.com\/fr\/wp-json\/wp\/v2\/pages"}],"about":[{"href":"https:\/\/www.barracart.com\/fr\/wp-json\/wp\/v2\/types\/page"}],"author":[{"embeddable":true,"href":"https:\/\/www.barracart.com\/fr\/wp-json\/wp\/v2\/users\/103"}],"replies":[{"embeddable":true,"href":"https:\/\/www.barracart.com\/fr\/wp-json\/wp\/v2\/comments?post=5283"}],"version-history":[{"count":28,"href":"https:\/\/www.barracart.com\/fr\/wp-json\/wp\/v2\/pages\/5283\/revisions"}],"predecessor-version":[{"id":11190,"href":"https:\/\/www.barracart.com\/fr\/wp-json\/wp\/v2\/pages\/5283\/revisions\/11190"}],"wp:attachment":[{"href":"https:\/\/www.barracart.com\/fr\/wp-json\/wp\/v2\/media?parent=5283"}],"curies":[{"name":"wp","href":"https:\/\/api.w.org\/{rel}","templated":true}]}}