{"id":5289,"date":"2018-01-11T08:29:50","date_gmt":"2018-01-11T08:29:50","guid":{"rendered":"https:\/\/www.barracart.com\/offers\/"},"modified":"2026-02-18T01:30:15","modified_gmt":"2026-02-18T00:30:15","slug":"offres","status":"publish","type":"page","link":"https:\/\/www.barracart.com\/fr\/offres\/","title":{"rendered":"Offres"},"content":{"rendered":"<div class=\"list-of-experiences\">\n<div>\n<h2>TROUVEZ LA MEILLEURE OFFRE POUR VOTRE H\u00c9BERGEMENT \u00c0 VALENCE<\/h2>\n<\/div>\n<\/div>\n<div class=\"box-text-center centrado\">\n<p><span class=\"marron\">Chez Barracart, chaque client est unique et appr\u00e9ciera notre hospitalit\u00e9 de mani\u00e8re directe et personnalis\u00e9e. En outre, nous proposons les meilleures offres pour votre appartement id\u00e9al \u00e0 Valence sur notre site Web officiel.<\/span><\/p>\n<p><span class=\"marron\">Si, pour une raison quelconque, vous devez annuler votre r\u00e9servation apr\u00e8s le paiement et la p\u00e9riode d&rsquo;annulation gratuite, nous fournissons une  <strong>Carte-Cadeau<\/strong> pour une future r\u00e9servation, alors que les dates annul\u00e9es ont \u00e9t\u00e9 re-r\u00e9serv\u00e9es.<\/span><\/p>\n<p><span class=\"marron\">Des informations plus d\u00e9taill\u00e9es sont disponibles dans nos <a class=\"blog-link link-normal\" href=\"https:\/\/www.barracart.com\/fr\/reservation-conditions\/\">Conditions de R\u00e9servation.<\/a><\/span><\/p>\n<\/div>\n<ul class=\"lista-ofertas\">\n<li><a href=\"https:\/\/barracart.backhotelite.com\/fr\/\"><br \/>\n<img decoding=\"async\" src=\"\/wp-content\/uploads\/1r.jpg\" \/><\/p>\n<div class=\"contenido\">\n<h3>BARRACART FOREVER<\/h3>\n<p>Une remise de 15% \u00e0 partir de sept jours de s\u00e9jour, non remboursable. Disponible jusqu&rsquo;\u00e0 30 jours avant l&rsquo;arriv\u00e9e.<\/p>\n<\/div>\n<p>&nbsp;<\/a><\/li>\n<li><a href=\"https:\/\/barracart.backhotelite.com\/fr\/\"><br \/>\n<img decoding=\"async\" src=\"\/wp-content\/uploads\/2r.jpg\" \/><\/p>\n<div class=\"contenido\">\n<h3>TARIF WEB<\/h3>\n<p>Profitez de \u00e0 partir de 5% de r\u00e9duction sur le tarif de base, annulation flexible jusqu\u2019\u00e0 30 jours avant l&rsquo;arriv\u00e9e. <\/p>\n<\/div>\n<p>&nbsp;<\/a><\/li>\n<li><a href=\"https:\/\/barracart.backhotelite.com\/fr\/\"><br \/>\n<img decoding=\"async\" src=\"\/wp-content\/uploads\/3r.jpg\" \/><\/p>\n<div class=\"contenido\">\n<h3>ON THE ROAD<\/h3>\n<p>Nous incluons une place en parking couvert et surveill\u00e9 24 h, annulation flexible jusqu\u2019\u00e0 30 jours avant l&rsquo;arriv\u00e9e.<\/p>\n<\/div>\n<p>&nbsp;<\/a><\/li>\n<li><a href=\"https:\/\/barracart.backhotelite.com\/fr\/\"><br \/>\n<img decoding=\"async\" src=\"\/wp-content\/uploads\/4r.jpg\" \/><\/p>\n<div class=\"contenido\">\n<h3>NETTOYAGE<\/h3>\n<p>Pour les r\u00e9servations de 6 nuits ou plus effectu\u00e9es directement, nous incluons un service de m\u00e9nage. Il est effectu\u00e9 \u00e0 un jour fixe et convenue.<\/p>\n<\/div>\n<p>&nbsp;<\/a><\/li>\n<li><a href=\"https:\/\/barracart.backhotelite.com\/fr\/\"><br \/>\n<img decoding=\"async\" src=\"\/wp-content\/uploads\/5r.jpg\" \/><\/p>\n<div class=\"contenido\">\n<h3>BARRACART V.I.P.<\/h3>\n<p>Une remise suppl\u00e9mentaire de 5% sur le Tarif Web pour nos clients qui souhaitent s\u00e9journer \u00e0 nouveau \u00e0 Barracart. Contactez-nous pour un code promotionnel!<\/p>\n<\/div>\n<p>&nbsp;<\/a><\/li>\n<li><a href=\"https:\/\/barracart.backhotelite.com\/fr\/\"><br \/>\n<img decoding=\"async\" src=\"\/wp-content\/uploads\/6r.jpg\" \/><\/p>\n<div class=\"contenido\">\n<h3>RABAIS DE DURABILIT\u00c9<\/h3>\n<p>Une remise forfaitaire suppl\u00e9mentaire de 5% \u00e0 partir d&rsquo;une semaine de r\u00e9servation, afin de favoriser une utilisation plus durable des ressources locales.<\/p>\n<\/div>\n<p>&nbsp;<\/a><\/li>\n<li><a href=\"https:\/\/barracart.backhotelite.com\/fr\/\"><br \/>\n<img decoding=\"async\" src=\"\/wp-content\/uploads\/7r.jpg\" \/><\/p>\n<div class=\"contenido\">\n<h3>TARIF LONG<\/h3>\n<p>Profitez d&rsquo;un s\u00e9jour long avec extra rabais, \u00e0 deux pas de la mer. Il n&rsquo;est pas disponible dans la saison estivale. S\u00e9jour minimum 21 jours. <\/p>\n<\/div>\n<p>&nbsp;<\/a><\/li>\n<li><a href=\"https:\/\/barracart.backhotelite.com\/fr\/\"><br \/>\n<img decoding=\"async\" src=\"\/wp-content\/uploads\/Barracart-cactus.jpg\" \/><\/p>\n<div class=\"contenido\">\n<h3>LOCATION SAISONNI\u00c8RE<\/h3>\n<p>Deux appartements avec services h\u00f4teliers en location saisonni\u00e8re. Passez quelques mois \u00e0 Valence! Nous \u00e9tudierons les possibilit\u00e9s!<\/p>\n<\/div>\n<p>&nbsp;<\/a><\/li>\n<li><a href=\"https:\/\/barracart.backhotelite.com\/fr\/\"><br \/>\n<img decoding=\"async\" src=\"\/wp-content\/uploads\/9r.jpg\" \/><\/p>\n<div class=\"contenido\">\n<h3>BARRACART CARTE-CADEAU<\/h3>\n<p>Demandez notre Carte Cadeau, sans date limite de r\u00e9servation, et donnez une exp\u00e9rience inoubliable dans Barracart Appartements! <\/p>\n<\/div>\n<p>&nbsp;<\/a><\/li>\n<\/ul>\n","protected":false},"excerpt":{"rendered":"<p>TROUVEZ LA MEILLEURE OFFRE POUR VOTRE H\u00c9BERGEMENT \u00c0 VALENCE Chez Barracart, chaque client est unique et appr\u00e9ciera notre hospitalit\u00e9 de mani\u00e8re directe et personnalis\u00e9e. En outre, nous proposons les meilleures offres pour votre appartement id\u00e9al \u00e0 Valence sur notre site Web officiel. Si, pour une raison quelconque, vous devez annuler votre r\u00e9servation apr\u00e8s le paiement [&hellip;]<\/p>\n","protected":false},"author":103,"featured_media":0,"parent":0,"menu_order":0,"comment_status":"closed","ping_status":"closed","template":"","meta":{"footnotes":""},"class_list":["post-5289","page","type-page","status-publish","hentry"],"yoast_head":"<!-- This site is optimized with the Yoast SEO plugin v24.9 - https:\/\/yoast.com\/wordpress\/plugins\/seo\/ -->\n<title>Les meilleures offres pour votre appartement id\u00e9al \u00e0 Valence<\/title>\n<meta name=\"description\" content=\"Profitez de les meilleures offres pour votre appartement id\u00e9al \u00e0 Valence sur notre site Web officiel. \u00c9conomisez jusqu&#039;\u00e0 20%, annulation flexible!\" \/>\n<meta name=\"robots\" content=\"index, follow, max-snippet:-1, max-image-preview:large, max-video-preview:-1\" \/>\n<link rel=\"canonical\" href=\"https:\/\/www.barracart.com\/fr\/offres\/\" \/>\n<meta property=\"og:locale\" content=\"fr_FR\" \/>\n<meta property=\"og:type\" content=\"article\" \/>\n<meta property=\"og:title\" content=\"Les meilleures offres pour votre appartement id\u00e9al \u00e0 Valence\" \/>\n<meta property=\"og:description\" content=\"Profitez de les meilleures offres pour votre appartement id\u00e9al \u00e0 Valence sur notre site Web officiel. \u00c9conomisez jusqu&#039;\u00e0 20%, annulation flexible!\" \/>\n<meta property=\"og:url\" content=\"https:\/\/www.barracart.com\/fr\/offres\/\" \/>\n<meta property=\"og:site_name\" content=\"Barracart: Premium beach apartments Valencia\" \/>\n<meta property=\"article:modified_time\" content=\"2026-02-18T00:30:15+00:00\" \/>\n<meta name=\"twitter:card\" content=\"summary_large_image\" \/>\n<meta name=\"twitter:label1\" content=\"Dur\u00e9e de lecture estim\u00e9e\" \/>\n\t<meta name=\"twitter:data1\" content=\"4 minutes\" \/>\n<script type=\"application\/ld+json\" class=\"yoast-schema-graph\">{\"@context\":\"https:\/\/schema.org\",\"@graph\":[{\"@type\":\"WebPage\",\"@id\":\"https:\/\/www.barracart.com\/fr\/offres\/\",\"url\":\"https:\/\/www.barracart.com\/fr\/offres\/\",\"name\":\"Les meilleures offres pour votre appartement id\u00e9al \u00e0 Valence\",\"isPartOf\":{\"@id\":\"https:\/\/www.barracart.com\/#website\"},\"datePublished\":\"2018-01-11T08:29:50+00:00\",\"dateModified\":\"2026-02-18T00:30:15+00:00\",\"description\":\"Profitez de les meilleures offres pour votre appartement id\u00e9al \u00e0 Valence sur notre site Web officiel. \u00c9conomisez jusqu'\u00e0 20%, annulation flexible!\",\"breadcrumb\":{\"@id\":\"https:\/\/www.barracart.com\/fr\/offres\/#breadcrumb\"},\"inLanguage\":\"fr-FR\",\"potentialAction\":[{\"@type\":\"ReadAction\",\"target\":[\"https:\/\/www.barracart.com\/fr\/offres\/\"]}]},{\"@type\":\"BreadcrumbList\",\"@id\":\"https:\/\/www.barracart.com\/fr\/offres\/#breadcrumb\",\"itemListElement\":[{\"@type\":\"ListItem\",\"position\":1,\"name\":\"Home\",\"item\":\"https:\/\/www.barracart.com\/fr\/\"},{\"@type\":\"ListItem\",\"position\":2,\"name\":\"Offres\"}]},{\"@type\":\"WebSite\",\"@id\":\"https:\/\/www.barracart.com\/#website\",\"url\":\"https:\/\/www.barracart.com\/\",\"name\":\"Barracart: Premium beach apartments Valencia\",\"description\":\"Get up to 20% discount by booking on our website!\",\"publisher\":{\"@id\":\"https:\/\/www.barracart.com\/#organization\"},\"potentialAction\":[{\"@type\":\"SearchAction\",\"target\":{\"@type\":\"EntryPoint\",\"urlTemplate\":\"https:\/\/www.barracart.com\/?s={search_term_string}\"},\"query-input\":{\"@type\":\"PropertyValueSpecification\",\"valueRequired\":true,\"valueName\":\"search_term_string\"}}],\"inLanguage\":\"fr-FR\"},{\"@type\":\"Organization\",\"@id\":\"https:\/\/www.barracart.com\/#organization\",\"name\":\"Barracart: Premium beach apartments Valencia\",\"url\":\"https:\/\/www.barracart.com\/\",\"logo\":{\"@type\":\"ImageObject\",\"inLanguage\":\"fr-FR\",\"@id\":\"https:\/\/www.barracart.com\/#\/schema\/logo\/image\/\",\"url\":\"https:\/\/www.barracart.com\/wp-content\/uploads\/cropped-Logo_pr_r.png\",\"contentUrl\":\"https:\/\/www.barracart.com\/wp-content\/uploads\/cropped-Logo_pr_r.png\",\"width\":64,\"height\":64,\"caption\":\"Barracart: Premium beach apartments Valencia\"},\"image\":{\"@id\":\"https:\/\/www.barracart.com\/#\/schema\/logo\/image\/\"}}]}<\/script>\n<!-- \/ Yoast SEO plugin. -->","yoast_head_json":{"title":"Les meilleures offres pour votre appartement id\u00e9al \u00e0 Valence","description":"Profitez de les meilleures offres pour votre appartement id\u00e9al \u00e0 Valence sur notre site Web officiel. \u00c9conomisez jusqu'\u00e0 20%, annulation flexible!","robots":{"index":"index","follow":"follow","max-snippet":"max-snippet:-1","max-image-preview":"max-image-preview:large","max-video-preview":"max-video-preview:-1"},"canonical":"https:\/\/www.barracart.com\/fr\/offres\/","og_locale":"fr_FR","og_type":"article","og_title":"Les meilleures offres pour votre appartement id\u00e9al \u00e0 Valence","og_description":"Profitez de les meilleures offres pour votre appartement id\u00e9al \u00e0 Valence sur notre site Web officiel. \u00c9conomisez jusqu'\u00e0 20%, annulation flexible!","og_url":"https:\/\/www.barracart.com\/fr\/offres\/","og_site_name":"Barracart: Premium beach apartments Valencia","article_modified_time":"2026-02-18T00:30:15+00:00","twitter_card":"summary_large_image","twitter_misc":{"Dur\u00e9e de lecture estim\u00e9e":"4 minutes"},"schema":{"@context":"https:\/\/schema.org","@graph":[{"@type":"WebPage","@id":"https:\/\/www.barracart.com\/fr\/offres\/","url":"https:\/\/www.barracart.com\/fr\/offres\/","name":"Les meilleures offres pour votre appartement id\u00e9al \u00e0 Valence","isPartOf":{"@id":"https:\/\/www.barracart.com\/#website"},"datePublished":"2018-01-11T08:29:50+00:00","dateModified":"2026-02-18T00:30:15+00:00","description":"Profitez de les meilleures offres pour votre appartement id\u00e9al \u00e0 Valence sur notre site Web officiel. \u00c9conomisez jusqu'\u00e0 20%, annulation flexible!","breadcrumb":{"@id":"https:\/\/www.barracart.com\/fr\/offres\/#breadcrumb"},"inLanguage":"fr-FR","potentialAction":[{"@type":"ReadAction","target":["https:\/\/www.barracart.com\/fr\/offres\/"]}]},{"@type":"BreadcrumbList","@id":"https:\/\/www.barracart.com\/fr\/offres\/#breadcrumb","itemListElement":[{"@type":"ListItem","position":1,"name":"Home","item":"https:\/\/www.barracart.com\/fr\/"},{"@type":"ListItem","position":2,"name":"Offres"}]},{"@type":"WebSite","@id":"https:\/\/www.barracart.com\/#website","url":"https:\/\/www.barracart.com\/","name":"Barracart: Premium beach apartments Valencia","description":"Get up to 20% discount by booking on our website!","publisher":{"@id":"https:\/\/www.barracart.com\/#organization"},"potentialAction":[{"@type":"SearchAction","target":{"@type":"EntryPoint","urlTemplate":"https:\/\/www.barracart.com\/?s={search_term_string}"},"query-input":{"@type":"PropertyValueSpecification","valueRequired":true,"valueName":"search_term_string"}}],"inLanguage":"fr-FR"},{"@type":"Organization","@id":"https:\/\/www.barracart.com\/#organization","name":"Barracart: Premium beach apartments Valencia","url":"https:\/\/www.barracart.com\/","logo":{"@type":"ImageObject","inLanguage":"fr-FR","@id":"https:\/\/www.barracart.com\/#\/schema\/logo\/image\/","url":"https:\/\/www.barracart.com\/wp-content\/uploads\/cropped-Logo_pr_r.png","contentUrl":"https:\/\/www.barracart.com\/wp-content\/uploads\/cropped-Logo_pr_r.png","width":64,"height":64,"caption":"Barracart: Premium beach apartments Valencia"},"image":{"@id":"https:\/\/www.barracart.com\/#\/schema\/logo\/image\/"}}]}},"_links":{"self":[{"href":"https:\/\/www.barracart.com\/fr\/wp-json\/wp\/v2\/pages\/5289","targetHints":{"allow":["GET"]}}],"collection":[{"href":"https:\/\/www.barracart.com\/fr\/wp-json\/wp\/v2\/pages"}],"about":[{"href":"https:\/\/www.barracart.com\/fr\/wp-json\/wp\/v2\/types\/page"}],"author":[{"embeddable":true,"href":"https:\/\/www.barracart.com\/fr\/wp-json\/wp\/v2\/users\/103"}],"replies":[{"embeddable":true,"href":"https:\/\/www.barracart.com\/fr\/wp-json\/wp\/v2\/comments?post=5289"}],"version-history":[{"count":43,"href":"https:\/\/www.barracart.com\/fr\/wp-json\/wp\/v2\/pages\/5289\/revisions"}],"predecessor-version":[{"id":11863,"href":"https:\/\/www.barracart.com\/fr\/wp-json\/wp\/v2\/pages\/5289\/revisions\/11863"}],"wp:attachment":[{"href":"https:\/\/www.barracart.com\/fr\/wp-json\/wp\/v2\/media?parent=5289"}],"curies":[{"name":"wp","href":"https:\/\/api.w.org\/{rel}","templated":true}]}}