{"id":5292,"date":"2018-01-11T08:29:15","date_gmt":"2018-01-11T08:29:15","guid":{"rendered":"https:\/\/www.barracart.com\/services\/"},"modified":"2022-01-30T19:29:49","modified_gmt":"2022-01-30T18:29:49","slug":"services","status":"publish","type":"page","link":"https:\/\/www.barracart.com\/fr\/services\/","title":{"rendered":"Services"},"content":{"rendered":"<h2 class=\"subtitulo-pag-interna\">APPARTEMENTS SERVIS SANS CONTACT<\/h2>\n<div class=\"bloques-servicios\">\n<div class=\"bloque-servicios-1 col-1-2\">\n<h2 class=\"centrado\">GRATUIT<\/h2>\n<div class=\"box-servicios-1\">\n<div class=\"service\">\n<p><img decoding=\"async\" class=\"centrado\" src=\"\/wp-content\/uploads\/libreria.png\" alt=\"library\" \/><\/p>\n<p class=\"centrado\">BIBLIOTHEQUE\n<\/p>\n<\/div>\n<div class=\"service\">\n<p><img decoding=\"async\" class=\"centrado\" src=\"\/wp-content\/uploads\/24h.png\" alt=\"service-24h\" \/><\/p>\n<p class=\"centrado\">ATTENTION AU CLIENT\n<\/p>\n<\/div>\n<div class=\"service\">\n<p><img decoding=\"async\" class=\"centrado\" src=\"\/wp-content\/uploads\/lugagge.png\" alt=\"luggage-storage\" \/><\/p>\n<p class=\"centrado\">STOCKAGE DES BAGAGES\n<\/p>\n<\/div>\n<div class=\"service\">\n<p><img decoding=\"async\" class=\"centrado\" src=\"\/wp-content\/uploads\/checkin.png\" alt=\"flexible-checkin\" \/><\/p>\n<p class=\"centrado\">ACC\u00c8S SANS CONTACT\n<\/p>\n<\/div>\n<div class=\"service\">\n<p><img decoding=\"async\" class=\"centrado\" src=\"\/wp-content\/uploads\/limpieza.png\" alt=\"cleaning\" \/><\/p>\n<p class=\"centrado\">NETTOYAGE R\u00c9GULIER\n<\/p>\n<\/div>\n<div class=\"service\">\n<p><img decoding=\"async\" class=\"centrado\" src=\"\/wp-content\/uploads\/amenities.png\" alt=\"highchair\" \/><\/p>\n<p class=\"centrado\">AMENITIES\n<\/p>\n<\/div>\n<div class=\"service\">\n<p><img decoding=\"async\" class=\"centrado\" src=\"\/wp-content\/uploads\/wifi-1.png\" alt=\"wifi\" \/><\/p>\n<p class=\"centrado\">WIFI\n<\/p>\n<\/div>\n<div class=\"service\">\n<p><img decoding=\"async\" class=\"centrado\" src=\"\/wp-content\/uploads\/bandeja-bienve.png\" alt=\"turism-information\" \/><\/p>\n<p class=\"centrado\">BOISSONS BIENVENUE\n<\/p>\n<\/div>\n<div class=\"service\">\n<p><img decoding=\"async\" class=\"centrado\" src=\"\/wp-content\/uploads\/info.png\" alt=\"turism-information\" \/><\/p>\n<p class=\"centrado\">APP TOURISTIQUE\n<\/p>\n<\/div>\n<\/div>\n<div class=\"clearfix\"><\/div>\n<\/div>\n<div class=\"bloque-servicios-2 col-1-2\">\n<h2 class=\"centrado\">POUR UN FRAIS SUPPL\u00c9MENTAIRE<\/h2>\n<div class=\"box-servicios-2\">\n<div class=\"service\">\n<p><img decoding=\"async\" class=\"centrado\" src=\"\/wp-content\/uploads\/breakfast1.png\" alt=\"breakfast\" \/><\/p>\n<p class=\"centrado\">PACK ALIMENTAIRE\n<\/p>\n<\/div>\n<div class=\"service\">\n<p><img decoding=\"async\" class=\"centrado\" src=\"\/wp-content\/uploads\/avion.png\" alt=\"airport-transport\" \/><\/p>\n<p class=\"centrado\">NAVETTE A\u00c9ROPORT<\/p>\n<\/div>\n<div class=\"service\">\n<p><img decoding=\"async\" class=\"centrado\" src=\"\/wp-content\/uploads\/meetingroom.png\" alt=\"business-room\" \/><\/p>\n<p class=\"centrado\">SALLE DE R\u00c9UNION<\/p>\n<\/div>\n<div class=\"service\">\n<p><img decoding=\"async\" class=\"centrado\" src=\"\/wp-content\/uploads\/parking-1.png\" alt=\"parking-service\" \/><\/p>\n<p class=\"centrado\">PARKING PUBLIC\n<\/p>\n<\/div>\n<div class=\"service\">\n<p><img decoding=\"async\" class=\"centrado\" src=\"\/wp-content\/uploads\/bici.png\" alt=\"bicycle\" \/><\/p>\n<p class=\"centrado\">V\u00c9LOS<\/p>\n<\/div>\n<div class=\"service\">\n<p><img decoding=\"async\" class=\"centrado\" src=\"\/wp-content\/uploads\/compra-food.png\" alt=\"shoping\" \/><\/p>\n<p class=\"centrado\">COURSES ALIMENTAIRES<\/p>\n<\/div>\n<div class=\"service\">\n<p><img decoding=\"async\" class=\"centrado\" src=\"\/wp-content\/uploads\/towels.png\" alt=\"charge-towels\" \/><\/p>\n<p class=\"centrado\">+ SERVIETTES<\/p>\n<\/div>\n<div class=\"service\">\n<p><img decoding=\"async\" class=\"centrado\" src=\"\/wp-content\/uploads\/bb-movil.png\" alt=\"highchair\" \/><\/p>\n<p class=\"centrado\">KIT B\u00c9B\u00c9<\/p>\n<\/div>\n<div class=\"service\">\n<p><img decoding=\"async\" class=\"centrado\" src=\"\/wp-content\/uploads\/beech.png\" alt=\"charge-linen\" \/><\/p>\n<p class=\"centrado\">KIT PLAGE<\/p>\n<\/div>\n<\/div>\n<div class=\"clearfix\"><\/div>\n<\/div>\n<\/div>\n","protected":false},"excerpt":{"rendered":"<p>APPARTEMENTS SERVIS SANS CONTACT GRATUIT BIBLIOTHEQUE ATTENTION AU CLIENT STOCKAGE DES BAGAGES ACC\u00c8S SANS CONTACT NETTOYAGE R\u00c9GULIER AMENITIES WIFI BOISSONS BIENVENUE APP TOURISTIQUE POUR UN FRAIS SUPPL\u00c9MENTAIRE PACK ALIMENTAIRE NAVETTE A\u00c9ROPORT SALLE DE R\u00c9UNION PARKING PUBLIC V\u00c9LOS COURSES ALIMENTAIRES + SERVIETTES KIT B\u00c9B\u00c9 KIT PLAGE<\/p>\n","protected":false},"author":103,"featured_media":0,"parent":0,"menu_order":0,"comment_status":"closed","ping_status":"closed","template":"","meta":{"footnotes":""},"class_list":["post-5292","page","type-page","status-publish","hentry"],"yoast_head":"<!-- This site is optimized with the Yoast SEO plugin v24.9 - https:\/\/yoast.com\/wordpress\/plugins\/seo\/ -->\n<title>Appartements avec services sans contact \u00e0 la plage de Valence.<\/title>\n<meta name=\"description\" content=\"Appartements avec services sans contact \u00e0 la plage de Valence. Nettoyage des chambres, bagagerie, v\u00e9los, navette a\u00e9roport, service client 24\/7, wifi gratis.\" \/>\n<meta name=\"robots\" content=\"index, follow, max-snippet:-1, max-image-preview:large, max-video-preview:-1\" \/>\n<link rel=\"canonical\" href=\"https:\/\/www.barracart.com\/fr\/services\/\" \/>\n<meta property=\"og:locale\" content=\"fr_FR\" \/>\n<meta property=\"og:type\" content=\"article\" \/>\n<meta property=\"og:title\" content=\"Appartements avec services sans contact \u00e0 la plage de Valence.\" \/>\n<meta property=\"og:description\" content=\"Appartements avec services sans contact \u00e0 la plage de Valence. Nettoyage des chambres, bagagerie, v\u00e9los, navette a\u00e9roport, service client 24\/7, wifi gratis.\" \/>\n<meta property=\"og:url\" content=\"https:\/\/www.barracart.com\/fr\/services\/\" \/>\n<meta property=\"og:site_name\" content=\"Barracart: Premium beach apartments Valencia\" \/>\n<meta property=\"article:modified_time\" content=\"2022-01-30T18:29:49+00:00\" \/>\n<meta property=\"og:image\" content=\"https:\/\/www.barracart.com\/wp-content\/uploads\/libreria.png\" \/>\n<meta name=\"twitter:card\" content=\"summary_large_image\" \/>\n<script type=\"application\/ld+json\" class=\"yoast-schema-graph\">{\"@context\":\"https:\/\/schema.org\",\"@graph\":[{\"@type\":\"WebPage\",\"@id\":\"https:\/\/www.barracart.com\/fr\/services\/\",\"url\":\"https:\/\/www.barracart.com\/fr\/services\/\",\"name\":\"Appartements avec services sans contact \u00e0 la plage de Valence.\",\"isPartOf\":{\"@id\":\"https:\/\/www.barracart.com\/#website\"},\"datePublished\":\"2018-01-11T08:29:15+00:00\",\"dateModified\":\"2022-01-30T18:29:49+00:00\",\"description\":\"Appartements avec services sans contact \u00e0 la plage de Valence. Nettoyage des chambres, bagagerie, v\u00e9los, navette a\u00e9roport, service client 24\/7, wifi gratis.\",\"breadcrumb\":{\"@id\":\"https:\/\/www.barracart.com\/fr\/services\/#breadcrumb\"},\"inLanguage\":\"fr-FR\",\"potentialAction\":[{\"@type\":\"ReadAction\",\"target\":[\"https:\/\/www.barracart.com\/fr\/services\/\"]}]},{\"@type\":\"BreadcrumbList\",\"@id\":\"https:\/\/www.barracart.com\/fr\/services\/#breadcrumb\",\"itemListElement\":[{\"@type\":\"ListItem\",\"position\":1,\"name\":\"Home\",\"item\":\"https:\/\/www.barracart.com\/fr\/\"},{\"@type\":\"ListItem\",\"position\":2,\"name\":\"Services\"}]},{\"@type\":\"WebSite\",\"@id\":\"https:\/\/www.barracart.com\/#website\",\"url\":\"https:\/\/www.barracart.com\/\",\"name\":\"Barracart: Premium beach apartments Valencia\",\"description\":\"Get up to 20% discount by booking on our website!\",\"publisher\":{\"@id\":\"https:\/\/www.barracart.com\/#organization\"},\"potentialAction\":[{\"@type\":\"SearchAction\",\"target\":{\"@type\":\"EntryPoint\",\"urlTemplate\":\"https:\/\/www.barracart.com\/?s={search_term_string}\"},\"query-input\":{\"@type\":\"PropertyValueSpecification\",\"valueRequired\":true,\"valueName\":\"search_term_string\"}}],\"inLanguage\":\"fr-FR\"},{\"@type\":\"Organization\",\"@id\":\"https:\/\/www.barracart.com\/#organization\",\"name\":\"Barracart: Premium beach apartments Valencia\",\"url\":\"https:\/\/www.barracart.com\/\",\"logo\":{\"@type\":\"ImageObject\",\"inLanguage\":\"fr-FR\",\"@id\":\"https:\/\/www.barracart.com\/#\/schema\/logo\/image\/\",\"url\":\"https:\/\/www.barracart.com\/wp-content\/uploads\/cropped-Logo_pr_r.png\",\"contentUrl\":\"https:\/\/www.barracart.com\/wp-content\/uploads\/cropped-Logo_pr_r.png\",\"width\":64,\"height\":64,\"caption\":\"Barracart: Premium beach apartments Valencia\"},\"image\":{\"@id\":\"https:\/\/www.barracart.com\/#\/schema\/logo\/image\/\"}}]}<\/script>\n<!-- \/ Yoast SEO plugin. -->","yoast_head_json":{"title":"Appartements avec services sans contact \u00e0 la plage de Valence.","description":"Appartements avec services sans contact \u00e0 la plage de Valence. Nettoyage des chambres, bagagerie, v\u00e9los, navette a\u00e9roport, service client 24\/7, wifi gratis.","robots":{"index":"index","follow":"follow","max-snippet":"max-snippet:-1","max-image-preview":"max-image-preview:large","max-video-preview":"max-video-preview:-1"},"canonical":"https:\/\/www.barracart.com\/fr\/services\/","og_locale":"fr_FR","og_type":"article","og_title":"Appartements avec services sans contact \u00e0 la plage de Valence.","og_description":"Appartements avec services sans contact \u00e0 la plage de Valence. Nettoyage des chambres, bagagerie, v\u00e9los, navette a\u00e9roport, service client 24\/7, wifi gratis.","og_url":"https:\/\/www.barracart.com\/fr\/services\/","og_site_name":"Barracart: Premium beach apartments Valencia","article_modified_time":"2022-01-30T18:29:49+00:00","og_image":[{"url":"https:\/\/www.barracart.com\/wp-content\/uploads\/libreria.png","type":"","width":"","height":""}],"twitter_card":"summary_large_image","schema":{"@context":"https:\/\/schema.org","@graph":[{"@type":"WebPage","@id":"https:\/\/www.barracart.com\/fr\/services\/","url":"https:\/\/www.barracart.com\/fr\/services\/","name":"Appartements avec services sans contact \u00e0 la plage de Valence.","isPartOf":{"@id":"https:\/\/www.barracart.com\/#website"},"datePublished":"2018-01-11T08:29:15+00:00","dateModified":"2022-01-30T18:29:49+00:00","description":"Appartements avec services sans contact \u00e0 la plage de Valence. Nettoyage des chambres, bagagerie, v\u00e9los, navette a\u00e9roport, service client 24\/7, wifi gratis.","breadcrumb":{"@id":"https:\/\/www.barracart.com\/fr\/services\/#breadcrumb"},"inLanguage":"fr-FR","potentialAction":[{"@type":"ReadAction","target":["https:\/\/www.barracart.com\/fr\/services\/"]}]},{"@type":"BreadcrumbList","@id":"https:\/\/www.barracart.com\/fr\/services\/#breadcrumb","itemListElement":[{"@type":"ListItem","position":1,"name":"Home","item":"https:\/\/www.barracart.com\/fr\/"},{"@type":"ListItem","position":2,"name":"Services"}]},{"@type":"WebSite","@id":"https:\/\/www.barracart.com\/#website","url":"https:\/\/www.barracart.com\/","name":"Barracart: Premium beach apartments Valencia","description":"Get up to 20% discount by booking on our website!","publisher":{"@id":"https:\/\/www.barracart.com\/#organization"},"potentialAction":[{"@type":"SearchAction","target":{"@type":"EntryPoint","urlTemplate":"https:\/\/www.barracart.com\/?s={search_term_string}"},"query-input":{"@type":"PropertyValueSpecification","valueRequired":true,"valueName":"search_term_string"}}],"inLanguage":"fr-FR"},{"@type":"Organization","@id":"https:\/\/www.barracart.com\/#organization","name":"Barracart: Premium beach apartments Valencia","url":"https:\/\/www.barracart.com\/","logo":{"@type":"ImageObject","inLanguage":"fr-FR","@id":"https:\/\/www.barracart.com\/#\/schema\/logo\/image\/","url":"https:\/\/www.barracart.com\/wp-content\/uploads\/cropped-Logo_pr_r.png","contentUrl":"https:\/\/www.barracart.com\/wp-content\/uploads\/cropped-Logo_pr_r.png","width":64,"height":64,"caption":"Barracart: Premium beach apartments Valencia"},"image":{"@id":"https:\/\/www.barracart.com\/#\/schema\/logo\/image\/"}}]}},"_links":{"self":[{"href":"https:\/\/www.barracart.com\/fr\/wp-json\/wp\/v2\/pages\/5292","targetHints":{"allow":["GET"]}}],"collection":[{"href":"https:\/\/www.barracart.com\/fr\/wp-json\/wp\/v2\/pages"}],"about":[{"href":"https:\/\/www.barracart.com\/fr\/wp-json\/wp\/v2\/types\/page"}],"author":[{"embeddable":true,"href":"https:\/\/www.barracart.com\/fr\/wp-json\/wp\/v2\/users\/103"}],"replies":[{"embeddable":true,"href":"https:\/\/www.barracart.com\/fr\/wp-json\/wp\/v2\/comments?post=5292"}],"version-history":[{"count":9,"href":"https:\/\/www.barracart.com\/fr\/wp-json\/wp\/v2\/pages\/5292\/revisions"}],"predecessor-version":[{"id":10113,"href":"https:\/\/www.barracart.com\/fr\/wp-json\/wp\/v2\/pages\/5292\/revisions\/10113"}],"wp:attachment":[{"href":"https:\/\/www.barracart.com\/fr\/wp-json\/wp\/v2\/media?parent=5292"}],"curies":[{"name":"wp","href":"https:\/\/api.w.org\/{rel}","templated":true}]}}