{"id":8967,"date":"2018-01-10T08:16:10","date_gmt":"2018-01-10T08:16:10","guid":{"rendered":"https:\/\/www.barracart.com\/apartments-2\/"},"modified":"2023-01-28T20:36:48","modified_gmt":"2023-01-28T19:36:48","slug":"apartments-2","status":"publish","type":"page","link":"https:\/\/www.barracart.com\/hu\/","title":{"rendered":"Barracart"},"content":{"rendered":"<div class=\"box-content\">\n<div class=\"box-text margin-botom-puntual\">\n<div class=\"col-1-2 separa-line-center\">\n<p>Pr\u00e9mium tengerparti apartmanok Valenci\u00e1ban, egy igazi t\u00f6rt\u00e9nelmi, \u00e9l\u0151 hagyom\u00e1nyokt\u00f3l \u00e9s l\u00e1tv\u00e1nyos \u00fcnneps\u00e9gekt\u0151l sz\u00ednes hal\u00e1sznegyed sz\u00edv\u00e9ben. Fedezze fel Valenci\u00e1t a Barracart-b\u00f3l, egy eredeti nagypolg\u00e1ri modernista \u00e9p\u00fcletb\u0151l mely t\u00f6k\u00e9letesen illeszkedik a k\u00f6rnyezet\u00e9be.<\/p>\n<\/div>\n<div class=\"col-1-2\">\n<p>Projekt\u00fcnk azzal a sz\u00e1nd\u00e9kkal sz\u00fcletett, hogy tart\u00f3zkod\u00e1s\u00e1t egyedi \u00e9s kiv\u00e9teles \u00e9lm\u00e9nny\u00e9 tegye, ami az \u00d6n ig\u00e9nyeihez \u00e9s \u00e9rdekl\u0151d\u00e9s\u00e9hez igazodik. Egyed\u00fcl\u00e1ll\u00f3 k\u00f6rnyezetben, lehet\u0151s\u00e9get ny\u00fajtson a komplett kultur\u00e1lis inmerzi\u00f3 megtapasztal\u00e1s\u00e1ra.<\/p>\n<\/div>\n<div class=\"clearfix\"><\/div>\n<\/div>\n<ul class=\"sinbefore citas-medios-slider owl-carousel\">\n<li class=\"cursiva\">\n<p>\u201cEz a h\u00e9t hihetetlen\u00fcl st\u00edlusos apartman ugyanazon csal\u00e1d tulajdon\u00e1ban van, mint a kedvelt <a href=\"https:\/\/www.emilianobodega.com\/en\" target=\"_blank\" rel=\"noopener noreferrer\">CASA MONTA\u00d1A \u00e9tterem<\/a>. Valencia shabby-chic tengerparti negyed\u00e9ben tal\u00e1lhat\u00f3ak ami renesz\u00e1nsz\u00e1t \u00e9li.\u201d<\/p>\n<p><a class=\"blog-link autor-cita\" href=\"https:\/\/www.telegraph.co.uk\/travel\/destinations\/europe\/spain\/valencia\/hotels\/barracart-apartments-hotel\/\" target=\"_blank\" rel=\"noopener noreferrer\">The Telegraph<\/a>\n<\/li>\n<li class=\"cursiva\">\n<p>\u201cA valenciai Cabanyal negyedben, egy r\u00e9gi 19. sz\u00e1zadi polg\u00e1ri h\u00e1z s\u00e1rmos pr\u00e9mium apartmanok form\u00e1j\u00e1ban sz\u00fcletik \u00fajj\u00e1. Neve egyes\u00edti az utc\u00e1t &#8211; Barraca &#8211; ahol tal\u00e1lhat\u00f3, a m\u0171v\u00e9szettel ami a falait fedi, antik b\u00fatorok, festm\u00e9nyek, k\u00f6nyvek \u00e9s illusztr\u00e1ci\u00f3k form\u00e1j\u00e1ban. Minden automatiz\u00e1lt, \u00edgy nem kell hogy tal\u00e1lkozz senkivel, hacsak nem szeretn\u00e9l..\u201d<\/p>\n<p><a class=\"blog-link autor-cita\" href=\"https:\/\/www.guiarepsol.com\/es\/dormir\/como-en-casa\/apartamentos-barracart-valencia\/\" target=\"_blank\" rel=\"noopener noreferrer\">Gu\u00eda Repsol<\/a>\n<\/li>\n<li class=\"cursiva\">\n<p>\u201cBarracart, Emiliano Garc\u00eda \u00e9s Olga \u00f6lel\u00e9se a Cabanyal fel\u00e9.. A leg\u00fajabb technol\u00f3gi\u00e1val felszerelt min\u0151s\u00e9gi tengerparti apartmanok Valenci\u00e1ban, melyek \u0151rzik a m\u00falt sz\u00e1zad eleji polg\u00e1ri h\u00e1zak var\u00e1zs\u00e1t.\u201d<\/p>\n<p><a class=\"blog-link autor-cita\" href=\"https:\/\/www.elmundo.es\/comunidad-valenciana\/2017\/01\/30\/588e2781268e3e83598b465f.html\" target=\"_blank\" rel=\"noopener noreferrer\">El Mundo<\/a>\n<\/li>\n<li class=\"cursiva\">\n<p>\u201cA Barracart \u00e9s a k\u00f6rny\u00e9k k\u00f6z\u00f6tti kapcsolat egy\u00e9rtelm\u0171. Festm\u00e9nyek, fot\u00f3k \u00e9s k\u00f6nyvek eml\u00e9keztetik a l\u00e1togat\u00f3t a Cabanyal gazdags\u00e1g\u00e1ra \u00e9s karakter\u00e9re. Ez a r\u00e9gi, tenger\u00e9szek \u00e9s hal\u00e1szok lakta, sz\u00ednes csemp\u00e9s modernista h\u00e1zas lak\u00f3negyed, melynek t\u00e1gas tengerpartja olyan m\u0171v\u00e9szeket inspir\u00e1lt mint Sorolla vagy Blasco Ib\u00e1\u00f1ez.\u201d<\/p>\n<p><a class=\"blog-link autor-cita\" href=\"https:\/\/5barricas.valenciaplaza.com\/barracart-el-abrazo-de-emiliano-garcia-y-olga-al-cabanyal\/\" target=\"_blank\" rel=\"noopener noreferrer\">5Barricas \/ Valencia Plaza<\/a>\n<\/li>\n<\/ul>\n<ul class=\"slider-home-new owl-carousel\">\n<li>\n\t\t<a href=\"\/?page_id=36#duplex-deluxe-with-terrace\"><br \/>\n\t\t\t<img decoding=\"async\" src=\"\/wp-content\/uploads\/7.17.2-2.jpg\" alt=\"\"\/><br \/>\n\t\t\t<span>7. DUPLEX DELUXE TERASSZAL<\/span><br \/>\n\t\t<\/a>\n\t<\/li>\n<li>\n\t\t<a href=\"\/?page_id=36#duplex-deluxe-with-terrace\"><br \/>\n\t\t\t<img decoding=\"async\" src=\"\/wp-content\/uploads\/7.19.jpg\" alt=\"\"\/><br \/>\n\t\t\t<span>7. DUPLEX DELUXE TERASSZAL<\/span><br \/>\n\t\t<\/a>\n\t<\/li>\n<li>\n\t\t<a href=\"\/?page_id=36#studio-premium\"><br \/>\n\t\t\t<img decoding=\"async\" src=\"\/wp-content\/uploads\/1.2.jpg\" alt=\"\"\/><br \/>\n\t\t\t<span>1. STUDIO PREMIUM<\/span><br \/>\n\t\t<\/a>\n\t<\/li>\n<li>\n\t\t<a href=\"\/?page_id=36#studio-mar\"><br \/>\n\t\t\t<img decoding=\"async\" src=\"\/wp-content\/uploads\/2.5-1.jpg\" alt=\"\"\/><br \/>\n\t\t\t<span>2. STUDIO \u201cMAR\u201d<\/span><br \/>\n\t\t<\/a>\n\t<\/li>\n<li>\n\t\t<a href=\"\/?page_id=36#studio-tierra\"><br \/>\n\t\t\t<img decoding=\"async\" src=\"\/wp-content\/uploads\/3.3-1.jpg\" alt=\"\"\/><br \/>\n\t\t\t<span>3. STUDIO \u201cTIERRA\u201d<\/span><br \/>\n\t\t<\/a>\n\t<\/li>\n<li>\n\t\t<a href=\"\/?page_id=36#duplex-with-terrace\"><br \/>\n\t\t\t<img decoding=\"async\" src=\"\/wp-content\/uploads\/4.14.jpg\" alt=\"\"\/><br \/>\n\t\t\t<span>4. DUPLEX TERASSZAL<\/span><br \/>\n\t\t<\/a>\n\t<\/li>\n<li>\n\t\t<a href=\"\/?page_id=36#duplex-with-terrace\"><br \/>\n\t\t\t<img decoding=\"async\" src=\"\/wp-content\/uploads\/4.20.jpg\" alt=\"\"\/><br \/>\n\t\t\t<span>4. DUPLEX TERASSZAL<\/span><br \/>\n\t\t<\/a>\n\t<\/li>\n<li>\n\t\t<a href=\"\/?page_id=36#studio-deluxe\"><br \/>\n\t\t\t<img decoding=\"async\" src=\"\/wp-content\/uploads\/5.9.jpg\" alt=\"\"\/><br \/>\n\t\t\t<span>5. STUDIO DELUXE<\/span><br \/>\n\t\t<\/a>\n\t<\/li>\n<li>\n\t\t<a href=\"\/?page_id=36#studio-superior\"><br \/>\n\t\t\t<img decoding=\"async\" src=\"\/wp-content\/uploads\/6.5.jpg\" alt=\"\"\/><br \/>\n\t\t\t<span>6. STUDIO SUPERIOR<\/span><br \/>\n\t\t<\/a>\n\t<\/li>\n<\/ul>\n<p><a href=\"\/hu\/apartments\/\" class=\"boton-slider-home-new\">L\u00e1sd az \u00f6sszes apartmant<\/a><\/p>\n<ul class=\"slider-home-new owl-carousel\">\n<li>\n\t\t<a><br \/>\n\t\t\t<img decoding=\"async\" src=\"\/wp-content\/uploads\/2.1.nuevo_.jpg\" alt=\"\"\/><br \/>\n\t\t\t<span>K\u00d6Z\u00d6S HELYIS\u00c9GEK<\/span><br \/>\n\t\t<\/a>\n\t<\/li>\n<li>\n\t\t<a><br \/>\n\t\t\t<img decoding=\"async\" src=\"\/wp-content\/uploads\/1.2-Facade-1.jpg\" alt=\"\"\/><br \/>\n\t\t\t<span>K\u00d6Z\u00d6S HELYIS\u00c9GEK<\/span><br \/>\n\t\t<\/a>\n\t<\/li>\n<li>\n\t\t<a><br \/>\n\t\t\t<img decoding=\"async\" src=\"\/wp-content\/uploads\/1.3.nuevo_.jpg\" alt=\"\"\/><br \/>\n\t\t\t<span>K\u00d6Z\u00d6S HELYIS\u00c9GEK<\/span><br \/>\n\t\t<\/a>\n\t<\/li>\n<li>\n\t\t<a><br \/>\n\t\t\t<img decoding=\"async\" src=\"\/wp-content\/uploads\/2.3.nuevo_.jpg\" alt=\"\"\/><br \/>\n\t\t\t<span>K\u00d6Z\u00d6S HELYIS\u00c9GEK<\/span><br \/>\n\t\t<\/a>\n\t<\/li>\n<li>\n\t\t<a><br \/>\n\t\t\t<img decoding=\"async\" src=\"\/wp-content\/uploads\/2.2.nuevo_.jpg\" alt=\"\"\/><br \/>\n\t\t\t<span>K\u00d6Z\u00d6S HELYIS\u00c9GEK<\/span><br \/>\n\t\t<\/a>\n\t<\/li>\n<li>\n\t\t<a><br \/>\n\t\t\t<img decoding=\"async\" src=\"\/wp-content\/uploads\/3.3.cambio.jpg\" alt=\"\"\/><br \/>\n\t\t\t<span>K\u00d6Z\u00d6S HELYIS\u00c9GEK<\/span><br \/>\n\t\t<\/a>\n\t<\/li>\n<li>\n\t\t<a><br \/>\n\t\t\t<img decoding=\"async\" src=\"\/wp-content\/uploads\/1.1.cambio.jpg\" alt=\"\"\/><br \/>\n\t\t\t<span>K\u00d6Z\u00d6S HELYIS\u00c9GEK<\/span><br \/>\n\t\t<\/a>\n\t<\/li>\n<li>\n\t\t<a><br \/>\n\t\t\t<img decoding=\"async\" src=\"\/wp-content\/uploads\/3.2.nuevo_.jpg\" alt=\"\"\/><br \/>\n\t\t\t<span>IRODA<\/span><br \/>\n\t\t<\/a>\n\t<\/li>\n<li>\n\t\t<a><br \/>\n\t\t\t<img decoding=\"async\" src=\"\/wp-content\/uploads\/3.1-Reception.jpg\" alt=\"\"\/><br \/>\n\t\t\t<span>IRODA<\/span><br \/>\n\t\t<\/a>\n\t<\/li>\n<\/ul>\n<p><a href=\"\/hu\/gallery\/lifestyle\/\" class=\"boton-slider-home-new\">L\u00e1sd a fot\u00f3gal\u00e9ri\u00e1t<\/a><\/p>\n<p><!--\n\n\n<div class=\"mini-slider-home slider-apartamentos-home\">\n\n\n<h2 class=\"subtitulo-pag centrado\">Apartments<\/h2>\n\n\n\n\n<div class=\"mini-slider\">\n\n[gallery category=\"slider-apartment-home\" size=\"large\"]\n\n<\/div>\n\n\n\n\n<div class=\"boton-mini-slider-home\"><a href=\".\/apartments\">See all apartments<\/a><\/div>\n\n\n<\/div>\n\n\n\n\n<div class=\"mini-slider-home\">\n\n\n<h2 class=\"subtitulo-pag centrado\">Common areas<\/h2>\n\n\n\n\n<div class=\"mini-slider\">\n\n[gallery category=\"slider-common-zones\" size=\"large\" orderby=\"title\"]\n\n<\/div>\n\n\n\n\n<div class=\"boton-mini-slider-home\"><a href=\".\/gallery\/#common-areas\">See full gallery<\/a><\/div>\n\n\n<\/div>\n\n\n--><\/p>\n<\/div>\n","protected":false},"excerpt":{"rendered":"<p>Pr\u00e9mium tengerparti apartmanok Valenci\u00e1ban, egy igazi t\u00f6rt\u00e9nelmi, \u00e9l\u0151 hagyom\u00e1nyokt\u00f3l \u00e9s l\u00e1tv\u00e1nyos \u00fcnneps\u00e9gekt\u0151l sz\u00ednes hal\u00e1sznegyed sz\u00edv\u00e9ben. Fedezze fel Valenci\u00e1t a Barracart-b\u00f3l, egy eredeti nagypolg\u00e1ri modernista \u00e9p\u00fcletb\u0151l mely t\u00f6k\u00e9letesen illeszkedik a k\u00f6rnyezet\u00e9be. Projekt\u00fcnk azzal a sz\u00e1nd\u00e9kkal sz\u00fcletett, hogy tart\u00f3zkod\u00e1s\u00e1t egyedi \u00e9s kiv\u00e9teles \u00e9lm\u00e9nny\u00e9 tegye, ami az \u00d6n ig\u00e9nyeihez \u00e9s \u00e9rdekl\u0151d\u00e9s\u00e9hez igazodik. Egyed\u00fcl\u00e1ll\u00f3 k\u00f6rnyezetben, lehet\u0151s\u00e9get ny\u00fajtson a komplett [&hellip;]<\/p>\n","protected":false},"author":103,"featured_media":0,"parent":0,"menu_order":0,"comment_status":"closed","ping_status":"closed","template":"","meta":{"footnotes":""},"class_list":["post-8967","page","type-page","status-publish","hentry"],"yoast_head":"<!-- This site is optimized with the Yoast SEO plugin v24.9 - https:\/\/yoast.com\/wordpress\/plugins\/seo\/ -->\n<title>Barracart - Barracart: Premium beach apartments Valencia<\/title>\n<meta name=\"description\" content=\"Premium beach apartments in Valencia - Cabanyal-Canyamelar (Poblados Maritimos) - next to Malvarrosa Beach. Get your exclusive deal on the official website!\" \/>\n<meta name=\"robots\" content=\"index, follow, max-snippet:-1, max-image-preview:large, max-video-preview:-1\" \/>\n<link rel=\"canonical\" href=\"https:\/\/www.barracart.com\/hu\/\" \/>\n<meta property=\"og:locale\" content=\"hu_HU\" \/>\n<meta property=\"og:type\" content=\"article\" \/>\n<meta property=\"og:title\" content=\"Barracart - Barracart: Premium beach apartments Valencia\" \/>\n<meta property=\"og:description\" content=\"Premium beach apartments in Valencia - Cabanyal-Canyamelar (Poblados Maritimos) - next to Malvarrosa Beach. Get your exclusive deal on the official website!\" \/>\n<meta property=\"og:url\" content=\"https:\/\/www.barracart.com\/hu\/\" \/>\n<meta property=\"og:site_name\" content=\"Barracart: Premium beach apartments Valencia\" \/>\n<meta property=\"article:modified_time\" content=\"2023-01-28T19:36:48+00:00\" \/>\n<meta name=\"twitter:card\" content=\"summary_large_image\" \/>\n<meta name=\"twitter:label1\" content=\"Becs\u00fclt olvas\u00e1si id\u0151\" \/>\n\t<meta name=\"twitter:data1\" content=\"5 perc\" \/>\n<script type=\"application\/ld+json\" class=\"yoast-schema-graph\">{\"@context\":\"https:\/\/schema.org\",\"@graph\":[{\"@type\":\"WebPage\",\"@id\":\"https:\/\/www.barracart.com\/hu\/\",\"url\":\"https:\/\/www.barracart.com\/hu\/\",\"name\":\"Barracart - Barracart: Premium beach apartments Valencia\",\"isPartOf\":{\"@id\":\"https:\/\/www.barracart.com\/#website\"},\"datePublished\":\"2018-01-10T08:16:10+00:00\",\"dateModified\":\"2023-01-28T19:36:48+00:00\",\"description\":\"Premium beach apartments in Valencia - Cabanyal-Canyamelar (Poblados Maritimos) - next to Malvarrosa Beach. Get your exclusive deal on the official website!\",\"breadcrumb\":{\"@id\":\"https:\/\/www.barracart.com\/hu\/#breadcrumb\"},\"inLanguage\":\"hu\",\"potentialAction\":[{\"@type\":\"ReadAction\",\"target\":[\"https:\/\/www.barracart.com\/hu\/\"]}]},{\"@type\":\"BreadcrumbList\",\"@id\":\"https:\/\/www.barracart.com\/hu\/#breadcrumb\",\"itemListElement\":[{\"@type\":\"ListItem\",\"position\":1,\"name\":\"Home\",\"item\":\"https:\/\/www.barracart.com\/hu\/\"},{\"@type\":\"ListItem\",\"position\":2,\"name\":\"Barracart\"}]},{\"@type\":\"WebSite\",\"@id\":\"https:\/\/www.barracart.com\/#website\",\"url\":\"https:\/\/www.barracart.com\/\",\"name\":\"Barracart: Premium beach apartments Valencia\",\"description\":\"Get up to 20% discount by booking on our website!\",\"publisher\":{\"@id\":\"https:\/\/www.barracart.com\/#organization\"},\"potentialAction\":[{\"@type\":\"SearchAction\",\"target\":{\"@type\":\"EntryPoint\",\"urlTemplate\":\"https:\/\/www.barracart.com\/?s={search_term_string}\"},\"query-input\":{\"@type\":\"PropertyValueSpecification\",\"valueRequired\":true,\"valueName\":\"search_term_string\"}}],\"inLanguage\":\"hu\"},{\"@type\":\"Organization\",\"@id\":\"https:\/\/www.barracart.com\/#organization\",\"name\":\"Barracart: Premium beach apartments Valencia\",\"url\":\"https:\/\/www.barracart.com\/\",\"logo\":{\"@type\":\"ImageObject\",\"inLanguage\":\"hu\",\"@id\":\"https:\/\/www.barracart.com\/#\/schema\/logo\/image\/\",\"url\":\"https:\/\/www.barracart.com\/wp-content\/uploads\/cropped-Logo_pr_r.png\",\"contentUrl\":\"https:\/\/www.barracart.com\/wp-content\/uploads\/cropped-Logo_pr_r.png\",\"width\":64,\"height\":64,\"caption\":\"Barracart: Premium beach apartments Valencia\"},\"image\":{\"@id\":\"https:\/\/www.barracart.com\/#\/schema\/logo\/image\/\"}}]}<\/script>\n<!-- \/ Yoast SEO plugin. -->","yoast_head_json":{"title":"Barracart - Barracart: Premium beach apartments Valencia","description":"Premium beach apartments in Valencia - Cabanyal-Canyamelar (Poblados Maritimos) - next to Malvarrosa Beach. Get your exclusive deal on the official website!","robots":{"index":"index","follow":"follow","max-snippet":"max-snippet:-1","max-image-preview":"max-image-preview:large","max-video-preview":"max-video-preview:-1"},"canonical":"https:\/\/www.barracart.com\/hu\/","og_locale":"hu_HU","og_type":"article","og_title":"Barracart - Barracart: Premium beach apartments Valencia","og_description":"Premium beach apartments in Valencia - Cabanyal-Canyamelar (Poblados Maritimos) - next to Malvarrosa Beach. Get your exclusive deal on the official website!","og_url":"https:\/\/www.barracart.com\/hu\/","og_site_name":"Barracart: Premium beach apartments Valencia","article_modified_time":"2023-01-28T19:36:48+00:00","twitter_card":"summary_large_image","twitter_misc":{"Becs\u00fclt olvas\u00e1si id\u0151":"5 perc"},"schema":{"@context":"https:\/\/schema.org","@graph":[{"@type":"WebPage","@id":"https:\/\/www.barracart.com\/hu\/","url":"https:\/\/www.barracart.com\/hu\/","name":"Barracart - Barracart: Premium beach apartments Valencia","isPartOf":{"@id":"https:\/\/www.barracart.com\/#website"},"datePublished":"2018-01-10T08:16:10+00:00","dateModified":"2023-01-28T19:36:48+00:00","description":"Premium beach apartments in Valencia - Cabanyal-Canyamelar (Poblados Maritimos) - next to Malvarrosa Beach. Get your exclusive deal on the official website!","breadcrumb":{"@id":"https:\/\/www.barracart.com\/hu\/#breadcrumb"},"inLanguage":"hu","potentialAction":[{"@type":"ReadAction","target":["https:\/\/www.barracart.com\/hu\/"]}]},{"@type":"BreadcrumbList","@id":"https:\/\/www.barracart.com\/hu\/#breadcrumb","itemListElement":[{"@type":"ListItem","position":1,"name":"Home","item":"https:\/\/www.barracart.com\/hu\/"},{"@type":"ListItem","position":2,"name":"Barracart"}]},{"@type":"WebSite","@id":"https:\/\/www.barracart.com\/#website","url":"https:\/\/www.barracart.com\/","name":"Barracart: Premium beach apartments Valencia","description":"Get up to 20% discount by booking on our website!","publisher":{"@id":"https:\/\/www.barracart.com\/#organization"},"potentialAction":[{"@type":"SearchAction","target":{"@type":"EntryPoint","urlTemplate":"https:\/\/www.barracart.com\/?s={search_term_string}"},"query-input":{"@type":"PropertyValueSpecification","valueRequired":true,"valueName":"search_term_string"}}],"inLanguage":"hu"},{"@type":"Organization","@id":"https:\/\/www.barracart.com\/#organization","name":"Barracart: Premium beach apartments Valencia","url":"https:\/\/www.barracart.com\/","logo":{"@type":"ImageObject","inLanguage":"hu","@id":"https:\/\/www.barracart.com\/#\/schema\/logo\/image\/","url":"https:\/\/www.barracart.com\/wp-content\/uploads\/cropped-Logo_pr_r.png","contentUrl":"https:\/\/www.barracart.com\/wp-content\/uploads\/cropped-Logo_pr_r.png","width":64,"height":64,"caption":"Barracart: Premium beach apartments Valencia"},"image":{"@id":"https:\/\/www.barracart.com\/#\/schema\/logo\/image\/"}}]}},"_links":{"self":[{"href":"https:\/\/www.barracart.com\/hu\/wp-json\/wp\/v2\/pages\/8967","targetHints":{"allow":["GET"]}}],"collection":[{"href":"https:\/\/www.barracart.com\/hu\/wp-json\/wp\/v2\/pages"}],"about":[{"href":"https:\/\/www.barracart.com\/hu\/wp-json\/wp\/v2\/types\/page"}],"author":[{"embeddable":true,"href":"https:\/\/www.barracart.com\/hu\/wp-json\/wp\/v2\/users\/103"}],"replies":[{"embeddable":true,"href":"https:\/\/www.barracart.com\/hu\/wp-json\/wp\/v2\/comments?post=8967"}],"version-history":[{"count":16,"href":"https:\/\/www.barracart.com\/hu\/wp-json\/wp\/v2\/pages\/8967\/revisions"}],"predecessor-version":[{"id":10919,"href":"https:\/\/www.barracart.com\/hu\/wp-json\/wp\/v2\/pages\/8967\/revisions\/10919"}],"wp:attachment":[{"href":"https:\/\/www.barracart.com\/hu\/wp-json\/wp\/v2\/media?parent=8967"}],"curies":[{"name":"wp","href":"https:\/\/api.w.org\/{rel}","templated":true}]}}