{"id":8993,"date":"2018-01-05T13:06:34","date_gmt":"2018-01-05T13:06:34","guid":{"rendered":"https:\/\/www.barracart.com\/contact\/"},"modified":"2020-08-26T08:46:03","modified_gmt":"2020-08-26T06:46:03","slug":"contact","status":"publish","type":"page","link":"https:\/\/www.barracart.com\/hu\/contact\/","title":{"rendered":"Kapcsolat"},"content":{"rendered":"<div class=\"box-content\">\n<div class=\"box-text-3\">\n<div class=\"colum-phone-address\">\n<div class=\"phone-whatsapp-address-gps\">\n<div class=\"col-1-4 map-address map-address-ubic\"><img decoding=\"async\" src=\"\/wp-content\/uploads\/localiza1.png\" alt=\"address\"\/><\/p>\n<p>Carrer de la Barraca 79<br \/>\n\tCabanyal-Canyamelar<br \/>\n\t46011 Valencia, Espa\u00f1a<\/p>\n<\/p><\/div>\n<div class=\"col-1-4 phone-whatsapp\"><i class=\"fa fa-phone\"><\/i><i class=\"icon-whatsapp\"><\/i><a href=\"tel:+34667856801\">+34 667 856 801<\/a><\/div>\n<div class=\"col-1-4 phone-whatsapp\"><i class=\"fa fa-envelope-o\"><\/i><a href=\"mailto:book@barracart.com\">book@barracart.com<\/a><\/div>\n<div class=\"col-1-4 map-address coordin-gps\"><img decoding=\"async\" src=\"\/wp-content\/uploads\/gps-1.png\" alt=\"gps\"\/><\/p>\n<p>N-S: 39.466687<br \/>\n\tE-W: -0.329666<\/p>\n<\/p><\/div>\n<\/p><\/div>\n<div class=\"clearfix\"><\/div>\n<\/div>\n<\/div>\n<p>\t<!--\t\n\t\n\n<div class=\"leave-us-note\">\n\t\t\n\n<div class=\"box-leave-us-note\">\n\t\t\t[contact-form-7 id=\"9225\" title=\"Leave Us a Note_hu\"]\n\t\t<\/div>\n\n\n\t<\/div>\n\n\n\t-->\t<\/p>\n<div class=\"box-text-4\">\n<div class=\"col-1-4\"><img decoding=\"async\" src=\"\/wp-content\/uploads\/bus-1.png\" alt=\"bus\" \/>Busz j\u00e1ratok 2, 19, 31 \u00e9s az N1 (\u00e9jszakai j\u00e1rat) meg\u00e1ll\u00f3val a \u201cCarrer de la Reina\u201d utc\u00e1ban, egy perc s\u00e9t\u00e1ra.<\/p><\/div>\n<div class=\"col-1-4\"><img decoding=\"async\" src=\"\/wp-content\/uploads\/tram-1.png\" alt=\"tramway\" \/>Villamos<br \/>\n\t(6-os) a &#8222;Dr Lluch&#8221; utc\u00e1ban, \u00e1tsz\u00e1ll\u00e1ssal az 5-\u00f6s metr\u00f3ra a rept\u00e9rre, k\u00e9t perc s\u00e9t\u00e1ra.<\/p><\/div>\n<div class=\"col-1-4\"><img decoding=\"async\" src=\"\/wp-content\/uploads\/cocheparking.png\" alt=\"parking\" \/>Az utc\u00e1n lehet ingyen parkolni, vagy a \u201cMart\u00ed Grajales\u201d nyilv\u00e1nos parkol\u00f3h\u00e1zban hat perc s\u00e9t\u00e1ra a Barracart-t\u00f3l.<\/p><\/div>\n<div class=\"col-1-4\"><img decoding=\"async\" src=\"\/wp-content\/uploads\/avion.png\" alt=\"airport\" \/>A rep\u00fcl\u0151t\u00e9r (VLC) 30 percre van aut\u00f3val, vagy metr\u00f3val az 5-\u00f6s vonal a \u201cMar\u00edtim-Serrer\u00eda\u201d metr\u00f3\u00e1llom\u00e1sr\u00f3l.<\/p><\/div>\n<div class=\"clearfix\"><\/div>\n<\/p><\/div>\n<div id=\"map-barracart\" class=\"map-address map-barracart\">\n\t<\/div>\n<\/p><\/div>\n<\/div>\n<p><!--\n\n\n<div class=\"box-text-4\">\n\n\n<div class=\"col-1-4\"><img decoding=\"async\" src=\"\/wp-content\/uploads\/bus-1.png\" alt=\"bus\" \/>Bus for lines 2, 19, 31 and N1 (Night line) in the \u201cCarrer de la Reina\u201d street, one minute's walk away.\n\n<\/div>\n\n\n\n\n<div class=\"col-1-4\"><img decoding=\"async\" src=\"\/wp-content\/uploads\/tram-1.png\" alt=\"tramway\" \/>Tramway (Line 6) in \"Dr Lluch\" street, with connection to Metro Line 5 to the airport, at two minutes walk.\n\n<\/div>\n\n\n\n\n<div class=\"col-1-4\"><img decoding=\"async\" src=\"\/wp-content\/uploads\/cocheparking.png\" alt=\"parking\" \/>You can park in the street for free, or in public car park \u201cMart\u00ed Grajales\u201d in six minutes walk from Barracart.\n\n<\/div>\n\n\n\n\n<div class=\"col-1-4\"><img decoding=\"async\" src=\"\/wp-content\/uploads\/avion.png\" alt=\"airport\" \/>The airport (VLC) is 30 min. away by car, or by metro with Line 5 from \u201cMar\u00edtim-Serrer\u00eda\u201d metro station.\n\n<\/div>\n\n\n\n\n<div class=\"clearfix\"><\/div>\n\n\n<\/div>\n\n\n\n\n\n<div class=\"leave-us-note\">\n\t\n\n<div class=\"box-leave-us-note\">\n\t\t[contact-form-7 id=\"377\" title=\"Leave Us a Note\"]\n\t<\/div>\n\n\n<\/div>\n\n\n--><\/p>\n","protected":false},"excerpt":{"rendered":"<p>Carrer de la Barraca 79 Cabanyal-Canyamelar 46011 Valencia, Espa\u00f1a +34 667 856 801 book@barracart.com N-S: 39.466687 E-W: -0.329666 Busz j\u00e1ratok 2, 19, 31 \u00e9s az N1 (\u00e9jszakai j\u00e1rat) meg\u00e1ll\u00f3val a \u201cCarrer de la Reina\u201d utc\u00e1ban, egy perc s\u00e9t\u00e1ra. Villamos (6-os) a &#8222;Dr Lluch&#8221; utc\u00e1ban, \u00e1tsz\u00e1ll\u00e1ssal az 5-\u00f6s metr\u00f3ra a rept\u00e9rre, k\u00e9t perc s\u00e9t\u00e1ra. Az utc\u00e1n [&hellip;]<\/p>\n","protected":false},"author":103,"featured_media":0,"parent":0,"menu_order":0,"comment_status":"closed","ping_status":"closed","template":"","meta":{"footnotes":""},"class_list":["post-8993","page","type-page","status-publish","hentry"],"yoast_head":"<!-- This site is optimized with the Yoast SEO plugin v24.9 - https:\/\/yoast.com\/wordpress\/plugins\/seo\/ -->\n<title>Kapcsolat - Barracart: Premium beach apartments Valencia<\/title>\n<meta name=\"description\" content=\"Premium beach apartments in Valencia - Cabanyal-Canyamelar (Poblados Maritimos) - next to Malvarrosa Beach. Offers and contact on the official website!\" \/>\n<meta name=\"robots\" content=\"index, follow, max-snippet:-1, max-image-preview:large, max-video-preview:-1\" \/>\n<link rel=\"canonical\" href=\"https:\/\/www.barracart.com\/hu\/contact\/\" \/>\n<meta property=\"og:locale\" content=\"hu_HU\" \/>\n<meta property=\"og:type\" content=\"article\" \/>\n<meta property=\"og:title\" content=\"Kapcsolat - Barracart: Premium beach apartments Valencia\" \/>\n<meta property=\"og:description\" content=\"Premium beach apartments in Valencia - Cabanyal-Canyamelar (Poblados Maritimos) - next to Malvarrosa Beach. Offers and contact on the official website!\" \/>\n<meta property=\"og:url\" content=\"https:\/\/www.barracart.com\/hu\/contact\/\" \/>\n<meta property=\"og:site_name\" content=\"Barracart: Premium beach apartments Valencia\" \/>\n<meta property=\"article:modified_time\" content=\"2020-08-26T06:46:03+00:00\" \/>\n<meta property=\"og:image\" content=\"https:\/\/www.barracart.com\/wp-content\/uploads\/localiza1.png\" \/>\n<meta name=\"twitter:card\" content=\"summary_large_image\" \/>\n<meta name=\"twitter:label1\" content=\"Becs\u00fclt olvas\u00e1si id\u0151\" \/>\n\t<meta name=\"twitter:data1\" content=\"1 perc\" \/>\n<script type=\"application\/ld+json\" class=\"yoast-schema-graph\">{\"@context\":\"https:\/\/schema.org\",\"@graph\":[{\"@type\":\"WebPage\",\"@id\":\"https:\/\/www.barracart.com\/hu\/contact\/\",\"url\":\"https:\/\/www.barracart.com\/hu\/contact\/\",\"name\":\"Kapcsolat - Barracart: Premium beach apartments Valencia\",\"isPartOf\":{\"@id\":\"https:\/\/www.barracart.com\/#website\"},\"datePublished\":\"2018-01-05T13:06:34+00:00\",\"dateModified\":\"2020-08-26T06:46:03+00:00\",\"description\":\"Premium beach apartments in Valencia - Cabanyal-Canyamelar (Poblados Maritimos) - next to Malvarrosa Beach. Offers and contact on the official website!\",\"breadcrumb\":{\"@id\":\"https:\/\/www.barracart.com\/hu\/contact\/#breadcrumb\"},\"inLanguage\":\"hu\",\"potentialAction\":[{\"@type\":\"ReadAction\",\"target\":[\"https:\/\/www.barracart.com\/hu\/contact\/\"]}]},{\"@type\":\"BreadcrumbList\",\"@id\":\"https:\/\/www.barracart.com\/hu\/contact\/#breadcrumb\",\"itemListElement\":[{\"@type\":\"ListItem\",\"position\":1,\"name\":\"Home\",\"item\":\"https:\/\/www.barracart.com\/hu\/\"},{\"@type\":\"ListItem\",\"position\":2,\"name\":\"Kapcsolat\"}]},{\"@type\":\"WebSite\",\"@id\":\"https:\/\/www.barracart.com\/#website\",\"url\":\"https:\/\/www.barracart.com\/\",\"name\":\"Barracart: Premium beach apartments Valencia\",\"description\":\"Get up to 20% discount by booking on our website!\",\"publisher\":{\"@id\":\"https:\/\/www.barracart.com\/#organization\"},\"potentialAction\":[{\"@type\":\"SearchAction\",\"target\":{\"@type\":\"EntryPoint\",\"urlTemplate\":\"https:\/\/www.barracart.com\/?s={search_term_string}\"},\"query-input\":{\"@type\":\"PropertyValueSpecification\",\"valueRequired\":true,\"valueName\":\"search_term_string\"}}],\"inLanguage\":\"hu\"},{\"@type\":\"Organization\",\"@id\":\"https:\/\/www.barracart.com\/#organization\",\"name\":\"Barracart: Premium beach apartments Valencia\",\"url\":\"https:\/\/www.barracart.com\/\",\"logo\":{\"@type\":\"ImageObject\",\"inLanguage\":\"hu\",\"@id\":\"https:\/\/www.barracart.com\/#\/schema\/logo\/image\/\",\"url\":\"https:\/\/www.barracart.com\/wp-content\/uploads\/cropped-Logo_pr_r.png\",\"contentUrl\":\"https:\/\/www.barracart.com\/wp-content\/uploads\/cropped-Logo_pr_r.png\",\"width\":64,\"height\":64,\"caption\":\"Barracart: Premium beach apartments Valencia\"},\"image\":{\"@id\":\"https:\/\/www.barracart.com\/#\/schema\/logo\/image\/\"}}]}<\/script>\n<!-- \/ Yoast SEO plugin. -->","yoast_head_json":{"title":"Kapcsolat - Barracart: Premium beach apartments Valencia","description":"Premium beach apartments in Valencia - Cabanyal-Canyamelar (Poblados Maritimos) - next to Malvarrosa Beach. Offers and contact on the official website!","robots":{"index":"index","follow":"follow","max-snippet":"max-snippet:-1","max-image-preview":"max-image-preview:large","max-video-preview":"max-video-preview:-1"},"canonical":"https:\/\/www.barracart.com\/hu\/contact\/","og_locale":"hu_HU","og_type":"article","og_title":"Kapcsolat - Barracart: Premium beach apartments Valencia","og_description":"Premium beach apartments in Valencia - Cabanyal-Canyamelar (Poblados Maritimos) - next to Malvarrosa Beach. Offers and contact on the official website!","og_url":"https:\/\/www.barracart.com\/hu\/contact\/","og_site_name":"Barracart: Premium beach apartments Valencia","article_modified_time":"2020-08-26T06:46:03+00:00","og_image":[{"url":"https:\/\/www.barracart.com\/wp-content\/uploads\/localiza1.png","type":"","width":"","height":""}],"twitter_card":"summary_large_image","twitter_misc":{"Becs\u00fclt olvas\u00e1si id\u0151":"1 perc"},"schema":{"@context":"https:\/\/schema.org","@graph":[{"@type":"WebPage","@id":"https:\/\/www.barracart.com\/hu\/contact\/","url":"https:\/\/www.barracart.com\/hu\/contact\/","name":"Kapcsolat - Barracart: Premium beach apartments Valencia","isPartOf":{"@id":"https:\/\/www.barracart.com\/#website"},"datePublished":"2018-01-05T13:06:34+00:00","dateModified":"2020-08-26T06:46:03+00:00","description":"Premium beach apartments in Valencia - Cabanyal-Canyamelar (Poblados Maritimos) - next to Malvarrosa Beach. Offers and contact on the official website!","breadcrumb":{"@id":"https:\/\/www.barracart.com\/hu\/contact\/#breadcrumb"},"inLanguage":"hu","potentialAction":[{"@type":"ReadAction","target":["https:\/\/www.barracart.com\/hu\/contact\/"]}]},{"@type":"BreadcrumbList","@id":"https:\/\/www.barracart.com\/hu\/contact\/#breadcrumb","itemListElement":[{"@type":"ListItem","position":1,"name":"Home","item":"https:\/\/www.barracart.com\/hu\/"},{"@type":"ListItem","position":2,"name":"Kapcsolat"}]},{"@type":"WebSite","@id":"https:\/\/www.barracart.com\/#website","url":"https:\/\/www.barracart.com\/","name":"Barracart: Premium beach apartments Valencia","description":"Get up to 20% discount by booking on our website!","publisher":{"@id":"https:\/\/www.barracart.com\/#organization"},"potentialAction":[{"@type":"SearchAction","target":{"@type":"EntryPoint","urlTemplate":"https:\/\/www.barracart.com\/?s={search_term_string}"},"query-input":{"@type":"PropertyValueSpecification","valueRequired":true,"valueName":"search_term_string"}}],"inLanguage":"hu"},{"@type":"Organization","@id":"https:\/\/www.barracart.com\/#organization","name":"Barracart: Premium beach apartments Valencia","url":"https:\/\/www.barracart.com\/","logo":{"@type":"ImageObject","inLanguage":"hu","@id":"https:\/\/www.barracart.com\/#\/schema\/logo\/image\/","url":"https:\/\/www.barracart.com\/wp-content\/uploads\/cropped-Logo_pr_r.png","contentUrl":"https:\/\/www.barracart.com\/wp-content\/uploads\/cropped-Logo_pr_r.png","width":64,"height":64,"caption":"Barracart: Premium beach apartments Valencia"},"image":{"@id":"https:\/\/www.barracart.com\/#\/schema\/logo\/image\/"}}]}},"_links":{"self":[{"href":"https:\/\/www.barracart.com\/hu\/wp-json\/wp\/v2\/pages\/8993","targetHints":{"allow":["GET"]}}],"collection":[{"href":"https:\/\/www.barracart.com\/hu\/wp-json\/wp\/v2\/pages"}],"about":[{"href":"https:\/\/www.barracart.com\/hu\/wp-json\/wp\/v2\/types\/page"}],"author":[{"embeddable":true,"href":"https:\/\/www.barracart.com\/hu\/wp-json\/wp\/v2\/users\/103"}],"replies":[{"embeddable":true,"href":"https:\/\/www.barracart.com\/hu\/wp-json\/wp\/v2\/comments?post=8993"}],"version-history":[{"count":6,"href":"https:\/\/www.barracart.com\/hu\/wp-json\/wp\/v2\/pages\/8993\/revisions"}],"predecessor-version":[{"id":9339,"href":"https:\/\/www.barracart.com\/hu\/wp-json\/wp\/v2\/pages\/8993\/revisions\/9339"}],"wp:attachment":[{"href":"https:\/\/www.barracart.com\/hu\/wp-json\/wp\/v2\/media?parent=8993"}],"curies":[{"name":"wp","href":"https:\/\/api.w.org\/{rel}","templated":true}]}}