{"id":9009,"date":"2018-01-05T11:42:07","date_gmt":"2018-01-05T11:42:07","guid":{"rendered":"https:\/\/www.barracart.com\/reservation-conditions\/"},"modified":"2025-01-08T22:43:53","modified_gmt":"2025-01-08T21:43:53","slug":"altalanos-foglalasi-feltetelek","status":"publish","type":"page","link":"https:\/\/www.barracart.com\/hu\/altalanos-foglalasi-feltetelek\/","title":{"rendered":"\u00c1ltal\u00e1nos Foglal\u00e1si Felt\u00e9telek"},"content":{"rendered":"<div class=\"bloque-legal-page\">\n<h3>GARANCIA \u00c9S KIFIZET\u00c9S<\/h3>\n<p><\/p>\n<p class=\"parraf-legal\">A foglal\u00e1s meger\u0151s\u00edt\u00e9s\u00e9hez a foglal\u00e1s felt\u00e9teleinek megfelel\u0151en a tart\u00f3zkod\u00e1s d\u00edj\u00e1nak az el\u0151zetes kifizet\u00e9se sz\u00fcks\u00e9ges. \u00c1ltal\u00e1nos szab\u00e1ly, hogy minden kifizet\u00e9s online t\u00f6rt\u00e9nik bankk\u00e1rty\u00e1val (bet\u00e9ti vagy hitelk\u00e1rty\u00e1val), amelyhez e-mailben fizet\u00e9si linket biztos\u00edtunk. A foglal\u00e1s meger\u0151s\u00edt\u00e9s\u00e9hez elengedhetetlen a foglal\u00e1s \u00e9rt\u00e9ke 100%-\u00e1nak befizet\u00e9se legk\u00e9s\u0151bb 30 nappal a check-in el\u0151tt, valamint a vissza nem t\u00e9r\u00edtend\u0151 \u00e1r eset\u00e9n a foglal\u00e1s id\u0151pontj\u00e1ban, mind kifizet\u00e9s c\u00edm\u00e9n vagy lemond\u00e1si d\u00edjk\u00e9nt. K\u00e9szp\u00e9nzes fizet\u00e9st nem fogadunk el, csak\u00fagy mint k\u00e1rtyaadatokat sem tudunk elfogadni a k\u00e1rtya megterhel\u00e9s\u00e9hez. A sz\u00e1ml\u00e1t az indul\u00e1s napj\u00e1n \u00e1ll\u00edtjuk ki, \u00e9s k\u00e9r\u00e9sre m\u00e1solatot k\u00fcld\u00fcnk. A foglal\u00e1si d\u00edj, a kieg\u00e9sz\u00edt\u0151 szolg\u00e1ltat\u00e1sok, illetve a lemond\u00e1si, vagy k\u00e1rt\u00e9r\u00edt\u00e9si k\u00f6lts\u00e9gek el\u0151zetes online fizet\u00e9s\u00e9\u00e9rt a vend\u00e9g a felel\u0151s. El\u0151fordulhatnak k\u00fcl\u00f6nb\u00f6z\u0151 fizet\u00e9si m\u00f3dozatok \u00e9s hat\u00e1rid\u0151k, ebben az esetben azokat a foglal\u00e1s el\u0151tt ismertetj\u00fck.<br \/>\nA fizet\u00e9st el\u0151re kell teljes\u00edteni a foglal\u00e1s lemond\u00e1si felt\u00e9telei szerint, ellenkez\u0151 esetben a foglal\u00e1s t\u00f6rl\u00e9sre ker\u00fcl. A fizet\u00e9s hi\u00e1nya miatti foglal\u00e1s t\u00f6rl\u00e9s el\u0151tt eml\u00e9keztet\u0151 e-mailt k\u00fcld\u00fcnk. Abban az esetben ha foglal\u00e1s\u00e1t le kell mondania a fizet\u00e9st k\u00f6vet\u0151en, de m\u00e9g az ingyenes lemond\u00e1si id\u0151szakon bel\u00fcl, a befizetett \u00f6sszeget visszat\u00e9r\u00edtj\u00fck. Az ingyenes lemond\u00e1si id\u0151szak ut\u00e1n t\u00f6rt\u00e9n\u0151 lemond\u00e1s eset\u00e9n k\u00e9rj\u00fck, vegye fel vel\u00fcnk a kapcsolatot.<br \/>\nCsoportos (3 vagy t\u00f6bb apartman) foglal\u00e1s eset\u00e9n 30% el\u0151leg sz\u00fcks\u00e9ges, amely a foglal\u00e1skor fizetend\u0151, ugyan\u00fagy, mint b\u00e1rmely k\u00e9t hetes vagy hosszabb tart\u00f3zkod\u00e1sn\u00e1l, illetve a ny\u00e1ri (j\u00fanius-augusztus) foglal\u00e1sok eset\u00e9n, a foglal\u00e1s garanci\u00e1jak\u00e9nt. Ezek az el\u0151legek visszat\u00e9r\u00edtend\u0151k, ha a foglal\u00e1s lemond\u00e1s\u00e1ra legk\u00e9s\u0151bb h\u00e1rom h\u00f3nappal a check-in el\u0151tt sor ker\u00fcl, ezen id\u0151szak ut\u00e1n nincs visszat\u00e9r\u00edt\u00e9s. Az ez ut\u00e1n de m\u00e9g az \u00e9rkez\u00e9s el\u0151tt k\u00e9t h\u00f3nappal t\u00f6rt\u00e9n\u0151 lemond\u00e1s eset\u00e9n az el\u0151leg \u00f6sszeg\u00e9nek megfelel\u0151 aj\u00e1nd\u00e9kutalv\u00e1nyt biztos\u00edtunk egy k\u00e9s\u0151bbi foglal\u00e1shoz.<\/p>\n<h3>A VEND\u00c9G<\/h3>\n<p><\/p>\n<p class=\"parraf-legal\">A foglal\u00e1st v\u00e9gz\u0151 szem\u00e9lynek nagykor\u00fanak kell lennie, \u00e9s felel\u0151s a megadott adatok val\u00f3dis\u00e1g\u00e1\u00e9rt. A megsz\u00e1ll\u00f3 vend\u00e9g neve meg kell egyezzen a hitelk\u00e1rtya tulajdonosnak a nev\u00e9vel, amelyet a fizet\u00e9shez haszn\u00e1ltak. (Az \u00fcgyn\u00f6ks\u00e9gek kiv\u00e9tel\u00e9vel.) A vend\u00e9g felel a foglal\u00e1s \u00e9s az egy\u00e9b szolg\u00e1ltat\u00e1sok online kifizet\u00e9s\u00e9\u00e9rt, valamint a lemond\u00e1s k\u00f6lts\u00e9ge vagy esetleges k\u00e1rok fedez\u00e9s\u00e9\u00e9rt.<\/p>\n<h3>ADATV\u00c9DELEM<\/h3>\n<p><\/p>\n<p class=\"parraf-legal\">A bevitt adatok biztons\u00e1gos szerveren ker\u00fclnek t\u00e1rol\u00e1sra, \u00e9s garant\u00e1ljuk, hogy csak a megadott c\u00e9lra haszn\u00e1ljuk fel \u0151ket, a hat\u00e1lyos jogszab\u00e1lyoknak megfelel\u0151en.<\/p>\n<h3>FOGLAL\u00c1S LEMOND\u00c1SA<\/h3>\n<p><\/p>\n<p class=\"parraf-legal\">\u00c1ltal\u00e1nos szab\u00e1ly, hogy a foglal\u00e1slemond\u00e1s ingyenes, amennyiben a tart\u00f3zkod\u00e1s megkezd\u00e9se el\u0151tt legal\u00e1bb 30 nappal megt\u00f6rt\u00e9nik. Ezen a hat\u00e1rid\u0151n k\u00edv\u00fcl a lemond\u00e1si d\u00edj a foglal\u00e1s \u00e9rt\u00e9k\u00e9nek 100%-a. Az ingyenes lemond\u00e1si id\u0151szakon k\u00edv\u00fcli m\u00f3dos\u00edt\u00e1sok vagy lemond\u00e1s, illetve meg nem jelen\u00e9s (no-show) eset\u00e9n, a foglal\u00e1s teljes \u00f6sszege ker\u00fcl felsz\u00e1mol\u00e1sra. El\u0151fordulhatnak k\u00fcl\u00f6nf\u00e9le lemond\u00e1si felt\u00e9telekkel j\u00e1r\u00f3 tarif\u00e1k, speci\u00e1lis aj\u00e1nlatok, vagy vissza nem t\u00e9r\u00edtend\u0151 \u00e1rak melyek nem teszik lehet\u0151v\u00e9 a lemond\u00e1st, ezek vil\u00e1gosan fel vannak t\u00fcntetve a foglal\u00e1s el\u0151tt. Amennyiben az ingyenes lemond\u00e1si id\u0151szak letelte ut\u00e1n le kell mondania foglal\u00e1s\u00e1t, k\u00e9rj\u00fck, vegye fel vel\u00fcnk a kapcsolatot. A lemondott id\u0151pontok \u00fajrafoglal\u00e1sa eset\u00e9n, aj\u00e1nd\u00e9kk\u00e1rty\u00e1t biztos\u00edtunk a teljes vagy r\u00e9szleges &#8211; az \u00fajrafoglalt napok sz\u00e1m\u00e1t\u00f3l f\u00fcgg\u0151en &#8211; \u00f6sszegre egy k\u00e9s\u0151bbi foglal\u00e1shoz.<\/p>\n<h3>M\u00d3DOS\u00cdT\u00c1SOK<\/h3>\n<p><\/p>\n<p class=\"parraf-legal\">Fenntartjuk a jogot arra, hogy kiv\u00e9teles \u00e9s indokolt esetben a lefoglalt apartmant hasonl\u00f3 vagy jobb kateg\u00f3ri\u00e1j\u00fa apartmanra cser\u00e9lj\u00fck. Ezek a v\u00e1ltoz\u00e1sok nem j\u00e1rnak k\u00f6lts\u00e9ggel az \u00fcgyf\u00e9l sz\u00e1m\u00e1ra.<\/p>\n<h3>SZ\u00c1LL\u00d3VEND\u00c9GEK<\/h3>\n<p><\/p>\n<p class=\"parraf-legal\">A megengedett vend\u00e9gek maxim\u00e1lis sz\u00e1m\u00e1t a foglal\u00e1si d\u00edj le\u00edr\u00e1sa tartalmazza, a foglal\u00e1s felt\u00e9telei szerint. Az alapd\u00edj k\u00e9t f\u0151 elhelyez\u00e9s\u00e9re vonatkozik, &#8222;queen-size&#8221; m\u00e9ret\u0171 francia\u00e1gyban. B\u00e1rmely tov\u00e1bbi elhelyez\u00e9s, ahol megengedett, 9 \u00e9ven aluli gyermekek sz\u00e1m\u00e1ra t\u00f6rt\u00e9nhet, p\u00f3t\u00e1gyon, k\u00fcl\u00f6n d\u00edjszab\u00e1s vagy p\u00f3td\u00edj ellen\u00e9ben. A k\u00e9nyelmes tart\u00f3zkod\u00e1s \u00e9rdek\u00e9ben a csecsem\u0151k elsz\u00e1ll\u00e1sol\u00e1sa &#8211; ahol megengedett &#8211; egyszeri d\u00edj ellen\u00e9ben t\u00f6rt\u00e9nik, amely\u00e9rt baba felszerel\u00e9st (baby kit) biztos\u00edtunk. Minden tov\u00e1bbi vend\u00e9g enged\u00e9ly \u00e9s fel\u00e1r ellen\u00e9ben lehets\u00e9ges, f\u00fcggetlen\u00fcl a baba felszerel\u00e9s, p\u00f3t\u00e1gy vagy a megl\u00e9v\u0151 \u00e1gy haszn\u00e1lat\u00e1t\u00f3l. Biztons\u00e1gi okokb\u00f3l nem enged\u00e9lyezett az apartmanok l\u00e1togat\u00e1sa vagy nem regisztr\u00e1lt szem\u00e9lyek \u00e1ltali haszn\u00e1lata. A sz\u00e1ll\u00e1s nem ruh\u00e1zhat\u00f3 \u00e1t m\u00e1s egy\u00e9nre.<\/p>\n<h3>B\u00c9RLETI ID\u0150<\/h3>\n<p><\/p>\n<p class=\"parraf-legal\">A vend\u00e9geknek joguk van a sz\u00e1ll\u00e1st haszn\u00e1lni a foglal\u00e1si id\u0151szak els\u0151 napj\u00e1nak 16 \u00f3r\u00e1j\u00e1t\u00f3l az indul\u00e1s napj\u00e1nak 11 \u00f3r\u00e1j\u00e1ig. A felek megegyez\u00e9se szerint, az apartmanok elt\u00e9r\u0151 kihaszn\u00e1lts\u00e1g\u00e1r\u00f3l meg lehet \u00e1llapodni. A haszn\u00e1lat egyoldal\u00fa meghosszabb\u00edt\u00e1sa a foglal\u00e1sn\u00e1l hosszabb id\u0151tartamra, egy nap tov\u00e1bbi kifizet\u00e9s\u00e9nek a k\u00f6telezetts\u00e9g\u00e9t vonja maga ut\u00e1n. Az eredeti foglal\u00e1sn\u00e1l t\u00f6bb napig tart\u00f3 haszn\u00e1lat, kiz\u00e1r\u00f3lag a felek meg\u00e1llapod\u00e1s\u00e1val t\u00f6rt\u00e9nhet.<\/p>\n<h3>CHECK-IN<\/h3>\n<p><\/p>\n<p class=\"parraf-legal\">Aki ig\u00e9nybe k\u00edv\u00e1nja venni a sz\u00e1ll\u00e1shelyet \u00e9s annak szolg\u00e1ltat\u00e1sait, regisztr\u00e1lnia kell a szem\u00e9lyazonos\u00edt\u00f3 okm\u00e1nya adatait. Nincs Recepci\u00f3, a vend\u00e9g regisztr\u00e1ci\u00f3 online t\u00f6rt\u00e9nik (auto check-in) utaz\u00e1s el\u0151tt, ami f\u00fcggetlen, \u00e9rintkez\u00e9smentes hozz\u00e1f\u00e9r\u00e9st biztos\u00edt az apartmanokhoz, egy szem\u00e9lyre szabott bel\u00e9p\u00e9si k\u00f3d seg\u00edts\u00e9g\u00e9vel. A bejelentkez\u00e9s kiz\u00e1r\u00f3lag online, \u00e9rkez\u00e9s el\u0151tt, t\u00f6rt\u00e9nhet, melyhez biztons\u00e1gos web linket biztos\u00edtunk. A hozz\u00e1f\u00e9r\u00e9si k\u00f3dot \u00e9s inform\u00e1ci\u00f3kat e-mailben k\u00fcldj\u00fck meg a vend\u00e9gnek.<\/p>\n<h3>BIZTONS\u00c1GI LET\u00c9T<\/h3>\n<p><\/p>\n<p class=\"parraf-legal\">300 eur\u00f3 let\u00e9t vagy kauci\u00f3 k\u00e9rhet\u0151, amelyet t\u00e1voz\u00e1skor a vend\u00e9g visszakap, ha nincs okozott hi\u00e1ny vagy k\u00e1r. A Barracart Apartments fenntartja a jogot, hogy a vend\u00e9g \u00e1ltal az apartmanban vagy az ingatlanban okozott b\u00e1rmilyen k\u00e1r, s\u00e9r\u00fcl\u00e9s vagy lop\u00e1s miatt k\u00e1rt\u00e9r\u00edt\u00e9st k\u00f6veteljen t\u0151le. Az apartmanban t\u00f6rt\u00e9n\u0151 doh\u00e1nyz\u00e1s eset\u00e9n, ami kifejezetten tilos, a k\u00e1rt\u00e9r\u00edt\u00e9s k\u00e9t \u00e9jszak\u00e1nyi tart\u00f3zkod\u00e1s d\u00edj\u00e1nak felel meg, a szagtalan\u00edt\u00e1s k\u00f6lts\u00e9geinek fedez\u00e9s\u00e9re.<\/p>\n<h3>AZ \u00c9P\u00dcLET \u00c9S A BERENDEZ\u00c9SEK HASZN\u00c1LATA<\/h3>\n<p><\/p>\n<p class=\"parraf-legal\">Az ingaltan \u00e9s a berendez\u00e9sek t\u00f6k\u00e9letes haszn\u00e1latra alkalmas \u00e1llapotban vannak, haszn\u00e1latuk a vend\u00e9g kiz\u00e1r\u00f3lagos felel\u0151ss\u00e9ge. A h\u00e1ztart\u00e1si g\u00e9pek haszn\u00e1lati utas\u00edt\u00e1sai k\u00fcl\u00f6nb\u00f6z\u0151 nyelveken el\u00e9rhet\u0151k. Barracart Apartments nem v\u00e1llal felel\u0151ss\u00e9get a vend\u00e9g \u00e1ltal a berendez\u00e9seink vagy l\u00e9tes\u00edtm\u00e9ny\u00fcnk haszn\u00e1lata sor\u00e1n mag\u00e1n okozott testi vagy anyagi k\u00e1rok\u00e9rt, tov\u00e1bb\u00e1 nem v\u00e1llal felel\u0151ss\u00e9get harmadik szem\u00e9lynek okozott k\u00e1rok\u00e9rt sem. A vend\u00e9gek biztons\u00e1g\u00e1nak, mag\u00e1n\u00e9let\u00e9nek \u00e9s nyugalm\u00e1nak garant\u00e1l\u00e1sa \u00e9rdek\u00e9ben ez a l\u00e9tes\u00edtm\u00e9ny m\u0171szaki elektronikus megfigyel\u0151 eszk\u00f6z\u00f6kkel rendelkezik, \u00e1lland\u00f3 r\u00f6gz\u00edt\u0151 elemekkel, a folyos\u00f3kon \u00e9s egy\u00e9b k\u00f6z\u00f6s helyis\u00e9gekben. A menedzsment nem v\u00e1llal felel\u0151ss\u00e9get a apartmanokban vagy az \u00e9p\u00fcletben tartott p\u00e9nz, dokumentumok vagy egy\u00e9b \u00e9rt\u00e9kek elveszt\u00e9s\u00e9\u00e9rt, valamint a vend\u00e9gek \u00e1ltal harmadik szem\u00e9lyeknek okozott k\u00e1rok\u00e9rt.<br \/>\nA Barracartban helyhi\u00e1ny miatt nem lehet ker\u00e9kp\u00e1rokat \u00e9s egy\u00e9b j\u00e1rm\u0171veket t\u00e1rolni, de a k\u00f6zelben vannak ker\u00e9kp\u00e1rk\u00f6lcs\u00f6nz\u0151k, utc\u00e1nkban pedig ker\u00e9kp\u00e1rplatformok tal\u00e1lhat\u00f3k a ker\u00e9kp\u00e1rok biztons\u00e1gos lez\u00e1r\u00e1s\u00e1ra.<\/p>\n<\/div>\n","protected":false},"excerpt":{"rendered":"<p>GARANCIA \u00c9S KIFIZET\u00c9S A foglal\u00e1s meger\u0151s\u00edt\u00e9s\u00e9hez a foglal\u00e1s felt\u00e9teleinek megfelel\u0151en a tart\u00f3zkod\u00e1s d\u00edj\u00e1nak az el\u0151zetes kifizet\u00e9se sz\u00fcks\u00e9ges. \u00c1ltal\u00e1nos szab\u00e1ly, hogy minden kifizet\u00e9s online t\u00f6rt\u00e9nik bankk\u00e1rty\u00e1val (bet\u00e9ti vagy hitelk\u00e1rty\u00e1val), amelyhez e-mailben fizet\u00e9si linket biztos\u00edtunk. A foglal\u00e1s meger\u0151s\u00edt\u00e9s\u00e9hez elengedhetetlen a foglal\u00e1s \u00e9rt\u00e9ke 100%-\u00e1nak befizet\u00e9se legk\u00e9s\u0151bb 30 nappal a check-in el\u0151tt, valamint a vissza nem t\u00e9r\u00edtend\u0151 \u00e1r eset\u00e9n [&hellip;]<\/p>\n","protected":false},"author":103,"featured_media":0,"parent":0,"menu_order":0,"comment_status":"closed","ping_status":"closed","template":"","meta":{"footnotes":""},"class_list":["post-9009","page","type-page","status-publish","hentry"],"yoast_head":"<!-- This site is optimized with the Yoast SEO plugin v24.9 - https:\/\/yoast.com\/wordpress\/plugins\/seo\/ -->\n<title>\u00c1ltal\u00e1nos Foglal\u00e1si Felt\u00e9telek - Barracart: Premium beach apartments Valencia<\/title>\n<meta name=\"description\" content=\"Premium beach apartments in Valencia - Cabanyal-Canyamelar (Poblados Maritimos) - next to Malvarrosa Beach. Get your exclusive deal on the official website!\" \/>\n<meta name=\"robots\" content=\"index, follow, max-snippet:-1, max-image-preview:large, max-video-preview:-1\" \/>\n<link rel=\"canonical\" href=\"https:\/\/www.barracart.com\/hu\/altalanos-foglalasi-feltetelek\/\" \/>\n<meta property=\"og:locale\" content=\"hu_HU\" \/>\n<meta property=\"og:type\" content=\"article\" \/>\n<meta property=\"og:title\" content=\"\u00c1ltal\u00e1nos Foglal\u00e1si Felt\u00e9telek - Barracart: Premium beach apartments Valencia\" \/>\n<meta property=\"og:description\" content=\"Premium beach apartments in Valencia - Cabanyal-Canyamelar (Poblados Maritimos) - next to Malvarrosa Beach. Get your exclusive deal on the official website!\" \/>\n<meta property=\"og:url\" content=\"https:\/\/www.barracart.com\/hu\/altalanos-foglalasi-feltetelek\/\" \/>\n<meta property=\"og:site_name\" content=\"Barracart: Premium beach apartments Valencia\" \/>\n<meta property=\"article:modified_time\" content=\"2025-01-08T21:43:53+00:00\" \/>\n<meta name=\"twitter:card\" content=\"summary_large_image\" \/>\n<meta name=\"twitter:label1\" content=\"Becs\u00fclt olvas\u00e1si id\u0151\" \/>\n\t<meta name=\"twitter:data1\" content=\"4 perc\" \/>\n<script type=\"application\/ld+json\" class=\"yoast-schema-graph\">{\"@context\":\"https:\/\/schema.org\",\"@graph\":[{\"@type\":\"WebPage\",\"@id\":\"https:\/\/www.barracart.com\/hu\/altalanos-foglalasi-feltetelek\/\",\"url\":\"https:\/\/www.barracart.com\/hu\/altalanos-foglalasi-feltetelek\/\",\"name\":\"\u00c1ltal\u00e1nos Foglal\u00e1si Felt\u00e9telek - Barracart: Premium beach apartments Valencia\",\"isPartOf\":{\"@id\":\"https:\/\/www.barracart.com\/#website\"},\"datePublished\":\"2018-01-05T11:42:07+00:00\",\"dateModified\":\"2025-01-08T21:43:53+00:00\",\"description\":\"Premium beach apartments in Valencia - Cabanyal-Canyamelar (Poblados Maritimos) - next to Malvarrosa Beach. Get your exclusive deal on the official website!\",\"breadcrumb\":{\"@id\":\"https:\/\/www.barracart.com\/hu\/altalanos-foglalasi-feltetelek\/#breadcrumb\"},\"inLanguage\":\"hu\",\"potentialAction\":[{\"@type\":\"ReadAction\",\"target\":[\"https:\/\/www.barracart.com\/hu\/altalanos-foglalasi-feltetelek\/\"]}]},{\"@type\":\"BreadcrumbList\",\"@id\":\"https:\/\/www.barracart.com\/hu\/altalanos-foglalasi-feltetelek\/#breadcrumb\",\"itemListElement\":[{\"@type\":\"ListItem\",\"position\":1,\"name\":\"Home\",\"item\":\"https:\/\/www.barracart.com\/hu\/\"},{\"@type\":\"ListItem\",\"position\":2,\"name\":\"\u00c1ltal\u00e1nos Foglal\u00e1si Felt\u00e9telek\"}]},{\"@type\":\"WebSite\",\"@id\":\"https:\/\/www.barracart.com\/#website\",\"url\":\"https:\/\/www.barracart.com\/\",\"name\":\"Barracart: Premium beach apartments Valencia\",\"description\":\"Get up to 20% discount by booking on our website!\",\"publisher\":{\"@id\":\"https:\/\/www.barracart.com\/#organization\"},\"potentialAction\":[{\"@type\":\"SearchAction\",\"target\":{\"@type\":\"EntryPoint\",\"urlTemplate\":\"https:\/\/www.barracart.com\/?s={search_term_string}\"},\"query-input\":{\"@type\":\"PropertyValueSpecification\",\"valueRequired\":true,\"valueName\":\"search_term_string\"}}],\"inLanguage\":\"hu\"},{\"@type\":\"Organization\",\"@id\":\"https:\/\/www.barracart.com\/#organization\",\"name\":\"Barracart: Premium beach apartments Valencia\",\"url\":\"https:\/\/www.barracart.com\/\",\"logo\":{\"@type\":\"ImageObject\",\"inLanguage\":\"hu\",\"@id\":\"https:\/\/www.barracart.com\/#\/schema\/logo\/image\/\",\"url\":\"https:\/\/www.barracart.com\/wp-content\/uploads\/cropped-Logo_pr_r.png\",\"contentUrl\":\"https:\/\/www.barracart.com\/wp-content\/uploads\/cropped-Logo_pr_r.png\",\"width\":64,\"height\":64,\"caption\":\"Barracart: Premium beach apartments Valencia\"},\"image\":{\"@id\":\"https:\/\/www.barracart.com\/#\/schema\/logo\/image\/\"}}]}<\/script>\n<!-- \/ Yoast SEO plugin. -->","yoast_head_json":{"title":"\u00c1ltal\u00e1nos Foglal\u00e1si Felt\u00e9telek - Barracart: Premium beach apartments Valencia","description":"Premium beach apartments in Valencia - Cabanyal-Canyamelar (Poblados Maritimos) - next to Malvarrosa Beach. Get your exclusive deal on the official website!","robots":{"index":"index","follow":"follow","max-snippet":"max-snippet:-1","max-image-preview":"max-image-preview:large","max-video-preview":"max-video-preview:-1"},"canonical":"https:\/\/www.barracart.com\/hu\/altalanos-foglalasi-feltetelek\/","og_locale":"hu_HU","og_type":"article","og_title":"\u00c1ltal\u00e1nos Foglal\u00e1si Felt\u00e9telek - Barracart: Premium beach apartments Valencia","og_description":"Premium beach apartments in Valencia - Cabanyal-Canyamelar (Poblados Maritimos) - next to Malvarrosa Beach. Get your exclusive deal on the official website!","og_url":"https:\/\/www.barracart.com\/hu\/altalanos-foglalasi-feltetelek\/","og_site_name":"Barracart: Premium beach apartments Valencia","article_modified_time":"2025-01-08T21:43:53+00:00","twitter_card":"summary_large_image","twitter_misc":{"Becs\u00fclt olvas\u00e1si id\u0151":"4 perc"},"schema":{"@context":"https:\/\/schema.org","@graph":[{"@type":"WebPage","@id":"https:\/\/www.barracart.com\/hu\/altalanos-foglalasi-feltetelek\/","url":"https:\/\/www.barracart.com\/hu\/altalanos-foglalasi-feltetelek\/","name":"\u00c1ltal\u00e1nos Foglal\u00e1si Felt\u00e9telek - Barracart: Premium beach apartments Valencia","isPartOf":{"@id":"https:\/\/www.barracart.com\/#website"},"datePublished":"2018-01-05T11:42:07+00:00","dateModified":"2025-01-08T21:43:53+00:00","description":"Premium beach apartments in Valencia - Cabanyal-Canyamelar (Poblados Maritimos) - next to Malvarrosa Beach. Get your exclusive deal on the official website!","breadcrumb":{"@id":"https:\/\/www.barracart.com\/hu\/altalanos-foglalasi-feltetelek\/#breadcrumb"},"inLanguage":"hu","potentialAction":[{"@type":"ReadAction","target":["https:\/\/www.barracart.com\/hu\/altalanos-foglalasi-feltetelek\/"]}]},{"@type":"BreadcrumbList","@id":"https:\/\/www.barracart.com\/hu\/altalanos-foglalasi-feltetelek\/#breadcrumb","itemListElement":[{"@type":"ListItem","position":1,"name":"Home","item":"https:\/\/www.barracart.com\/hu\/"},{"@type":"ListItem","position":2,"name":"\u00c1ltal\u00e1nos Foglal\u00e1si Felt\u00e9telek"}]},{"@type":"WebSite","@id":"https:\/\/www.barracart.com\/#website","url":"https:\/\/www.barracart.com\/","name":"Barracart: Premium beach apartments Valencia","description":"Get up to 20% discount by booking on our website!","publisher":{"@id":"https:\/\/www.barracart.com\/#organization"},"potentialAction":[{"@type":"SearchAction","target":{"@type":"EntryPoint","urlTemplate":"https:\/\/www.barracart.com\/?s={search_term_string}"},"query-input":{"@type":"PropertyValueSpecification","valueRequired":true,"valueName":"search_term_string"}}],"inLanguage":"hu"},{"@type":"Organization","@id":"https:\/\/www.barracart.com\/#organization","name":"Barracart: Premium beach apartments Valencia","url":"https:\/\/www.barracart.com\/","logo":{"@type":"ImageObject","inLanguage":"hu","@id":"https:\/\/www.barracart.com\/#\/schema\/logo\/image\/","url":"https:\/\/www.barracart.com\/wp-content\/uploads\/cropped-Logo_pr_r.png","contentUrl":"https:\/\/www.barracart.com\/wp-content\/uploads\/cropped-Logo_pr_r.png","width":64,"height":64,"caption":"Barracart: Premium beach apartments Valencia"},"image":{"@id":"https:\/\/www.barracart.com\/#\/schema\/logo\/image\/"}}]}},"_links":{"self":[{"href":"https:\/\/www.barracart.com\/hu\/wp-json\/wp\/v2\/pages\/9009","targetHints":{"allow":["GET"]}}],"collection":[{"href":"https:\/\/www.barracart.com\/hu\/wp-json\/wp\/v2\/pages"}],"about":[{"href":"https:\/\/www.barracart.com\/hu\/wp-json\/wp\/v2\/types\/page"}],"author":[{"embeddable":true,"href":"https:\/\/www.barracart.com\/hu\/wp-json\/wp\/v2\/users\/103"}],"replies":[{"embeddable":true,"href":"https:\/\/www.barracart.com\/hu\/wp-json\/wp\/v2\/comments?post=9009"}],"version-history":[{"count":29,"href":"https:\/\/www.barracart.com\/hu\/wp-json\/wp\/v2\/pages\/9009\/revisions"}],"predecessor-version":[{"id":11169,"href":"https:\/\/www.barracart.com\/hu\/wp-json\/wp\/v2\/pages\/9009\/revisions\/11169"}],"wp:attachment":[{"href":"https:\/\/www.barracart.com\/hu\/wp-json\/wp\/v2\/media?parent=9009"}],"curies":[{"name":"wp","href":"https:\/\/api.w.org\/{rel}","templated":true}]}}