{"id":9015,"date":"2018-01-11T08:29:15","date_gmt":"2018-01-11T08:29:15","guid":{"rendered":"https:\/\/www.barracart.com\/services\/"},"modified":"2022-01-30T18:24:19","modified_gmt":"2022-01-30T17:24:19","slug":"services","status":"publish","type":"page","link":"https:\/\/www.barracart.com\/hu\/services\/","title":{"rendered":"Szolg\u00e1ltat\u00e1sok"},"content":{"rendered":"<h2 class=\"subtitulo-pag-interna\">SZOLG\u00c1LTAT\u00c1SOKKAL ELL\u00c1TOTT APARTMANOK<\/h2>\n<div class=\"bloques-servicios\">\n<div class=\"bloque-servicios-1 col-1-2\">\n<h2 class=\"centrado\">Ingyenes<\/h2>\n<div class=\"box-servicios-1\">\n<div class=\"service\">\n<p><img decoding=\"async\" class=\"centrado\" src=\"\/wp-content\/uploads\/libreria.png\" alt=\"library\" \/><\/p>\n<p class=\"centrado\">K\u00d6NYVT\u00c1R<br \/>\n(Minden apartmanban)<\/p>\n<\/div>\n<div class=\"service\">\n<p><img decoding=\"async\" class=\"centrado\" src=\"\/wp-content\/uploads\/24h.png\" alt=\"service-24h\" \/><\/p>\n<p class=\"centrado\">TELEFONOS \u00dcGYF\u00c9L SZOLG\u00c1LAT<\/p>\n<\/div>\n<div class=\"service\">\n<p><img decoding=\"async\" class=\"centrado\" src=\"\/wp-content\/uploads\/lugagge.png\" alt=\"luggage-storage\" \/><\/p>\n<p class=\"centrado\">CSOMAGMEG\u0150RZ\u00c9S<br \/>\n(El\u0151zetes k\u00e9r\u00e9sre)<\/p>\n<\/div>\n<div class=\"service\">\n<p><img decoding=\"async\" class=\"centrado\" src=\"\/wp-content\/uploads\/checkin.png\" alt=\"flexible-checkin\" \/><\/p>\n<p class=\"centrado\">\u00c9RINT\u00c9SMENTES CHECK-IN<br \/>\n(Auto Check-in)<\/p>\n<\/div>\n<div class=\"service\">\n<p><img decoding=\"async\" class=\"centrado\" src=\"\/wp-content\/uploads\/limpieza.png\" alt=\"cleaning\" \/><\/p>\n<p class=\"centrado\">TAKAR\u00cdT\u00c1S<br \/>\n(id\u0151szakos)<\/p>\n<\/div>\n<div class=\"service\">\n<p><img decoding=\"async\" class=\"centrado\" src=\"\/wp-content\/uploads\/amenities.png\" alt=\"highchair\" \/><\/p>\n<p class=\"centrado\">F\u00dcRD\u0150SZOBA &amp; KONYHA<br \/>\nAMENITIES<\/p>\n<\/div>\n<div class=\"service\">\n<p><img decoding=\"async\" class=\"centrado\" src=\"\/wp-content\/uploads\/wifi-1.png\" alt=\"wifi\" \/><\/p>\n<p class=\"centrado\">WIFI<br \/>\n(HotSpot)<\/p>\n<\/div>\n<div class=\"service\">\n<p><img decoding=\"async\" class=\"centrado\" src=\"\/wp-content\/uploads\/bandeja-bienve.png\" alt=\"turism-information\" \/><\/p>\n<p class=\"centrado\">WELCOME V\u00cdZ<br \/>\n&amp; \u00e9lelmiszerek<\/p>\n<\/div>\n<div class=\"service\">\n<p><img decoding=\"async\" class=\"centrado\" src=\"\/wp-content\/uploads\/info.png\" alt=\"turism-information\" \/><\/p>\n<p class=\"centrado\">TURISTA APP<br \/>\n(Testreszabott)<\/p>\n<\/div>\n<\/div>\n<div class=\"clearfix\"><\/div>\n<\/div>\n<div class=\"bloque-servicios-2 col-1-2\">\n<h2 class=\"centrado\">Szolg\u00e1ltat\u00e1si d\u00edj\u00e9rt<\/h2>\n<div class=\"box-servicios-2\">\n<div class=\"service\">\n<p><img decoding=\"async\" class=\"centrado\" src=\"\/wp-content\/uploads\/breakfast1.png\" alt=\"breakfast\" \/><\/p>\n<p class=\"centrado\">HIDEG CSOMAG<\/p>\n<\/div>\n<div class=\"service\">\n<p><img decoding=\"async\" class=\"centrado\" src=\"\/wp-content\/uploads\/avion.png\" alt=\"airport-transport\" \/><\/p>\n<p class=\"centrado\">REPT\u00c9RI TRANSZFER<\/p>\n<\/div>\n<div class=\"service\">\n<p><img decoding=\"async\" class=\"centrado\" src=\"\/wp-content\/uploads\/meetingroom.png\" alt=\"business-room\" \/><\/p>\n<p class=\"centrado\">T\u00c1RGYAL\u00d3 HELYIS\u00c9G<\/p>\n<\/div>\n<div class=\"service\">\n<p><img decoding=\"async\" class=\"centrado\" src=\"\/wp-content\/uploads\/parking-1.png\" alt=\"parking-service\" \/><\/p>\n<p class=\"centrado\">\u0150RZ\u0150TT PARKOL\u00d3<\/p>\n<\/div>\n<div class=\"service\">\n<p><img decoding=\"async\" class=\"centrado\" src=\"\/wp-content\/uploads\/bici.png\" alt=\"bicycle\" \/><\/p>\n<p class=\"centrado\">KER\u00c9KP\u00c1ROK<\/p>\n<\/div>\n<div class=\"service\">\n<p><img decoding=\"async\" class=\"centrado\" src=\"\/wp-content\/uploads\/compra-food.png\" alt=\"shoping\" \/><\/p>\n<p class=\"centrado\">\u00c9LELMISZER BEV\u00c1S\u00c1RL\u00c1S<\/p>\n<\/div>\n<div class=\"service\">\n<p><img decoding=\"async\" class=\"centrado\" src=\"\/wp-content\/uploads\/towels.png\" alt=\"charge-towels\" \/><\/p>\n<p class=\"centrado\">EXTRA T\u00d6R\u00d6LK\u00d6Z\u0150<\/p>\n<\/div>\n<div class=\"service\">\n<p><img decoding=\"async\" class=\"centrado\" src=\"\/wp-content\/uploads\/bb-movil.png\" alt=\"highchair\" \/><\/p>\n<p class=\"centrado\">BABY KIT<\/p>\n<\/div>\n<div class=\"service\">\n<p><img decoding=\"async\" class=\"centrado\" src=\"\/wp-content\/uploads\/beech.png\" alt=\"charge-linen\" \/><\/p>\n<p class=\"centrado\">BEACH KIT<\/p>\n<\/div>\n<\/div>\n<div class=\"clearfix\"><\/div>\n<\/div>\n<\/div>\n","protected":false},"excerpt":{"rendered":"<p>SZOLG\u00c1LTAT\u00c1SOKKAL ELL\u00c1TOTT APARTMANOK Ingyenes K\u00d6NYVT\u00c1R (Minden apartmanban) TELEFONOS \u00dcGYF\u00c9L SZOLG\u00c1LAT CSOMAGMEG\u0150RZ\u00c9S (El\u0151zetes k\u00e9r\u00e9sre) \u00c9RINT\u00c9SMENTES CHECK-IN (Auto Check-in) TAKAR\u00cdT\u00c1S (id\u0151szakos) F\u00dcRD\u0150SZOBA &amp; KONYHA AMENITIES WIFI (HotSpot) WELCOME V\u00cdZ &amp; \u00e9lelmiszerek TURISTA APP (Testreszabott) Szolg\u00e1ltat\u00e1si d\u00edj\u00e9rt HIDEG CSOMAG REPT\u00c9RI TRANSZFER T\u00c1RGYAL\u00d3 HELYIS\u00c9G \u0150RZ\u0150TT PARKOL\u00d3 KER\u00c9KP\u00c1ROK \u00c9LELMISZER BEV\u00c1S\u00c1RL\u00c1S EXTRA T\u00d6R\u00d6LK\u00d6Z\u0150 BABY KIT BEACH KIT<\/p>\n","protected":false},"author":103,"featured_media":0,"parent":0,"menu_order":0,"comment_status":"closed","ping_status":"closed","template":"","meta":{"footnotes":""},"class_list":["post-9015","page","type-page","status-publish","hentry"],"yoast_head":"<!-- This site is optimized with the Yoast SEO plugin v24.9 - https:\/\/yoast.com\/wordpress\/plugins\/seo\/ -->\n<title>Contact free serviced apartments in Valencia Beach<\/title>\n<meta name=\"description\" content=\"Contact free serviced apartments in Valencia Beach. Room cleaning, luggage storage, bicycles, airport shuttle, 24\/7 customer support, free wifi.\" \/>\n<meta name=\"robots\" content=\"index, follow, max-snippet:-1, max-image-preview:large, max-video-preview:-1\" \/>\n<link rel=\"canonical\" href=\"https:\/\/www.barracart.com\/hu\/services\/\" \/>\n<meta property=\"og:locale\" content=\"hu_HU\" \/>\n<meta property=\"og:type\" content=\"article\" \/>\n<meta property=\"og:title\" content=\"Contact free serviced apartments in Valencia Beach\" \/>\n<meta property=\"og:description\" content=\"Contact free serviced apartments in Valencia Beach. Room cleaning, luggage storage, bicycles, airport shuttle, 24\/7 customer support, free wifi.\" \/>\n<meta property=\"og:url\" content=\"https:\/\/www.barracart.com\/hu\/services\/\" \/>\n<meta property=\"og:site_name\" content=\"Barracart: Premium beach apartments Valencia\" \/>\n<meta property=\"article:modified_time\" content=\"2022-01-30T17:24:19+00:00\" \/>\n<meta property=\"og:image\" content=\"https:\/\/www.barracart.com\/wp-content\/uploads\/libreria.png\" \/>\n<meta name=\"twitter:card\" content=\"summary_large_image\" \/>\n<script type=\"application\/ld+json\" class=\"yoast-schema-graph\">{\"@context\":\"https:\/\/schema.org\",\"@graph\":[{\"@type\":\"WebPage\",\"@id\":\"https:\/\/www.barracart.com\/hu\/services\/\",\"url\":\"https:\/\/www.barracart.com\/hu\/services\/\",\"name\":\"Contact free serviced apartments in Valencia Beach\",\"isPartOf\":{\"@id\":\"https:\/\/www.barracart.com\/#website\"},\"datePublished\":\"2018-01-11T08:29:15+00:00\",\"dateModified\":\"2022-01-30T17:24:19+00:00\",\"description\":\"Contact free serviced apartments in Valencia Beach. Room cleaning, luggage storage, bicycles, airport shuttle, 24\/7 customer support, free wifi.\",\"breadcrumb\":{\"@id\":\"https:\/\/www.barracart.com\/hu\/services\/#breadcrumb\"},\"inLanguage\":\"hu\",\"potentialAction\":[{\"@type\":\"ReadAction\",\"target\":[\"https:\/\/www.barracart.com\/hu\/services\/\"]}]},{\"@type\":\"BreadcrumbList\",\"@id\":\"https:\/\/www.barracart.com\/hu\/services\/#breadcrumb\",\"itemListElement\":[{\"@type\":\"ListItem\",\"position\":1,\"name\":\"Home\",\"item\":\"https:\/\/www.barracart.com\/hu\/\"},{\"@type\":\"ListItem\",\"position\":2,\"name\":\"Szolg\u00e1ltat\u00e1sok\"}]},{\"@type\":\"WebSite\",\"@id\":\"https:\/\/www.barracart.com\/#website\",\"url\":\"https:\/\/www.barracart.com\/\",\"name\":\"Barracart: Premium beach apartments Valencia\",\"description\":\"Get up to 20% discount by booking on our website!\",\"publisher\":{\"@id\":\"https:\/\/www.barracart.com\/#organization\"},\"potentialAction\":[{\"@type\":\"SearchAction\",\"target\":{\"@type\":\"EntryPoint\",\"urlTemplate\":\"https:\/\/www.barracart.com\/?s={search_term_string}\"},\"query-input\":{\"@type\":\"PropertyValueSpecification\",\"valueRequired\":true,\"valueName\":\"search_term_string\"}}],\"inLanguage\":\"hu\"},{\"@type\":\"Organization\",\"@id\":\"https:\/\/www.barracart.com\/#organization\",\"name\":\"Barracart: Premium beach apartments Valencia\",\"url\":\"https:\/\/www.barracart.com\/\",\"logo\":{\"@type\":\"ImageObject\",\"inLanguage\":\"hu\",\"@id\":\"https:\/\/www.barracart.com\/#\/schema\/logo\/image\/\",\"url\":\"https:\/\/www.barracart.com\/wp-content\/uploads\/cropped-Logo_pr_r.png\",\"contentUrl\":\"https:\/\/www.barracart.com\/wp-content\/uploads\/cropped-Logo_pr_r.png\",\"width\":64,\"height\":64,\"caption\":\"Barracart: Premium beach apartments Valencia\"},\"image\":{\"@id\":\"https:\/\/www.barracart.com\/#\/schema\/logo\/image\/\"}}]}<\/script>\n<!-- \/ Yoast SEO plugin. -->","yoast_head_json":{"title":"Contact free serviced apartments in Valencia Beach","description":"Contact free serviced apartments in Valencia Beach. Room cleaning, luggage storage, bicycles, airport shuttle, 24\/7 customer support, free wifi.","robots":{"index":"index","follow":"follow","max-snippet":"max-snippet:-1","max-image-preview":"max-image-preview:large","max-video-preview":"max-video-preview:-1"},"canonical":"https:\/\/www.barracart.com\/hu\/services\/","og_locale":"hu_HU","og_type":"article","og_title":"Contact free serviced apartments in Valencia Beach","og_description":"Contact free serviced apartments in Valencia Beach. Room cleaning, luggage storage, bicycles, airport shuttle, 24\/7 customer support, free wifi.","og_url":"https:\/\/www.barracart.com\/hu\/services\/","og_site_name":"Barracart: Premium beach apartments Valencia","article_modified_time":"2022-01-30T17:24:19+00:00","og_image":[{"url":"https:\/\/www.barracart.com\/wp-content\/uploads\/libreria.png","type":"","width":"","height":""}],"twitter_card":"summary_large_image","schema":{"@context":"https:\/\/schema.org","@graph":[{"@type":"WebPage","@id":"https:\/\/www.barracart.com\/hu\/services\/","url":"https:\/\/www.barracart.com\/hu\/services\/","name":"Contact free serviced apartments in Valencia Beach","isPartOf":{"@id":"https:\/\/www.barracart.com\/#website"},"datePublished":"2018-01-11T08:29:15+00:00","dateModified":"2022-01-30T17:24:19+00:00","description":"Contact free serviced apartments in Valencia Beach. Room cleaning, luggage storage, bicycles, airport shuttle, 24\/7 customer support, free wifi.","breadcrumb":{"@id":"https:\/\/www.barracart.com\/hu\/services\/#breadcrumb"},"inLanguage":"hu","potentialAction":[{"@type":"ReadAction","target":["https:\/\/www.barracart.com\/hu\/services\/"]}]},{"@type":"BreadcrumbList","@id":"https:\/\/www.barracart.com\/hu\/services\/#breadcrumb","itemListElement":[{"@type":"ListItem","position":1,"name":"Home","item":"https:\/\/www.barracart.com\/hu\/"},{"@type":"ListItem","position":2,"name":"Szolg\u00e1ltat\u00e1sok"}]},{"@type":"WebSite","@id":"https:\/\/www.barracart.com\/#website","url":"https:\/\/www.barracart.com\/","name":"Barracart: Premium beach apartments Valencia","description":"Get up to 20% discount by booking on our website!","publisher":{"@id":"https:\/\/www.barracart.com\/#organization"},"potentialAction":[{"@type":"SearchAction","target":{"@type":"EntryPoint","urlTemplate":"https:\/\/www.barracart.com\/?s={search_term_string}"},"query-input":{"@type":"PropertyValueSpecification","valueRequired":true,"valueName":"search_term_string"}}],"inLanguage":"hu"},{"@type":"Organization","@id":"https:\/\/www.barracart.com\/#organization","name":"Barracart: Premium beach apartments Valencia","url":"https:\/\/www.barracart.com\/","logo":{"@type":"ImageObject","inLanguage":"hu","@id":"https:\/\/www.barracart.com\/#\/schema\/logo\/image\/","url":"https:\/\/www.barracart.com\/wp-content\/uploads\/cropped-Logo_pr_r.png","contentUrl":"https:\/\/www.barracart.com\/wp-content\/uploads\/cropped-Logo_pr_r.png","width":64,"height":64,"caption":"Barracart: Premium beach apartments Valencia"},"image":{"@id":"https:\/\/www.barracart.com\/#\/schema\/logo\/image\/"}}]}},"_links":{"self":[{"href":"https:\/\/www.barracart.com\/hu\/wp-json\/wp\/v2\/pages\/9015","targetHints":{"allow":["GET"]}}],"collection":[{"href":"https:\/\/www.barracart.com\/hu\/wp-json\/wp\/v2\/pages"}],"about":[{"href":"https:\/\/www.barracart.com\/hu\/wp-json\/wp\/v2\/types\/page"}],"author":[{"embeddable":true,"href":"https:\/\/www.barracart.com\/hu\/wp-json\/wp\/v2\/users\/103"}],"replies":[{"embeddable":true,"href":"https:\/\/www.barracart.com\/hu\/wp-json\/wp\/v2\/comments?post=9015"}],"version-history":[{"count":9,"href":"https:\/\/www.barracart.com\/hu\/wp-json\/wp\/v2\/pages\/9015\/revisions"}],"predecessor-version":[{"id":10107,"href":"https:\/\/www.barracart.com\/hu\/wp-json\/wp\/v2\/pages\/9015\/revisions\/10107"}],"wp:attachment":[{"href":"https:\/\/www.barracart.com\/hu\/wp-json\/wp\/v2\/media?parent=9015"}],"curies":[{"name":"wp","href":"https:\/\/api.w.org\/{rel}","templated":true}]}}