{"id":9818,"date":"2021-05-06T01:21:08","date_gmt":"2021-05-05T23:21:08","guid":{"rendered":"https:\/\/www.barracart.com\/?page_id=9818"},"modified":"2025-06-14T23:57:10","modified_gmt":"2025-06-14T21:57:10","slug":"workation-tavmunka-valenciabol","status":"publish","type":"page","link":"https:\/\/www.barracart.com\/hu\/workation-tavmunka-valenciabol\/","title":{"rendered":"WORKATION, t\u00e1vmunka Valenci\u00e1b\u00f3l"},"content":{"rendered":"<div class=\"box-content\">\n<div class=\"box-text margin-botom-puntual\">\n<div class=\"col-1-2 separa-line-center\">\n<p>A vil\u00e1gj\u00e1rv\u00e1ny megv\u00e1ltoztatta az \u00e9let\u00fcnket, de nem minden negat\u00edv. A t\u00e1vmunka m\u00e1r vel\u00fcnk marad, \u00e9s lehet\u0151v\u00e9 teszi sz\u00e1munkra, hogy m\u00e1s m\u00f3don is utazzunk, aminek m\u00e1r saj\u00e1t neve is van: &#8222;workation&#8221;. Ki tud ellen\u00e1llni a hossz\u00fa utaz\u00e1sok izgalm\u00e1nak, mikor b\u00e1r nem feledkezhetsz meg a k\u00f6telezetts\u00e9geidr\u0151l, lehet\u0151s\u00e9ged van \u00e9lvezni az \u00faj helyet, a tengert, a j\u00f3 id\u0151j\u00e1r\u00e1st, a gasztron\u00f3mi\u00e1t, a helyi kult\u00far\u00e1t, vagy a kedvenc sportodat. El tudod k\u00e9pzelni, hogy a napot egy kis tengerparti s\u00e9t\u00e1val kezded, vagy egy friss\u00edt\u0151 \u00fasz\u00e1ssal a tengerben &#8230;? Ez a workation.<\/p>\n<\/p><\/div>\n<div class=\"col-1-2\">\n<p>Az apartmanokban k\u00e9nyelmesen dolgozhatsz, j\u00f3 a Wi-Fi kapcsolat \u00e9s nagyok az asztalok. M\u00e9gis a t\u00f6k\u00e9letes megold\u00e1s az, ha van k\u00fcl\u00f6n helyed a munk\u00e1hoz. Aj\u00e1nl\u00e1sunk a legmen\u0151bb coworking Valenci\u00e1ban &#8211; Vortex Playa &#8211; csak p\u00e1r perc s\u00e9t\u00e1ra a Barracart-t\u00f3l. A Vortex Coworking sokkal t\u00f6bb, mint egy sz\u00e9p \u00e9s professzion\u00e1lis iroda, kiv\u00e1l\u00f3 szolg\u00e1ltat\u00e1sokkal, ez egy igazi k\u00f6z\u00f6ss\u00e9g, amely seg\u00edt beilleszkedni a helyi \u00e9letbe. Egy igazi \u201ccoliving-coworking\u201d \u00e9lm\u00e9ny Valencia k\u00e9t legkeresettebb negyed\u00e9ben, a tengerparton \u00e9s a k\u00f6zpontban.<\/p>\n<\/p><\/div>\n<div class=\"clearfix\"><\/div>\n<\/p><\/div>\n<ul class=\"slider-home-new margin-botom-puntual owl-carousel\">\n<li>\n\t\t\t<a><br \/>\n\t\t\t\t<img decoding=\"async\" src=\"\/wp-content\/uploads\/Vortex-1.jpg\" alt=\"\"\/><br \/>\n\t\t\t<\/a>\n\t\t<\/li>\n<li>\n\t\t\t<a><br \/>\n\t\t\t\t<img decoding=\"async\" src=\"\/wp-content\/uploads\/Vortex-2.jpg\" alt=\"\"\/><br \/>\n\t\t\t<\/a>\n\t\t<\/li>\n<li>\n\t\t\t<a><br \/>\n\t\t\t\t<img decoding=\"async\" src=\"\/wp-content\/uploads\/Vortex-3.jpg\" alt=\"\"\/><br \/>\n\t\t\t<\/a>\n\t\t<\/li>\n<li>\n\t\t\t<a><br \/>\n\t\t\t\t<img decoding=\"async\" src=\"\/wp-content\/uploads\/Vortex-4.jpg\" alt=\"\"\/><br \/>\n\t\t\t<\/a>\n\t\t<\/li>\n<li>\n\t\t\t<a><br \/>\n\t\t\t\t<img decoding=\"async\" src=\"\/wp-content\/uploads\/Vortex-5.jpg\" alt=\"\"\/><br \/>\n\t\t\t<\/a>\n\t\t<\/li>\n<li>\n\t\t\t<a><br \/>\n\t\t\t\t<img decoding=\"async\" src=\"\/wp-content\/uploads\/Vortex-6.jpg\" alt=\"\"\/><br \/>\n\t\t\t<\/a>\n\t\t<\/li>\n<\/ul>\n<div class=\"box-text margin-botom-puntual sin-before\">\n<p>K\u00e9t k\u00f6zponttal Valenci\u00e1ban mindig tal\u00e1lsz helyet. Az irod\u00e1k rendelkeznek k\u00f6z\u00f6s \u00e9tkez\u0151\/konyh\u00e1val, terasszal, hangszigetelt f\u00fclk\u00e9vel telefonh\u00edv\u00e1sokhoz \u00e9s ker\u00e9kp\u00e1r parkol\u00f3val. A <strong><a href=\"https:\/\/vortexcoworking.es\/en\/\" target=\"_blank\" rel=\"noopener noreferrer\">Vortex Coworking<\/a><\/strong> aj\u00e1nlata minden t\u00edpus\u00fa ig\u00e9nyt kiel\u00e9g\u00edt, \u00e1lland\u00f3 ir\u00f3asztalr\u00f3l, hotdesks-r\u0151l, priv\u00e1t irod\u00e1r\u00f3l, t\u00e1rgyal\u00f3r\u00f3l vagy rendezv\u00e9ny helyis\u00e9gr\u0151l legyen sz\u00f3. Havi, heti vagy napi \u00e1rakkal. Ig\u00e9nybe vehet\u0151 irodai \u00f3r\u00e1kban vagy a nap 24 \u00f3r\u00e1j\u00e1ban. Ha nem tal\u00e1lsz sz\u00e1modra megfelel\u0151 kombin\u00e1ci\u00f3t, \u00f6r\u00f6mmel adnak szem\u00e9lyre szabott aj\u00e1nlatot.<\/p>\n<\/p><\/div>\n<div class=\"box-text margin-botom-puntual sin-before\">\n<p>Hosszabb tart\u00f3zkod\u00e1s eset\u00e9n a &#8222;LONG&#8221; tarif\u00e1nkat javasoljuk, ami minimum h\u00e1rom h\u00e9t tart\u00f3zkod\u00e1s eset\u00e9n vehet\u0151 ig\u00e9nybe jelent\u0151s kedvezm\u00e9nnyel, a d\u00e1tumt\u00f3l f\u00fcgg\u0151en. Ha a kiv\u00e1lasztott d\u00e1tumokra nem tal\u00e1lsz online el\u00e9rhet\u0151s\u00e9get, vedd fel vel\u00fcnk a kapcsolatot, \u00e9s megn\u00e9zz\u00fck a lehet\u0151s\u00e9geket!<br \/>\n\t\tK\u00e9rdezz \u00faj apartmanjainkr\u00f3l, amelyeket kiz\u00e1r\u00f3lag szezon\u00e1lis b\u00e9rl\u00e9sre k\u00edn\u00e1lunk! Nagyobbak \u00e9s hosszabb tart\u00f3zkod\u00e1sra alkalmas munkasarokkal rendelkeznek, rezsi \u00e9s a takar\u00edt\u00e1s benne van az \u00e1rban.<\/p>\n<\/p><\/div>\n<\/div>\n","protected":false},"excerpt":{"rendered":"<p>A vil\u00e1gj\u00e1rv\u00e1ny megv\u00e1ltoztatta az \u00e9let\u00fcnket, de nem minden negat\u00edv. A t\u00e1vmunka m\u00e1r vel\u00fcnk marad, \u00e9s lehet\u0151v\u00e9 teszi sz\u00e1munkra, hogy m\u00e1s m\u00f3don is utazzunk, aminek m\u00e1r saj\u00e1t neve is van: &#8222;workation&#8221;. Ki tud ellen\u00e1llni a hossz\u00fa utaz\u00e1sok izgalm\u00e1nak, mikor b\u00e1r nem feledkezhetsz meg a k\u00f6telezetts\u00e9geidr\u0151l, lehet\u0151s\u00e9ged van \u00e9lvezni az \u00faj helyet, a tengert, a j\u00f3 id\u0151j\u00e1r\u00e1st, [&hellip;]<\/p>\n","protected":false},"author":103,"featured_media":0,"parent":0,"menu_order":0,"comment_status":"closed","ping_status":"closed","template":"","meta":{"footnotes":""},"class_list":["post-9818","page","type-page","status-publish","hentry"],"yoast_head":"<!-- This site is optimized with the Yoast SEO plugin v24.9 - https:\/\/yoast.com\/wordpress\/plugins\/seo\/ -->\n<title>Workation, t\u00e1vmunka Valenci\u00e1b\u00f3l<\/title>\n<meta name=\"description\" content=\"Workation, avagy t\u00e1vmunka Valenci\u00e1b\u00f3l. Fedezd fel az igazi &quot;coliving - coworking&quot; \u00e9lm\u00e9nyt Valencia legmen\u0151bb tengerparti negyed\u00e9b\u0151l!\" \/>\n<meta name=\"robots\" content=\"index, follow, max-snippet:-1, max-image-preview:large, max-video-preview:-1\" \/>\n<link rel=\"canonical\" href=\"https:\/\/www.barracart.com\/hu\/workation-tavmunka-valenciabol\/\" \/>\n<meta property=\"og:locale\" content=\"hu_HU\" \/>\n<meta property=\"og:type\" content=\"article\" \/>\n<meta property=\"og:title\" content=\"Workation, t\u00e1vmunka Valenci\u00e1b\u00f3l\" \/>\n<meta property=\"og:description\" content=\"Workation, avagy t\u00e1vmunka Valenci\u00e1b\u00f3l. Fedezd fel az igazi &quot;coliving - coworking&quot; \u00e9lm\u00e9nyt Valencia legmen\u0151bb tengerparti negyed\u00e9b\u0151l!\" \/>\n<meta property=\"og:url\" content=\"https:\/\/www.barracart.com\/hu\/workation-tavmunka-valenciabol\/\" \/>\n<meta property=\"og:site_name\" content=\"Barracart: Premium beach apartments Valencia\" \/>\n<meta property=\"article:modified_time\" content=\"2025-06-14T21:57:10+00:00\" \/>\n<meta name=\"twitter:card\" content=\"summary_large_image\" \/>\n<meta name=\"twitter:label1\" content=\"Becs\u00fclt olvas\u00e1si id\u0151\" \/>\n\t<meta name=\"twitter:data1\" content=\"3 perc\" \/>\n<script type=\"application\/ld+json\" class=\"yoast-schema-graph\">{\"@context\":\"https:\/\/schema.org\",\"@graph\":[{\"@type\":\"WebPage\",\"@id\":\"https:\/\/www.barracart.com\/hu\/workation-tavmunka-valenciabol\/\",\"url\":\"https:\/\/www.barracart.com\/hu\/workation-tavmunka-valenciabol\/\",\"name\":\"Workation, t\u00e1vmunka Valenci\u00e1b\u00f3l\",\"isPartOf\":{\"@id\":\"https:\/\/www.barracart.com\/#website\"},\"datePublished\":\"2021-05-05T23:21:08+00:00\",\"dateModified\":\"2025-06-14T21:57:10+00:00\",\"description\":\"Workation, avagy t\u00e1vmunka Valenci\u00e1b\u00f3l. Fedezd fel az igazi \\\"coliving - coworking\\\" \u00e9lm\u00e9nyt Valencia legmen\u0151bb tengerparti negyed\u00e9b\u0151l!\",\"breadcrumb\":{\"@id\":\"https:\/\/www.barracart.com\/hu\/workation-tavmunka-valenciabol\/#breadcrumb\"},\"inLanguage\":\"hu\",\"potentialAction\":[{\"@type\":\"ReadAction\",\"target\":[\"https:\/\/www.barracart.com\/hu\/workation-tavmunka-valenciabol\/\"]}]},{\"@type\":\"BreadcrumbList\",\"@id\":\"https:\/\/www.barracart.com\/hu\/workation-tavmunka-valenciabol\/#breadcrumb\",\"itemListElement\":[{\"@type\":\"ListItem\",\"position\":1,\"name\":\"Home\",\"item\":\"https:\/\/www.barracart.com\/hu\/\"},{\"@type\":\"ListItem\",\"position\":2,\"name\":\"WORKATION, t\u00e1vmunka Valenci\u00e1b\u00f3l\"}]},{\"@type\":\"WebSite\",\"@id\":\"https:\/\/www.barracart.com\/#website\",\"url\":\"https:\/\/www.barracart.com\/\",\"name\":\"Barracart: Premium beach apartments Valencia\",\"description\":\"Get up to 20% discount by booking on our website!\",\"publisher\":{\"@id\":\"https:\/\/www.barracart.com\/#organization\"},\"potentialAction\":[{\"@type\":\"SearchAction\",\"target\":{\"@type\":\"EntryPoint\",\"urlTemplate\":\"https:\/\/www.barracart.com\/?s={search_term_string}\"},\"query-input\":{\"@type\":\"PropertyValueSpecification\",\"valueRequired\":true,\"valueName\":\"search_term_string\"}}],\"inLanguage\":\"hu\"},{\"@type\":\"Organization\",\"@id\":\"https:\/\/www.barracart.com\/#organization\",\"name\":\"Barracart: Premium beach apartments Valencia\",\"url\":\"https:\/\/www.barracart.com\/\",\"logo\":{\"@type\":\"ImageObject\",\"inLanguage\":\"hu\",\"@id\":\"https:\/\/www.barracart.com\/#\/schema\/logo\/image\/\",\"url\":\"https:\/\/www.barracart.com\/wp-content\/uploads\/cropped-Logo_pr_r.png\",\"contentUrl\":\"https:\/\/www.barracart.com\/wp-content\/uploads\/cropped-Logo_pr_r.png\",\"width\":64,\"height\":64,\"caption\":\"Barracart: Premium beach apartments Valencia\"},\"image\":{\"@id\":\"https:\/\/www.barracart.com\/#\/schema\/logo\/image\/\"}}]}<\/script>\n<!-- \/ Yoast SEO plugin. -->","yoast_head_json":{"title":"Workation, t\u00e1vmunka Valenci\u00e1b\u00f3l","description":"Workation, avagy t\u00e1vmunka Valenci\u00e1b\u00f3l. Fedezd fel az igazi \"coliving - coworking\" \u00e9lm\u00e9nyt Valencia legmen\u0151bb tengerparti negyed\u00e9b\u0151l!","robots":{"index":"index","follow":"follow","max-snippet":"max-snippet:-1","max-image-preview":"max-image-preview:large","max-video-preview":"max-video-preview:-1"},"canonical":"https:\/\/www.barracart.com\/hu\/workation-tavmunka-valenciabol\/","og_locale":"hu_HU","og_type":"article","og_title":"Workation, t\u00e1vmunka Valenci\u00e1b\u00f3l","og_description":"Workation, avagy t\u00e1vmunka Valenci\u00e1b\u00f3l. Fedezd fel az igazi \"coliving - coworking\" \u00e9lm\u00e9nyt Valencia legmen\u0151bb tengerparti negyed\u00e9b\u0151l!","og_url":"https:\/\/www.barracart.com\/hu\/workation-tavmunka-valenciabol\/","og_site_name":"Barracart: Premium beach apartments Valencia","article_modified_time":"2025-06-14T21:57:10+00:00","twitter_card":"summary_large_image","twitter_misc":{"Becs\u00fclt olvas\u00e1si id\u0151":"3 perc"},"schema":{"@context":"https:\/\/schema.org","@graph":[{"@type":"WebPage","@id":"https:\/\/www.barracart.com\/hu\/workation-tavmunka-valenciabol\/","url":"https:\/\/www.barracart.com\/hu\/workation-tavmunka-valenciabol\/","name":"Workation, t\u00e1vmunka Valenci\u00e1b\u00f3l","isPartOf":{"@id":"https:\/\/www.barracart.com\/#website"},"datePublished":"2021-05-05T23:21:08+00:00","dateModified":"2025-06-14T21:57:10+00:00","description":"Workation, avagy t\u00e1vmunka Valenci\u00e1b\u00f3l. Fedezd fel az igazi \"coliving - coworking\" \u00e9lm\u00e9nyt Valencia legmen\u0151bb tengerparti negyed\u00e9b\u0151l!","breadcrumb":{"@id":"https:\/\/www.barracart.com\/hu\/workation-tavmunka-valenciabol\/#breadcrumb"},"inLanguage":"hu","potentialAction":[{"@type":"ReadAction","target":["https:\/\/www.barracart.com\/hu\/workation-tavmunka-valenciabol\/"]}]},{"@type":"BreadcrumbList","@id":"https:\/\/www.barracart.com\/hu\/workation-tavmunka-valenciabol\/#breadcrumb","itemListElement":[{"@type":"ListItem","position":1,"name":"Home","item":"https:\/\/www.barracart.com\/hu\/"},{"@type":"ListItem","position":2,"name":"WORKATION, t\u00e1vmunka Valenci\u00e1b\u00f3l"}]},{"@type":"WebSite","@id":"https:\/\/www.barracart.com\/#website","url":"https:\/\/www.barracart.com\/","name":"Barracart: Premium beach apartments Valencia","description":"Get up to 20% discount by booking on our website!","publisher":{"@id":"https:\/\/www.barracart.com\/#organization"},"potentialAction":[{"@type":"SearchAction","target":{"@type":"EntryPoint","urlTemplate":"https:\/\/www.barracart.com\/?s={search_term_string}"},"query-input":{"@type":"PropertyValueSpecification","valueRequired":true,"valueName":"search_term_string"}}],"inLanguage":"hu"},{"@type":"Organization","@id":"https:\/\/www.barracart.com\/#organization","name":"Barracart: Premium beach apartments Valencia","url":"https:\/\/www.barracart.com\/","logo":{"@type":"ImageObject","inLanguage":"hu","@id":"https:\/\/www.barracart.com\/#\/schema\/logo\/image\/","url":"https:\/\/www.barracart.com\/wp-content\/uploads\/cropped-Logo_pr_r.png","contentUrl":"https:\/\/www.barracart.com\/wp-content\/uploads\/cropped-Logo_pr_r.png","width":64,"height":64,"caption":"Barracart: Premium beach apartments Valencia"},"image":{"@id":"https:\/\/www.barracart.com\/#\/schema\/logo\/image\/"}}]}},"_links":{"self":[{"href":"https:\/\/www.barracart.com\/hu\/wp-json\/wp\/v2\/pages\/9818","targetHints":{"allow":["GET"]}}],"collection":[{"href":"https:\/\/www.barracart.com\/hu\/wp-json\/wp\/v2\/pages"}],"about":[{"href":"https:\/\/www.barracart.com\/hu\/wp-json\/wp\/v2\/types\/page"}],"author":[{"embeddable":true,"href":"https:\/\/www.barracart.com\/hu\/wp-json\/wp\/v2\/users\/103"}],"replies":[{"embeddable":true,"href":"https:\/\/www.barracart.com\/hu\/wp-json\/wp\/v2\/comments?post=9818"}],"version-history":[{"count":5,"href":"https:\/\/www.barracart.com\/hu\/wp-json\/wp\/v2\/pages\/9818\/revisions"}],"predecessor-version":[{"id":11807,"href":"https:\/\/www.barracart.com\/hu\/wp-json\/wp\/v2\/pages\/9818\/revisions\/11807"}],"wp:attachment":[{"href":"https:\/\/www.barracart.com\/hu\/wp-json\/wp\/v2\/media?parent=9818"}],"curies":[{"name":"wp","href":"https:\/\/api.w.org\/{rel}","templated":true}]}}