{"id":4731,"date":"2020-02-06T08:40:58","date_gmt":"2020-02-06T07:40:58","guid":{"rendered":"https:\/\/www.barracart.com\/fondo-europeo-de-desarrollo-regional\/"},"modified":"2020-10-27T14:04:30","modified_gmt":"2020-10-27T13:04:30","slug":"fondo-europeo-de-desarrollo-regional","status":"publish","type":"page","link":"https:\/\/www.barracart.com\/ru\/fondo-europeo-de-desarrollo-regional\/","title":{"rendered":"Fondo Europeo de Desarrollo Regional"},"content":{"rendered":"<div class=\"fondo-europeo-inter\">\n<p>Habitat Barraca S.L. ha sido beneficiaria del <span class=\"marron\">Fondo Europeo de Desarrollo Regional<\/span> cuyo objetivo es mejorar el uso y la calidad de las tecnolog\u00edas de la informaci\u00f3n y de las comunicaciones y el acceso a las mismas, y gracias al que ha realizado una inversi\u00f3n en la mejora de la digitalizaci\u00f3n de su sistema de climatizaci\u00f3n, para la mejora de competitividad y productividad de la empresa en 2019. Para ello ha contado con el apoyo del <span class=\"marron\">Programa de Competitividad Tur\u00edstica de la C\u00e1mara de Comercio de Valencia<\/span>.<\/p>\n<div class=\"fondo-europeo-inter\">\n<p>Habitat Barraca S.L. ha sido beneficiaria del <span class=\"marron\">Fondo Europeo de Desarrollo Regional<\/span> cuyo objetivo es mejorar la competitividad de las Pymes y gracias al cual ha puesto en marcha un Plan de Marketing Digital Internacional con el objetivo de mejorar su posicionamiento online en el mercado de los Pa\u00edses Bajos durante el a\u00f1o 2019. Para ello ha contado con el apoyo del <span class=\"marron\">Programa XPANDE DIGITAL de la C\u00e1mara de Comercio de Valencia<\/span>.<\/p>\n<p><img loading=\"lazy\" decoding=\"async\" src=\"https:\/\/www.barracart.com\/wp-content\/uploads\/\/Logotipo-UE-300x245.png\" alt=\"\" width=\"300\" height=\"245\" class=\"aligncenter size-medium wp-image-4721\" srcset=\"https:\/\/www.barracart.com\/wp-content\/uploads\/Logotipo-UE-300x245.png 300w, https:\/\/www.barracart.com\/wp-content\/uploads\/Logotipo-UE-1024x837.png 1024w, https:\/\/www.barracart.com\/wp-content\/uploads\/Logotipo-UE-768x627.png 768w, https:\/\/www.barracart.com\/wp-content\/uploads\/Logotipo-UE-1536x1255.png 1536w, https:\/\/www.barracart.com\/wp-content\/uploads\/Logotipo-UE.png 1978w\" sizes=\"auto, (max-width: 300px) 100vw, 300px\" \/><\/p>\n<div class=\"box-text\" style=\"text-align: center;\">\n<div class=\"col-1-2 separa-line-center\">\n<p>Fondo Europeo de Desarrollo Regional<\/p>\n<\/div>\n<div class=\"col-1-2\">\n<p>Una manera de hacer Europa<\/p>\n<\/div>\n<div class=\"clearfix\"><\/div>\n<\/div>\n<div class=\"espacio-vacio-1\"><\/div>\n<div>\n","protected":false},"excerpt":{"rendered":"<p>Habitat Barraca S.L. ha sido beneficiaria del Fondo Europeo de Desarrollo Regional cuyo objetivo es mejorar el uso y la calidad de las tecnolog\u00edas de la informaci\u00f3n y de las comunicaciones y el acceso a las mismas, y gracias al que ha realizado una inversi\u00f3n en la mejora de la digitalizaci\u00f3n de su sistema de [&hellip;]<\/p>\n","protected":false},"author":103,"featured_media":0,"parent":0,"menu_order":0,"comment_status":"closed","ping_status":"closed","template":"","meta":{"footnotes":""},"class_list":["post-4731","page","type-page","status-publish","hentry"],"yoast_head":"<!-- This site is optimized with the Yoast SEO plugin v24.9 - https:\/\/yoast.com\/wordpress\/plugins\/seo\/ -->\n<title>Fondo Europeo de Desarrollo Regional - Barracart: \u041f\u0440\u0435\u043c\u0438\u0443\u043c \u0430\u043f\u0430\u0440\u0442\u0430\u043c\u0435\u043d\u0442\u044b \u0432 \u0412\u0430\u043b\u0435\u043d\u0441\u0438\u0438 \u043f\u043b\u044f\u0436<\/title>\n<meta name=\"description\" content=\"\u041f\u0440\u0435\u043c\u0438\u0443\u043c \u0430\u043f\u0430\u0440\u0442\u0430\u043c\u0435\u043d\u0442\u044b \u0432 \u0412\u0430\u043b\u0435\u043d\u0441\u0438\u0438 \u043f\u043b\u044f\u0436 - \u041a\u0430\u0431\u0430\u043d\u044c\u044f\u043b\u044c-\u041a\u0430\u043d\u044c\u044f\u043c\u0435\u043b\u0430\u0440 - \u0440\u044f\u0434\u043e\u043c \u0441 \u043f\u043b\u044f\u0436\u0435\u043c \u041c\u0430\u043b\u044c\u0432\u0430\u0440\u0440\u043e\u0441\u0430. \u042d\u043a\u0441\u043a\u043b\u044e\u0437\u0438\u0432\u043d\u044b\u0435 \u043f\u0440\u0435\u0434\u043b\u043e\u0436\u0435\u043d\u0438\u044f \u043d\u0430 \u043e\u0444\u0438\u0446\u0438\u0430\u043b\u044c\u043d\u043e\u043c \u0441\u0430\u0439\u0442\u0435!\" \/>\n<meta name=\"robots\" content=\"index, follow, max-snippet:-1, max-image-preview:large, max-video-preview:-1\" \/>\n<link rel=\"canonical\" href=\"https:\/\/www.barracart.com\/ru\/fondo-europeo-de-desarrollo-regional\/\" \/>\n<meta property=\"og:locale\" content=\"ru_RU\" \/>\n<meta property=\"og:type\" content=\"article\" \/>\n<meta property=\"og:title\" content=\"Fondo Europeo de Desarrollo Regional - Barracart: \u041f\u0440\u0435\u043c\u0438\u0443\u043c \u0430\u043f\u0430\u0440\u0442\u0430\u043c\u0435\u043d\u0442\u044b \u0432 \u0412\u0430\u043b\u0435\u043d\u0441\u0438\u0438 \u043f\u043b\u044f\u0436\" \/>\n<meta property=\"og:description\" content=\"\u041f\u0440\u0435\u043c\u0438\u0443\u043c \u0430\u043f\u0430\u0440\u0442\u0430\u043c\u0435\u043d\u0442\u044b \u0432 \u0412\u0430\u043b\u0435\u043d\u0441\u0438\u0438 \u043f\u043b\u044f\u0436 - \u041a\u0430\u0431\u0430\u043d\u044c\u044f\u043b\u044c-\u041a\u0430\u043d\u044c\u044f\u043c\u0435\u043b\u0430\u0440 - \u0440\u044f\u0434\u043e\u043c \u0441 \u043f\u043b\u044f\u0436\u0435\u043c \u041c\u0430\u043b\u044c\u0432\u0430\u0440\u0440\u043e\u0441\u0430. \u042d\u043a\u0441\u043a\u043b\u044e\u0437\u0438\u0432\u043d\u044b\u0435 \u043f\u0440\u0435\u0434\u043b\u043e\u0436\u0435\u043d\u0438\u044f \u043d\u0430 \u043e\u0444\u0438\u0446\u0438\u0430\u043b\u044c\u043d\u043e\u043c \u0441\u0430\u0439\u0442\u0435!\" \/>\n<meta property=\"og:url\" content=\"https:\/\/www.barracart.com\/ru\/fondo-europeo-de-desarrollo-regional\/\" \/>\n<meta property=\"og:site_name\" content=\"Barracart: \u041f\u0440\u0435\u043c\u0438\u0443\u043c \u0430\u043f\u0430\u0440\u0442\u0430\u043c\u0435\u043d\u0442\u044b \u0432 \u0412\u0430\u043b\u0435\u043d\u0441\u0438\u0438 \u043f\u043b\u044f\u0436\" \/>\n<meta property=\"article:modified_time\" content=\"2020-10-27T13:04:30+00:00\" \/>\n<meta property=\"og:image\" content=\"https:\/\/www.barracart.com\/wp-content\/uploads\/\/Logotipo-UE-300x245.png\" \/>\n<meta name=\"twitter:card\" content=\"summary_large_image\" \/>\n<meta name=\"twitter:label1\" content=\"\u041f\u0440\u0438\u043c\u0435\u0440\u043d\u043e\u0435 \u0432\u0440\u0435\u043c\u044f \u0434\u043b\u044f \u0447\u0442\u0435\u043d\u0438\u044f\" \/>\n\t<meta name=\"twitter:data1\" content=\"1 \u043c\u0438\u043d\u0443\u0442\u0430\" \/>\n<script type=\"application\/ld+json\" class=\"yoast-schema-graph\">{\"@context\":\"https:\/\/schema.org\",\"@graph\":[{\"@type\":\"WebPage\",\"@id\":\"https:\/\/www.barracart.com\/ru\/fondo-europeo-de-desarrollo-regional\/\",\"url\":\"https:\/\/www.barracart.com\/ru\/fondo-europeo-de-desarrollo-regional\/\",\"name\":\"Fondo Europeo de Desarrollo Regional - Barracart: \u041f\u0440\u0435\u043c\u0438\u0443\u043c \u0430\u043f\u0430\u0440\u0442\u0430\u043c\u0435\u043d\u0442\u044b \u0432 \u0412\u0430\u043b\u0435\u043d\u0441\u0438\u0438 \u043f\u043b\u044f\u0436\",\"isPartOf\":{\"@id\":\"https:\/\/www.barracart.com\/#website\"},\"primaryImageOfPage\":{\"@id\":\"https:\/\/www.barracart.com\/ru\/fondo-europeo-de-desarrollo-regional\/#primaryimage\"},\"image\":{\"@id\":\"https:\/\/www.barracart.com\/ru\/fondo-europeo-de-desarrollo-regional\/#primaryimage\"},\"thumbnailUrl\":\"https:\/\/www.barracart.com\/wp-content\/uploads\/\/Logotipo-UE-300x245.png\",\"datePublished\":\"2020-02-06T07:40:58+00:00\",\"dateModified\":\"2020-10-27T13:04:30+00:00\",\"description\":\"\u041f\u0440\u0435\u043c\u0438\u0443\u043c \u0430\u043f\u0430\u0440\u0442\u0430\u043c\u0435\u043d\u0442\u044b \u0432 \u0412\u0430\u043b\u0435\u043d\u0441\u0438\u0438 \u043f\u043b\u044f\u0436 - \u041a\u0430\u0431\u0430\u043d\u044c\u044f\u043b\u044c-\u041a\u0430\u043d\u044c\u044f\u043c\u0435\u043b\u0430\u0440 - \u0440\u044f\u0434\u043e\u043c \u0441 \u043f\u043b\u044f\u0436\u0435\u043c \u041c\u0430\u043b\u044c\u0432\u0430\u0440\u0440\u043e\u0441\u0430. \u042d\u043a\u0441\u043a\u043b\u044e\u0437\u0438\u0432\u043d\u044b\u0435 \u043f\u0440\u0435\u0434\u043b\u043e\u0436\u0435\u043d\u0438\u044f \u043d\u0430 \u043e\u0444\u0438\u0446\u0438\u0430\u043b\u044c\u043d\u043e\u043c \u0441\u0430\u0439\u0442\u0435!\",\"breadcrumb\":{\"@id\":\"https:\/\/www.barracart.com\/ru\/fondo-europeo-de-desarrollo-regional\/#breadcrumb\"},\"inLanguage\":\"ru-RU\",\"potentialAction\":[{\"@type\":\"ReadAction\",\"target\":[\"https:\/\/www.barracart.com\/ru\/fondo-europeo-de-desarrollo-regional\/\"]}]},{\"@type\":\"ImageObject\",\"inLanguage\":\"ru-RU\",\"@id\":\"https:\/\/www.barracart.com\/ru\/fondo-europeo-de-desarrollo-regional\/#primaryimage\",\"url\":\"https:\/\/www.barracart.com\/wp-content\/uploads\/\/Logotipo-UE-300x245.png\",\"contentUrl\":\"https:\/\/www.barracart.com\/wp-content\/uploads\/\/Logotipo-UE-300x245.png\"},{\"@type\":\"BreadcrumbList\",\"@id\":\"https:\/\/www.barracart.com\/ru\/fondo-europeo-de-desarrollo-regional\/#breadcrumb\",\"itemListElement\":[{\"@type\":\"ListItem\",\"position\":1,\"name\":\"Home\",\"item\":\"https:\/\/www.barracart.com\/ru\/\"},{\"@type\":\"ListItem\",\"position\":2,\"name\":\"Fondo Europeo de Desarrollo Regional\"}]},{\"@type\":\"WebSite\",\"@id\":\"https:\/\/www.barracart.com\/#website\",\"url\":\"https:\/\/www.barracart.com\/\",\"name\":\"Barracart: \u041f\u0440\u0435\u043c\u0438\u0443\u043c \u0430\u043f\u0430\u0440\u0442\u0430\u043c\u0435\u043d\u0442\u044b \u0432 \u0412\u0430\u043b\u0435\u043d\u0441\u0438\u0438 \u043f\u043b\u044f\u0436\",\"description\":\"\u041f\u043e\u043b\u0443\u0447\u0430\u0439\u0442\u0435 \u0441\u043a\u0438\u0434\u043a\u0443 \u0434\u043e 20% \u043f\u0440\u0438 \u0431\u0440\u043e\u043d\u0438\u0440\u043e\u0432\u0430\u043d\u0438\u0438 \u043d\u0430 \u043d\u0430\u0448\u0435\u043c \u0441\u0430\u0439\u0442\u0435!\",\"publisher\":{\"@id\":\"https:\/\/www.barracart.com\/#organization\"},\"potentialAction\":[{\"@type\":\"SearchAction\",\"target\":{\"@type\":\"EntryPoint\",\"urlTemplate\":\"https:\/\/www.barracart.com\/?s={search_term_string}\"},\"query-input\":{\"@type\":\"PropertyValueSpecification\",\"valueRequired\":true,\"valueName\":\"search_term_string\"}}],\"inLanguage\":\"ru-RU\"},{\"@type\":\"Organization\",\"@id\":\"https:\/\/www.barracart.com\/#organization\",\"name\":\"Barracart: \u041f\u0440\u0435\u043c\u0438\u0443\u043c \u0430\u043f\u0430\u0440\u0442\u0430\u043c\u0435\u043d\u0442\u044b \u0432 \u0412\u0430\u043b\u0435\u043d\u0441\u0438\u0438 \u043f\u043b\u044f\u0436\",\"url\":\"https:\/\/www.barracart.com\/\",\"logo\":{\"@type\":\"ImageObject\",\"inLanguage\":\"ru-RU\",\"@id\":\"https:\/\/www.barracart.com\/#\/schema\/logo\/image\/\",\"url\":\"https:\/\/www.barracart.com\/wp-content\/uploads\/cropped-Logo_pr_r.png\",\"contentUrl\":\"https:\/\/www.barracart.com\/wp-content\/uploads\/cropped-Logo_pr_r.png\",\"width\":64,\"height\":64,\"caption\":\"Barracart: \u041f\u0440\u0435\u043c\u0438\u0443\u043c \u0430\u043f\u0430\u0440\u0442\u0430\u043c\u0435\u043d\u0442\u044b \u0432 \u0412\u0430\u043b\u0435\u043d\u0441\u0438\u0438 \u043f\u043b\u044f\u0436\"},\"image\":{\"@id\":\"https:\/\/www.barracart.com\/#\/schema\/logo\/image\/\"}}]}<\/script>\n<!-- \/ Yoast SEO plugin. -->","yoast_head_json":{"title":"Fondo Europeo de Desarrollo Regional - Barracart: \u041f\u0440\u0435\u043c\u0438\u0443\u043c \u0430\u043f\u0430\u0440\u0442\u0430\u043c\u0435\u043d\u0442\u044b \u0432 \u0412\u0430\u043b\u0435\u043d\u0441\u0438\u0438 \u043f\u043b\u044f\u0436","description":"\u041f\u0440\u0435\u043c\u0438\u0443\u043c \u0430\u043f\u0430\u0440\u0442\u0430\u043c\u0435\u043d\u0442\u044b \u0432 \u0412\u0430\u043b\u0435\u043d\u0441\u0438\u0438 \u043f\u043b\u044f\u0436 - \u041a\u0430\u0431\u0430\u043d\u044c\u044f\u043b\u044c-\u041a\u0430\u043d\u044c\u044f\u043c\u0435\u043b\u0430\u0440 - \u0440\u044f\u0434\u043e\u043c \u0441 \u043f\u043b\u044f\u0436\u0435\u043c \u041c\u0430\u043b\u044c\u0432\u0430\u0440\u0440\u043e\u0441\u0430. \u042d\u043a\u0441\u043a\u043b\u044e\u0437\u0438\u0432\u043d\u044b\u0435 \u043f\u0440\u0435\u0434\u043b\u043e\u0436\u0435\u043d\u0438\u044f \u043d\u0430 \u043e\u0444\u0438\u0446\u0438\u0430\u043b\u044c\u043d\u043e\u043c \u0441\u0430\u0439\u0442\u0435!","robots":{"index":"index","follow":"follow","max-snippet":"max-snippet:-1","max-image-preview":"max-image-preview:large","max-video-preview":"max-video-preview:-1"},"canonical":"https:\/\/www.barracart.com\/ru\/fondo-europeo-de-desarrollo-regional\/","og_locale":"ru_RU","og_type":"article","og_title":"Fondo Europeo de Desarrollo Regional - Barracart: \u041f\u0440\u0435\u043c\u0438\u0443\u043c \u0430\u043f\u0430\u0440\u0442\u0430\u043c\u0435\u043d\u0442\u044b \u0432 \u0412\u0430\u043b\u0435\u043d\u0441\u0438\u0438 \u043f\u043b\u044f\u0436","og_description":"\u041f\u0440\u0435\u043c\u0438\u0443\u043c \u0430\u043f\u0430\u0440\u0442\u0430\u043c\u0435\u043d\u0442\u044b \u0432 \u0412\u0430\u043b\u0435\u043d\u0441\u0438\u0438 \u043f\u043b\u044f\u0436 - \u041a\u0430\u0431\u0430\u043d\u044c\u044f\u043b\u044c-\u041a\u0430\u043d\u044c\u044f\u043c\u0435\u043b\u0430\u0440 - \u0440\u044f\u0434\u043e\u043c \u0441 \u043f\u043b\u044f\u0436\u0435\u043c \u041c\u0430\u043b\u044c\u0432\u0430\u0440\u0440\u043e\u0441\u0430. \u042d\u043a\u0441\u043a\u043b\u044e\u0437\u0438\u0432\u043d\u044b\u0435 \u043f\u0440\u0435\u0434\u043b\u043e\u0436\u0435\u043d\u0438\u044f \u043d\u0430 \u043e\u0444\u0438\u0446\u0438\u0430\u043b\u044c\u043d\u043e\u043c \u0441\u0430\u0439\u0442\u0435!","og_url":"https:\/\/www.barracart.com\/ru\/fondo-europeo-de-desarrollo-regional\/","og_site_name":"Barracart: \u041f\u0440\u0435\u043c\u0438\u0443\u043c \u0430\u043f\u0430\u0440\u0442\u0430\u043c\u0435\u043d\u0442\u044b \u0432 \u0412\u0430\u043b\u0435\u043d\u0441\u0438\u0438 \u043f\u043b\u044f\u0436","article_modified_time":"2020-10-27T13:04:30+00:00","og_image":[{"url":"https:\/\/www.barracart.com\/wp-content\/uploads\/\/Logotipo-UE-300x245.png","type":"","width":"","height":""}],"twitter_card":"summary_large_image","twitter_misc":{"\u041f\u0440\u0438\u043c\u0435\u0440\u043d\u043e\u0435 \u0432\u0440\u0435\u043c\u044f \u0434\u043b\u044f \u0447\u0442\u0435\u043d\u0438\u044f":"1 \u043c\u0438\u043d\u0443\u0442\u0430"},"schema":{"@context":"https:\/\/schema.org","@graph":[{"@type":"WebPage","@id":"https:\/\/www.barracart.com\/ru\/fondo-europeo-de-desarrollo-regional\/","url":"https:\/\/www.barracart.com\/ru\/fondo-europeo-de-desarrollo-regional\/","name":"Fondo Europeo de Desarrollo Regional - Barracart: \u041f\u0440\u0435\u043c\u0438\u0443\u043c \u0430\u043f\u0430\u0440\u0442\u0430\u043c\u0435\u043d\u0442\u044b \u0432 \u0412\u0430\u043b\u0435\u043d\u0441\u0438\u0438 \u043f\u043b\u044f\u0436","isPartOf":{"@id":"https:\/\/www.barracart.com\/#website"},"primaryImageOfPage":{"@id":"https:\/\/www.barracart.com\/ru\/fondo-europeo-de-desarrollo-regional\/#primaryimage"},"image":{"@id":"https:\/\/www.barracart.com\/ru\/fondo-europeo-de-desarrollo-regional\/#primaryimage"},"thumbnailUrl":"https:\/\/www.barracart.com\/wp-content\/uploads\/\/Logotipo-UE-300x245.png","datePublished":"2020-02-06T07:40:58+00:00","dateModified":"2020-10-27T13:04:30+00:00","description":"\u041f\u0440\u0435\u043c\u0438\u0443\u043c \u0430\u043f\u0430\u0440\u0442\u0430\u043c\u0435\u043d\u0442\u044b \u0432 \u0412\u0430\u043b\u0435\u043d\u0441\u0438\u0438 \u043f\u043b\u044f\u0436 - \u041a\u0430\u0431\u0430\u043d\u044c\u044f\u043b\u044c-\u041a\u0430\u043d\u044c\u044f\u043c\u0435\u043b\u0430\u0440 - \u0440\u044f\u0434\u043e\u043c \u0441 \u043f\u043b\u044f\u0436\u0435\u043c \u041c\u0430\u043b\u044c\u0432\u0430\u0440\u0440\u043e\u0441\u0430. \u042d\u043a\u0441\u043a\u043b\u044e\u0437\u0438\u0432\u043d\u044b\u0435 \u043f\u0440\u0435\u0434\u043b\u043e\u0436\u0435\u043d\u0438\u044f \u043d\u0430 \u043e\u0444\u0438\u0446\u0438\u0430\u043b\u044c\u043d\u043e\u043c \u0441\u0430\u0439\u0442\u0435!","breadcrumb":{"@id":"https:\/\/www.barracart.com\/ru\/fondo-europeo-de-desarrollo-regional\/#breadcrumb"},"inLanguage":"ru-RU","potentialAction":[{"@type":"ReadAction","target":["https:\/\/www.barracart.com\/ru\/fondo-europeo-de-desarrollo-regional\/"]}]},{"@type":"ImageObject","inLanguage":"ru-RU","@id":"https:\/\/www.barracart.com\/ru\/fondo-europeo-de-desarrollo-regional\/#primaryimage","url":"https:\/\/www.barracart.com\/wp-content\/uploads\/\/Logotipo-UE-300x245.png","contentUrl":"https:\/\/www.barracart.com\/wp-content\/uploads\/\/Logotipo-UE-300x245.png"},{"@type":"BreadcrumbList","@id":"https:\/\/www.barracart.com\/ru\/fondo-europeo-de-desarrollo-regional\/#breadcrumb","itemListElement":[{"@type":"ListItem","position":1,"name":"Home","item":"https:\/\/www.barracart.com\/ru\/"},{"@type":"ListItem","position":2,"name":"Fondo Europeo de Desarrollo Regional"}]},{"@type":"WebSite","@id":"https:\/\/www.barracart.com\/#website","url":"https:\/\/www.barracart.com\/","name":"Barracart: \u041f\u0440\u0435\u043c\u0438\u0443\u043c \u0430\u043f\u0430\u0440\u0442\u0430\u043c\u0435\u043d\u0442\u044b \u0432 \u0412\u0430\u043b\u0435\u043d\u0441\u0438\u0438 \u043f\u043b\u044f\u0436","description":"\u041f\u043e\u043b\u0443\u0447\u0430\u0439\u0442\u0435 \u0441\u043a\u0438\u0434\u043a\u0443 \u0434\u043e 20% \u043f\u0440\u0438 \u0431\u0440\u043e\u043d\u0438\u0440\u043e\u0432\u0430\u043d\u0438\u0438 \u043d\u0430 \u043d\u0430\u0448\u0435\u043c \u0441\u0430\u0439\u0442\u0435!","publisher":{"@id":"https:\/\/www.barracart.com\/#organization"},"potentialAction":[{"@type":"SearchAction","target":{"@type":"EntryPoint","urlTemplate":"https:\/\/www.barracart.com\/?s={search_term_string}"},"query-input":{"@type":"PropertyValueSpecification","valueRequired":true,"valueName":"search_term_string"}}],"inLanguage":"ru-RU"},{"@type":"Organization","@id":"https:\/\/www.barracart.com\/#organization","name":"Barracart: \u041f\u0440\u0435\u043c\u0438\u0443\u043c \u0430\u043f\u0430\u0440\u0442\u0430\u043c\u0435\u043d\u0442\u044b \u0432 \u0412\u0430\u043b\u0435\u043d\u0441\u0438\u0438 \u043f\u043b\u044f\u0436","url":"https:\/\/www.barracart.com\/","logo":{"@type":"ImageObject","inLanguage":"ru-RU","@id":"https:\/\/www.barracart.com\/#\/schema\/logo\/image\/","url":"https:\/\/www.barracart.com\/wp-content\/uploads\/cropped-Logo_pr_r.png","contentUrl":"https:\/\/www.barracart.com\/wp-content\/uploads\/cropped-Logo_pr_r.png","width":64,"height":64,"caption":"Barracart: \u041f\u0440\u0435\u043c\u0438\u0443\u043c \u0430\u043f\u0430\u0440\u0442\u0430\u043c\u0435\u043d\u0442\u044b \u0432 \u0412\u0430\u043b\u0435\u043d\u0441\u0438\u0438 \u043f\u043b\u044f\u0436"},"image":{"@id":"https:\/\/www.barracart.com\/#\/schema\/logo\/image\/"}}]}},"_links":{"self":[{"href":"https:\/\/www.barracart.com\/ru\/wp-json\/wp\/v2\/pages\/4731","targetHints":{"allow":["GET"]}}],"collection":[{"href":"https:\/\/www.barracart.com\/ru\/wp-json\/wp\/v2\/pages"}],"about":[{"href":"https:\/\/www.barracart.com\/ru\/wp-json\/wp\/v2\/types\/page"}],"author":[{"embeddable":true,"href":"https:\/\/www.barracart.com\/ru\/wp-json\/wp\/v2\/users\/103"}],"replies":[{"embeddable":true,"href":"https:\/\/www.barracart.com\/ru\/wp-json\/wp\/v2\/comments?post=4731"}],"version-history":[{"count":3,"href":"https:\/\/www.barracart.com\/ru\/wp-json\/wp\/v2\/pages\/4731\/revisions"}],"predecessor-version":[{"id":9543,"href":"https:\/\/www.barracart.com\/ru\/wp-json\/wp\/v2\/pages\/4731\/revisions\/9543"}],"wp:attachment":[{"href":"https:\/\/www.barracart.com\/ru\/wp-json\/wp\/v2\/media?parent=4731"}],"curies":[{"name":"wp","href":"https:\/\/api.w.org\/{rel}","templated":true}]}}